{"id":1004,"date":"2024-11-12T12:58:13","date_gmt":"2024-11-12T12:58:13","guid":{"rendered":"https:\/\/www.mcallenflatware.com\/?post_type=product&#038;p=1004"},"modified":"2024-11-12T12:58:14","modified_gmt":"2024-11-12T12:58:14","slug":"custom-stainless-steel-cups","status":"publish","type":"product","link":"https:\/\/www.mcallenflatware.com\/de\/product\/custom-stainless-steel-cups\/","title":{"rendered":"Individuelle Edelstahlbecher mit Strohhalm Doppelwandige Becher in gro\u00dfen Mengen"},"content":{"rendered":"<h2 class=\"wp-block-heading\">Edelstahlbecher Merkmale:<\/h2>\n\n\n\n<div class=\"wp-block-columns is-layout-flex wp-container-core-columns-is-layout-9d6595d7 wp-block-columns-is-layout-flex\">\n<div class=\"wp-block-column is-layout-flow wp-block-column-is-layout-flow\" style=\"flex-basis:66.66%\">\n<p><strong>Doppellagiges Design<\/strong><br>Die doppelschichtige Edelstahlstruktur isoliert effektiv die Au\u00dfentemperatur und h\u00e4lt die Getr\u00e4nke hei\u00df und kalt.<\/p>\n\n\n\n<p><strong>Hochwertiges Material<\/strong><br>Es wird lebensmittelechter Edelstahl verwendet, um Sicherheit, Ungiftigkeit, Korrosionsbest\u00e4ndigkeit und Haltbarkeit zu gew\u00e4hrleisten.<\/p>\n\n\n\n<p><strong>Strohhalme<\/strong><br>In der Regel mit Strohhalmen aus rostfreiem Stahl oder umweltfreundlichen Strohhalmen ausgestattet, die sich zum Trinken kalter oder partikelhaltiger Getr\u00e4nke eignen.<\/p>\n\n\n\n<p><strong>Unterschiedliche Kapazit\u00e4ten<\/strong><br>F\u00fcr unterschiedliche Trinkbed\u00fcrfnisse stehen verschiedene Kapazit\u00e4ten zur Verf\u00fcgung.<\/p>\n\n\n\n<p><strong>Stilvolle Erscheinung<\/strong><br>Schlichtes und stilvolles Design, geeignet f\u00fcr alle Gelegenheiten, mit geh\u00e4mmerten und glatten Tassen erh\u00e4ltlich.<\/p>\n\n\n\n<p><strong>Umweltfreundlich<\/strong><br>Wiederverwendbar, weniger Einwegplastikbecher und Strohhalme, umweltfreundlicher.<\/p>\n<\/div>\n\n\n\n<div class=\"wp-block-column is-layout-flow wp-block-column-is-layout-flow\" style=\"flex-basis:33.33%\">\n<figure class=\"wp-block-image size-full\"><img decoding=\"async\" width=\"1024\" height=\"1024\" src=\"https:\/\/www.mcallenflatware.com\/wp-content\/uploads\/2024\/11\/Wholesale-Stainless-Steel-Cups-2.webp\" alt=\"Gro\u00dfhandel-Edelstahl-Tassen (2)\" class=\"wp-image-1007\" srcset=\"https:\/\/www.mcallenflatware.com\/wp-content\/uploads\/2024\/11\/Wholesale-Stainless-Steel-Cups-2.webp 1024w, https:\/\/www.mcallenflatware.com\/wp-content\/uploads\/2024\/11\/Wholesale-Stainless-Steel-Cups-2-150x150.webp 150w, https:\/\/www.mcallenflatware.com\/wp-content\/uploads\/2024\/11\/Wholesale-Stainless-Steel-Cups-2-768x768.webp 768w, https:\/\/www.mcallenflatware.com\/wp-content\/uploads\/2024\/11\/Wholesale-Stainless-Steel-Cups-2-600x600.webp 600w, https:\/\/www.mcallenflatware.com\/wp-content\/uploads\/2024\/11\/Wholesale-Stainless-Steel-Cups-2-300x300.webp 300w, https:\/\/www.mcallenflatware.com\/wp-content\/uploads\/2024\/11\/Wholesale-Stainless-Steel-Cups-2-100x100.webp 100w\" sizes=\"(max-width: 1024px) 100vw, 1024px\" \/><\/figure>\n<\/div>\n<\/div>","protected":false},"excerpt":{"rendered":"<p>Diese Gro\u00dfhandels-Edelstahlbecher mit Strohhalmen verf\u00fcgen \u00fcber ein doppellagiges, isoliertes Design, das Getr\u00e4nke effektiv hei\u00df oder kalt h\u00e4lt. Hergestellt aus langlebigem Edelstahl, haben sie ein sauberes Aussehen und kommen in einer Vielzahl von Farben und Kapazit\u00e4t Optionen f\u00fcr zu Hause, im B\u00fcro oder im Freien verwenden.<\/p>\n<h2>Edelstahlbecher Attribute<\/h2>\n<p><strong>Markenname:<\/strong> Mcallen<br \/><strong>Material:<\/strong> Rostfreier Stahl<br \/><strong>Farbe:<\/strong> Gold, Silber<br \/><strong>Polieren:<\/strong> Matt<br \/><strong>Vorlaufzeit f\u00fcr Muster:<\/strong> Innerhalb von 3 Tagen<br \/><strong>OEM\/ODM:<\/strong> Verf\u00fcgbar<\/p>\n<h2>Individuelle Edelstahlbecher:<\/h2>\n<p><strong>Rostfreier Stahl:<\/strong> Rostfreier Stahl 18\/10, 304, 316, 410, 430, 420<br \/><strong>Logo:<\/strong> Lasergravur, Siebdruck, UV-Druck, Thermotransferdruck, Pr\u00e4gung, etc.<br \/><strong>Oberfl\u00e4chenausf\u00fchrungen:<\/strong> Hochglanzpoliert, mattiert, wasserpoliert, Titanbeschichtung<br \/><strong>Verpackung:<\/strong> Bulk, Opp Tasche, Farbe Box, Geschenk-Box, ma\u00dfgeschneiderte<\/p>","protected":false},"featured_media":1006,"template":"","meta":[],"product_brand":[],"product_cat":[26,35],"product_tag":[],"class_list":{"0":"post-1004","1":"product","2":"type-product","3":"status-publish","4":"has-post-thumbnail","6":"product_cat-wholesale-bar-supplies-tools","7":"product_cat-custom-stainless-steel-cups","9":"first","10":"instock","11":"shipping-taxable","12":"product-type-simple"},"_links":{"self":[{"href":"https:\/\/www.mcallenflatware.com\/de\/wp-json\/wp\/v2\/product\/1004","targetHints":{"allow":["GET"]}}],"collection":[{"href":"https:\/\/www.mcallenflatware.com\/de\/wp-json\/wp\/v2\/product"}],"about":[{"href":"https:\/\/www.mcallenflatware.com\/de\/wp-json\/wp\/v2\/types\/product"}],"wp:featuredmedia":[{"embeddable":true,"href":"https:\/\/www.mcallenflatware.com\/de\/wp-json\/wp\/v2\/media\/1006"}],"wp:attachment":[{"href":"https:\/\/www.mcallenflatware.com\/de\/wp-json\/wp\/v2\/media?parent=1004"}],"wp:term":[{"taxonomy":"product_brand","embeddable":true,"href":"https:\/\/www.mcallenflatware.com\/de\/wp-json\/wp\/v2\/product_brand?post=1004"},{"taxonomy":"product_cat","embeddable":true,"href":"https:\/\/www.mcallenflatware.com\/de\/wp-json\/wp\/v2\/product_cat?post=1004"},{"taxonomy":"product_tag","embeddable":true,"href":"https:\/\/www.mcallenflatware.com\/de\/wp-json\/wp\/v2\/product_tag?post=1004"}],"curies":[{"name":"wp","href":"https:\/\/api.w.org\/{rel}","templated":true}]}}