{"id":1008,"date":"2024-11-12T17:31:52","date_gmt":"2024-11-12T17:31:52","guid":{"rendered":"https:\/\/www.mcallenflatware.com\/?post_type=product&#038;p=1008"},"modified":"2024-11-12T17:31:53","modified_gmt":"2024-11-12T17:31:53","slug":"custom-reusable-boba-straws","status":"publish","type":"product","link":"https:\/\/www.mcallenflatware.com\/de\/product\/custom-reusable-boba-straws\/","title":{"rendered":"Benutzerdefinierte wiederverwendbare Boba Strohhalme abgewinkelte Spitze Edelstahl-Strohhalme"},"content":{"rendered":"<h2 class=\"wp-block-heading\">Wiederverwendbare Boba-Strohhalme Merkmale:<\/h2>\n\n\n\n<div class=\"wp-block-columns is-layout-flex wp-container-core-columns-is-layout-9d6595d7 wp-block-columns-is-layout-flex\">\n<div class=\"wp-block-column is-layout-flow wp-block-column-is-layout-flow\" style=\"flex-basis:66.66%\">\n<p><strong>Umweltfreundliche, hochwertige Materialien<\/strong><br>Edelstahl 304 in Lebensmittelqualit\u00e4t, wiederverwendbar, glatte Oberfl\u00e4che, leicht zu reinigen.<\/p>\n\n\n\n<p><strong>Abgeschr\u00e4gte Spitze<\/strong><br>Ein Ende des Strohhalms ist mit einer abgeschr\u00e4gten Spitze versehen, die ein leichtes Durchdringen der Siegelfolie und ein einfaches Absaugen der Perlen aus dem Getr\u00e4nk erm\u00f6glicht.<\/p>\n\n\n\n<p><strong>Ausgestattet mit einer Reinigungsb\u00fcrste<\/strong><br>Bequeme und gr\u00fcndliche Reinigung des Innenraums zur Gew\u00e4hrleistung der Hygiene.<\/p>\n\n\n\n<p><strong>Anpassbare Gr\u00f6\u00dfe<\/strong><br>Es gibt eine Vielzahl von Kalibern und Durchmessern, die f\u00fcr verschiedene Getr\u00e4nke und Becher geeignet sind, egal ob es sich um gro\u00dfk\u00f6rnige Getr\u00e4nke oder um Getr\u00e4nke wie Perlentee, Saft und Smoothies handelt.<\/p>\n\n\n\n<p><strong>Mehrere Farboptionen<\/strong><br>Erh\u00e4ltlich in Gold, Silber, Schwarz, Blau oder in kundenspezifischen Farben, um verschiedenen Benutzerpr\u00e4ferenzen gerecht zu werden.<\/p>\n<\/div>\n\n\n\n<div class=\"wp-block-column is-layout-flow wp-block-column-is-layout-flow\" style=\"flex-basis:33.33%\">\n<figure class=\"wp-block-image size-full\"><img decoding=\"async\" width=\"1536\" height=\"1534\" src=\"https:\/\/www.mcallenflatware.com\/wp-content\/uploads\/2024\/11\/Custom-Reusable-Boba-Straws-1.webp\" alt=\"Benutzerdefinierte wiederverwendbare Boba-Strohhalme (1)\" class=\"wp-image-1010\" srcset=\"https:\/\/www.mcallenflatware.com\/wp-content\/uploads\/2024\/11\/Custom-Reusable-Boba-Straws-1.webp 1536w, https:\/\/www.mcallenflatware.com\/wp-content\/uploads\/2024\/11\/Custom-Reusable-Boba-Straws-1-150x150.webp 150w, https:\/\/www.mcallenflatware.com\/wp-content\/uploads\/2024\/11\/Custom-Reusable-Boba-Straws-1-768x767.webp 768w, https:\/\/www.mcallenflatware.com\/wp-content\/uploads\/2024\/11\/Custom-Reusable-Boba-Straws-1-1200x1198.webp 1200w, https:\/\/www.mcallenflatware.com\/wp-content\/uploads\/2024\/11\/Custom-Reusable-Boba-Straws-1-600x599.webp 600w, https:\/\/www.mcallenflatware.com\/wp-content\/uploads\/2024\/11\/Custom-Reusable-Boba-Straws-1-300x300.webp 300w, https:\/\/www.mcallenflatware.com\/wp-content\/uploads\/2024\/11\/Custom-Reusable-Boba-Straws-1-100x100.webp 100w\" sizes=\"(max-width: 1536px) 100vw, 1536px\" \/><\/figure>\n<\/div>\n<\/div>","protected":false},"excerpt":{"rendered":"<p>Bulk angepasst wiederverwendbare Boba Strohhalme Edelstahl, umweltfreundlich und leicht zu reinigen, geeignet f\u00fcr Restaurants und Caf\u00e9s. Mcallen Hersteller direkt Gro\u00dfhandel, und unterst\u00fctzen Amazon FBA Service.<\/p>\n<h2>Wiederverwendbare Boba-Strohhalme Attribute<\/h2>\n<p><strong>Markenname:<\/strong> Mcallen<br \/><strong>Material:<\/strong> Rostfreier Stahl<br \/><strong>Farbe: <\/strong>Gold, Silber, Ros\u00e9gold, Lila oder kundenspezifisch<br \/><strong>Zubeh\u00f6r:<\/strong> Strohb\u00fcrste<br \/><strong>Polieren:<\/strong> Hochglanzpoliert<br \/><strong>Entwurf:<\/strong>\u00a0 Gerade, abgewinkelte Spitze<br \/><strong>Vorlaufzeit f\u00fcr Muster:<\/strong> Innerhalb von 3 Tagen<br \/><strong>OEM\/ODM:<\/strong> Verf\u00fcgbar<\/p>\n<h2>Individuelle wiederverwendbare Boba-Strohhalme:<\/h2>\n<p><strong>Rostfreier Stahl:<\/strong>\u00a0Rostfreier Stahl 18\/10, 304, 316, 410, 430, 420<br \/><strong>Logo:<\/strong>\u00a0 Stanzen, Lasern, \u00c4tzen, usw.<br \/><strong>Oberfl\u00e4chenausf\u00fchrungen:<\/strong>\u00a0Hochglanzpoliert, mattiert<br \/><strong>Verpackung:<\/strong>\u00a0Bulk, Opp-Beutel, Farbkarton, kundenspezifisch<\/p>","protected":false},"featured_media":1011,"template":"","meta":[],"product_brand":[],"product_cat":[26,36],"product_tag":[],"class_list":{"0":"post-1008","1":"product","2":"type-product","3":"status-publish","4":"has-post-thumbnail","6":"product_cat-wholesale-bar-supplies-tools","7":"product_cat-custom-stainless-steel-straws","9":"first","10":"instock","11":"shipping-taxable","12":"product-type-simple"},"_links":{"self":[{"href":"https:\/\/www.mcallenflatware.com\/de\/wp-json\/wp\/v2\/product\/1008","targetHints":{"allow":["GET"]}}],"collection":[{"href":"https:\/\/www.mcallenflatware.com\/de\/wp-json\/wp\/v2\/product"}],"about":[{"href":"https:\/\/www.mcallenflatware.com\/de\/wp-json\/wp\/v2\/types\/product"}],"wp:featuredmedia":[{"embeddable":true,"href":"https:\/\/www.mcallenflatware.com\/de\/wp-json\/wp\/v2\/media\/1011"}],"wp:attachment":[{"href":"https:\/\/www.mcallenflatware.com\/de\/wp-json\/wp\/v2\/media?parent=1008"}],"wp:term":[{"taxonomy":"product_brand","embeddable":true,"href":"https:\/\/www.mcallenflatware.com\/de\/wp-json\/wp\/v2\/product_brand?post=1008"},{"taxonomy":"product_cat","embeddable":true,"href":"https:\/\/www.mcallenflatware.com\/de\/wp-json\/wp\/v2\/product_cat?post=1008"},{"taxonomy":"product_tag","embeddable":true,"href":"https:\/\/www.mcallenflatware.com\/de\/wp-json\/wp\/v2\/product_tag?post=1008"}],"curies":[{"name":"wp","href":"https:\/\/api.w.org\/{rel}","templated":true}]}}