{"id":1019,"date":"2024-11-12T18:17:29","date_gmt":"2024-11-12T18:17:29","guid":{"rendered":"https:\/\/www.mcallenflatware.com\/?post_type=product&#038;p=1019"},"modified":"2024-11-12T18:17:29","modified_gmt":"2024-11-12T18:17:29","slug":"wholesale-metal-straws","status":"publish","type":"product","link":"https:\/\/www.mcallenflatware.com\/de\/product\/wholesale-metal-straws\/","title":{"rendered":"Gro\u00dfhandel Metall Strohhalme wiederverwendbar Edelstahl Seel gerade gebogen"},"content":{"rendered":"<h2 class=\"wp-block-heading\">Metallstrohhalme Merkmale:<\/h2>\n\n\n\n<div class=\"wp-block-columns is-layout-flex wp-container-core-columns-is-layout-9d6595d7 wp-block-columns-is-layout-flex\">\n<div class=\"wp-block-column is-layout-flow wp-block-column-is-layout-flow\" style=\"flex-basis:66.66%\">\n<p><strong>Wiederverwendbar<\/strong><br>Hergestellt aus rostfreiem Stahl, ungiftig und sicher, verschlei\u00dffest und wiederverwendbar.<\/p>\n\n\n\n<p><strong>Vielfalt der Stile<\/strong><br>Es sind sowohl gerade als auch gebogene Ausf\u00fchrungen erh\u00e4ltlich, um den Anforderungen verschiedener Getr\u00e4nketypen und pers\u00f6nlicher Vorlieben gerecht zu werden.<\/p>\n\n\n\n<p><strong>Mehrere Optionen<\/strong><br>Es ist eine breite Palette von Durchmessern erh\u00e4ltlich, die f\u00fcr eine Vielzahl von Getr\u00e4nken von kalt bis hei\u00df geeignet sind.<\/p>\n\n\n\n<p><strong>Tragbarkeit<\/strong><br>Leicht und tragbar, kann aus Kits zusammengesetzt werden, einfach zu tragen und zu verwenden, wenn Sie unterwegs sind.<\/p>\n\n\n\n<p><strong>Breiter Anwendungsbereich<br><\/strong>Sie eignen sich nicht nur f\u00fcr den Hausgebrauch, sondern sind auch in gewerblichen Einrichtungen wie Caf\u00e9s und Bars sehr beliebt.<\/p>\n\n\n\n<p><strong>Leicht zu reinigen<\/strong><br>Die meisten Strohhalme aus Metall werden mit einer Reinigungsb\u00fcrste geliefert, die eine gr\u00fcndliche Reinigung der Innenseite erm\u00f6glicht und sie hygienisch h\u00e4lt.<\/p>\n<\/div>\n\n\n\n<div class=\"wp-block-column is-layout-flow wp-block-column-is-layout-flow\" style=\"flex-basis:33.33%\">\n<figure class=\"wp-block-image size-full\"><img decoding=\"async\" width=\"800\" height=\"800\" src=\"https:\/\/www.mcallenflatware.com\/wp-content\/uploads\/2024\/11\/Wholesale-Metal-Straws-2.webp\" alt=\"Gro\u00dfhandel-Metall-Schrauben (2)\" class=\"wp-image-1021\" srcset=\"https:\/\/www.mcallenflatware.com\/wp-content\/uploads\/2024\/11\/Wholesale-Metal-Straws-2.webp 800w, https:\/\/www.mcallenflatware.com\/wp-content\/uploads\/2024\/11\/Wholesale-Metal-Straws-2-150x150.webp 150w, https:\/\/www.mcallenflatware.com\/wp-content\/uploads\/2024\/11\/Wholesale-Metal-Straws-2-768x768.webp 768w, https:\/\/www.mcallenflatware.com\/wp-content\/uploads\/2024\/11\/Wholesale-Metal-Straws-2-600x600.webp 600w, https:\/\/www.mcallenflatware.com\/wp-content\/uploads\/2024\/11\/Wholesale-Metal-Straws-2-300x300.webp 300w, https:\/\/www.mcallenflatware.com\/wp-content\/uploads\/2024\/11\/Wholesale-Metal-Straws-2-100x100.webp 100w\" sizes=\"(max-width: 800px) 100vw, 800px\" \/><\/figure>\n<\/div>\n<\/div>","protected":false},"excerpt":{"rendered":"<p>Gro\u00dfhandel Metall Strohhalme sind in geraden und gebogenen Stile, aus wiederverwendbarem Edelstahl, und leicht zu reinigen. Unterst\u00fctzen Sie kundenspezifische Farbe, Gr\u00f6\u00dfe und Verpackung, produziert von Mcallen Fabrik, die E-Commerce-Dienste wie Amazon, Lazada und Shopee. Willkommen, uns zu kontaktieren!<\/p>\n<h2>Metallstrohhalme Attribute<\/h2>\n<p><strong>Markenname:<\/strong> Mcallen<br \/><strong>Material:<\/strong> Rostfreier Stahl<br \/><strong>Farbe:<\/strong> Gold, Silber, oder kundenspezifisch<br \/><strong>Zubeh\u00f6r:<\/strong> Strohb\u00fcrste<br \/><strong>Polieren:<\/strong> Hochglanzpoliert<br \/><strong>Entwurf:<\/strong>\u00a0 Gerade und gebogen<br \/><strong>Vorlaufzeit f\u00fcr Muster:<\/strong> Innerhalb von 3 Tagen<br \/><strong>OEM\/ODM:<\/strong> Verf\u00fcgbar<\/p>\n<h2>Individuelle Strohhalme aus Metall:<\/h2>\n<p><strong>Rostfreier Stahl:<\/strong>\u00a0Rostfreier Stahl 18\/10, 304, 316, 410, 430, 420<br \/><strong>Logo:<\/strong>\u00a0 Stanzen, Lasern, \u00c4tzen, usw.<br \/><strong>Oberfl\u00e4chenausf\u00fchrungen:<\/strong>\u00a0Hochglanzpoliert, mattiert<br \/><strong>Verpackung:<\/strong>\u00a0Bulk, Opp-Beutel, Farbkarton, kundenspezifisch<\/p>","protected":false},"featured_media":1022,"template":"","meta":[],"product_brand":[],"product_cat":[26,36],"product_tag":[],"class_list":{"0":"post-1019","1":"product","2":"type-product","3":"status-publish","4":"has-post-thumbnail","6":"product_cat-wholesale-bar-supplies-tools","7":"product_cat-custom-stainless-steel-straws","9":"first","10":"instock","11":"shipping-taxable","12":"product-type-simple"},"_links":{"self":[{"href":"https:\/\/www.mcallenflatware.com\/de\/wp-json\/wp\/v2\/product\/1019","targetHints":{"allow":["GET"]}}],"collection":[{"href":"https:\/\/www.mcallenflatware.com\/de\/wp-json\/wp\/v2\/product"}],"about":[{"href":"https:\/\/www.mcallenflatware.com\/de\/wp-json\/wp\/v2\/types\/product"}],"wp:featuredmedia":[{"embeddable":true,"href":"https:\/\/www.mcallenflatware.com\/de\/wp-json\/wp\/v2\/media\/1022"}],"wp:attachment":[{"href":"https:\/\/www.mcallenflatware.com\/de\/wp-json\/wp\/v2\/media?parent=1019"}],"wp:term":[{"taxonomy":"product_brand","embeddable":true,"href":"https:\/\/www.mcallenflatware.com\/de\/wp-json\/wp\/v2\/product_brand?post=1019"},{"taxonomy":"product_cat","embeddable":true,"href":"https:\/\/www.mcallenflatware.com\/de\/wp-json\/wp\/v2\/product_cat?post=1019"},{"taxonomy":"product_tag","embeddable":true,"href":"https:\/\/www.mcallenflatware.com\/de\/wp-json\/wp\/v2\/product_tag?post=1019"}],"curies":[{"name":"wp","href":"https:\/\/api.w.org\/{rel}","templated":true}]}}