{"id":1027,"date":"2024-11-12T18:02:27","date_gmt":"2024-11-12T18:02:27","guid":{"rendered":"https:\/\/www.mcallenflatware.com\/?post_type=product&#038;p=1027"},"modified":"2024-11-12T18:02:28","modified_gmt":"2024-11-12T18:02:28","slug":"stainless-steel-drinking-straws-bulk","status":"publish","type":"product","link":"https:\/\/www.mcallenflatware.com\/de\/product\/stainless-steel-drinking-straws-bulk\/","title":{"rendered":"Gro\u00dfhandel Edelstahl Trinkhalme gebogen gerade"},"content":{"rendered":"<h2 class=\"wp-block-heading\">Trinkhalme aus Edelstahl Merkmale:<\/h2>\n\n\n\n<div class=\"wp-block-columns is-layout-flex wp-container-core-columns-is-layout-9d6595d7 wp-block-columns-is-layout-flex\">\n<div class=\"wp-block-column is-layout-flow wp-block-column-is-layout-flow\" style=\"flex-basis:66.66%\">\n<p><strong>Gerades und gebogenes Design<\/strong><br>Erh\u00e4ltlich in geraden und geschwungenen Ausf\u00fchrungen, passend f\u00fcr jede Szene und jedes Getr\u00e4nk.<\/p>\n\n\n\n<p><strong>Ausgestattet mit einer Reinigungsb\u00fcrste und einer tragbaren Tasche<\/strong><br>Im Lieferumfang enthalten sind eine Reinigungsb\u00fcrste und eine tragbare Tasche f\u00fcr den bequemen Transport im Freien, damit sie sauber und hygienisch bleiben.<\/p>\n\n\n\n<p><strong>Glatte Oberfl\u00e4che<\/strong><br>Nach dem Feinschliff ist die Oberfl\u00e4che glatt und gratfrei, f\u00fchlt sich angenehm an und ist leicht zu reinigen.<\/p>\n\n\n\n<p><strong>Gesund und sicher<\/strong><br>Es werden lebensmittelechte Materialien ausgew\u00e4hlt, die frei von sch\u00e4dlichen Substanzen wie BPA sind, um die Gesundheit der Benutzer zu sch\u00fctzen.<\/p>\n<\/div>\n\n\n\n<div class=\"wp-block-column is-layout-flow wp-block-column-is-layout-flow\" style=\"flex-basis:33.33%\">\n<figure class=\"wp-block-image size-full\"><img decoding=\"async\" width=\"750\" height=\"750\" src=\"https:\/\/www.mcallenflatware.com\/wp-content\/uploads\/2024\/11\/Wholesale-Stainless-Steel-Drinking-Straws-3.webp\" alt=\"Gro\u00dfhandel-Edelstahl-Trinkhalme (3)\" class=\"wp-image-1030\" srcset=\"https:\/\/www.mcallenflatware.com\/wp-content\/uploads\/2024\/11\/Wholesale-Stainless-Steel-Drinking-Straws-3.webp 750w, https:\/\/www.mcallenflatware.com\/wp-content\/uploads\/2024\/11\/Wholesale-Stainless-Steel-Drinking-Straws-3-150x150.webp 150w, https:\/\/www.mcallenflatware.com\/wp-content\/uploads\/2024\/11\/Wholesale-Stainless-Steel-Drinking-Straws-3-600x600.webp 600w, https:\/\/www.mcallenflatware.com\/wp-content\/uploads\/2024\/11\/Wholesale-Stainless-Steel-Drinking-Straws-3-300x300.webp 300w, https:\/\/www.mcallenflatware.com\/wp-content\/uploads\/2024\/11\/Wholesale-Stainless-Steel-Drinking-Straws-3-100x100.webp 100w\" sizes=\"(max-width: 750px) 100vw, 750px\" \/><\/figure>\n<\/div>\n<\/div>","protected":false},"excerpt":{"rendered":"<p>Hergestellt aus langlebigem Edelstahl, diese Gro\u00dfhandel Edelstahl Trinkhalme bieten nicht nur eine gro\u00dfe Auswahl an Durchmessern, von klein bis gro\u00df, sondern auch gerade und gebogene Stile, um die Bed\u00fcrfnisse der verschiedenen Getr\u00e4nke zu erf\u00fcllen. Bulk benutzerdefinierte f\u00fcr den besten Rabatt, Willkommen zu erkundigen f\u00fcr eine kostenlose Probe!<\/p>\n<h2>Edelstahl-Trinkhalme Attribute<\/h2>\n<p><strong>Markenname:<\/strong> Mcallen<br \/><strong>Material:<\/strong> Rostfreier Stahl<br \/><strong>Farbe:<\/strong> Gold, Silber, Blau, Rot oder kundenspezifisch<br \/><strong>Zubeh\u00f6r:<\/strong> Strohb\u00fcrste<br \/><strong>Polieren:<\/strong> Hochglanzpoliert<br \/><strong>Entwurf:<\/strong>\u00a0 Gebogen und gerade<br \/><strong>Vorlaufzeit f\u00fcr Muster:<\/strong> Innerhalb von 3 Tagen<br \/><strong>OEM\/ODM:<\/strong> Verf\u00fcgbar<\/p>\n<h2>Individuelle Trinkhalme aus Edelstahl:<\/h2>\n<p><strong>Rostfreier Stahl:<\/strong>\u00a0Rostfreier Stahl 18\/10, 304, 316, 410, 430, 420<br \/><strong>Logo:<\/strong>\u00a0 Stanzen, Lasern, \u00c4tzen, usw.<br \/><strong>Oberfl\u00e4chenausf\u00fchrungen:<\/strong>\u00a0Hochglanzpoliert, mattiert<br \/><strong>Verpackung:<\/strong>\u00a0Bulk, Opp-Beutel, Farbkarton, kundenspezifisch<\/p>","protected":false},"featured_media":1032,"template":"","meta":[],"product_brand":[],"product_cat":[26,36],"product_tag":[],"class_list":{"0":"post-1027","1":"product","2":"type-product","3":"status-publish","4":"has-post-thumbnail","6":"product_cat-wholesale-bar-supplies-tools","7":"product_cat-custom-stainless-steel-straws","9":"first","10":"instock","11":"shipping-taxable","12":"product-type-simple"},"_links":{"self":[{"href":"https:\/\/www.mcallenflatware.com\/de\/wp-json\/wp\/v2\/product\/1027","targetHints":{"allow":["GET"]}}],"collection":[{"href":"https:\/\/www.mcallenflatware.com\/de\/wp-json\/wp\/v2\/product"}],"about":[{"href":"https:\/\/www.mcallenflatware.com\/de\/wp-json\/wp\/v2\/types\/product"}],"wp:featuredmedia":[{"embeddable":true,"href":"https:\/\/www.mcallenflatware.com\/de\/wp-json\/wp\/v2\/media\/1032"}],"wp:attachment":[{"href":"https:\/\/www.mcallenflatware.com\/de\/wp-json\/wp\/v2\/media?parent=1027"}],"wp:term":[{"taxonomy":"product_brand","embeddable":true,"href":"https:\/\/www.mcallenflatware.com\/de\/wp-json\/wp\/v2\/product_brand?post=1027"},{"taxonomy":"product_cat","embeddable":true,"href":"https:\/\/www.mcallenflatware.com\/de\/wp-json\/wp\/v2\/product_cat?post=1027"},{"taxonomy":"product_tag","embeddable":true,"href":"https:\/\/www.mcallenflatware.com\/de\/wp-json\/wp\/v2\/product_tag?post=1027"}],"curies":[{"name":"wp","href":"https:\/\/api.w.org\/{rel}","templated":true}]}}