{"id":1390,"date":"2024-09-24T10:29:27","date_gmt":"2024-09-24T10:29:27","guid":{"rendered":"https:\/\/www.mcallenflatware.com\/?post_type=product&#038;p=1390"},"modified":"2025-09-24T10:49:52","modified_gmt":"2025-09-24T10:49:52","slug":"custom-luxury-flatware","status":"publish","type":"product","link":"https:\/\/www.mcallenflatware.com\/de\/product\/custom-luxury-flatware\/","title":{"rendered":"Benutzerdefinierte Luxus-Besteck Antike Barock Gold Besteck Set f\u00fcr Hochzeit"},"content":{"rendered":"<h2 class=\"wp-block-heading\">Luxus-Besteck Merkmale:<\/h2>\n\n\n\n<div class=\"wp-block-columns is-layout-flex wp-container-core-columns-is-layout-9d6595d7 wp-block-columns-is-layout-flex\">\n<div class=\"wp-block-column is-layout-flow wp-block-column-is-layout-flow\" style=\"flex-basis:66.66%\">\n<p><strong>Luxuri\u00f6ses Retro-Design<\/strong><br>Die Kombination aus exquisiten Schnitzereien im Barockstil und stromlinienf\u00f6rmigem Design pr\u00e4sentiert einen klassischen und eleganten Stil, der sich f\u00fcr gehobene Tafeln und besondere Anl\u00e4sse eignet.<\/p>\n\n\n\n<p><strong>Hochwertiges Material aus rostfreiem Stahl<\/strong><br>Durch die Verwendung von rostfreiem Stahl 18\/10 kann das Produkt seinen Glanz und seine Beschaffenheit auch nach l\u00e4ngerem Gebrauch beibehalten.<\/p>\n\n\n\n<p><strong>Reibungsloser Polierprozess<\/strong><br>Die Oberfl\u00e4che ist hochglanzpoliert, mit glatten Kanten, sicher und hochwertig, sch\u00f6n und leicht zu reinigen.<\/p>\n\n\n\n<p><strong>Vielseitige Anwendbarkeit<\/strong><br>Ob es sich um ein gehobenes Bankett, eine Hochzeitsfeier oder ein exquisites Geschenk handelt, es kann einen luxuri\u00f6sen Geschmack und eine k\u00fcnstlerische Atmosph\u00e4re widerspiegeln.<\/p>\n\n\n\n<p><strong>Kundenspezifische Dienstleistungen<\/strong><br>Bieten Sie ma\u00dfgeschneiderte Optionen f\u00fcr die Gravur von Logos oder Mustern und personalisiertes Design, um die einzigartigen Bed\u00fcrfnisse von Marken oder Kunden zu erf\u00fcllen.<\/p>\n<\/div>\n\n\n\n<div class=\"wp-block-column is-layout-flow wp-block-column-is-layout-flow\" style=\"flex-basis:33.33%\">\n<figure class=\"wp-block-image size-full\"><img decoding=\"async\" width=\"1000\" height=\"1000\" src=\"https:\/\/www.mcallenflatware.com\/wp-content\/uploads\/2024\/11\/luxury-flatware-wholesale-5.webp\" alt=\"Luxusbesteck Gro\u00dfhandel\" class=\"wp-image-1313\" srcset=\"https:\/\/www.mcallenflatware.com\/wp-content\/uploads\/2024\/11\/luxury-flatware-wholesale-5.webp 1000w, https:\/\/www.mcallenflatware.com\/wp-content\/uploads\/2024\/11\/luxury-flatware-wholesale-5-150x150.webp 150w, https:\/\/www.mcallenflatware.com\/wp-content\/uploads\/2024\/11\/luxury-flatware-wholesale-5-768x768.webp 768w, https:\/\/www.mcallenflatware.com\/wp-content\/uploads\/2024\/11\/luxury-flatware-wholesale-5-12x12.webp 12w, https:\/\/www.mcallenflatware.com\/wp-content\/uploads\/2024\/11\/luxury-flatware-wholesale-5-600x600.webp 600w, https:\/\/www.mcallenflatware.com\/wp-content\/uploads\/2024\/11\/luxury-flatware-wholesale-5-300x300.webp 300w, https:\/\/www.mcallenflatware.com\/wp-content\/uploads\/2024\/11\/luxury-flatware-wholesale-5-100x100.webp 100w\" sizes=\"(max-width: 1000px) 100vw, 1000px\" \/><\/figure>\n<\/div>\n<\/div>\n\n\n\n<div class=\"wp-block-columns is-layout-flex wp-container-core-columns-is-layout-9d6595d7 wp-block-columns-is-layout-flex\">\n<div class=\"wp-block-column is-layout-flow wp-block-column-is-layout-flow\">\n<figure class=\"wp-block-image size-full\"><img decoding=\"async\" width=\"800\" height=\"800\" src=\"https:\/\/www.mcallenflatware.com\/wp-content\/uploads\/2024\/11\/luxury-flatware-wholesale-11.webp\" alt=\"Luxusbesteck Gro\u00dfhandel\" class=\"wp-image-1319\" srcset=\"https:\/\/www.mcallenflatware.com\/wp-content\/uploads\/2024\/11\/luxury-flatware-wholesale-11.webp 800w, https:\/\/www.mcallenflatware.com\/wp-content\/uploads\/2024\/11\/luxury-flatware-wholesale-11-150x150.webp 150w, https:\/\/www.mcallenflatware.com\/wp-content\/uploads\/2024\/11\/luxury-flatware-wholesale-11-768x768.webp 768w, https:\/\/www.mcallenflatware.com\/wp-content\/uploads\/2024\/11\/luxury-flatware-wholesale-11-12x12.webp 12w, https:\/\/www.mcallenflatware.com\/wp-content\/uploads\/2024\/11\/luxury-flatware-wholesale-11-600x600.webp 600w, https:\/\/www.mcallenflatware.com\/wp-content\/uploads\/2024\/11\/luxury-flatware-wholesale-11-300x300.webp 300w, https:\/\/www.mcallenflatware.com\/wp-content\/uploads\/2024\/11\/luxury-flatware-wholesale-11-100x100.webp 100w\" sizes=\"(max-width: 800px) 100vw, 800px\" \/><\/figure>\n<\/div>\n\n\n\n<div class=\"wp-block-column is-layout-flow wp-block-column-is-layout-flow\">\n<figure class=\"wp-block-image size-full\"><img decoding=\"async\" width=\"800\" height=\"800\" src=\"https:\/\/www.mcallenflatware.com\/wp-content\/uploads\/2024\/11\/luxury-flatware-wholesale-3.webp\" alt=\"Luxusbesteck Gro\u00dfhandel\" class=\"wp-image-1311\" srcset=\"https:\/\/www.mcallenflatware.com\/wp-content\/uploads\/2024\/11\/luxury-flatware-wholesale-3.webp 800w, https:\/\/www.mcallenflatware.com\/wp-content\/uploads\/2024\/11\/luxury-flatware-wholesale-3-150x150.webp 150w, https:\/\/www.mcallenflatware.com\/wp-content\/uploads\/2024\/11\/luxury-flatware-wholesale-3-768x768.webp 768w, https:\/\/www.mcallenflatware.com\/wp-content\/uploads\/2024\/11\/luxury-flatware-wholesale-3-12x12.webp 12w, https:\/\/www.mcallenflatware.com\/wp-content\/uploads\/2024\/11\/luxury-flatware-wholesale-3-600x600.webp 600w, https:\/\/www.mcallenflatware.com\/wp-content\/uploads\/2024\/11\/luxury-flatware-wholesale-3-300x300.webp 300w, https:\/\/www.mcallenflatware.com\/wp-content\/uploads\/2024\/11\/luxury-flatware-wholesale-3-100x100.webp 100w\" sizes=\"(max-width: 800px) 100vw, 800px\" \/><\/figure>\n<\/div>\n\n\n\n<div class=\"wp-block-column is-layout-flow wp-block-column-is-layout-flow\">\n<figure class=\"wp-block-image size-full\"><img decoding=\"async\" width=\"1024\" height=\"1024\" src=\"https:\/\/www.mcallenflatware.com\/wp-content\/uploads\/2024\/11\/luxury-flatware-wholesale-12.webp\" alt=\"Luxusbesteck Gro\u00dfhandel\" class=\"wp-image-1320\" srcset=\"https:\/\/www.mcallenflatware.com\/wp-content\/uploads\/2024\/11\/luxury-flatware-wholesale-12.webp 1024w, https:\/\/www.mcallenflatware.com\/wp-content\/uploads\/2024\/11\/luxury-flatware-wholesale-12-150x150.webp 150w, https:\/\/www.mcallenflatware.com\/wp-content\/uploads\/2024\/11\/luxury-flatware-wholesale-12-768x768.webp 768w, https:\/\/www.mcallenflatware.com\/wp-content\/uploads\/2024\/11\/luxury-flatware-wholesale-12-12x12.webp 12w, https:\/\/www.mcallenflatware.com\/wp-content\/uploads\/2024\/11\/luxury-flatware-wholesale-12-600x600.webp 600w, https:\/\/www.mcallenflatware.com\/wp-content\/uploads\/2024\/11\/luxury-flatware-wholesale-12-300x300.webp 300w, https:\/\/www.mcallenflatware.com\/wp-content\/uploads\/2024\/11\/luxury-flatware-wholesale-12-100x100.webp 100w\" sizes=\"(max-width: 1024px) 100vw, 1024px\" \/><\/figure>\n<\/div>\n<\/div>","protected":false},"excerpt":{"rendered":"<p>Hochwertiges Luxusbesteck mit gepr\u00e4gtem Griffdesign, einschlie\u00dflich eleganter Messer, Gabeln, L\u00f6ffel, Teel\u00f6ffel und Kuchengabeln. Perfekt f\u00fcr gehobene Veranstaltungen und Premium-Geschenke. Es unterst\u00fctzt individuelle Anpassungsoptionen wie Logos, Verpackungen, Farben und mehr. Wir bieten umfassende Dienstleistungen an, um Sie bei der Etablierung einer hochwertigen Marke zu unterst\u00fctzen.<\/p>\n<h2>Luxus-Besteck Attribute<\/h2>\n<p><strong>Markenname:<\/strong> Mcallen<br \/><strong>Material:<\/strong> Rostfreier Stahl<br \/><strong>Farbe:<\/strong>\u00a0 Silber, Gold, oder kundenspezifisch<br \/><strong>Polieren:<\/strong> Hochglanzpoliert<br \/><strong>Design-Stil:<\/strong> Luxuri\u00f6ser antiker Stil<br \/><strong>Vorlaufzeit f\u00fcr Muster:<\/strong> Innerhalb von 3 Tagen<br \/><strong>OEM\/ODM:<\/strong> Verf\u00fcgbar<\/p>\n<h2>Luxus-Besteck nach Ma\u00df:<\/h2>\n<p><strong>Rostfreier Stahl:<\/strong> Rostfreier Stahl 18\/10, 304, 316, 410, 430, 420<br \/><strong>Logo:<\/strong> Lasergravur, Siebdruck, UV-Druck, Thermotransferdruck, Pr\u00e4gung, usw.<br \/><strong>Verpacken:<\/strong> 4\/8\/12\/16\/20\/24\/45\/48\/72pcs set<br \/><strong>Oberfl\u00e4chenausf\u00fchrungen:<\/strong> Hochglanzpoliert, mattiert, wasserpoliert, Titanbeschichtung<br \/><strong>Verpackung:<\/strong> Bulk, Opp Tasche, Farbe Box, Geschenk-Box, ma\u00dfgeschneiderte<\/p>","protected":false},"featured_media":1315,"template":"","meta":[],"product_brand":[],"product_cat":[23,29],"product_tag":[],"class_list":{"0":"post-1390","1":"product","2":"type-product","3":"status-publish","4":"has-post-thumbnail","6":"product_cat-wholesale-flatware","7":"product_cat-bulk-flatware","9":"first","10":"instock","11":"shipping-taxable","12":"product-type-simple"},"_links":{"self":[{"href":"https:\/\/www.mcallenflatware.com\/de\/wp-json\/wp\/v2\/product\/1390","targetHints":{"allow":["GET"]}}],"collection":[{"href":"https:\/\/www.mcallenflatware.com\/de\/wp-json\/wp\/v2\/product"}],"about":[{"href":"https:\/\/www.mcallenflatware.com\/de\/wp-json\/wp\/v2\/types\/product"}],"wp:featuredmedia":[{"embeddable":true,"href":"https:\/\/www.mcallenflatware.com\/de\/wp-json\/wp\/v2\/media\/1315"}],"wp:attachment":[{"href":"https:\/\/www.mcallenflatware.com\/de\/wp-json\/wp\/v2\/media?parent=1390"}],"wp:term":[{"taxonomy":"product_brand","embeddable":true,"href":"https:\/\/www.mcallenflatware.com\/de\/wp-json\/wp\/v2\/product_brand?post=1390"},{"taxonomy":"product_cat","embeddable":true,"href":"https:\/\/www.mcallenflatware.com\/de\/wp-json\/wp\/v2\/product_cat?post=1390"},{"taxonomy":"product_tag","embeddable":true,"href":"https:\/\/www.mcallenflatware.com\/de\/wp-json\/wp\/v2\/product_tag?post=1390"}],"curies":[{"name":"wp","href":"https:\/\/api.w.org\/{rel}","templated":true}]}}