{"id":1394,"date":"2024-11-20T06:35:08","date_gmt":"2024-11-20T06:35:08","guid":{"rendered":"https:\/\/www.mcallenflatware.com\/?post_type=product&#038;p=1394"},"modified":"2024-11-20T07:03:55","modified_gmt":"2024-11-20T07:03:55","slug":"custom-decorating-flatware","status":"publish","type":"product","link":"https:\/\/www.mcallenflatware.com\/de\/product\/custom-decorating-flatware\/","title":{"rendered":"Individuelles Dekorationsbesteck Star Diamond Luxury Glod Sliver"},"content":{"rendered":"<h2 class=\"wp-block-heading\">Deko-Besteck Merkmale:<\/h2>\n\n\n\n<div class=\"wp-block-columns is-layout-flex wp-container-core-columns-is-layout-9d6595d7 wp-block-columns-is-layout-flex\">\n<div class=\"wp-block-column is-layout-flow wp-block-column-is-layout-flow\" style=\"flex-basis:66.66%\">\n<p><strong>Einzigartiges sternf\u00f6rmiges Design<\/strong><br>Der geh\u00e4mmerte goldene, sternf\u00f6rmige Griff und die Klinge haben eine einzigartige Gesamtform, die von Luxus und Pers\u00f6nlichkeit zeugt.<\/p>\n\n\n\n<p><strong>Ausgezeichnete dekorative Wirkung<\/strong><br>Die sternf\u00f6rmige Textur des Griffs leuchtet im Licht und macht ihn zur idealen Wahl f\u00fcr Hochzeiten oder gehobene Anl\u00e4sse.<\/p>\n\n\n\n<p><strong>Hochwertiges Material aus rostfreiem Stahl<\/strong><br>Hergestellt aus lebensmittelechtem Edelstahl, hohe Festigkeit und Haltbarkeit, sicher und leicht zu reinigen<\/p>\n\n\n\n<p><strong>Luxuri\u00f6se goldene Oberfl\u00e4che<\/strong><br>Gold-Galvanik-Behandlung, sch\u00f6ne polierte Oberfl\u00e4che, Gold und Silber Kombination ist mehr High-End.<\/p>\n\n\n\n<p><strong>Geeignet f\u00fcr eine Vielzahl von Anl\u00e4ssen<\/strong><br>Egal, ob es sich um ein gehobenes Bankett, eine Hochzeitsfeier, eine Mottoparty oder ein luxuri\u00f6ses Geschenk handelt, dieses Geschirr kann es problemlos bew\u00e4ltigen und einen einzigartigen Stil zeigen.<\/p>\n<\/div>\n\n\n\n<div class=\"wp-block-column is-layout-flow wp-block-column-is-layout-flow\" style=\"flex-basis:33.33%\">\n<figure class=\"wp-block-image size-full\"><img decoding=\"async\" width=\"800\" height=\"800\" src=\"https:\/\/www.mcallenflatware.com\/wp-content\/uploads\/2024\/11\/decorating-flatware-wholesale-2.webp\" alt=\"dekorieren Besteck Gro\u00dfhandel\" class=\"wp-image-1372\" srcset=\"https:\/\/www.mcallenflatware.com\/wp-content\/uploads\/2024\/11\/decorating-flatware-wholesale-2.webp 800w, https:\/\/www.mcallenflatware.com\/wp-content\/uploads\/2024\/11\/decorating-flatware-wholesale-2-150x150.webp 150w, https:\/\/www.mcallenflatware.com\/wp-content\/uploads\/2024\/11\/decorating-flatware-wholesale-2-768x768.webp 768w, https:\/\/www.mcallenflatware.com\/wp-content\/uploads\/2024\/11\/decorating-flatware-wholesale-2-12x12.webp 12w, https:\/\/www.mcallenflatware.com\/wp-content\/uploads\/2024\/11\/decorating-flatware-wholesale-2-600x600.webp 600w, https:\/\/www.mcallenflatware.com\/wp-content\/uploads\/2024\/11\/decorating-flatware-wholesale-2-300x300.webp 300w, https:\/\/www.mcallenflatware.com\/wp-content\/uploads\/2024\/11\/decorating-flatware-wholesale-2-100x100.webp 100w\" sizes=\"(max-width: 800px) 100vw, 800px\" \/><\/figure>\n<\/div>\n<\/div>\n\n\n\n<div class=\"wp-block-columns is-layout-flex wp-container-core-columns-is-layout-9d6595d7 wp-block-columns-is-layout-flex\">\n<div class=\"wp-block-column is-layout-flow wp-block-column-is-layout-flow\">\n<figure class=\"wp-block-image size-full\"><img decoding=\"async\" width=\"800\" height=\"800\" src=\"https:\/\/www.mcallenflatware.com\/wp-content\/uploads\/2024\/11\/decorating-flatware-wholesale-12.webp\" alt=\"dekorieren Besteck Gro\u00dfhandel\" class=\"wp-image-1382\" srcset=\"https:\/\/www.mcallenflatware.com\/wp-content\/uploads\/2024\/11\/decorating-flatware-wholesale-12.webp 800w, https:\/\/www.mcallenflatware.com\/wp-content\/uploads\/2024\/11\/decorating-flatware-wholesale-12-150x150.webp 150w, https:\/\/www.mcallenflatware.com\/wp-content\/uploads\/2024\/11\/decorating-flatware-wholesale-12-768x768.webp 768w, https:\/\/www.mcallenflatware.com\/wp-content\/uploads\/2024\/11\/decorating-flatware-wholesale-12-12x12.webp 12w, https:\/\/www.mcallenflatware.com\/wp-content\/uploads\/2024\/11\/decorating-flatware-wholesale-12-600x600.webp 600w, https:\/\/www.mcallenflatware.com\/wp-content\/uploads\/2024\/11\/decorating-flatware-wholesale-12-300x300.webp 300w, https:\/\/www.mcallenflatware.com\/wp-content\/uploads\/2024\/11\/decorating-flatware-wholesale-12-100x100.webp 100w\" sizes=\"(max-width: 800px) 100vw, 800px\" \/><\/figure>\n<\/div>\n\n\n\n<div class=\"wp-block-column is-layout-flow wp-block-column-is-layout-flow\">\n<figure class=\"wp-block-image size-full\"><img decoding=\"async\" width=\"800\" height=\"800\" src=\"https:\/\/www.mcallenflatware.com\/wp-content\/uploads\/2024\/11\/decorating-flatware-wholesale-4.webp\" alt=\"dekorieren Besteck Gro\u00dfhandel\" class=\"wp-image-1374\" srcset=\"https:\/\/www.mcallenflatware.com\/wp-content\/uploads\/2024\/11\/decorating-flatware-wholesale-4.webp 800w, https:\/\/www.mcallenflatware.com\/wp-content\/uploads\/2024\/11\/decorating-flatware-wholesale-4-150x150.webp 150w, https:\/\/www.mcallenflatware.com\/wp-content\/uploads\/2024\/11\/decorating-flatware-wholesale-4-768x768.webp 768w, https:\/\/www.mcallenflatware.com\/wp-content\/uploads\/2024\/11\/decorating-flatware-wholesale-4-12x12.webp 12w, https:\/\/www.mcallenflatware.com\/wp-content\/uploads\/2024\/11\/decorating-flatware-wholesale-4-600x600.webp 600w, https:\/\/www.mcallenflatware.com\/wp-content\/uploads\/2024\/11\/decorating-flatware-wholesale-4-300x300.webp 300w, https:\/\/www.mcallenflatware.com\/wp-content\/uploads\/2024\/11\/decorating-flatware-wholesale-4-100x100.webp 100w\" sizes=\"(max-width: 800px) 100vw, 800px\" \/><\/figure>\n<\/div>\n\n\n\n<div class=\"wp-block-column is-layout-flow wp-block-column-is-layout-flow\">\n<figure class=\"wp-block-image size-full\"><img decoding=\"async\" width=\"800\" height=\"800\" src=\"https:\/\/www.mcallenflatware.com\/wp-content\/uploads\/2024\/11\/decorating-flatware-wholesale-5.webp\" alt=\"dekorieren Besteck Gro\u00dfhandel\" class=\"wp-image-1375\" srcset=\"https:\/\/www.mcallenflatware.com\/wp-content\/uploads\/2024\/11\/decorating-flatware-wholesale-5.webp 800w, https:\/\/www.mcallenflatware.com\/wp-content\/uploads\/2024\/11\/decorating-flatware-wholesale-5-150x150.webp 150w, https:\/\/www.mcallenflatware.com\/wp-content\/uploads\/2024\/11\/decorating-flatware-wholesale-5-768x768.webp 768w, https:\/\/www.mcallenflatware.com\/wp-content\/uploads\/2024\/11\/decorating-flatware-wholesale-5-12x12.webp 12w, https:\/\/www.mcallenflatware.com\/wp-content\/uploads\/2024\/11\/decorating-flatware-wholesale-5-600x600.webp 600w, https:\/\/www.mcallenflatware.com\/wp-content\/uploads\/2024\/11\/decorating-flatware-wholesale-5-300x300.webp 300w, https:\/\/www.mcallenflatware.com\/wp-content\/uploads\/2024\/11\/decorating-flatware-wholesale-5-100x100.webp 100w\" sizes=\"(max-width: 800px) 100vw, 800px\" \/><\/figure>\n<\/div>\n<\/div>\n\n\n\n<p><\/p>","protected":false},"excerpt":{"rendered":"<p>Benutzerdefinierte Dekoration Besteck mit Stern Diamant Griffe, luxuri\u00f6s f\u00fcr High-End-Hochzeiten, Restaurants, Geschenke. Wir bieten Gro\u00dfhandel benutzerdefinierte Dienstleistungen zu helfen, Amazon E-Commerce-Kunden schnell erstellen Markenprodukte.<\/p>\n<h2>Dekorieren Besteck Attribute<\/h2>\n<p><strong>Markenname:<\/strong> Mcallen<br \/><strong>Material:<\/strong> Rostfreier Stahl<br \/><strong>Farbe:<\/strong>\u00a0 Silber, Gold, oder kundenspezifisch<br \/><strong>Polieren:<\/strong> Hochglanzpoliert<br \/><strong>Design-Stil:<\/strong>\u00a0 Stern-Diamant-Griff<br \/><strong>Vorlaufzeit f\u00fcr Muster:<\/strong> Innerhalb von 3 Tagen<br \/><strong>OEM\/ODM:<\/strong> Verf\u00fcgbar<\/p>\n<h2>Individuelles Dekorationsbesteck:<\/h2>\n<p><strong>Rostfreier Stahl:<\/strong> Rostfreier Stahl 18\/10, 304, 316, 410, 430, 420<br \/><strong>Logo:<\/strong> Lasergravur, Siebdruck, UV-Druck, Thermotransferdruck, Pr\u00e4gung, usw.<br \/><strong>Verpacken:<\/strong> 4\/8\/12\/16\/20\/24\/45\/48\/72pcs set<br \/><strong>Oberfl\u00e4chenausf\u00fchrungen:<\/strong> Hochglanzpoliert, mattiert, wasserpoliert, Titanbeschichtung<br \/><strong>Verpackung:<\/strong> Bulk, Opp Tasche, Farbe Box, Geschenk-Box, ma\u00dfgeschneiderte<\/p>","protected":false},"featured_media":1373,"template":"","meta":[],"product_brand":[],"product_cat":[23,29],"product_tag":[],"class_list":{"0":"post-1394","1":"product","2":"type-product","3":"status-publish","4":"has-post-thumbnail","6":"product_cat-wholesale-flatware","7":"product_cat-bulk-flatware","9":"first","10":"instock","11":"shipping-taxable","12":"product-type-simple"},"_links":{"self":[{"href":"https:\/\/www.mcallenflatware.com\/de\/wp-json\/wp\/v2\/product\/1394","targetHints":{"allow":["GET"]}}],"collection":[{"href":"https:\/\/www.mcallenflatware.com\/de\/wp-json\/wp\/v2\/product"}],"about":[{"href":"https:\/\/www.mcallenflatware.com\/de\/wp-json\/wp\/v2\/types\/product"}],"wp:featuredmedia":[{"embeddable":true,"href":"https:\/\/www.mcallenflatware.com\/de\/wp-json\/wp\/v2\/media\/1373"}],"wp:attachment":[{"href":"https:\/\/www.mcallenflatware.com\/de\/wp-json\/wp\/v2\/media?parent=1394"}],"wp:term":[{"taxonomy":"product_brand","embeddable":true,"href":"https:\/\/www.mcallenflatware.com\/de\/wp-json\/wp\/v2\/product_brand?post=1394"},{"taxonomy":"product_cat","embeddable":true,"href":"https:\/\/www.mcallenflatware.com\/de\/wp-json\/wp\/v2\/product_cat?post=1394"},{"taxonomy":"product_tag","embeddable":true,"href":"https:\/\/www.mcallenflatware.com\/de\/wp-json\/wp\/v2\/product_tag?post=1394"}],"curies":[{"name":"wp","href":"https:\/\/api.w.org\/{rel}","templated":true}]}}