{"id":1405,"date":"2024-11-23T13:15:35","date_gmt":"2024-11-23T13:15:35","guid":{"rendered":"https:\/\/www.mcallenflatware.com\/?post_type=product&#038;p=1405"},"modified":"2024-11-24T06:37:13","modified_gmt":"2024-11-24T06:37:13","slug":"wholesale-boba-strainer","status":"publish","type":"product","link":"https:\/\/www.mcallenflatware.com\/de\/product\/wholesale-boba-strainer\/","title":{"rendered":"Gro\u00dfhandel Boba Sieb Tapioca Perle Schaufel Edelstahl"},"content":{"rendered":"<h2 class=\"wp-block-heading\">Boba-Sieb Merkmale:<\/h2>\n\n\n\n<div class=\"wp-block-columns is-layout-flex wp-container-core-columns-is-layout-9d6595d7 wp-block-columns-is-layout-flex\">\n<div class=\"wp-block-column is-layout-flow wp-block-column-is-layout-flow\" style=\"flex-basis:66.66%\">\n<p><strong>Hergestellt aus rostfreiem Stahl, langlebig und rostfrei<\/strong><br>Durch die Verwendung von hochwertigem rostfreiem Stahl ist er resistent gegen hohe Temperaturen, Korrosion und Verformung.<\/p>\n\n\n\n<p><strong>Effektive Filterung<\/strong><br>Der robuste Filterdraht und der Rahmen k\u00f6nnen kleine Partikel wie Perlen und Maniok schnell abtropfen lassen und so die Produktionseffizienz verbessern.<\/p>\n\n\n\n<p><strong>Komfortables Griffdesign<\/strong><br>Der Griff ist rutschfest und langlebig, liegt bequem in der Hand und ist f\u00fcr den Langzeitbetrieb geeignet.<\/p>\n\n\n\n<p><strong>Leicht zu reinigen<\/strong><br>Die Oberfl\u00e4che ist glatt, nahtlos verbunden, leicht zu reinigen, kann mit der Hand oder in der Sp\u00fclmaschine gereinigt werden, geeignet f\u00fcr den h\u00e4ufigen Gebrauch.<\/p>\n\n\n\n<p><strong>Vielseitiger Einsatz<\/strong><br>Er eignet sich nicht nur zum Filtern von Boba, sondern auch zum Absch\u00f6pfen von Frittier\u00f6l, zum Filtern von Teewasser, Fruchtfleisch oder anderen kleinen Partikeln von Zutaten.<\/p>\n<\/div>\n\n\n\n<div class=\"wp-block-column is-layout-flow wp-block-column-is-layout-flow\" style=\"flex-basis:33.33%\">\n<figure class=\"wp-block-image size-full\"><img decoding=\"async\" width=\"1200\" height=\"1200\" src=\"https:\/\/www.mcallenflatware.com\/wp-content\/uploads\/2024\/11\/Strainer-wholesale-2.webp\" alt=\"Gro\u00dfhandel mit Schmutzf\u00e4ngern\" class=\"wp-image-1458\" srcset=\"https:\/\/www.mcallenflatware.com\/wp-content\/uploads\/2024\/11\/Strainer-wholesale-2.webp 1200w, https:\/\/www.mcallenflatware.com\/wp-content\/uploads\/2024\/11\/Strainer-wholesale-2-150x150.webp 150w, https:\/\/www.mcallenflatware.com\/wp-content\/uploads\/2024\/11\/Strainer-wholesale-2-768x768.webp 768w, https:\/\/www.mcallenflatware.com\/wp-content\/uploads\/2024\/11\/Strainer-wholesale-2-12x12.webp 12w, https:\/\/www.mcallenflatware.com\/wp-content\/uploads\/2024\/11\/Strainer-wholesale-2-600x600.webp 600w, https:\/\/www.mcallenflatware.com\/wp-content\/uploads\/2024\/11\/Strainer-wholesale-2-300x300.webp 300w, https:\/\/www.mcallenflatware.com\/wp-content\/uploads\/2024\/11\/Strainer-wholesale-2-100x100.webp 100w\" sizes=\"(max-width: 1200px) 100vw, 1200px\" \/><\/figure>\n<\/div>\n<\/div>","protected":false},"excerpt":{"rendered":"<p>Fabrikpreis Edelstahl-Boba-Sieb, kann als Tapioka-Perlensch\u00f6pfer verwendet werden. Hersteller Direktverkauf, willkommen, um mehr \u00fcber die Anpassung zu erfahren.<\/p>\n<h2>Eigenschaften des Boba-Siebs<\/h2>\n<p><strong>Markenname:<\/strong> Mcallen<br \/><strong>Material:<\/strong> Rostfreier Stahl<br \/><strong>Farbe:<\/strong>\u00a0 Gelesen, oder Angepasst<br \/><strong>Entwurf:<\/strong> Drahtgestell aus Edelstahl<br \/><strong>Vorlaufzeit f\u00fcr Muster:<\/strong> Innerhalb von 3 Tagen<br \/><strong>OEM\/ODM:<\/strong> Verf\u00fcgbar<\/p>\n<h2>Individuelles Boba-Sieb :<\/h2>\n<p><strong>Rostfreier Stahl:<\/strong> Rostfreier Stahl 18\/10, 304, 316, 410, 430, 420<br \/><strong>Logo:<\/strong> Lasergravur, Siebdruck, UV-Druck, Thermotransferdruck, Pr\u00e4gung, usw.<br \/><strong>Verpackung:<\/strong> Bulk, Opp Tasche, Farbe Box, Geschenk-Box, ma\u00dfgeschneiderte<\/p>","protected":false},"featured_media":1457,"template":"","meta":[],"product_brand":[],"product_cat":[24,31],"product_tag":[],"class_list":{"0":"post-1405","1":"product","2":"type-product","3":"status-publish","4":"has-post-thumbnail","6":"product_cat-wholesale-kitchen-utensils","7":"product_cat-wholesale-serving-utensils","9":"first","10":"instock","11":"shipping-taxable","12":"product-type-simple"},"_links":{"self":[{"href":"https:\/\/www.mcallenflatware.com\/de\/wp-json\/wp\/v2\/product\/1405","targetHints":{"allow":["GET"]}}],"collection":[{"href":"https:\/\/www.mcallenflatware.com\/de\/wp-json\/wp\/v2\/product"}],"about":[{"href":"https:\/\/www.mcallenflatware.com\/de\/wp-json\/wp\/v2\/types\/product"}],"wp:featuredmedia":[{"embeddable":true,"href":"https:\/\/www.mcallenflatware.com\/de\/wp-json\/wp\/v2\/media\/1457"}],"wp:attachment":[{"href":"https:\/\/www.mcallenflatware.com\/de\/wp-json\/wp\/v2\/media?parent=1405"}],"wp:term":[{"taxonomy":"product_brand","embeddable":true,"href":"https:\/\/www.mcallenflatware.com\/de\/wp-json\/wp\/v2\/product_brand?post=1405"},{"taxonomy":"product_cat","embeddable":true,"href":"https:\/\/www.mcallenflatware.com\/de\/wp-json\/wp\/v2\/product_cat?post=1405"},{"taxonomy":"product_tag","embeddable":true,"href":"https:\/\/www.mcallenflatware.com\/de\/wp-json\/wp\/v2\/product_tag?post=1405"}],"curies":[{"name":"wp","href":"https:\/\/api.w.org\/{rel}","templated":true}]}}