{"id":1463,"date":"2024-11-24T09:23:33","date_gmt":"2024-11-24T09:23:33","guid":{"rendered":"https:\/\/www.mcallenflatware.com\/?post_type=product&#038;p=1463"},"modified":"2024-11-24T09:38:40","modified_gmt":"2024-11-24T09:38:40","slug":"bulk-matte-gold-flatware","status":"publish","type":"product","link":"https:\/\/www.mcallenflatware.com\/de\/product\/bulk-matte-gold-flatware\/","title":{"rendered":"Bulk Matte Gold Besteck Luxus Edelstahl Besteck Set"},"content":{"rendered":"<h2 class=\"wp-block-heading\">Mattgold-Besteck Merkmale:<\/h2>\n\n\n\n<div class=\"wp-block-columns is-layout-flex wp-container-core-columns-is-layout-9d6595d7 wp-block-columns-is-layout-flex\">\n<div class=\"wp-block-column is-layout-flow wp-block-column-is-layout-flow\" style=\"flex-basis:66.66%\">\n<p><strong>Luxuri\u00f6ses Aussehen in mattem Gold<\/strong><br>Die matte Goldgalvanisierung verleiht dem Geschirr einen einzigartigen Sinn f\u00fcr Luxus und moderne \u00c4sthetik.<\/p>\n\n\n\n<p><strong>Elegantes portugiesisches Design<br><\/strong>Er kombiniert die k\u00fcnstlerischen Linien und eleganten Formen des portugiesischen Stils mit modischen Elementen und eignet sich f\u00fcr verschiedene Szenarien.<\/p>\n\n\n\n<p><strong>Hochwertiges Material aus rostfreiem Stahl<br><\/strong>Aus Edelstahl 18\/10 gefertigt, ist er robust und langlebig und f\u00fcr den langfristigen Gebrauch geeignet.<\/p>\n\n\n\n<p><strong>Geeignet f\u00fcr gro\u00dfvolumige Anforderungen<\/strong><br>Messer, Gabeln, L\u00f6ffel, Teel\u00f6ffel und andere Spezifikationen sind vollst\u00e4ndig, f\u00fcr Gro\u00dfeink\u00e4ufe konzipiert und unterst\u00fctzen kundenspezifische Dienstleistungen. Es kann den gro\u00dfen Lieferbedarf von Hotels, Restaurants und Gro\u00dfh\u00e4ndlern decken und ist kosteng\u00fcnstig.<\/p>\n<\/div>\n\n\n\n<div class=\"wp-block-column is-layout-flow wp-block-column-is-layout-flow\" style=\"flex-basis:33.33%\">\n<figure class=\"wp-block-image size-full\"><img decoding=\"async\" width=\"882\" height=\"882\" src=\"https:\/\/www.mcallenflatware.com\/wp-content\/uploads\/2024\/11\/matte-gold-flatware-wholesale-18.webp\" alt=\"mattes Goldbesteck im Gro\u00dfhandel\" class=\"wp-image-1432\" srcset=\"https:\/\/www.mcallenflatware.com\/wp-content\/uploads\/2024\/11\/matte-gold-flatware-wholesale-18.webp 882w, https:\/\/www.mcallenflatware.com\/wp-content\/uploads\/2024\/11\/matte-gold-flatware-wholesale-18-150x150.webp 150w, https:\/\/www.mcallenflatware.com\/wp-content\/uploads\/2024\/11\/matte-gold-flatware-wholesale-18-768x768.webp 768w, https:\/\/www.mcallenflatware.com\/wp-content\/uploads\/2024\/11\/matte-gold-flatware-wholesale-18-12x12.webp 12w, https:\/\/www.mcallenflatware.com\/wp-content\/uploads\/2024\/11\/matte-gold-flatware-wholesale-18-600x600.webp 600w, https:\/\/www.mcallenflatware.com\/wp-content\/uploads\/2024\/11\/matte-gold-flatware-wholesale-18-300x300.webp 300w, https:\/\/www.mcallenflatware.com\/wp-content\/uploads\/2024\/11\/matte-gold-flatware-wholesale-18-100x100.webp 100w\" sizes=\"(max-width: 882px) 100vw, 882px\" \/><\/figure>\n<\/div>\n<\/div>\n\n\n\n<div class=\"wp-block-columns is-layout-flex wp-container-core-columns-is-layout-9d6595d7 wp-block-columns-is-layout-flex\">\n<div class=\"wp-block-column is-layout-flow wp-block-column-is-layout-flow\">\n<figure class=\"wp-block-image size-full\"><img decoding=\"async\" width=\"800\" height=\"800\" src=\"https:\/\/www.mcallenflatware.com\/wp-content\/uploads\/2024\/11\/matte-gold-flatware-wholesale-4.webp\" alt=\"mattes Goldbesteck im Gro\u00dfhandel\" class=\"wp-image-1427\" srcset=\"https:\/\/www.mcallenflatware.com\/wp-content\/uploads\/2024\/11\/matte-gold-flatware-wholesale-4.webp 800w, https:\/\/www.mcallenflatware.com\/wp-content\/uploads\/2024\/11\/matte-gold-flatware-wholesale-4-150x150.webp 150w, https:\/\/www.mcallenflatware.com\/wp-content\/uploads\/2024\/11\/matte-gold-flatware-wholesale-4-768x768.webp 768w, https:\/\/www.mcallenflatware.com\/wp-content\/uploads\/2024\/11\/matte-gold-flatware-wholesale-4-12x12.webp 12w, https:\/\/www.mcallenflatware.com\/wp-content\/uploads\/2024\/11\/matte-gold-flatware-wholesale-4-600x600.webp 600w, https:\/\/www.mcallenflatware.com\/wp-content\/uploads\/2024\/11\/matte-gold-flatware-wholesale-4-300x300.webp 300w, https:\/\/www.mcallenflatware.com\/wp-content\/uploads\/2024\/11\/matte-gold-flatware-wholesale-4-100x100.webp 100w\" sizes=\"(max-width: 800px) 100vw, 800px\" \/><\/figure>\n<\/div>\n\n\n\n<div class=\"wp-block-column is-layout-flow wp-block-column-is-layout-flow\">\n<figure class=\"wp-block-image size-full\"><img decoding=\"async\" width=\"800\" height=\"800\" src=\"https:\/\/www.mcallenflatware.com\/wp-content\/uploads\/2024\/11\/matte-gold-flatware-wholesale-15.webp\" alt=\"mattes Goldbesteck im Gro\u00dfhandel\" class=\"wp-image-1429\" srcset=\"https:\/\/www.mcallenflatware.com\/wp-content\/uploads\/2024\/11\/matte-gold-flatware-wholesale-15.webp 800w, https:\/\/www.mcallenflatware.com\/wp-content\/uploads\/2024\/11\/matte-gold-flatware-wholesale-15-150x150.webp 150w, https:\/\/www.mcallenflatware.com\/wp-content\/uploads\/2024\/11\/matte-gold-flatware-wholesale-15-768x768.webp 768w, https:\/\/www.mcallenflatware.com\/wp-content\/uploads\/2024\/11\/matte-gold-flatware-wholesale-15-12x12.webp 12w, https:\/\/www.mcallenflatware.com\/wp-content\/uploads\/2024\/11\/matte-gold-flatware-wholesale-15-600x600.webp 600w, https:\/\/www.mcallenflatware.com\/wp-content\/uploads\/2024\/11\/matte-gold-flatware-wholesale-15-300x300.webp 300w, https:\/\/www.mcallenflatware.com\/wp-content\/uploads\/2024\/11\/matte-gold-flatware-wholesale-15-100x100.webp 100w\" sizes=\"(max-width: 800px) 100vw, 800px\" \/><\/figure>\n<\/div>\n\n\n\n<div class=\"wp-block-column is-layout-flow wp-block-column-is-layout-flow\">\n<figure class=\"wp-block-image size-full\"><img decoding=\"async\" width=\"788\" height=\"788\" src=\"https:\/\/www.mcallenflatware.com\/wp-content\/uploads\/2024\/11\/matte-gold-flatware-wholesale-16.webp\" alt=\"mattes Goldbesteck im Gro\u00dfhandel\" class=\"wp-image-1430\" srcset=\"https:\/\/www.mcallenflatware.com\/wp-content\/uploads\/2024\/11\/matte-gold-flatware-wholesale-16.webp 788w, https:\/\/www.mcallenflatware.com\/wp-content\/uploads\/2024\/11\/matte-gold-flatware-wholesale-16-150x150.webp 150w, https:\/\/www.mcallenflatware.com\/wp-content\/uploads\/2024\/11\/matte-gold-flatware-wholesale-16-768x768.webp 768w, https:\/\/www.mcallenflatware.com\/wp-content\/uploads\/2024\/11\/matte-gold-flatware-wholesale-16-12x12.webp 12w, https:\/\/www.mcallenflatware.com\/wp-content\/uploads\/2024\/11\/matte-gold-flatware-wholesale-16-600x600.webp 600w, https:\/\/www.mcallenflatware.com\/wp-content\/uploads\/2024\/11\/matte-gold-flatware-wholesale-16-300x300.webp 300w, https:\/\/www.mcallenflatware.com\/wp-content\/uploads\/2024\/11\/matte-gold-flatware-wholesale-16-100x100.webp 100w\" sizes=\"(max-width: 788px) 100vw, 788px\" \/><\/figure>\n<\/div>\n<\/div>\n\n\n\n<p><\/p>","protected":false},"excerpt":{"rendered":"<p>Gro\u00dfhandel und benutzerdefinierte mattes Gold Besteck, aus hochwertigem Edelstahl, unterst\u00fctzt kundenspezifische Logo, Farbe und Verpackung. Modernes und einzigartiges Design im portugiesischen Stil, geeignet f\u00fcr Hotels, Restaurants und den Hausgebrauch. Willkommen zu erkundigen!<\/p>\n<h2>Matte Gold Besteck Attribute:<\/h2>\n<p><strong>Markenname:<\/strong> Mcallen<br \/><strong>Material:<\/strong> Rostfreier Stahl<br \/><strong>Farbe:<\/strong> Silber, Gloden<br \/><strong>Entwurf:<\/strong> Matte Oberfl\u00e4che, Portugiesischer Stil<br \/><strong>Vorlaufzeit f\u00fcr Muster:<\/strong> Innerhalb von 3 Tagen<br \/><strong>OEM\/ODM:<\/strong> Verf\u00fcgbar<\/p>\n<h2>Individuelles mattgoldenes Besteck:<\/h2>\n<p><strong>Rostfreier Stahl:<\/strong>\u00a0Rostfreier Stahl 18\/10, 304, 316, 410, 430, 420<br \/><strong>Logo:<\/strong>\u00a0Lasergravur, Siebdruck, UV-Druck, Thermotransferdruck, Pr\u00e4gung, usw.<br \/><strong>Verpacken:<\/strong>\u00a04\/8\/12\/16\/20\/24\/45\/48\/72pcs set<br \/><strong>Oberfl\u00e4chenausf\u00fchrungen:<\/strong>\u00a0Hochglanzpoliert, mattiert, wasserpoliert, Titanbeschichtung<br \/><strong>Verpackung:<\/strong>\u00a0Bulk, Opp Tasche, Farbe Box, Geschenk-Box, ma\u00dfgeschneiderte<\/p>","protected":false},"featured_media":1426,"template":"","meta":[],"product_brand":[],"product_cat":[23,29],"product_tag":[],"class_list":{"0":"post-1463","1":"product","2":"type-product","3":"status-publish","4":"has-post-thumbnail","6":"product_cat-wholesale-flatware","7":"product_cat-bulk-flatware","9":"first","10":"instock","11":"shipping-taxable","12":"product-type-simple"},"_links":{"self":[{"href":"https:\/\/www.mcallenflatware.com\/de\/wp-json\/wp\/v2\/product\/1463","targetHints":{"allow":["GET"]}}],"collection":[{"href":"https:\/\/www.mcallenflatware.com\/de\/wp-json\/wp\/v2\/product"}],"about":[{"href":"https:\/\/www.mcallenflatware.com\/de\/wp-json\/wp\/v2\/types\/product"}],"wp:featuredmedia":[{"embeddable":true,"href":"https:\/\/www.mcallenflatware.com\/de\/wp-json\/wp\/v2\/media\/1426"}],"wp:attachment":[{"href":"https:\/\/www.mcallenflatware.com\/de\/wp-json\/wp\/v2\/media?parent=1463"}],"wp:term":[{"taxonomy":"product_brand","embeddable":true,"href":"https:\/\/www.mcallenflatware.com\/de\/wp-json\/wp\/v2\/product_brand?post=1463"},{"taxonomy":"product_cat","embeddable":true,"href":"https:\/\/www.mcallenflatware.com\/de\/wp-json\/wp\/v2\/product_cat?post=1463"},{"taxonomy":"product_tag","embeddable":true,"href":"https:\/\/www.mcallenflatware.com\/de\/wp-json\/wp\/v2\/product_tag?post=1463"}],"curies":[{"name":"wp","href":"https:\/\/api.w.org\/{rel}","templated":true}]}}