{"id":1464,"date":"2025-09-24T09:28:24","date_gmt":"2025-09-24T09:28:24","guid":{"rendered":"https:\/\/www.mcallenflatware.com\/?post_type=product&#038;p=1464"},"modified":"2025-09-24T10:36:15","modified_gmt":"2025-09-24T10:36:15","slug":"wholesale-cutlery-set-for-16","status":"publish","type":"product","link":"https:\/\/www.mcallenflatware.com\/de\/product\/wholesale-cutlery-set-for-16\/","title":{"rendered":"Gro\u00dfhandel Besteck Set f\u00fcr 16 PCs Edelstahl matt schwarz"},"content":{"rendered":"<h2 class=\"wp-block-heading\">Merkmale des Bestecksets f\u00fcr 16:<\/h2>\n\n\n\n<div class=\"wp-block-columns is-layout-flex wp-container-core-columns-is-layout-9d6595d7 wp-block-columns-is-layout-flex\">\n<div class=\"wp-block-column is-layout-flow wp-block-column-is-layout-flow\" style=\"flex-basis:66.66%\">\n<p><strong>16-teiliges komplettes Besteckset<\/strong><br>Mit einem kompletten Set aus Messer, Gabel, L\u00f6ffel und Teel\u00f6ffel kann es den kompletten Essensbedarf von 4 Personen decken und ist die ideale Wahl f\u00fcr Familien und kleine Gesellschaften.<\/p>\n\n\n\n<p><strong>Elegantes, mattschwarzes Aussehen<\/strong><br>Durch die mattschwarze Beschichtung, die mit Gold kombiniert ist, ist es sch\u00f6n und modern.<\/p>\n\n\n\n<p><strong>Hochwertiges Material aus rostfreiem Stahl<\/strong><br>Hergestellt aus lebensmittelechtem Edelstahl 18\/10, langlebig und leicht zu reinigen.<\/p>\n\n\n\n<p><strong>Anwendbar auf mehrere Szenen<\/strong><br>Das schlichte und stilvolle schwarze Design eignet sich f\u00fcr das t\u00e4gliche Essen, f\u00fcr besondere Anl\u00e4sse oder f\u00fcr Restaurants und Hotels und l\u00e4sst sich problemlos mit verschiedenen Tischdekorationen kombinieren.<\/p>\n\n\n\n<p><strong>Unterst\u00fctzung kundenspezifischer Verpackungen<\/strong><br>Wir bieten exquisite Verpackungs- und Personalisierungsdienste, einschlie\u00dflich Logo, Verpackungsdesign und Farbauswahl, um den Anforderungen von Unternehmen und Geschenken gerecht zu werden.<\/p>\n<\/div>\n\n\n\n<div class=\"wp-block-column is-layout-flow wp-block-column-is-layout-flow\" style=\"flex-basis:33.33%\">\n<figure class=\"wp-block-image size-full\"><img decoding=\"async\" width=\"790\" height=\"847\" src=\"https:\/\/www.mcallenflatware.com\/wp-content\/uploads\/2024\/11\/wholesale-cutlery-set-for-16.webp\" alt=\"Gro\u00dfhandel Bestecksatz f\u00fcr 16\" class=\"wp-image-1434\" srcset=\"https:\/\/www.mcallenflatware.com\/wp-content\/uploads\/2024\/11\/wholesale-cutlery-set-for-16.webp 790w, https:\/\/www.mcallenflatware.com\/wp-content\/uploads\/2024\/11\/wholesale-cutlery-set-for-16-768x823.webp 768w, https:\/\/www.mcallenflatware.com\/wp-content\/uploads\/2024\/11\/wholesale-cutlery-set-for-16-11x12.webp 11w, https:\/\/www.mcallenflatware.com\/wp-content\/uploads\/2024\/11\/wholesale-cutlery-set-for-16-600x643.webp 600w\" sizes=\"(max-width: 790px) 100vw, 790px\" \/><\/figure>\n<\/div>\n<\/div>","protected":false},"excerpt":{"rendered":"<p>Von der besten Edelstahl-Hersteller, Gro\u00dfhandel und benutzerdefinierte Besteck-Set 16 St\u00fcck mit Box, modisch und High-End, geeignet f\u00fcr eine Vielzahl von Gelegenheiten. Fabrikpreis und hohe Qualit\u00e4tsgarantie, willkommen zu erkundigen und erhalten kostenlose Proben.<\/p>\n<h2>Attribute des Bestecksets f\u00fcr 16:<\/h2>\n<p><strong>Markenname:<\/strong> Mcallen<br \/><strong>Material:<\/strong> Rostfreier Stahl<br \/><strong>Farbe:<\/strong> Schwarz, Glod, Silber, oder kundenspezifisch<br \/><strong>Entwurf:<\/strong> Matte Oberfl\u00e4che, Moderner Stil<br \/><strong>Vorlaufzeit f\u00fcr Muster:<\/strong> Innerhalb von 3 Tagen<br \/><strong>OEM\/ODM:<\/strong> Verf\u00fcgbar<\/p>\n<h2>Individuelles Besteckset f\u00fcr 16:<\/h2>\n<p><strong>Rostfreier Stahl:<\/strong>\u00a0Rostfreier Stahl 18\/10, 304, 316, 410, 430, 420<br \/><strong>Logo:<\/strong>\u00a0Lasergravur, Siebdruck, UV-Druck, Thermotransferdruck, Pr\u00e4gung, usw.<br \/><strong>Verpacken:<\/strong>\u00a04\/8\/12\/16\/20\/24\/45\/48\/72pcs set<br \/><strong>Oberfl\u00e4chenausf\u00fchrungen:<\/strong>\u00a0Hochglanzpoliert, mattiert, wasserpoliert, Titanbeschichtung<br \/><strong>Verpackung:<\/strong>\u00a0Bulk, Opp Tasche, Farbe Box, Geschenk-Box, ma\u00dfgeschneiderte<\/p>","protected":false},"featured_media":1434,"template":"","meta":[],"product_brand":[],"product_cat":[30,23],"product_tag":[],"class_list":{"0":"post-1464","1":"product","2":"type-product","3":"status-publish","4":"has-post-thumbnail","6":"product_cat-custom-cutlery-gift-set","7":"product_cat-wholesale-flatware","9":"first","10":"instock","11":"shipping-taxable","12":"product-type-simple"},"_links":{"self":[{"href":"https:\/\/www.mcallenflatware.com\/de\/wp-json\/wp\/v2\/product\/1464","targetHints":{"allow":["GET"]}}],"collection":[{"href":"https:\/\/www.mcallenflatware.com\/de\/wp-json\/wp\/v2\/product"}],"about":[{"href":"https:\/\/www.mcallenflatware.com\/de\/wp-json\/wp\/v2\/types\/product"}],"wp:featuredmedia":[{"embeddable":true,"href":"https:\/\/www.mcallenflatware.com\/de\/wp-json\/wp\/v2\/media\/1434"}],"wp:attachment":[{"href":"https:\/\/www.mcallenflatware.com\/de\/wp-json\/wp\/v2\/media?parent=1464"}],"wp:term":[{"taxonomy":"product_brand","embeddable":true,"href":"https:\/\/www.mcallenflatware.com\/de\/wp-json\/wp\/v2\/product_brand?post=1464"},{"taxonomy":"product_cat","embeddable":true,"href":"https:\/\/www.mcallenflatware.com\/de\/wp-json\/wp\/v2\/product_cat?post=1464"},{"taxonomy":"product_tag","embeddable":true,"href":"https:\/\/www.mcallenflatware.com\/de\/wp-json\/wp\/v2\/product_tag?post=1464"}],"curies":[{"name":"wp","href":"https:\/\/api.w.org\/{rel}","templated":true}]}}