{"id":1465,"date":"2024-11-24T10:01:21","date_gmt":"2024-11-24T10:01:21","guid":{"rendered":"https:\/\/www.mcallenflatware.com\/?post_type=product&#038;p=1465"},"modified":"2024-11-24T10:19:29","modified_gmt":"2024-11-24T10:19:29","slug":"custom-24-piece-flatware-set","status":"publish","type":"product","link":"https:\/\/www.mcallenflatware.com\/de\/product\/custom-24-piece-flatware-set\/","title":{"rendered":"Individuelles 24-teiliges Besteckset aus Edelstahl mit Geschenkbox"},"content":{"rendered":"<h2 class=\"wp-block-heading\">24-teiliges Besteckset Merkmale:<\/h2>\n\n\n\n<div class=\"wp-block-columns is-layout-flex wp-container-core-columns-is-layout-9d6595d7 wp-block-columns-is-layout-flex\">\n<div class=\"wp-block-column is-layout-flow wp-block-column-is-layout-flow\" style=\"flex-basis:66.66%\">\n<p><strong>Komplettes 24-teiliges Set-Design<\/strong><br>Einschlie\u00dflich Tischmesser, Gabel, L\u00f6ffel, Teel\u00f6ffel usw., geeignet f\u00fcr 6 Personen, f\u00fcr die Bed\u00fcrfnisse von Familie, Party und Bankett.<\/p>\n\n\n\n<p><strong>Hochwertiges Material aus rostfreiem Stahl<\/strong><br>Hergestellt aus lebensmittelechtem Edelstahl, verschlei\u00dffest, glatte Oberfl\u00e4che, sp\u00fclmaschinenfest.<\/p>\n\n\n\n<p><strong>Hochwertige Geschenkbox-Verpackung<\/strong><br>Ausgestattet mit einer exquisiten Geschenkverpackung ist es einfach zu lagern und eignet sich als hochwertiges Geschenk f\u00fcr Hochzeiten, Feste und gesch\u00e4ftliche Anl\u00e4sse.<\/p>\n\n\n\n<p><strong>Vielf\u00e4ltige Gestaltungsm\u00f6glichkeiten<\/strong><br>Wir bieten klassisches Polieren, mattes Gold, mattes Schwarz und andere Stile an, die zu verschiedenen Tischformen und Anl\u00e4ssen passen.<\/p>\n\n\n\n<p><strong>Unterst\u00fctzung ma\u00dfgeschneiderter Dienstleistungen<\/strong><br>Wir bieten Logo-Gravur, Verpackungsdesign und exklusive Farbanpassungsdienste, die sich f\u00fcr Markenwerbung oder pers\u00f6nliche Bed\u00fcrfnisse eignen.<\/p>\n<\/div>\n\n\n\n<div class=\"wp-block-column is-layout-flow wp-block-column-is-layout-flow\" style=\"flex-basis:33.33%\">\n<figure class=\"wp-block-image size-full\"><img decoding=\"async\" width=\"1200\" height=\"1200\" src=\"https:\/\/www.mcallenflatware.com\/wp-content\/uploads\/2024\/11\/24-piece-flatware-set-wholesale-4.webp\" alt=\"24 St\u00fcck Bestecksatz Gro\u00dfhandel\" class=\"wp-image-1438\" srcset=\"https:\/\/www.mcallenflatware.com\/wp-content\/uploads\/2024\/11\/24-piece-flatware-set-wholesale-4.webp 1200w, https:\/\/www.mcallenflatware.com\/wp-content\/uploads\/2024\/11\/24-piece-flatware-set-wholesale-4-150x150.webp 150w, https:\/\/www.mcallenflatware.com\/wp-content\/uploads\/2024\/11\/24-piece-flatware-set-wholesale-4-768x768.webp 768w, https:\/\/www.mcallenflatware.com\/wp-content\/uploads\/2024\/11\/24-piece-flatware-set-wholesale-4-12x12.webp 12w, https:\/\/www.mcallenflatware.com\/wp-content\/uploads\/2024\/11\/24-piece-flatware-set-wholesale-4-600x600.webp 600w, https:\/\/www.mcallenflatware.com\/wp-content\/uploads\/2024\/11\/24-piece-flatware-set-wholesale-4-300x300.webp 300w, https:\/\/www.mcallenflatware.com\/wp-content\/uploads\/2024\/11\/24-piece-flatware-set-wholesale-4-100x100.webp 100w\" sizes=\"(max-width: 1200px) 100vw, 1200px\" \/><\/figure>\n<\/div>\n<\/div>","protected":false},"excerpt":{"rendered":"<p>Gro\u00dfhandel Edelstahl 24 St\u00fcck Besteck-Set mit schwarzem Geschenk-Box, benutzerdefinierte Logo, Farbe, etc., Direktvertrieb aus dem Besteck-Set-Hersteller, die E-Commerce-Dienste wie Amazon.<\/p>\n<h2>24-teiliges Besteckset Eigenschaften:<\/h2>\n<p><strong>Markenname:<\/strong> Mcallen<br \/><strong>Material:<\/strong> Rostfreier Stahl<br \/><strong>Farbe:<\/strong> Glod, Silber, Schwarz oder kundenspezifisch<br \/><strong>Entwurf:<\/strong> Polierfl\u00e4che, mit Box<br \/><strong>Vorlaufzeit f\u00fcr Muster:<\/strong> Innerhalb von 3 Tagen<br \/><strong>OEM\/ODM:<\/strong> Verf\u00fcgbar<\/p>\n<h2>Individuelles 24-teiliges Besteckset:<\/h2>\n<p><strong>Rostfreier Stahl:<\/strong>\u00a0Rostfreier Stahl 18\/10, 304, 316, 410, 430, 420<br \/><strong>Logo:<\/strong>\u00a0Lasergravur, Siebdruck, UV-Druck, Thermotransferdruck, Pr\u00e4gung, usw.<br \/><strong>Verpacken:<\/strong>\u00a04\/8\/12\/16\/20\/24\/45\/48\/72pcs set<br \/><strong>Oberfl\u00e4chenausf\u00fchrungen:<\/strong>\u00a0Hochglanzpoliert, mattiert, wasserpoliert, Titanbeschichtung<br \/><strong>Verpackung:<\/strong>\u00a0Bulk, Opp Tasche, Farbe Box, Geschenk-Box, ma\u00dfgeschneiderte<\/p>","protected":false},"featured_media":1439,"template":"","meta":[],"product_brand":[],"product_cat":[23,30],"product_tag":[],"class_list":{"0":"post-1465","1":"product","2":"type-product","3":"status-publish","4":"has-post-thumbnail","6":"product_cat-wholesale-flatware","7":"product_cat-custom-cutlery-gift-set","9":"first","10":"instock","11":"shipping-taxable","12":"product-type-simple"},"_links":{"self":[{"href":"https:\/\/www.mcallenflatware.com\/de\/wp-json\/wp\/v2\/product\/1465","targetHints":{"allow":["GET"]}}],"collection":[{"href":"https:\/\/www.mcallenflatware.com\/de\/wp-json\/wp\/v2\/product"}],"about":[{"href":"https:\/\/www.mcallenflatware.com\/de\/wp-json\/wp\/v2\/types\/product"}],"wp:featuredmedia":[{"embeddable":true,"href":"https:\/\/www.mcallenflatware.com\/de\/wp-json\/wp\/v2\/media\/1439"}],"wp:attachment":[{"href":"https:\/\/www.mcallenflatware.com\/de\/wp-json\/wp\/v2\/media?parent=1465"}],"wp:term":[{"taxonomy":"product_brand","embeddable":true,"href":"https:\/\/www.mcallenflatware.com\/de\/wp-json\/wp\/v2\/product_brand?post=1465"},{"taxonomy":"product_cat","embeddable":true,"href":"https:\/\/www.mcallenflatware.com\/de\/wp-json\/wp\/v2\/product_cat?post=1465"},{"taxonomy":"product_tag","embeddable":true,"href":"https:\/\/www.mcallenflatware.com\/de\/wp-json\/wp\/v2\/product_tag?post=1465"}],"curies":[{"name":"wp","href":"https:\/\/api.w.org\/{rel}","templated":true}]}}