{"id":1466,"date":"2025-09-24T09:28:27","date_gmt":"2025-09-24T09:28:27","guid":{"rendered":"https:\/\/www.mcallenflatware.com\/?post_type=product&#038;p=1466"},"modified":"2025-09-24T10:35:27","modified_gmt":"2025-09-24T10:35:27","slug":"custom-christmas-flatware","status":"publish","type":"product","link":"https:\/\/www.mcallenflatware.com\/de\/product\/custom-christmas-flatware\/","title":{"rendered":"Custom Christmas Besteck Glod 24 St\u00fcck mit Geschenkbox"},"content":{"rendered":"<h2 class=\"wp-block-heading\">Weihnachten Besteck Merkmale:<\/h2>\n\n\n\n<div class=\"wp-block-columns is-layout-flex wp-container-core-columns-is-layout-9d6595d7 wp-block-columns-is-layout-flex\">\n<div class=\"wp-block-column is-layout-flow wp-block-column-is-layout-flow\" style=\"flex-basis:66.66%\">\n<p><strong>Weihnachtsgeschenkbox Design<\/strong><br>Die exquisite, weihnachtlich gestaltete Geschenkverpackung mit einem kompletten Set aus 24er Goldbesteck bietet W\u00e4rme und Luxus f\u00fcr die Weihnachtstafel und ist damit die ideale Wahl f\u00fcr Weihnachtsgeschenke.<\/p>\n\n\n\n<p><strong>Lebensmittelgeeignetes Material aus Edelstahl<br><\/strong>Das Besteck aus rostfreiem 18\/10-Edelstahl ist robust und langlebig, rostfrei und korrosionsbest\u00e4ndig, so dass das Besteck auch bei h\u00e4ufigem Gebrauch auf Festen eine gute Figur macht.<\/p>\n\n\n\n<p><strong>Geeignet f\u00fcr mehrere Anl\u00e4sse<\/strong><br>Er ist nicht nur die erste Wahl f\u00fcr weihnachtliche Familienfeiern, sondern eignet sich auch f\u00fcr die Weihnachtsdekoration in gehobenen Einrichtungen wie Hotels und Restaurants.<\/p>\n\n\n\n<p><strong>Unterst\u00fctzung personalisierter Anpassungen<\/strong><br>Wir bieten ma\u00dfgeschneiderte Dienstleistungen an, einschlie\u00dflich Logo, Verpackung und personalisiertes Design, um verschiedenen Kunden bei der Markenwerbung zu helfen.<\/p>\n<\/div>\n\n\n\n<div class=\"wp-block-column is-layout-flow wp-block-column-is-layout-flow\" style=\"flex-basis:33.33%\">\n<figure class=\"wp-block-image size-full\"><img decoding=\"async\" width=\"800\" height=\"800\" src=\"https:\/\/www.mcallenflatware.com\/wp-content\/uploads\/2024\/11\/christmas-flatware-custom-2.webp\" alt=\"weihnachtsbesteck custom\" class=\"wp-image-1442\" srcset=\"https:\/\/www.mcallenflatware.com\/wp-content\/uploads\/2024\/11\/christmas-flatware-custom-2.webp 800w, https:\/\/www.mcallenflatware.com\/wp-content\/uploads\/2024\/11\/christmas-flatware-custom-2-150x150.webp 150w, https:\/\/www.mcallenflatware.com\/wp-content\/uploads\/2024\/11\/christmas-flatware-custom-2-768x768.webp 768w, https:\/\/www.mcallenflatware.com\/wp-content\/uploads\/2024\/11\/christmas-flatware-custom-2-12x12.webp 12w, https:\/\/www.mcallenflatware.com\/wp-content\/uploads\/2024\/11\/christmas-flatware-custom-2-600x600.webp 600w, https:\/\/www.mcallenflatware.com\/wp-content\/uploads\/2024\/11\/christmas-flatware-custom-2-300x300.webp 300w, https:\/\/www.mcallenflatware.com\/wp-content\/uploads\/2024\/11\/christmas-flatware-custom-2-100x100.webp 100w\" sizes=\"(max-width: 800px) 100vw, 800px\" \/><\/figure>\n<\/div>\n<\/div>","protected":false},"excerpt":{"rendered":"<p>Benutzerdefinierte Weihnachten Besteck mit Geschenk-Box, sch\u00f6n und warm, ideale Wahl f\u00fcr Weihnachtsgeschenke. Fabrik Direktvertrieb, Unterst\u00fctzung der Anpassung, und eine Vielzahl von Kombinationen zur Auswahl. Der beste Rabatt ist f\u00fcr Gro\u00dfhandelsauftr\u00e4ge, willkommen zu erkundigen!<\/p>\n<h2>Weihnachten Besteck Attribute:<\/h2>\n<p><strong>Markenname:<\/strong> Mcallen<br \/><strong>Material:<\/strong> Rostfreier Stahl<br \/><strong>Farbe:<\/strong> Glod, oder kundenspezifisch<br \/><strong>Entwurf:<\/strong> Polierte Oberfl\u00e4che, mit Weihnachtsgeschenkbox<br \/><strong>Vorlaufzeit f\u00fcr Muster:<\/strong> Innerhalb von 3 Tagen<br \/><strong>OEM\/ODM:<\/strong> Verf\u00fcgbar<\/p>\n<h2>Individuelles Weihnachtsbesteck:<\/h2>\n<p><strong>Rostfreier Stahl:<\/strong>\u00a0Rostfreier Stahl 18\/10, 304, 316, 410, 430, 420<br \/><strong>Logo:<\/strong>\u00a0Lasergravur, Siebdruck, UV-Druck, Thermotransferdruck, Pr\u00e4gung, usw.<br \/><strong>Verpacken:<\/strong>\u00a04\/8\/12\/16\/20\/24\/45\/48\/72pcs set<br \/><strong>Oberfl\u00e4chenausf\u00fchrungen:<\/strong>\u00a0Hochglanzpoliert, mattiert, wasserpoliert, Titanbeschichtung<br \/><strong>Verpackung:<\/strong>\u00a0Bulk, Opp Tasche, Farbe Box, Geschenk-Box, ma\u00dfgeschneiderte<\/p>","protected":false},"featured_media":1445,"template":"","meta":[],"product_brand":[],"product_cat":[23,30],"product_tag":[],"class_list":{"0":"post-1466","1":"product","2":"type-product","3":"status-publish","4":"has-post-thumbnail","6":"product_cat-wholesale-flatware","7":"product_cat-custom-cutlery-gift-set","9":"first","10":"instock","11":"shipping-taxable","12":"product-type-simple"},"_links":{"self":[{"href":"https:\/\/www.mcallenflatware.com\/de\/wp-json\/wp\/v2\/product\/1466","targetHints":{"allow":["GET"]}}],"collection":[{"href":"https:\/\/www.mcallenflatware.com\/de\/wp-json\/wp\/v2\/product"}],"about":[{"href":"https:\/\/www.mcallenflatware.com\/de\/wp-json\/wp\/v2\/types\/product"}],"wp:featuredmedia":[{"embeddable":true,"href":"https:\/\/www.mcallenflatware.com\/de\/wp-json\/wp\/v2\/media\/1445"}],"wp:attachment":[{"href":"https:\/\/www.mcallenflatware.com\/de\/wp-json\/wp\/v2\/media?parent=1466"}],"wp:term":[{"taxonomy":"product_brand","embeddable":true,"href":"https:\/\/www.mcallenflatware.com\/de\/wp-json\/wp\/v2\/product_brand?post=1466"},{"taxonomy":"product_cat","embeddable":true,"href":"https:\/\/www.mcallenflatware.com\/de\/wp-json\/wp\/v2\/product_cat?post=1466"},{"taxonomy":"product_tag","embeddable":true,"href":"https:\/\/www.mcallenflatware.com\/de\/wp-json\/wp\/v2\/product_tag?post=1466"}],"curies":[{"name":"wp","href":"https:\/\/api.w.org\/{rel}","templated":true}]}}