{"id":1467,"date":"2024-11-24T10:37:17","date_gmt":"2024-11-24T10:37:17","guid":{"rendered":"https:\/\/www.mcallenflatware.com\/?post_type=product&#038;p=1467"},"modified":"2024-11-24T10:55:48","modified_gmt":"2024-11-24T10:55:48","slug":"wholesale-butter-knife","status":"publish","type":"product","link":"https:\/\/www.mcallenflatware.com\/de\/product\/wholesale-butter-knife\/","title":{"rendered":"Gro\u00dfhandel Buttermesser Edelstahl Silber Glod benutzerdefinierte Farbe"},"content":{"rendered":"<h2 class=\"wp-block-heading\">Buttermesser Merkmale:<\/h2>\n\n\n\n<div class=\"wp-block-columns is-layout-flex wp-container-core-columns-is-layout-9d6595d7 wp-block-columns-is-layout-flex\">\n<div class=\"wp-block-column is-layout-flow wp-block-column-is-layout-flow\" style=\"flex-basis:66.66%\">\n<p><strong>Elegante und vielf\u00e4ltige Farbauswahl<\/strong><br>Das Angebot reicht von klassischem Silber \u00fcber luxuri\u00f6ses Gold bis hin zu individuellen, exklusiven Farboptionen, um den Anforderungen verschiedener Szenarien und Tischstile gerecht zu werden.<\/p>\n\n\n\n<p><strong>Polierter, gl\u00e4nzender rostfreier Stahl<\/strong><br>Die Oberfl\u00e4che aus lebensmittelechtem Edelstahl ist poliert, glatt und fein und weist eine hochwertige Textur auf.<\/p>\n\n\n\n<p><strong>Konzipiert f\u00fcr die Ausbringung<\/strong><br>Die Klinge hat eine moderate Breite und eine abgerundete Kante, die sich zum einfachen Verteilen von Butter, K\u00e4se, Marmelade usw. eignet und sicher und bequem zu benutzen ist. ui<\/p>\n\n\n\n<p><strong>Leicht zu reinigen<\/strong><br>Die Antifouling-Oberfl\u00e4che l\u00e4sst sich leicht von Hand oder in der Sp\u00fclmaschine reinigen und bietet eine bequeme L\u00f6sung f\u00fcr die Pflege nach dem Gebrauch.<\/p>\n<\/div>\n\n\n\n<div class=\"wp-block-column is-layout-flow wp-block-column-is-layout-flow\" style=\"flex-basis:33.33%\">\n<figure class=\"wp-block-image size-full\"><img decoding=\"async\" width=\"800\" height=\"800\" src=\"https:\/\/www.mcallenflatware.com\/wp-content\/uploads\/2024\/11\/wholesale-Butter-knife-3.webp\" alt=\"Gro\u00dfhandel Buttermesser\" class=\"wp-image-1448\" srcset=\"https:\/\/www.mcallenflatware.com\/wp-content\/uploads\/2024\/11\/wholesale-Butter-knife-3.webp 800w, https:\/\/www.mcallenflatware.com\/wp-content\/uploads\/2024\/11\/wholesale-Butter-knife-3-150x150.webp 150w, https:\/\/www.mcallenflatware.com\/wp-content\/uploads\/2024\/11\/wholesale-Butter-knife-3-768x768.webp 768w, https:\/\/www.mcallenflatware.com\/wp-content\/uploads\/2024\/11\/wholesale-Butter-knife-3-12x12.webp 12w, https:\/\/www.mcallenflatware.com\/wp-content\/uploads\/2024\/11\/wholesale-Butter-knife-3-600x600.webp 600w, https:\/\/www.mcallenflatware.com\/wp-content\/uploads\/2024\/11\/wholesale-Butter-knife-3-300x300.webp 300w, https:\/\/www.mcallenflatware.com\/wp-content\/uploads\/2024\/11\/wholesale-Butter-knife-3-100x100.webp 100w\" sizes=\"(max-width: 800px) 100vw, 800px\" \/><\/figure>\n<\/div>\n<\/div>","protected":false},"excerpt":{"rendered":"<p>Fabrikpreis Gro\u00dfhandel Buttermesser, hergestellt von Edelstahl-K\u00fcchenutensilien Hersteller, bietet kundenspezifische L\u00f6sungen und Amazon Dienstleistungen. Entworfen f\u00fcr die Ausbreitung, geeignet f\u00fcr die Verbreitung von Butter, K\u00e4se, Marmelade, etc. Willkommen zu erkundigen!<\/p>\n<h2>Buttermesser Attribute<\/h2>\n<p><strong>Markenname:<\/strong> Mcallen<br \/><strong>Material:<\/strong> Rostfreier Stahl<br \/><strong>Farbe:<\/strong> Gold, Silber, oder kundenspezifisch<br \/><strong>Polieren:<\/strong> Hochglanzpoliert<br \/><strong>Vorlaufzeit f\u00fcr Muster:<\/strong> Innerhalb von 3 Tagen<br \/><strong>OEM\/ODM:<\/strong> Verf\u00fcgbar<\/p>\n<h2>Custom Butter Knife :<\/h2>\n<p><strong>Rostfreier Stahl:<\/strong> Rostfreier Stahl 18\/10, 304, 316, 410, 430, 420<br \/><strong>Logo:<\/strong> Lasergravur, Siebdruck, UV-Druck, Thermotransferdruck, Pr\u00e4gung, etc.<br \/><strong>Oberfl\u00e4chenausf\u00fchrungen:<\/strong> Hochglanzpoliert, matt.<br \/><strong>Verpackung:<\/strong> Bulk, Opp Tasche, Farbe Box, Geschenk-Box, ma\u00dfgeschneiderte<\/p>","protected":false},"featured_media":1446,"template":"","meta":[],"product_brand":[],"product_cat":[24,31],"product_tag":[],"class_list":{"0":"post-1467","1":"product","2":"type-product","3":"status-publish","4":"has-post-thumbnail","6":"product_cat-wholesale-kitchen-utensils","7":"product_cat-wholesale-serving-utensils","9":"first","10":"instock","11":"shipping-taxable","12":"product-type-simple"},"_links":{"self":[{"href":"https:\/\/www.mcallenflatware.com\/de\/wp-json\/wp\/v2\/product\/1467","targetHints":{"allow":["GET"]}}],"collection":[{"href":"https:\/\/www.mcallenflatware.com\/de\/wp-json\/wp\/v2\/product"}],"about":[{"href":"https:\/\/www.mcallenflatware.com\/de\/wp-json\/wp\/v2\/types\/product"}],"wp:featuredmedia":[{"embeddable":true,"href":"https:\/\/www.mcallenflatware.com\/de\/wp-json\/wp\/v2\/media\/1446"}],"wp:attachment":[{"href":"https:\/\/www.mcallenflatware.com\/de\/wp-json\/wp\/v2\/media?parent=1467"}],"wp:term":[{"taxonomy":"product_brand","embeddable":true,"href":"https:\/\/www.mcallenflatware.com\/de\/wp-json\/wp\/v2\/product_brand?post=1467"},{"taxonomy":"product_cat","embeddable":true,"href":"https:\/\/www.mcallenflatware.com\/de\/wp-json\/wp\/v2\/product_cat?post=1467"},{"taxonomy":"product_tag","embeddable":true,"href":"https:\/\/www.mcallenflatware.com\/de\/wp-json\/wp\/v2\/product_tag?post=1467"}],"curies":[{"name":"wp","href":"https:\/\/api.w.org\/{rel}","templated":true}]}}