{"id":1469,"date":"2024-11-24T11:11:19","date_gmt":"2024-11-24T11:11:19","guid":{"rendered":"https:\/\/www.mcallenflatware.com\/?post_type=product&#038;p=1469"},"modified":"2024-11-24T11:28:34","modified_gmt":"2024-11-24T11:28:34","slug":"bulk-serving-utensils-set","status":"publish","type":"product","link":"https:\/\/www.mcallenflatware.com\/de\/product\/bulk-serving-utensils-set\/","title":{"rendered":"Bulk Servierutensilien Set Edelstahl Sliver Glod f\u00fcr Buffet K\u00fcche"},"content":{"rendered":"<h2 class=\"wp-block-heading\">Servierutensilien-Set Merkmale:<\/h2>\n\n\n\n<div class=\"wp-block-columns is-layout-flex wp-container-core-columns-is-layout-9d6595d7 wp-block-columns-is-layout-flex\">\n<div class=\"wp-block-column is-layout-flow wp-block-column-is-layout-flow\" style=\"flex-basis:66.66%\">\n<p><strong>Hochwertiger rostfreier Stahl<\/strong><br>Die Verwendung von lebensmittelechtem Edelstahl sorgt f\u00fcr eine hervorragende Rost- und Korrosionsbest\u00e4ndigkeit und gew\u00e4hrleistet Sicherheit und Langlebigkeit im Langzeiteinsatz.<\/p>\n\n\n\n<p><strong>Mehrteiliges Set-Design<\/strong><br>Enth\u00e4lt eine Vielzahl von h\u00e4ufig verwendeten Geschirrteilen, wie Geschirrklammern, Salatklammern, Suppenl\u00f6ffel, Saucenl\u00f6ffel, Zuckerl\u00f6ffel, Gem\u00fcseklammern usw., um den unterschiedlichen Bed\u00fcrfnissen von Familienfeiern, Banketten oder Hotelrestaurants gerecht zu werden.<\/p>\n\n\n\n<p><strong>Elegantes und einfaches Aussehen<\/strong><br>Die glatte Oberfl\u00e4che und das schlichte Design eignen sich perfekt f\u00fcr das t\u00e4gliche Essen und formelle Bankette.<\/p>\n\n\n\n<p><strong>Leicht zu reinigen<\/strong><br>Die glatte Oberfl\u00e4che reduziert Speiser\u00fcckst\u00e4nde, eignet sich f\u00fcr die Handw\u00e4sche oder die Reinigung in der Sp\u00fclmaschine und ist leicht zu pflegen.<\/p>\n<\/div>\n\n\n\n<div class=\"wp-block-column is-layout-flow wp-block-column-is-layout-flow\" style=\"flex-basis:33.33%\">\n<figure class=\"wp-block-image size-full\"><img decoding=\"async\" width=\"800\" height=\"800\" src=\"https:\/\/www.mcallenflatware.com\/wp-content\/uploads\/2024\/11\/Bulk-Serving-Utensils-Set-4.webp\" alt=\"Gro\u00dfes Servierbesteck-Set\" class=\"wp-image-1456\" srcset=\"https:\/\/www.mcallenflatware.com\/wp-content\/uploads\/2024\/11\/Bulk-Serving-Utensils-Set-4.webp 800w, https:\/\/www.mcallenflatware.com\/wp-content\/uploads\/2024\/11\/Bulk-Serving-Utensils-Set-4-150x150.webp 150w, https:\/\/www.mcallenflatware.com\/wp-content\/uploads\/2024\/11\/Bulk-Serving-Utensils-Set-4-768x768.webp 768w, https:\/\/www.mcallenflatware.com\/wp-content\/uploads\/2024\/11\/Bulk-Serving-Utensils-Set-4-12x12.webp 12w, https:\/\/www.mcallenflatware.com\/wp-content\/uploads\/2024\/11\/Bulk-Serving-Utensils-Set-4-600x600.webp 600w, https:\/\/www.mcallenflatware.com\/wp-content\/uploads\/2024\/11\/Bulk-Serving-Utensils-Set-4-300x300.webp 300w, https:\/\/www.mcallenflatware.com\/wp-content\/uploads\/2024\/11\/Bulk-Serving-Utensils-Set-4-100x100.webp 100w\" sizes=\"(max-width: 800px) 100vw, 800px\" \/><\/figure>\n<\/div>\n<\/div>","protected":false},"excerpt":{"rendered":"<p>Gro\u00dfhandel Edelstahl servieren Utensilien f\u00fcr Buffet, Haus Hotel K\u00fcche, ist ein Muss Utensilien f\u00fcr Food-Service. Direktvertrieb aus China Lieferant, Unterst\u00fctzung One-Stop-Service f\u00fcr Amazon Gesch\u00e4ft. Willkommen bei uns zu konsultieren.<\/p>\n<h2>Servierbesteck-Set Attribute:<\/h2>\n<p><strong>Markenname:<\/strong> Mcallen<br \/><strong>Material:<\/strong> Rostfreier Stahl<br \/><strong>Farbe:<\/strong> Silber, Glod<br \/><strong>Typen:<\/strong> Messer, Gabel und L\u00f6ffel, Servierzange, So\u00dfenkelle, Zuckerl\u00f6ffel, Buttermesser, Tortenspachtel<br \/><strong>Polieren:<\/strong> Hochglanzpoliert<br \/><strong>Vorlaufzeit f\u00fcr Muster:<\/strong> Innerhalb von 3 Tagen<br \/><strong>OEM\/ODM:<\/strong> Verf\u00fcgbar<\/p>\n<h2>Individuelles Servierbesteck-Set:<\/h2>\n<p><strong>Rostfreier Stahl:<\/strong> Rostfreier Stahl 18\/10, 304, 316, 410, 430, 420<br \/><strong>Logo:<\/strong> Lasergravur, Siebdruck, UV-Druck, Thermotransferdruck, Pr\u00e4gung, etc.<br \/><strong>Farbe:<\/strong> Glod, Splitter, oder individuell angepasst<br \/><strong>Verpackung:<\/strong> Bulk, Opp Tasche, Farbe Box, Geschenk-Box, ma\u00dfgeschneiderte<\/p>","protected":false},"featured_media":1455,"template":"","meta":[],"product_brand":[],"product_cat":[24,31],"product_tag":[],"class_list":{"0":"post-1469","1":"product","2":"type-product","3":"status-publish","4":"has-post-thumbnail","6":"product_cat-wholesale-kitchen-utensils","7":"product_cat-wholesale-serving-utensils","9":"first","10":"instock","11":"shipping-taxable","12":"product-type-simple"},"_links":{"self":[{"href":"https:\/\/www.mcallenflatware.com\/de\/wp-json\/wp\/v2\/product\/1469","targetHints":{"allow":["GET"]}}],"collection":[{"href":"https:\/\/www.mcallenflatware.com\/de\/wp-json\/wp\/v2\/product"}],"about":[{"href":"https:\/\/www.mcallenflatware.com\/de\/wp-json\/wp\/v2\/types\/product"}],"wp:featuredmedia":[{"embeddable":true,"href":"https:\/\/www.mcallenflatware.com\/de\/wp-json\/wp\/v2\/media\/1455"}],"wp:attachment":[{"href":"https:\/\/www.mcallenflatware.com\/de\/wp-json\/wp\/v2\/media?parent=1469"}],"wp:term":[{"taxonomy":"product_brand","embeddable":true,"href":"https:\/\/www.mcallenflatware.com\/de\/wp-json\/wp\/v2\/product_brand?post=1469"},{"taxonomy":"product_cat","embeddable":true,"href":"https:\/\/www.mcallenflatware.com\/de\/wp-json\/wp\/v2\/product_cat?post=1469"},{"taxonomy":"product_tag","embeddable":true,"href":"https:\/\/www.mcallenflatware.com\/de\/wp-json\/wp\/v2\/product_tag?post=1469"}],"curies":[{"name":"wp","href":"https:\/\/api.w.org\/{rel}","templated":true}]}}