{"id":1562,"date":"2025-09-24T09:29:27","date_gmt":"2025-09-24T09:29:27","guid":{"rendered":"https:\/\/www.mcallenflatware.com\/?post_type=product&#038;p=1562"},"modified":"2025-09-24T10:32:37","modified_gmt":"2025-09-24T10:32:37","slug":"custom-24-piece-cutlery-set","status":"publish","type":"product","link":"https:\/\/www.mcallenflatware.com\/de\/product\/custom-24-piece-cutlery-set\/","title":{"rendered":"Individuelles 24-teiliges Besteck-Set aus Edelstahl mit Box f\u00fcr Geschenkaufbewahrung"},"content":{"rendered":"<h2 class=\"wp-block-heading\">24-teiliges Besteckset Merkmale:<\/h2>\n\n\n\n<div class=\"wp-block-columns is-layout-flex wp-container-core-columns-is-layout-9d6595d7 wp-block-columns-is-layout-flex\">\n<div class=\"wp-block-column is-layout-flow wp-block-column-is-layout-flow\" style=\"flex-basis:66.66%\">\n<p><strong>Hochwertiges Material aus rostfreiem Stahl: <\/strong>Hergestellt aus langlebigem Edelstahl 304, geeignet f\u00fcr den t\u00e4glichen und h\u00e4ufigen Gebrauch.<\/p>\n\n\n\n<p><strong>Umfassendes Besteckset:<\/strong> Das 24-teilige Set enth\u00e4lt g\u00e4ngiges Geschirr wie Messer, Gabeln, Suppenl\u00f6ffel, Teel\u00f6ffel usw. und eignet sich f\u00fcr Familienfeiern, Partys, Restaurants und andere Anl\u00e4sse.<\/p>\n\n\n\n<p><strong>Individuell gestaltbare Schachtelverpackungen<\/strong>: Das Set kommt mit einer anpassbaren Verpackung, mit einem Fenster Geschenk-Box oder eine bunte Box Verpackung, die nach Kundenwunsch gestaltet werden kann, geeignet f\u00fcr Geschenk oder Besteck Set Lagerung.<\/p>\n\n\n\n<p><strong>Hochwertiges Design:<\/strong> Das schlichte und moderne Design in Kombination mit der glatten Oberfl\u00e4che aus rostfreiem Stahl wirkt elegant und stilvoll und passt zu verschiedenen Tischsituationen.<\/p>\n\n\n\n<p><strong>Leicht zu reinigen: <\/strong>Das Edelstahlbesteck ist schmutzabweisend und pflegeleicht und kann in der Sp\u00fclmaschine gereinigt werden.<\/p>\n<\/div>\n\n\n\n<div class=\"wp-block-column is-layout-flow wp-block-column-is-layout-flow\" style=\"flex-basis:33.33%\">\n<figure class=\"wp-block-image size-full\"><img decoding=\"async\" width=\"800\" height=\"800\" src=\"https:\/\/www.mcallenflatware.com\/wp-content\/uploads\/2024\/12\/24-piece-cutlery-set-1.webp\" alt=\"24-teiliges Besteckset\" class=\"wp-image-1563\" srcset=\"https:\/\/www.mcallenflatware.com\/wp-content\/uploads\/2024\/12\/24-piece-cutlery-set-1.webp 800w, https:\/\/www.mcallenflatware.com\/wp-content\/uploads\/2024\/12\/24-piece-cutlery-set-1-150x150.webp 150w, https:\/\/www.mcallenflatware.com\/wp-content\/uploads\/2024\/12\/24-piece-cutlery-set-1-768x768.webp 768w, https:\/\/www.mcallenflatware.com\/wp-content\/uploads\/2024\/12\/24-piece-cutlery-set-1-12x12.webp 12w, https:\/\/www.mcallenflatware.com\/wp-content\/uploads\/2024\/12\/24-piece-cutlery-set-1-600x600.webp 600w, https:\/\/www.mcallenflatware.com\/wp-content\/uploads\/2024\/12\/24-piece-cutlery-set-1-300x300.webp 300w, https:\/\/www.mcallenflatware.com\/wp-content\/uploads\/2024\/12\/24-piece-cutlery-set-1-100x100.webp 100w\" sizes=\"(max-width: 800px) 100vw, 800px\" \/><\/figure>\n<\/div>\n<\/div>","protected":false},"excerpt":{"rendered":"<p>Willkommen im Gro\u00dfhandel und anpassen 24-teilige Besteck-Set, Edelstahl-Material, poliert und modern, kann in verschiedenen Boxen angepasst werden. Fabrik Direktvertrieb, Unterst\u00fctzung OEM &amp; ODM, Amazon Walmart, und andere E-Commerce-Plattformen Verk\u00e4ufe.<\/p>\n<h2>24-teiliges Besteck-Set Eigenschaften:<\/h2>\n<p><strong>Markenname:<\/strong> Mcallen<br \/><strong>Material:<\/strong> Rostfreier Stahl<br \/><strong>Farbe:<\/strong> Glod, Silber, Schwarz oder kundenspezifisch<br \/><strong>Entwurf: <\/strong>mit verschiedenen Arten von exquisiten Farbk\u00e4sten<br \/><strong>Vorlaufzeit f\u00fcr Muster:<\/strong> Innerhalb von 3 Tagen<br \/><strong>OEM\/ODM:<\/strong> Verf\u00fcgbar<\/p>\n<h2>Individuelles 24-teiliges Besteckset:<\/h2>\n<p><strong>Rostfreier Stahl:<\/strong>\u00a0Rostfreier Stahl 18\/10, 304, 316, 410, 430, 420<br \/><strong>Logo:<\/strong>\u00a0Lasergravur, Siebdruck, UV-Druck, Thermotransferdruck, Pr\u00e4gung, usw.<br \/><strong>Verpacken:<\/strong>\u00a04\/8\/12\/16\/20\/24\/45\/48\/72pcs set<br \/><strong>Oberfl\u00e4chenausf\u00fchrungen:<\/strong>\u00a0Hochglanzpoliert, mattiert, wasserpoliert, Titanbeschichtung<br \/><strong>Verpackung:<\/strong>\u00a0Bulk, Opp Tasche, Farbe Box, Geschenk-Box, ma\u00dfgeschneiderte<\/p>","protected":false},"featured_media":1563,"template":"","meta":[],"product_brand":[],"product_cat":[23,30],"product_tag":[],"class_list":{"0":"post-1562","1":"product","2":"type-product","3":"status-publish","4":"has-post-thumbnail","6":"product_cat-wholesale-flatware","7":"product_cat-custom-cutlery-gift-set","9":"first","10":"instock","11":"shipping-taxable","12":"product-type-simple"},"_links":{"self":[{"href":"https:\/\/www.mcallenflatware.com\/de\/wp-json\/wp\/v2\/product\/1562","targetHints":{"allow":["GET"]}}],"collection":[{"href":"https:\/\/www.mcallenflatware.com\/de\/wp-json\/wp\/v2\/product"}],"about":[{"href":"https:\/\/www.mcallenflatware.com\/de\/wp-json\/wp\/v2\/types\/product"}],"wp:featuredmedia":[{"embeddable":true,"href":"https:\/\/www.mcallenflatware.com\/de\/wp-json\/wp\/v2\/media\/1563"}],"wp:attachment":[{"href":"https:\/\/www.mcallenflatware.com\/de\/wp-json\/wp\/v2\/media?parent=1562"}],"wp:term":[{"taxonomy":"product_brand","embeddable":true,"href":"https:\/\/www.mcallenflatware.com\/de\/wp-json\/wp\/v2\/product_brand?post=1562"},{"taxonomy":"product_cat","embeddable":true,"href":"https:\/\/www.mcallenflatware.com\/de\/wp-json\/wp\/v2\/product_cat?post=1562"},{"taxonomy":"product_tag","embeddable":true,"href":"https:\/\/www.mcallenflatware.com\/de\/wp-json\/wp\/v2\/product_tag?post=1562"}],"curies":[{"name":"wp","href":"https:\/\/api.w.org\/{rel}","templated":true}]}}