{"id":1565,"date":"2024-12-09T01:24:12","date_gmt":"2024-12-09T01:24:12","guid":{"rendered":"https:\/\/www.mcallenflatware.com\/?post_type=product&#038;p=1565"},"modified":"2024-12-09T01:38:46","modified_gmt":"2024-12-09T01:38:46","slug":"bulk-knife-and-cutlery-sets","status":"publish","type":"product","link":"https:\/\/www.mcallenflatware.com\/de\/product\/bulk-knife-and-cutlery-sets\/","title":{"rendered":"Bulk Messer und Besteck Sets Edelstahl f\u00fcr 24 mit Box"},"content":{"rendered":"<h2 class=\"wp-block-heading\">Messer- und Bestecksets Merkmale:<\/h2>\n\n\n\n<div class=\"wp-block-columns is-layout-flex wp-container-core-columns-is-layout-9d6595d7 wp-block-columns-is-layout-flex\">\n<div class=\"wp-block-column is-layout-flow wp-block-column-is-layout-flow\" style=\"flex-basis:66.66%\">\n<p><strong>Langlebiger rostfreier Stahl: <\/strong>Hergestellt aus hochwertigem Edelstahl, der f\u00fcr seine Sch\u00e4rfe, Korrosionsbest\u00e4ndigkeit und Langlebigkeit bekannt ist.<\/p>\n\n\n\n<p><strong>Komfortabler Polyester-Griff: <\/strong>Die Messer verf\u00fcgen \u00fcber einen ergonomisch geformten Polyestergriff, der einen sicheren und komfortablen Griff gew\u00e4hrleistet.<\/p>\n\n\n\n<p><strong>Praktisch verpackt: <\/strong>Das Messer- und Besteckset wird in einer eleganten Box geliefert, die mit Logos und Mustern individuell gestaltet werden kann, um die Attraktivit\u00e4t f\u00fcr den Benutzer zu erh\u00f6hen und die Aufbewahrung zu erleichtern.<\/p>\n\n\n\n<p><strong>Einfach zu pflegen: <\/strong>Die Klingen aus rostfreiem Stahl sind leicht zu reinigen und zu pflegen und k\u00f6nnen mit der Hand gewaschen oder in die Sp\u00fclmaschine gegeben werden. Die Polyestergriffe sind au\u00dferdem schmutz- und geruchsabweisend.<\/p>\n<\/div>\n\n\n\n<div class=\"wp-block-column is-layout-flow wp-block-column-is-layout-flow\" style=\"flex-basis:33.33%\">\n<figure class=\"wp-block-image size-full\"><img decoding=\"async\" width=\"1000\" height=\"1000\" src=\"https:\/\/www.mcallenflatware.com\/wp-content\/uploads\/2024\/12\/knife-and-cutlery-sets-wholesale-1-1.webp\" alt=\"Messer- und Bestecksets im Gro\u00dfhandel\" class=\"wp-image-1566\" srcset=\"https:\/\/www.mcallenflatware.com\/wp-content\/uploads\/2024\/12\/knife-and-cutlery-sets-wholesale-1-1.webp 1000w, https:\/\/www.mcallenflatware.com\/wp-content\/uploads\/2024\/12\/knife-and-cutlery-sets-wholesale-1-1-150x150.webp 150w, https:\/\/www.mcallenflatware.com\/wp-content\/uploads\/2024\/12\/knife-and-cutlery-sets-wholesale-1-1-768x768.webp 768w, https:\/\/www.mcallenflatware.com\/wp-content\/uploads\/2024\/12\/knife-and-cutlery-sets-wholesale-1-1-12x12.webp 12w, https:\/\/www.mcallenflatware.com\/wp-content\/uploads\/2024\/12\/knife-and-cutlery-sets-wholesale-1-1-600x600.webp 600w, https:\/\/www.mcallenflatware.com\/wp-content\/uploads\/2024\/12\/knife-and-cutlery-sets-wholesale-1-1-300x300.webp 300w, https:\/\/www.mcallenflatware.com\/wp-content\/uploads\/2024\/12\/knife-and-cutlery-sets-wholesale-1-1-100x100.webp 100w\" sizes=\"(max-width: 1000px) 100vw, 1000px\" \/><\/figure>\n<\/div>\n<\/div>","protected":false},"excerpt":{"rendered":"<p>Willkommen bei anpassen und Gro\u00dfhandel Messer und Besteck-Sets, Edelstahl scharf und langlebig Material, hohe Qualit\u00e4t modernen Stil, mit exquisiten Farbe Box Verpackung. Kommen Sie zu Mcallen Besteck Hersteller, k\u00f6nnen Logo, Farbe, Muster anpassen, und bieten Fabrikpreis. Willkommen zu erkundigen heute.<\/p>\n<h2>Messer- und Bestecksets Attribute:<\/h2>\n<p><strong>Markenname:<\/strong> Mcallen<br \/><strong>Material:<\/strong> Rostfreier Stahl<br \/><strong>Farbe:<\/strong> Glod, Silber, Schwarz, Kupfer oder kundenspezifisch<br \/><strong>Entwurf: <\/strong>24 St\u00fcck mit verschiedenfarbigen Boxen<br \/><strong>Vorlaufzeit f\u00fcr Muster:<\/strong> Innerhalb von 3 Tagen<br \/><strong>OEM\/ODM:<\/strong> Verf\u00fcgbar<\/p>\n<h2>Individuelle Messer- und Bestecksets:<\/h2>\n<p><strong>Rostfreier Stahl:<\/strong>\u00a0Rostfreier Stahl 18\/10, 304, 316, 410, 430, 420<br \/><strong>Logo:<\/strong>\u00a0Lasergravur, Siebdruck, UV-Druck, Thermotransferdruck, Pr\u00e4gung, usw.<br \/><strong>Verpacken:<\/strong>\u00a04\/8\/12\/16\/20\/24\/45\/48\/72pcs set<br \/><strong>Oberfl\u00e4chenausf\u00fchrungen:<\/strong>\u00a0Hochglanzpoliert, mattiert, wasserpoliert, Titanbeschichtung<br \/><strong>Verpackung:<\/strong>\u00a0Bulk, Opp Tasche, Farbe Box, Geschenk-Box, ma\u00dfgeschneiderte<\/p>","protected":false},"featured_media":1568,"template":"","meta":[],"product_brand":[],"product_cat":[23,30],"product_tag":[],"class_list":{"0":"post-1565","1":"product","2":"type-product","3":"status-publish","4":"has-post-thumbnail","6":"product_cat-wholesale-flatware","7":"product_cat-custom-cutlery-gift-set","9":"first","10":"instock","11":"shipping-taxable","12":"product-type-simple"},"_links":{"self":[{"href":"https:\/\/www.mcallenflatware.com\/de\/wp-json\/wp\/v2\/product\/1565","targetHints":{"allow":["GET"]}}],"collection":[{"href":"https:\/\/www.mcallenflatware.com\/de\/wp-json\/wp\/v2\/product"}],"about":[{"href":"https:\/\/www.mcallenflatware.com\/de\/wp-json\/wp\/v2\/types\/product"}],"wp:featuredmedia":[{"embeddable":true,"href":"https:\/\/www.mcallenflatware.com\/de\/wp-json\/wp\/v2\/media\/1568"}],"wp:attachment":[{"href":"https:\/\/www.mcallenflatware.com\/de\/wp-json\/wp\/v2\/media?parent=1565"}],"wp:term":[{"taxonomy":"product_brand","embeddable":true,"href":"https:\/\/www.mcallenflatware.com\/de\/wp-json\/wp\/v2\/product_brand?post=1565"},{"taxonomy":"product_cat","embeddable":true,"href":"https:\/\/www.mcallenflatware.com\/de\/wp-json\/wp\/v2\/product_cat?post=1565"},{"taxonomy":"product_tag","embeddable":true,"href":"https:\/\/www.mcallenflatware.com\/de\/wp-json\/wp\/v2\/product_tag?post=1565"}],"curies":[{"name":"wp","href":"https:\/\/api.w.org\/{rel}","templated":true}]}}