{"id":1572,"date":"2024-12-09T01:39:05","date_gmt":"2024-12-09T01:39:05","guid":{"rendered":"https:\/\/www.mcallenflatware.com\/?post_type=product&#038;p=1572"},"modified":"2024-12-09T01:51:28","modified_gmt":"2024-12-09T01:51:28","slug":"wholesale-gold-flatware-set","status":"publish","type":"product","link":"https:\/\/www.mcallenflatware.com\/de\/product\/wholesale-gold-flatware-set\/","title":{"rendered":"Gro\u00dfhandel Gold Besteck Set Edelstahl f\u00fcr 16 mit Holzkiste"},"content":{"rendered":"<h2 class=\"wp-block-heading\">Gold-Bestecksatz Merkmale:<\/h2>\n\n\n\n<div class=\"wp-block-columns is-layout-flex wp-container-core-columns-is-layout-9d6595d7 wp-block-columns-is-layout-flex\">\n<div class=\"wp-block-column is-layout-flow wp-block-column-is-layout-flow\" style=\"flex-basis:66.66%\">\n<p><strong>Hochwertiges Material aus rostfreiem Stahl:<\/strong> Aus hochwertigem Edelstahl gefertigt, rostet er nicht und wird auch nach l\u00e4ngerem Gebrauch nicht besch\u00e4digt.<\/p>\n\n\n\n<p><strong>Elegantes goldenes Design: <\/strong>Die Goldbeschichtung sorgt f\u00fcr ein modernes und luxuri\u00f6ses Erscheinungsbild, das sich f\u00fcr verschiedene formelle oder besondere Anl\u00e4sse eignet, z. B. Bankette, Hochzeiten, Feiertage usw.<\/p>\n\n\n\n<p><strong>Exquisite Holzbox-Verpackung:<\/strong> Jedes Geschirrset wird in einer hochwertigen Holzkiste geliefert, die eine einfache Aufbewahrung und Schutz bietet und sich auch zum Verschenken eignet.<\/p>\n\n\n\n<p><strong>16-teiliges Set:<\/strong> Enth\u00e4lt g\u00e4ngige Bestecke wie Messer, Gabeln, L\u00f6ffel usw., die sich f\u00fcr die t\u00e4glichen Mahlzeiten und f\u00fcr Bankettveranstaltungen eignen.<\/p>\n\n\n\n<p><strong>Kundenspezifische Farbe: <\/strong>Bieten Sie personalisierte Dienstleistungen, k\u00f6nnen Kunden verschiedene Gold oder andere Farben w\u00e4hlen, um die Bed\u00fcrfnisse der verschiedenen Stile zu erf\u00fcllen.<\/p>\n<\/div>\n\n\n\n<div class=\"wp-block-column is-layout-flow wp-block-column-is-layout-flow\" style=\"flex-basis:33.33%\">\n<figure class=\"wp-block-image size-full\"><img decoding=\"async\" width=\"1200\" height=\"1200\" src=\"https:\/\/www.mcallenflatware.com\/wp-content\/uploads\/2024\/12\/gold-flatware-set-wholesale-2.webp\" alt=\"Goldbestecksatz Gro\u00dfhandel\" class=\"wp-image-1544\" srcset=\"https:\/\/www.mcallenflatware.com\/wp-content\/uploads\/2024\/12\/gold-flatware-set-wholesale-2.webp 1200w, https:\/\/www.mcallenflatware.com\/wp-content\/uploads\/2024\/12\/gold-flatware-set-wholesale-2-150x150.webp 150w, https:\/\/www.mcallenflatware.com\/wp-content\/uploads\/2024\/12\/gold-flatware-set-wholesale-2-768x768.webp 768w, https:\/\/www.mcallenflatware.com\/wp-content\/uploads\/2024\/12\/gold-flatware-set-wholesale-2-12x12.webp 12w, https:\/\/www.mcallenflatware.com\/wp-content\/uploads\/2024\/12\/gold-flatware-set-wholesale-2-600x600.webp 600w, https:\/\/www.mcallenflatware.com\/wp-content\/uploads\/2024\/12\/gold-flatware-set-wholesale-2-300x300.webp 300w, https:\/\/www.mcallenflatware.com\/wp-content\/uploads\/2024\/12\/gold-flatware-set-wholesale-2-100x100.webp 100w\" sizes=\"(max-width: 1200px) 100vw, 1200px\" \/><\/figure>\n<\/div>\n<\/div>","protected":false},"excerpt":{"rendered":"<p>Fabrik Direktverkauf, Gro\u00dfhandel und benutzerdefinierte Goldbesteck mit Holzkiste, Edelstahl hohe Qualit\u00e4t und langlebig, luxuri\u00f6s und modern mit hohen Reiz. Unterst\u00fctzung kundenspezifisches Logo, Farbe, etc., bestes Angebot f\u00fcr Gro\u00dfauftr\u00e4ge, willkommen zu erkundigen.<\/p>\n<h2>Gold Besteck Set Attribute:<\/h2>\n<p><strong>Markenname:<\/strong> Mcallen<br \/><strong>Material:<\/strong> Rostfreier Stahl<br \/><strong>Farbe:<\/strong> Glod, Silber, Schwarz, Kupfer oder kundenspezifisch<br \/><strong>Entwurf:<\/strong> 16 St\u00fcck mit exquisiter Holzbox<br \/><strong>Vorlaufzeit f\u00fcr Muster:<\/strong> Innerhalb von 3 Tagen<br \/><strong>OEM\/ODM:<\/strong> Verf\u00fcgbar<\/p>\n<h2>Kundenspezifisches Gold-Besteck-Set :<\/h2>\n<p><strong>Rostfreier Stahl:<\/strong>\u00a0Rostfreier Stahl 18\/10, 304, 316, 410, 430, 420<br \/><strong>Logo:<\/strong>\u00a0Lasergravur, Siebdruck, UV-Druck, Thermotransferdruck, Pr\u00e4gung, usw.<br \/><strong>Verpacken:<\/strong>\u00a04\/8\/12\/16\/20\/24\/45\/48\/72pcs set<br \/><strong>Oberfl\u00e4chenausf\u00fchrungen:<\/strong>\u00a0Hochglanzpoliert, mattiert, wasserpoliert, Titanbeschichtung<br \/><strong>Verpackung:<\/strong>\u00a0Bulk, Opp Tasche, Farbe Box, Geschenk-Box, ma\u00dfgeschneiderte<\/p>","protected":false},"featured_media":1543,"template":"","meta":[],"product_brand":[],"product_cat":[23,30],"product_tag":[],"class_list":{"0":"post-1572","1":"product","2":"type-product","3":"status-publish","4":"has-post-thumbnail","6":"product_cat-wholesale-flatware","7":"product_cat-custom-cutlery-gift-set","9":"first","10":"instock","11":"shipping-taxable","12":"product-type-simple"},"_links":{"self":[{"href":"https:\/\/www.mcallenflatware.com\/de\/wp-json\/wp\/v2\/product\/1572","targetHints":{"allow":["GET"]}}],"collection":[{"href":"https:\/\/www.mcallenflatware.com\/de\/wp-json\/wp\/v2\/product"}],"about":[{"href":"https:\/\/www.mcallenflatware.com\/de\/wp-json\/wp\/v2\/types\/product"}],"wp:featuredmedia":[{"embeddable":true,"href":"https:\/\/www.mcallenflatware.com\/de\/wp-json\/wp\/v2\/media\/1543"}],"wp:attachment":[{"href":"https:\/\/www.mcallenflatware.com\/de\/wp-json\/wp\/v2\/media?parent=1572"}],"wp:term":[{"taxonomy":"product_brand","embeddable":true,"href":"https:\/\/www.mcallenflatware.com\/de\/wp-json\/wp\/v2\/product_brand?post=1572"},{"taxonomy":"product_cat","embeddable":true,"href":"https:\/\/www.mcallenflatware.com\/de\/wp-json\/wp\/v2\/product_cat?post=1572"},{"taxonomy":"product_tag","embeddable":true,"href":"https:\/\/www.mcallenflatware.com\/de\/wp-json\/wp\/v2\/product_tag?post=1572"}],"curies":[{"name":"wp","href":"https:\/\/api.w.org\/{rel}","templated":true}]}}