{"id":1577,"date":"2024-12-09T03:49:22","date_gmt":"2024-12-09T03:49:22","guid":{"rendered":"https:\/\/www.mcallenflatware.com\/?post_type=product&#038;p=1577"},"modified":"2024-12-09T04:09:34","modified_gmt":"2024-12-09T04:09:34","slug":"wholesale-36-pieces-cutlery-set","status":"publish","type":"product","link":"https:\/\/www.mcallenflatware.com\/de\/product\/wholesale-36-pieces-cutlery-set\/","title":{"rendered":"Gro\u00dfhandel 36 St\u00fcck Besteck Set Gold Edelstahl mit h\u00f6lzernen Box"},"content":{"rendered":"<h2 class=\"wp-block-heading\">36-teiliges Besteck-Set Merkmale:<\/h2>\n\n\n\n<div class=\"wp-block-columns is-layout-flex wp-container-core-columns-is-layout-9d6595d7 wp-block-columns-is-layout-flex\">\n<div class=\"wp-block-column is-layout-flow wp-block-column-is-layout-flow\" style=\"flex-basis:66.66%\">\n<p><strong>Material Edelstahl 304<\/strong><br>Hergestellt aus lebensmittelechtem Edelstahl, sicher und ungiftig, verschlei\u00dffest und kann f\u00fcr eine lange Zeit verwendet werden.<\/p>\n\n\n\n<p><strong>Luxuri\u00f6ses Aussehen in Gold<\/strong><br>Die helle und glatte Oberfl\u00e4che ist hochwertig und elegant und eignet sich f\u00fcr Hochzeiten, Partys und besondere Feste, die dem Esstisch eine luxuri\u00f6se Atmosph\u00e4re verleihen.<\/p>\n\n\n\n<p><strong>Hochwertige Verpackungsbox aus Holz<\/strong><br>Jedes Set wird mit einer exquisiten Holzkiste geliefert, in der das Geschirr bequem aufbewahrt und gesch\u00fctzt werden kann, was den Geschenkwert des gesamten Produkts erh\u00f6ht und sich sehr gut zum Verschenken eignet.<\/p>\n\n\n\n<p><strong>36-teiliges Vollbesteck<\/strong><br>Vollst\u00e4ndig ausgestattet, einschlie\u00dflich verschiedener Esswerkzeuge wie Messer, Gabeln, L\u00f6ffel usw., geeignet f\u00fcr den Einsatz in Privathaushalten und gehobenen Einrichtungen.<\/p>\n\n\n\n<p><strong>Anpassungsm\u00f6glichkeiten<\/strong><br>Wir unterst\u00fctzen kundenspezifische Design- und Gravurdienstleistungen f\u00fcr Holzkisten, um pers\u00f6nliche Bed\u00fcrfnisse zu erf\u00fcllen und ein exklusives, hochwertiges Produkterlebnis zu schaffen.<\/p>\n<\/div>\n\n\n\n<div class=\"wp-block-column is-layout-flow wp-block-column-is-layout-flow\" style=\"flex-basis:33.33%\">\n<figure class=\"wp-block-image size-full\"><img decoding=\"async\" width=\"1200\" height=\"1200\" src=\"https:\/\/www.mcallenflatware.com\/wp-content\/uploads\/2024\/12\/36-piece-cutlery-set-wholesale-2-1.webp\" alt=\"36 St\u00fcck Bestecksatz Gro\u00dfhandel\" class=\"wp-image-1579\" srcset=\"https:\/\/www.mcallenflatware.com\/wp-content\/uploads\/2024\/12\/36-piece-cutlery-set-wholesale-2-1.webp 1200w, https:\/\/www.mcallenflatware.com\/wp-content\/uploads\/2024\/12\/36-piece-cutlery-set-wholesale-2-1-150x150.webp 150w, https:\/\/www.mcallenflatware.com\/wp-content\/uploads\/2024\/12\/36-piece-cutlery-set-wholesale-2-1-768x768.webp 768w, https:\/\/www.mcallenflatware.com\/wp-content\/uploads\/2024\/12\/36-piece-cutlery-set-wholesale-2-1-12x12.webp 12w, https:\/\/www.mcallenflatware.com\/wp-content\/uploads\/2024\/12\/36-piece-cutlery-set-wholesale-2-1-600x600.webp 600w, https:\/\/www.mcallenflatware.com\/wp-content\/uploads\/2024\/12\/36-piece-cutlery-set-wholesale-2-1-300x300.webp 300w, https:\/\/www.mcallenflatware.com\/wp-content\/uploads\/2024\/12\/36-piece-cutlery-set-wholesale-2-1-100x100.webp 100w\" sizes=\"(max-width: 1200px) 100vw, 1200px\" \/><\/figure>\n<\/div>\n<\/div>","protected":false},"excerpt":{"rendered":"<p>Mcallen Hersteller Gro\u00dfhandel und benutzerdefinierte 36 St\u00fcck Besteck-Set aus rostfreiem Stahl mit Holz boxe, luxuri\u00f6s und elegant, unterst\u00fctzen kundenspezifische Logo, Farbe, etc. Es ist eine ideale Wahl f\u00fcr Hochzeit Restaurant oder Geschenk. Willkommen bei uns f\u00fcr mehr Besteck setzen Gro\u00dfhandel zu kontaktieren.<\/p>\n<h2>36 St\u00fcck Besteck-Set Eigenschaften:<\/h2>\n<p><strong>Markenname:<\/strong> Mcallen<br \/><strong>Material:<\/strong> Rostfreier Stahl<br \/><strong>Farbe:<\/strong> Silber, Gloden<br \/><strong>Entwurf:<\/strong> 36 PCS mit Holzbox<br \/><strong>Vorlaufzeit f\u00fcr Muster:<\/strong> Innerhalb von 3 Tagen<br \/><strong>OEM\/ODM:<\/strong> Verf\u00fcgbar<\/p>\n<h2>Individuelles 36-teiliges Besteckset:<\/h2>\n<p><strong>Rostfreier Stahl:<\/strong>\u00a0Rostfreier Stahl 18\/10, 304, 316, 410, 430, 420<br \/><strong>Logo:<\/strong>\u00a0Lasergravur, Siebdruck, UV-Druck, Thermotransferdruck, Pr\u00e4gung, usw.<br \/><strong>Verpacken:<\/strong>\u00a04\/8\/12\/16\/20\/24\/45\/48\/72pcs set<br \/><strong>Oberfl\u00e4chenausf\u00fchrungen:<\/strong>\u00a0Hochglanzpoliert, mattiert, wasserpoliert, Titanbeschichtung<br \/><strong>Verpackung:<\/strong>\u00a0Bulk, Opp Tasche, Farbe Box, Geschenk-Box, ma\u00dfgeschneiderte<\/p>","protected":false},"featured_media":1579,"template":"","meta":[],"product_brand":[],"product_cat":[23,30],"product_tag":[],"class_list":{"0":"post-1577","1":"product","2":"type-product","3":"status-publish","4":"has-post-thumbnail","6":"product_cat-wholesale-flatware","7":"product_cat-custom-cutlery-gift-set","9":"first","10":"instock","11":"shipping-taxable","12":"product-type-simple"},"_links":{"self":[{"href":"https:\/\/www.mcallenflatware.com\/de\/wp-json\/wp\/v2\/product\/1577","targetHints":{"allow":["GET"]}}],"collection":[{"href":"https:\/\/www.mcallenflatware.com\/de\/wp-json\/wp\/v2\/product"}],"about":[{"href":"https:\/\/www.mcallenflatware.com\/de\/wp-json\/wp\/v2\/types\/product"}],"wp:featuredmedia":[{"embeddable":true,"href":"https:\/\/www.mcallenflatware.com\/de\/wp-json\/wp\/v2\/media\/1579"}],"wp:attachment":[{"href":"https:\/\/www.mcallenflatware.com\/de\/wp-json\/wp\/v2\/media?parent=1577"}],"wp:term":[{"taxonomy":"product_brand","embeddable":true,"href":"https:\/\/www.mcallenflatware.com\/de\/wp-json\/wp\/v2\/product_brand?post=1577"},{"taxonomy":"product_cat","embeddable":true,"href":"https:\/\/www.mcallenflatware.com\/de\/wp-json\/wp\/v2\/product_cat?post=1577"},{"taxonomy":"product_tag","embeddable":true,"href":"https:\/\/www.mcallenflatware.com\/de\/wp-json\/wp\/v2\/product_tag?post=1577"}],"curies":[{"name":"wp","href":"https:\/\/api.w.org\/{rel}","templated":true}]}}