{"id":1596,"date":"2024-12-22T12:45:43","date_gmt":"2024-12-22T12:45:43","guid":{"rendered":"https:\/\/www.mcallenflatware.com\/?post_type=product&#038;p=1596"},"modified":"2024-12-22T13:06:41","modified_gmt":"2024-12-22T13:06:41","slug":"wholesale-butter-knife-with-holes","status":"publish","type":"product","link":"https:\/\/www.mcallenflatware.com\/de\/product\/wholesale-butter-knife-with-holes\/","title":{"rendered":"Gro\u00dfhandel Buttermesser mit L\u00f6chern Sliver Glod Edelstahl"},"content":{"rendered":"<div class=\"wp-block-columns is-layout-flex wp-container-core-columns-is-layout-9d6595d7 wp-block-columns-is-layout-flex\">\n<div class=\"wp-block-column is-layout-flow wp-block-column-is-layout-flow\">\n<h2 class=\"wp-block-heading\">Buttermesser mit L\u00f6chern Merkmale:<\/h2>\n\n\n\n<p><strong>Verhindert das Verkleben von Butter:<\/strong><br>Das Buttermesser mit L\u00f6chern verhindert, dass Butter am Messer kleben bleibt, so dass weniger R\u00fcckst\u00e4nde auf der Klinge zur\u00fcckbleiben und diese sauberer und effizienter wird.<\/p>\n\n\n\n<p><strong>Leicht zu verteilen:<\/strong><br>Die L\u00f6cher auf der Klinge verringern die Reibung zwischen dem Messer und der Butter, so dass sich die Butter leichter verteilen l\u00e4sst.<\/p>\n\n\n\n<p><strong>Langlebig und leicht zu reinigen:<\/strong><br>Das Buttermesser ist aus hochwertigem Edelstahl gefertigt, der auch bei h\u00e4ufigem Kontakt mit Lebensmittels\u00e4uren oder Feuchtigkeit rostfrei und korrosionsbest\u00e4ndig ist. Die polierte, glatte Oberfl\u00e4che macht es leicht zu reinigen<\/p>\n\n\n\n<p><strong>Sch\u00f6n und elegant:<\/strong><br>Die minimalistischen und eleganten Linien verleihen ihm ein stilvolles und raffiniertes Aussehen, das sich f\u00fcr formelle Essensumgebungen oder besondere Anl\u00e4sse eignet.<\/p>\n\n\n\n<p><strong>Vielseitig:<\/strong><br>Er kann zum Bestreichen von Margarine, Frischk\u00e4se oder anderen weichen Aufstrichen wie Marmelade verwendet werden und ist damit ein praktisches Muss in jeder K\u00fcche oder jedem Essbereich.<\/p>\n<\/div>\n\n\n\n<div class=\"wp-block-column is-layout-flow wp-block-column-is-layout-flow\">\n<figure class=\"wp-block-image size-full\"><img decoding=\"async\" width=\"800\" height=\"800\" src=\"https:\/\/www.mcallenflatware.com\/wp-content\/uploads\/2024\/12\/wholesale-butter-knife-with-holes-1.webp\" alt=\"Gro\u00dfhandel Buttermesser mit L\u00f6chern\" class=\"wp-image-1597\" srcset=\"https:\/\/www.mcallenflatware.com\/wp-content\/uploads\/2024\/12\/wholesale-butter-knife-with-holes-1.webp 800w, https:\/\/www.mcallenflatware.com\/wp-content\/uploads\/2024\/12\/wholesale-butter-knife-with-holes-1-150x150.webp 150w, https:\/\/www.mcallenflatware.com\/wp-content\/uploads\/2024\/12\/wholesale-butter-knife-with-holes-1-768x768.webp 768w, https:\/\/www.mcallenflatware.com\/wp-content\/uploads\/2024\/12\/wholesale-butter-knife-with-holes-1-12x12.webp 12w, https:\/\/www.mcallenflatware.com\/wp-content\/uploads\/2024\/12\/wholesale-butter-knife-with-holes-1-600x600.webp 600w, https:\/\/www.mcallenflatware.com\/wp-content\/uploads\/2024\/12\/wholesale-butter-knife-with-holes-1-300x300.webp 300w, https:\/\/www.mcallenflatware.com\/wp-content\/uploads\/2024\/12\/wholesale-butter-knife-with-holes-1-100x100.webp 100w\" sizes=\"(max-width: 800px) 100vw, 800px\" \/><\/figure>\n<\/div>\n<\/div>","protected":false},"excerpt":{"rendered":"<p>Customized und Gro\u00dfhandel Buttermesser mit L\u00f6chern, Edelstahl, glatt und leicht zu reinigen, leicht zu verteilen Butter, Marmelade, etc. Bieten Fabrik Preis und hohe Qualit\u00e4t Beschaffung L\u00f6sungen, willkommen zu erkundigen!<\/p>\n<h2>Buttermesser mit L\u00f6chern Attribute<\/h2>\n<p><strong>Markenname:<\/strong> Mcallen<br \/><strong>Material:<\/strong> Rostfreier Stahl<br \/><strong>Farbe:<\/strong> Gold, Silber, oder kundenspezifisch<br \/><strong>Polieren:<\/strong> Hochglanzpoliert<br \/><strong>Vorlaufzeit f\u00fcr Muster:<\/strong> Innerhalb von 3 Tagen<br \/><strong>OEM\/ODM:<\/strong> Verf\u00fcgbar<\/p>\n<h2>Custom Butter Knife :<\/h2>\n<p><strong>Rostfreier Stahl:<\/strong> Rostfreier Stahl 18\/10, 304, 316, 410, 430, 420<br \/><strong>Logo:<\/strong> Lasergravur, Siebdruck, UV-Druck, Thermotransferdruck, Pr\u00e4gung, etc.<br \/><strong>Oberfl\u00e4chenausf\u00fchrungen:<\/strong> Hochglanzpoliert, matt.<br \/><strong>Verpackung:<\/strong> Bulk, Opp Tasche, Farbe Box, Geschenk-Box, ma\u00dfgeschneiderte<\/p>","protected":false},"featured_media":1598,"template":"","meta":[],"product_brand":[],"product_cat":[24,31],"product_tag":[],"class_list":{"0":"post-1596","1":"product","2":"type-product","3":"status-publish","4":"has-post-thumbnail","6":"product_cat-wholesale-kitchen-utensils","7":"product_cat-wholesale-serving-utensils","9":"first","10":"instock","11":"shipping-taxable","12":"product-type-simple"},"_links":{"self":[{"href":"https:\/\/www.mcallenflatware.com\/de\/wp-json\/wp\/v2\/product\/1596","targetHints":{"allow":["GET"]}}],"collection":[{"href":"https:\/\/www.mcallenflatware.com\/de\/wp-json\/wp\/v2\/product"}],"about":[{"href":"https:\/\/www.mcallenflatware.com\/de\/wp-json\/wp\/v2\/types\/product"}],"wp:featuredmedia":[{"embeddable":true,"href":"https:\/\/www.mcallenflatware.com\/de\/wp-json\/wp\/v2\/media\/1598"}],"wp:attachment":[{"href":"https:\/\/www.mcallenflatware.com\/de\/wp-json\/wp\/v2\/media?parent=1596"}],"wp:term":[{"taxonomy":"product_brand","embeddable":true,"href":"https:\/\/www.mcallenflatware.com\/de\/wp-json\/wp\/v2\/product_brand?post=1596"},{"taxonomy":"product_cat","embeddable":true,"href":"https:\/\/www.mcallenflatware.com\/de\/wp-json\/wp\/v2\/product_cat?post=1596"},{"taxonomy":"product_tag","embeddable":true,"href":"https:\/\/www.mcallenflatware.com\/de\/wp-json\/wp\/v2\/product_tag?post=1596"}],"curies":[{"name":"wp","href":"https:\/\/api.w.org\/{rel}","templated":true}]}}