{"id":1630,"date":"2025-04-10T03:28:30","date_gmt":"2025-04-10T03:28:30","guid":{"rendered":"https:\/\/www.mcallenflatware.com\/?post_type=product&#038;p=1630"},"modified":"2025-04-10T03:28:32","modified_gmt":"2025-04-10T03:28:32","slug":"wholesale-ice-cream-spoon","status":"publish","type":"product","link":"https:\/\/www.mcallenflatware.com\/de\/product\/wholesale-ice-cream-spoon\/","title":{"rendered":"Gro\u00dfhandel Eiscreme L\u00f6ffel, Spaten L\u00f6ffel f\u00fcr Dessert in Bulk"},"content":{"rendered":"<div class=\"wp-block-columns is-layout-flex wp-container-core-columns-is-layout-9d6595d7 wp-block-columns-is-layout-flex\">\n<div class=\"wp-block-column is-layout-flow wp-block-column-is-layout-flow\">\n<h2 class=\"wp-block-heading\">Speiseeisl\u00f6ffel Merkmale:<\/h2>\n\n\n\n<p><strong>Hochwertiger 18\/8-Edelstahl: <\/strong>Der L\u00f6ffel ist aus hochwertigem Edelstahl gefertigt, was ihn stabiler und haltbarer macht.<\/p>\n\n\n\n<p><strong>Einzigartiges Design in Spatenform:<\/strong> Dieser Dessertl\u00f6ffel hat ein kreatives Schaufeldesign, das sich zum Sch\u00f6pfen von Eis, Obst und Desserts eignet.<\/p>\n\n\n\n<p><strong>Eine Vielzahl von Farben verf\u00fcgbar:<\/strong> Erh\u00e4ltlich in Gold, Silber, Schwarz und anderen Farben, einschlie\u00dflich kundenspezifischer Optionen. Geeignet f\u00fcr verschiedene Anl\u00e4sse, wie z. B. Abendessen zu Hause, Restaurants und Partys, die das Essvergn\u00fcgen verbessern.<\/p>\n\n\n\n<p><strong>Leicht zu reinigen: <\/strong>Die glatte Oberfl\u00e4che ist leicht zu reinigen und sp\u00fclmaschinenfest.<\/p>\n<\/div>\n\n\n\n<div class=\"wp-block-column is-layout-flow wp-block-column-is-layout-flow\"><div class=\"wp-block-image\">\n<figure class=\"aligncenter size-full is-resized\"><img decoding=\"async\" width=\"720\" height=\"700\" src=\"https:\/\/www.mcallenflatware.com\/wp-content\/uploads\/2025\/01\/Wholesale-Reusable-Metal-Shovel-Ice-Cream-Spoon-4.webp\" alt=\"Gro\u00dfhandel-Wiederverwendbare-Metall-Schaufel-Eisl\u00f6ffel-4\" class=\"wp-image-1634\" style=\"width:340px;height:auto\" srcset=\"https:\/\/www.mcallenflatware.com\/wp-content\/uploads\/2025\/01\/Wholesale-Reusable-Metal-Shovel-Ice-Cream-Spoon-4.webp 720w, https:\/\/www.mcallenflatware.com\/wp-content\/uploads\/2025\/01\/Wholesale-Reusable-Metal-Shovel-Ice-Cream-Spoon-4-12x12.webp 12w, https:\/\/www.mcallenflatware.com\/wp-content\/uploads\/2025\/01\/Wholesale-Reusable-Metal-Shovel-Ice-Cream-Spoon-4-600x583.webp 600w\" sizes=\"(max-width: 720px) 100vw, 720px\" \/><\/figure>\n<\/div><\/div>\n<\/div>\n\n\n\n<div class=\"wp-block-columns is-layout-flex wp-container-core-columns-is-layout-9d6595d7 wp-block-columns-is-layout-flex\">\n<div class=\"wp-block-column is-layout-flow wp-block-column-is-layout-flow\"><\/div>\n\n\n\n<div class=\"wp-block-column is-layout-flow wp-block-column-is-layout-flow\"><\/div>\n<\/div>","protected":false},"excerpt":{"rendered":"<p>Fabrik Gro\u00dfhandel Eisportionierer, die Schaufel Form Design ist einzigartig und attraktiv, und eine Vielzahl von Farboptionen zur Verf\u00fcgung stehen. Hergestellt aus rostfreiem Stahl, hell und langlebig. Wir unterst\u00fctzen Anpassung und Amazon FBA-Service, willkommen f\u00fcr eine kostenlose Probe zu erkundigen!<\/p>\n<h2 id=\"block-792b966c-c506-49fa-b3c8-9881ee38a4f5\" class=\"block-editor-rich-text__editable block-editor-block-list__block wp-block is-selected wp-block-heading rich-text\" role=\"document\" aria-label=\"Block: \u00dcberschrift\" data-block=\"792b966c-c506-49fa-b3c8-9881ee38a4f5\" data-type=\"core\/heading\" data-title=\"Heading\" data-wp-block-attribute-key=\"content\">Eisl\u00f6ffel Attribute:<\/h2>\n<p><strong>Markenname:<\/strong> Mcallen<br \/><strong>Material:<\/strong> Rostfreier Stahl<br \/><strong>Farbe:<\/strong>\u00a0 Silber\/Gold\/Kupfer\/Schwarz<br \/><strong>Entwurf:<\/strong> Hochglanzpoliert<br \/><strong>Vorlaufzeit f\u00fcr Muster:<\/strong> Innerhalb von 3 Tagen<br \/><strong>OEM\/ODM:<\/strong> Verf\u00fcgbar<\/p>\n<h2>Individueller Eisl\u00f6ffel:<\/h2>\n<p><strong>Rostfreier Stahl:<\/strong> Rostfreier Stahl 18\/10, 304, 316, 410, 430, 420<br \/><strong>Logo:<\/strong> Lasergravur, Siebdruck\/UV\/W\u00e4rmetransferdruck, Pr\u00e4gung usw.<br \/><strong>Verpacken:<\/strong> 4\/8\/12\/16\/20\/24\/45\/48\/72pcs set<br \/><strong>Oberfl\u00e4chenausf\u00fchrungen:<\/strong> Hochglanzpoliert, mattiert, wasserpoliert, Titanbeschichtung<br \/><strong>Verpackung:<\/strong> Bulk, Opp Tasche, Farbe Box, Geschenk-Box, ma\u00dfgeschneiderte<\/p>","protected":false},"featured_media":1631,"template":"","meta":[],"product_brand":[],"product_cat":[23,38],"product_tag":[],"class_list":{"0":"post-1630","1":"product","2":"type-product","3":"status-publish","4":"has-post-thumbnail","6":"product_cat-wholesale-flatware","7":"product_cat-stainless-steel-spoons-wholesale","9":"first","10":"instock","11":"shipping-taxable","12":"product-type-simple"},"_links":{"self":[{"href":"https:\/\/www.mcallenflatware.com\/de\/wp-json\/wp\/v2\/product\/1630","targetHints":{"allow":["GET"]}}],"collection":[{"href":"https:\/\/www.mcallenflatware.com\/de\/wp-json\/wp\/v2\/product"}],"about":[{"href":"https:\/\/www.mcallenflatware.com\/de\/wp-json\/wp\/v2\/types\/product"}],"wp:featuredmedia":[{"embeddable":true,"href":"https:\/\/www.mcallenflatware.com\/de\/wp-json\/wp\/v2\/media\/1631"}],"wp:attachment":[{"href":"https:\/\/www.mcallenflatware.com\/de\/wp-json\/wp\/v2\/media?parent=1630"}],"wp:term":[{"taxonomy":"product_brand","embeddable":true,"href":"https:\/\/www.mcallenflatware.com\/de\/wp-json\/wp\/v2\/product_brand?post=1630"},{"taxonomy":"product_cat","embeddable":true,"href":"https:\/\/www.mcallenflatware.com\/de\/wp-json\/wp\/v2\/product_cat?post=1630"},{"taxonomy":"product_tag","embeddable":true,"href":"https:\/\/www.mcallenflatware.com\/de\/wp-json\/wp\/v2\/product_tag?post=1630"}],"curies":[{"name":"wp","href":"https:\/\/api.w.org\/{rel}","templated":true}]}}