{"id":1646,"date":"2025-04-10T03:54:30","date_gmt":"2025-04-10T03:54:30","guid":{"rendered":"https:\/\/www.mcallenflatware.com\/?post_type=product&#038;p=1646"},"modified":"2025-04-10T03:54:32","modified_gmt":"2025-04-10T03:54:32","slug":"wholesale-stainless-steel-soup-spoons","status":"publish","type":"product","link":"https:\/\/www.mcallenflatware.com\/de\/product\/wholesale-stainless-steel-soup-spoons\/","title":{"rendered":"Gro\u00dfhandel Edelstahl Suppenl\u00f6ffel, Besteck Lieferant"},"content":{"rendered":"<div class=\"wp-block-columns is-layout-flex wp-container-core-columns-is-layout-9d6595d7 wp-block-columns-is-layout-flex\">\n<div class=\"wp-block-column is-layout-flow wp-block-column-is-layout-flow\">\n<h2 class=\"wp-block-heading\">Edelstahl-Suppenl\u00f6ffel Merkmale:<\/h2>\n\n\n\n<p><strong>Lebensmittelgeeigneter Edelstahl:<\/strong> Hergestellt aus 304 Edelstahl, die glatte und helle Oberfl\u00e4che ist leicht zu reinigen, verschlei\u00dffest und langfristige Nutzung ist wie neu<\/p>\n\n\n\n<p><strong>Feinpolieren: <\/strong>Jeder Suppenl\u00f6ffel ist fein poliert, hat glatte Kanten und liegt angenehm in der Hand, was das Esserlebnis noch angenehmer macht.<\/p>\n\n\n\n<p><strong>Gro\u00dfes Design der L\u00f6ffeloberfl\u00e4che: <\/strong>Mit der abgerundeten, gro\u00dfen L\u00f6ffeloberfl\u00e4che lassen sich fl\u00fcssige Suppen und Speisen leicht sch\u00f6pfen.<\/p>\n\n\n\n<p><strong>Farb- und Logoanpassung: <\/strong>Erh\u00e4ltlich in klassischem Silber und Gold sowie in einer Vielzahl von Optionen zur individuellen Gestaltung (Logo, Farbe, Verpackung usw.).<\/p>\n\n\n\n<p><strong>Direkt ab Werk, Preisnachl\u00e4sse f\u00fcr Massenanfertigungen<\/strong>: Produziert von Mcallen Besteck Hersteller, bietet Gro\u00dfhandelspreise, und die besten Rabatte f\u00fcr Gro\u00dfauftrag.<\/p>\n<\/div>\n\n\n\n<div class=\"wp-block-column is-layout-flow wp-block-column-is-layout-flow\"><div class=\"wp-block-image\">\n<figure class=\"aligncenter size-full is-resized\"><img decoding=\"async\" width=\"800\" height=\"800\" src=\"https:\/\/www.mcallenflatware.com\/wp-content\/uploads\/2025\/01\/wholesale-stainless-steel-soup-spoons-1.webp\" alt=\"Gro\u00dfhandel Edelstahl Suppenl\u00f6ffel\" class=\"wp-image-1660\" style=\"width:352px;height:auto\" srcset=\"https:\/\/www.mcallenflatware.com\/wp-content\/uploads\/2025\/01\/wholesale-stainless-steel-soup-spoons-1.webp 800w, https:\/\/www.mcallenflatware.com\/wp-content\/uploads\/2025\/01\/wholesale-stainless-steel-soup-spoons-1-150x150.webp 150w, https:\/\/www.mcallenflatware.com\/wp-content\/uploads\/2025\/01\/wholesale-stainless-steel-soup-spoons-1-768x768.webp 768w, https:\/\/www.mcallenflatware.com\/wp-content\/uploads\/2025\/01\/wholesale-stainless-steel-soup-spoons-1-12x12.webp 12w, https:\/\/www.mcallenflatware.com\/wp-content\/uploads\/2025\/01\/wholesale-stainless-steel-soup-spoons-1-600x600.webp 600w, https:\/\/www.mcallenflatware.com\/wp-content\/uploads\/2025\/01\/wholesale-stainless-steel-soup-spoons-1-300x300.webp 300w, https:\/\/www.mcallenflatware.com\/wp-content\/uploads\/2025\/01\/wholesale-stainless-steel-soup-spoons-1-100x100.webp 100w\" sizes=\"(max-width: 800px) 100vw, 800px\" \/><\/figure>\n<\/div><\/div>\n<\/div>\n\n\n\n<div class=\"wp-block-columns is-layout-flex wp-container-core-columns-is-layout-9d6595d7 wp-block-columns-is-layout-flex\">\n<div class=\"wp-block-column is-layout-flow wp-block-column-is-layout-flow\"><\/div>\n\n\n\n<div class=\"wp-block-column is-layout-flow wp-block-column-is-layout-flow\"><\/div>\n<\/div>","protected":false},"excerpt":{"rendered":"<p><strong data-start=\"0\" data-end=\"41\">Gro\u00dfhandel Edelstahl Suppenl\u00f6ffel<\/strong> aus langlebigem, hochwertigem Edelstahl. Sie sind rostfrei und leicht zu reinigen und f\u00fcr eine lange Lebensdauer ausgelegt. Perfekt f\u00fcr Restaurants und Haushalte. Kontaktieren Sie uns f\u00fcr Gro\u00dfbestellungen und individuelle L\u00f6sungen!<\/p>\n<h2>Edelstahl-Suppenl\u00f6ffel Attribute:<\/h2>\n<p><strong>Markenname:<\/strong> Mcallen<br \/><strong>Material:<\/strong> Rostfreier Stahl<br \/><strong>Farbe:<\/strong>\u00a0 Silber, Gold<br \/><strong>Entwurf:<\/strong> Hochglanzpoliert, reichlich<br \/><strong>Vorlaufzeit f\u00fcr Muster:<\/strong> Innerhalb von 3 Tagen<br \/><strong>OEM\/ODM:<\/strong> Verf\u00fcgbar<\/p>\n<h2>Individuell gestaltete Suppenl\u00f6ffel aus Edelstahl:<\/h2>\n<p><strong>Rostfreier Stahl:<\/strong> Rostfreier Stahl 18\/10, 304, 316, 410, 430, 420<br \/><strong>Logo:<\/strong> Lasergravur, Siebdruck, UV-Druck, Thermotransferdruck, Pr\u00e4gung, usw.<br \/><strong>Verpacken:<\/strong> 4\/8\/12\/16\/20\/24\/45\/48\/72pcs set<br \/><strong>Oberfl\u00e4chenausf\u00fchrungen:<\/strong> Hochglanzpoliert, mattiert, wasserpoliert, Titanbeschichtung<br \/><strong>Verpackung:<\/strong> Bulk, Opp Tasche, Farbe Box, Geschenk-Box, ma\u00dfgeschneiderte<\/p>","protected":false},"featured_media":1660,"template":"","meta":[],"product_brand":[],"product_cat":[23,38],"product_tag":[],"class_list":{"0":"post-1646","1":"product","2":"type-product","3":"status-publish","4":"has-post-thumbnail","6":"product_cat-wholesale-flatware","7":"product_cat-stainless-steel-spoons-wholesale","9":"first","10":"instock","11":"shipping-taxable","12":"product-type-simple"},"_links":{"self":[{"href":"https:\/\/www.mcallenflatware.com\/de\/wp-json\/wp\/v2\/product\/1646","targetHints":{"allow":["GET"]}}],"collection":[{"href":"https:\/\/www.mcallenflatware.com\/de\/wp-json\/wp\/v2\/product"}],"about":[{"href":"https:\/\/www.mcallenflatware.com\/de\/wp-json\/wp\/v2\/types\/product"}],"wp:featuredmedia":[{"embeddable":true,"href":"https:\/\/www.mcallenflatware.com\/de\/wp-json\/wp\/v2\/media\/1660"}],"wp:attachment":[{"href":"https:\/\/www.mcallenflatware.com\/de\/wp-json\/wp\/v2\/media?parent=1646"}],"wp:term":[{"taxonomy":"product_brand","embeddable":true,"href":"https:\/\/www.mcallenflatware.com\/de\/wp-json\/wp\/v2\/product_brand?post=1646"},{"taxonomy":"product_cat","embeddable":true,"href":"https:\/\/www.mcallenflatware.com\/de\/wp-json\/wp\/v2\/product_cat?post=1646"},{"taxonomy":"product_tag","embeddable":true,"href":"https:\/\/www.mcallenflatware.com\/de\/wp-json\/wp\/v2\/product_tag?post=1646"}],"curies":[{"name":"wp","href":"https:\/\/api.w.org\/{rel}","templated":true}]}}