{"id":1662,"date":"2025-03-26T04:00:48","date_gmt":"2025-03-26T04:00:48","guid":{"rendered":"https:\/\/www.mcallenflatware.com\/?post_type=product&#038;p=1662"},"modified":"2025-03-26T04:00:49","modified_gmt":"2025-03-26T04:00:49","slug":"wholesale-ice-tea-spoon","status":"publish","type":"product","link":"https:\/\/www.mcallenflatware.com\/de\/product\/wholesale-ice-tea-spoon\/","title":{"rendered":"Gro\u00dfhandel Eistee L\u00f6ffel, Runde L\u00f6ffel Set Bulk"},"content":{"rendered":"<div class=\"wp-block-columns is-layout-flex wp-container-core-columns-is-layout-9d6595d7 wp-block-columns-is-layout-flex\">\n<div class=\"wp-block-column is-layout-flow wp-block-column-is-layout-flow\">\n<h2 class=\"wp-block-heading\">Eistee Bald Merkmale:<\/h2>\n\n\n\n<p><strong>Hochwertiges Material aus rostfreiem Stahl: <\/strong>Um die Haltbarkeit und Korrosionsbest\u00e4ndigkeit des L\u00f6ffels zu gew\u00e4hrleisten, wird lebensmittelechter Edelstahl verwendet.<\/p>\n\n\n\n<p><strong>Elegantes und abgerundetes Design:<\/strong> Der kleine runde L\u00f6ffel hat eine glatte und runde Form, die stilvoll und sch\u00f6n ist und das Esserlebnis bereichert.<\/p>\n\n\n\n<p><strong>Polieren und Mattieren in Handarbeit<\/strong>: Die polierte Oberfl\u00e4che des L\u00f6ffels ist mit einem matten Griff kombiniert, der leicht zu reinigen ist und die Haptik des Griffs erh\u00f6ht<\/p>\n\n\n\n<p><strong>Mehrere Farboptionen:<\/strong> Klassisches Gold, Silber, modernes Schwarz und Ros\u00e9gold sind erh\u00e4ltlich<\/p>\n\n\n\n<p><strong>Vielf\u00e4ltige Anwendungsszenarien: <\/strong>Eistee-L\u00f6ffel eignen sich f\u00fcr das t\u00e4gliche Essen in der Familie und f\u00fcr kommerzielle Einrichtungen wie Caf\u00e9s, Teeh\u00e4user und Restaurants.<\/p>\n<\/div>\n\n\n\n<div class=\"wp-block-column is-layout-flow wp-block-column-is-layout-flow\">\n<figure class=\"wp-block-image size-full\"><img decoding=\"async\" width=\"800\" height=\"800\" src=\"https:\/\/www.mcallenflatware.com\/wp-content\/uploads\/2025\/02\/wholesale-ice-tea-spoon-round-spoon-4.webp\" alt=\"Gro\u00dfhandel Eistee L\u00f6ffel, runder L\u00f6ffel\" class=\"wp-image-1664\" srcset=\"https:\/\/www.mcallenflatware.com\/wp-content\/uploads\/2025\/02\/wholesale-ice-tea-spoon-round-spoon-4.webp 800w, https:\/\/www.mcallenflatware.com\/wp-content\/uploads\/2025\/02\/wholesale-ice-tea-spoon-round-spoon-4-150x150.webp 150w, https:\/\/www.mcallenflatware.com\/wp-content\/uploads\/2025\/02\/wholesale-ice-tea-spoon-round-spoon-4-768x768.webp 768w, https:\/\/www.mcallenflatware.com\/wp-content\/uploads\/2025\/02\/wholesale-ice-tea-spoon-round-spoon-4-12x12.webp 12w, https:\/\/www.mcallenflatware.com\/wp-content\/uploads\/2025\/02\/wholesale-ice-tea-spoon-round-spoon-4-600x600.webp 600w, https:\/\/www.mcallenflatware.com\/wp-content\/uploads\/2025\/02\/wholesale-ice-tea-spoon-round-spoon-4-300x300.webp 300w, https:\/\/www.mcallenflatware.com\/wp-content\/uploads\/2025\/02\/wholesale-ice-tea-spoon-round-spoon-4-100x100.webp 100w\" sizes=\"(max-width: 800px) 100vw, 800px\" \/><\/figure>\n<\/div>\n<\/div>","protected":false},"excerpt":{"rendered":"<p>Willkommen im Gro\u00dfhandel und benutzerdefinierte Eistee L\u00f6ffel, Premium-Edelstahl, stilvolle runde Design, perfekt f\u00fcr Tee und Desserts. Genie\u00dfen Sie Mengenrabatte und kundenspezifische Optionen. Unsere Fabrik-direkt Preise &amp; au\u00dfergew\u00f6hnlichen Service laden Ihre Anfrage heute!<\/p>\n<h2>Eistee-L\u00f6ffel Attribute:<\/h2>\n<p><strong>Markenname:<\/strong> Mcallen<br \/><strong>Material:<\/strong> Rostfreier Stahl<br \/><strong>Farbe: <\/strong> Gold, Silber, Schwarz, Ros\u00e9gold<br \/><strong>Entwurf:<\/strong> Hochglanzpoliert<br \/><strong>Vorlaufzeit f\u00fcr Muster:<\/strong> Innerhalb von 3 Tagen<br \/><strong>OEM\/ODM:<\/strong> Verf\u00fcgbar<\/p>\n<h2>Individueller Eistee-L\u00f6ffel:<\/h2>\n<p><strong>Rostfreier Stahl:<\/strong> Rostfreier Stahl 18\/10, 304, 316, 410, 430, 420<br \/><strong>Logo:<\/strong> Lasergravur, Siebdruck, UV-Druck, Thermotransferdruck, Pr\u00e4gung, usw.<br \/><strong>Verpacken:<\/strong> 4\/8\/12\/16\/20\/24\/45\/48\/72pcs set<br \/><strong>Oberfl\u00e4chenausf\u00fchrungen:<\/strong> Hochglanzpoliert, mattiert, wasserpoliert, Titanbeschichtung<br \/><strong>Verpackung:<\/strong> Bulk, Opp Tasche, Farbe Box, Geschenk-Box, ma\u00dfgeschneiderte<\/p>","protected":false},"featured_media":1666,"template":"","meta":[],"product_brand":[],"product_cat":[23,38],"product_tag":[],"class_list":{"0":"post-1662","1":"product","2":"type-product","3":"status-publish","4":"has-post-thumbnail","6":"product_cat-wholesale-flatware","7":"product_cat-stainless-steel-spoons-wholesale","9":"first","10":"instock","11":"shipping-taxable","12":"product-type-simple"},"_links":{"self":[{"href":"https:\/\/www.mcallenflatware.com\/de\/wp-json\/wp\/v2\/product\/1662","targetHints":{"allow":["GET"]}}],"collection":[{"href":"https:\/\/www.mcallenflatware.com\/de\/wp-json\/wp\/v2\/product"}],"about":[{"href":"https:\/\/www.mcallenflatware.com\/de\/wp-json\/wp\/v2\/types\/product"}],"wp:featuredmedia":[{"embeddable":true,"href":"https:\/\/www.mcallenflatware.com\/de\/wp-json\/wp\/v2\/media\/1666"}],"wp:attachment":[{"href":"https:\/\/www.mcallenflatware.com\/de\/wp-json\/wp\/v2\/media?parent=1662"}],"wp:term":[{"taxonomy":"product_brand","embeddable":true,"href":"https:\/\/www.mcallenflatware.com\/de\/wp-json\/wp\/v2\/product_brand?post=1662"},{"taxonomy":"product_cat","embeddable":true,"href":"https:\/\/www.mcallenflatware.com\/de\/wp-json\/wp\/v2\/product_cat?post=1662"},{"taxonomy":"product_tag","embeddable":true,"href":"https:\/\/www.mcallenflatware.com\/de\/wp-json\/wp\/v2\/product_tag?post=1662"}],"curies":[{"name":"wp","href":"https:\/\/api.w.org\/{rel}","templated":true}]}}