{"id":1668,"date":"2025-03-26T04:11:50","date_gmt":"2025-03-26T04:11:50","guid":{"rendered":"https:\/\/www.mcallenflatware.com\/?post_type=product&#038;p=1668"},"modified":"2025-03-26T04:12:15","modified_gmt":"2025-03-26T04:12:15","slug":"wholesale-dessert-spoon","status":"publish","type":"product","link":"https:\/\/www.mcallenflatware.com\/de\/product\/wholesale-dessert-spoon\/","title":{"rendered":"Gro\u00dfhandel Dessertl\u00f6ffel, Eisb\u00e4r kleine L\u00f6ffel benutzerdefinierte"},"content":{"rendered":"<div class=\"wp-block-columns is-layout-flex wp-container-core-columns-is-layout-9d6595d7 wp-block-columns-is-layout-flex\">\n<div class=\"wp-block-column is-layout-flow wp-block-column-is-layout-flow\">\n<h2 class=\"wp-block-heading\">Dessertl\u00f6ffel Merkmale:<\/h2>\n\n\n\n<p><strong>Einzigartiges Eisb\u00e4r-Design: <\/strong>Der L\u00f6ffelstiel hat eine kreative Eisb\u00e4renform, die niedlich und interessant ist und sich f\u00fcr alle Arten von Themenpartys und Restaurantdekorationen eignet.<\/p>\n\n\n\n<p><strong>Hergestellt aus rostfreiem Stahl: <\/strong>Hergestellt aus 304 Edelstahl, sicher, ungiftig und langlebig.<\/p>\n\n\n\n<p><strong>Fein geschnitzt und glatt: <\/strong>Der Griff des Eisb\u00e4renl\u00f6ffels ist fein geschnitzt, mit glatten Kanten und ohne Grate, und liegt gut in der Hand.<\/p>\n\n\n\n<p><strong>Geeignet f\u00fcr Nachspeisen: <\/strong>Die kleine Form eignet sich f\u00fcr die Verwendung als Dessertl\u00f6ffel, Eisl\u00f6ffel usw.<\/p>\n<\/div>\n\n\n\n<div class=\"wp-block-column is-layout-flow wp-block-column-is-layout-flow\"><div class=\"wp-block-image\">\n<figure class=\"aligncenter size-full\"><img decoding=\"async\" width=\"1200\" height=\"1200\" src=\"https:\/\/www.mcallenflatware.com\/wp-content\/uploads\/2025\/02\/wholesale-Dessert-spoon.webp\" alt=\"Gro\u00dfhandel Dessertl\u00f6ffel\" class=\"wp-image-1669\" style=\"object-fit:cover\" srcset=\"https:\/\/www.mcallenflatware.com\/wp-content\/uploads\/2025\/02\/wholesale-Dessert-spoon.webp 1200w, https:\/\/www.mcallenflatware.com\/wp-content\/uploads\/2025\/02\/wholesale-Dessert-spoon-150x150.webp 150w, https:\/\/www.mcallenflatware.com\/wp-content\/uploads\/2025\/02\/wholesale-Dessert-spoon-768x768.webp 768w, https:\/\/www.mcallenflatware.com\/wp-content\/uploads\/2025\/02\/wholesale-Dessert-spoon-12x12.webp 12w, https:\/\/www.mcallenflatware.com\/wp-content\/uploads\/2025\/02\/wholesale-Dessert-spoon-600x600.webp 600w, https:\/\/www.mcallenflatware.com\/wp-content\/uploads\/2025\/02\/wholesale-Dessert-spoon-300x300.webp 300w, https:\/\/www.mcallenflatware.com\/wp-content\/uploads\/2025\/02\/wholesale-Dessert-spoon-100x100.webp 100w\" sizes=\"(max-width: 1200px) 100vw, 1200px\" \/><\/figure>\n<\/div><\/div>\n<\/div>\n\n\n\n<div class=\"wp-block-columns is-layout-flex wp-container-core-columns-is-layout-9d6595d7 wp-block-columns-is-layout-flex\">\n<div class=\"wp-block-column is-layout-flow wp-block-column-is-layout-flow\"><\/div>\n\n\n\n<div class=\"wp-block-column is-layout-flow wp-block-column-is-layout-flow\"><\/div>\n<\/div>","protected":false},"excerpt":{"rendered":"<p>Gro\u00dfhandel Dessertl\u00f6ffel mit Eisb\u00e4r Griff, niedlich und einzigartiges Design, aus hochwertigem Edelstahl, geeignet f\u00fcr Dessert Eis. Fabrik Direktvertrieb, willkommen in der Masse anpassen, um den besten Preis zu bekommen, erkundigen Sie sich heute!<\/p>\n<h2>Dessertl\u00f6ffel Attribute:<\/h2>\n<p><strong>Markenname:<\/strong> Mcallen<br \/><strong>Material:<\/strong> Rostfreier Stahl<br \/><strong>Farbe:<\/strong> Gold, Silber, Schwarz, Ros\u00e9gold<br \/><strong>Entwurf:<\/strong> Eisb\u00e4r-Form-Griff<br \/><strong>Vorlaufzeit f\u00fcr Muster:<\/strong> Innerhalb von 3 Tagen<br \/><strong>OEM\/ODM:<\/strong> Verf\u00fcgbar<\/p>\n<h2>Individueller Dessertl\u00f6ffel:<\/h2>\n<p><strong>Rostfreier Stahl:<\/strong> Rostfreier Stahl 18\/10, 304, 316, 410, 430, 420<br \/><strong>Logo:<\/strong> Lasergravur, Siebdruck, UV-Druck, Thermotransferdruck, Pr\u00e4gung, usw.<br \/><strong>Verpacken:<\/strong> 4\/8\/12\/16\/20\/24\/45\/48\/72pcs set<br \/><strong>Oberfl\u00e4chenausf\u00fchrungen:<\/strong> Hochglanzpoliert, mattiert, wasserpoliert, Titanbeschichtung<br \/><strong>Verpackung:<\/strong> Bulk, Opp Tasche, Farbe Box, Geschenk-Box, ma\u00dfgeschneiderte<\/p>","protected":false},"featured_media":1669,"template":"","meta":[],"product_brand":[],"product_cat":[23,38],"product_tag":[],"class_list":{"0":"post-1668","1":"product","2":"type-product","3":"status-publish","4":"has-post-thumbnail","6":"product_cat-wholesale-flatware","7":"product_cat-stainless-steel-spoons-wholesale","9":"first","10":"instock","11":"shipping-taxable","12":"product-type-simple"},"_links":{"self":[{"href":"https:\/\/www.mcallenflatware.com\/de\/wp-json\/wp\/v2\/product\/1668","targetHints":{"allow":["GET"]}}],"collection":[{"href":"https:\/\/www.mcallenflatware.com\/de\/wp-json\/wp\/v2\/product"}],"about":[{"href":"https:\/\/www.mcallenflatware.com\/de\/wp-json\/wp\/v2\/types\/product"}],"wp:featuredmedia":[{"embeddable":true,"href":"https:\/\/www.mcallenflatware.com\/de\/wp-json\/wp\/v2\/media\/1669"}],"wp:attachment":[{"href":"https:\/\/www.mcallenflatware.com\/de\/wp-json\/wp\/v2\/media?parent=1668"}],"wp:term":[{"taxonomy":"product_brand","embeddable":true,"href":"https:\/\/www.mcallenflatware.com\/de\/wp-json\/wp\/v2\/product_brand?post=1668"},{"taxonomy":"product_cat","embeddable":true,"href":"https:\/\/www.mcallenflatware.com\/de\/wp-json\/wp\/v2\/product_cat?post=1668"},{"taxonomy":"product_tag","embeddable":true,"href":"https:\/\/www.mcallenflatware.com\/de\/wp-json\/wp\/v2\/product_tag?post=1668"}],"curies":[{"name":"wp","href":"https:\/\/api.w.org\/{rel}","templated":true}]}}