{"id":1672,"date":"2025-04-10T04:05:41","date_gmt":"2025-04-10T04:05:41","guid":{"rendered":"https:\/\/www.mcallenflatware.com\/?post_type=product&#038;p=1672"},"modified":"2025-04-10T04:06:41","modified_gmt":"2025-04-10T04:06:41","slug":"wholesale-cute-spoon","status":"publish","type":"product","link":"https:\/\/www.mcallenflatware.com\/de\/product\/wholesale-cute-spoon\/","title":{"rendered":"Gro\u00dfhandel niedlichen L\u00f6ffel mit Katze Pfote, Dessertl\u00f6ffel Bulk"},"content":{"rendered":"<div class=\"wp-block-columns is-layout-flex wp-container-core-columns-is-layout-9d6595d7 wp-block-columns-is-layout-flex\">\n<div class=\"wp-block-column is-layout-flow wp-block-column-is-layout-flow\">\n<h2 class=\"wp-block-heading\">Niedlicher L\u00f6ffel Merkmale:<\/h2>\n\n\n\n<p><strong>Einzigartige \u00e4sthetische Anziehungskraft: <\/strong>Der L\u00f6ffelstiel in Form einer Katzentatze ist unwiderstehlich niedlich, besonders f\u00fcr Verbraucher, die Katzen oder niedliche Themenartikel lieben.<\/p>\n\n\n\n<p><strong>Hochwertige Materialien: <\/strong>Diese L\u00f6ffel sind aus hochwertigem Edelstahl gefertigt und sehr langlebig. Sie halten dem t\u00e4glichen Gebrauch stand und sind resistent gegen Kratzer, Dellen und Korrosion.<\/p>\n\n\n\n<p><strong>Hygienisch und sicher: <\/strong>Edelstahl ist porenfrei, was bedeutet, dass sich keine Bakterien, Schimmel oder Ger\u00fcche bilden k\u00f6nnen.<\/p>\n\n\n\n<p><strong>Vielseitigkeit: <\/strong>Obwohl sie als L\u00f6ffel konzipiert sind, eignen sie sich aufgrund ihrer Gr\u00f6\u00dfe und Funktionalit\u00e4t auch f\u00fcr eine Vielzahl von Verwendungszwecken, z. B. zum L\u00f6ffeln von Eis, Joghurt oder anderen Desserts.<\/p>\n<\/div>\n\n\n\n<div class=\"wp-block-column is-layout-flow wp-block-column-is-layout-flow\"><div class=\"wp-block-image\">\n<figure class=\"aligncenter size-full is-resized\"><img decoding=\"async\" width=\"800\" height=\"800\" src=\"https:\/\/www.mcallenflatware.com\/wp-content\/uploads\/2025\/02\/wholesale-Cute-Spoon.webp\" alt=\"Gro\u00dfhandel Cute L\u00f6ffel\" class=\"wp-image-1673\" style=\"object-fit:cover;width:372px;height:auto\" srcset=\"https:\/\/www.mcallenflatware.com\/wp-content\/uploads\/2025\/02\/wholesale-Cute-Spoon.webp 800w, https:\/\/www.mcallenflatware.com\/wp-content\/uploads\/2025\/02\/wholesale-Cute-Spoon-150x150.webp 150w, https:\/\/www.mcallenflatware.com\/wp-content\/uploads\/2025\/02\/wholesale-Cute-Spoon-768x768.webp 768w, https:\/\/www.mcallenflatware.com\/wp-content\/uploads\/2025\/02\/wholesale-Cute-Spoon-12x12.webp 12w, https:\/\/www.mcallenflatware.com\/wp-content\/uploads\/2025\/02\/wholesale-Cute-Spoon-600x600.webp 600w, https:\/\/www.mcallenflatware.com\/wp-content\/uploads\/2025\/02\/wholesale-Cute-Spoon-300x300.webp 300w, https:\/\/www.mcallenflatware.com\/wp-content\/uploads\/2025\/02\/wholesale-Cute-Spoon-100x100.webp 100w\" sizes=\"(max-width: 800px) 100vw, 800px\" \/><\/figure>\n<\/div><\/div>\n<\/div>\n\n\n\n<div class=\"wp-block-columns is-layout-flex wp-container-core-columns-is-layout-9d6595d7 wp-block-columns-is-layout-flex\">\n<div class=\"wp-block-column is-layout-flow wp-block-column-is-layout-flow\"><\/div>\n\n\n\n<div class=\"wp-block-column is-layout-flow wp-block-column-is-layout-flow\"><\/div>\n<\/div>","protected":false},"excerpt":{"rendered":"<p>Gro\u00dfhandel niedlichen L\u00f6ffel mit Katze Pfote Design, aus hochwertigem Edelstahl, geeignet f\u00fcr Desserts, Eis, etc. Genie\u00dfen Sie Mengenrabatte, Fabrikpreise und ma\u00dfgeschneiderte Dienstleistungen. Willkommen zu erkundigen heute!<\/p>\n<h2>Niedlicher L\u00f6ffel Attribute:<\/h2>\n<p><strong>Markenname:<\/strong> Mcallen<br \/><strong>Material:<\/strong> Rostfreier Stahl<br \/><strong>Farbe:<\/strong> Silber, Gold, Ros\u00e9gold, Regenbogen<br \/><strong>Entwurf:<\/strong> Katzenkralle L\u00f6ffel Design<br \/><strong>Vorlaufzeit f\u00fcr Muster:<\/strong> Innerhalb von 3 Tagen<br \/><strong>OEM\/ODM:<\/strong> Verf\u00fcgbar<\/p>\n<h2>Niedlicher L\u00f6ffel:<\/h2>\n<p><strong>Rostfreier Stahl:<\/strong> Rostfreier Stahl 18\/10, 304, 316, 410, 430, 420<br \/><strong>Logo:<\/strong> Lasergravur, Siebdruck, UV-Druck, Thermotransferdruck, Pr\u00e4gung, usw.<br \/><strong>Verpacken:<\/strong> 4\/8\/12\/16\/20\/24\/45\/48\/72pcs set<br \/><strong>Oberfl\u00e4chenausf\u00fchrungen:<\/strong> Hochglanzpoliert, mattiert, wasserpoliert, Titanbeschichtung<br \/><strong>Verpackung:<\/strong> Bulk, Opp Tasche, Farbe Box, Geschenk-Box, ma\u00dfgeschneiderte<\/p>","protected":false},"featured_media":1673,"template":"","meta":[],"product_brand":[],"product_cat":[23,38],"product_tag":[],"class_list":{"0":"post-1672","1":"product","2":"type-product","3":"status-publish","4":"has-post-thumbnail","6":"product_cat-wholesale-flatware","7":"product_cat-stainless-steel-spoons-wholesale","9":"first","10":"instock","11":"shipping-taxable","12":"product-type-simple"},"_links":{"self":[{"href":"https:\/\/www.mcallenflatware.com\/de\/wp-json\/wp\/v2\/product\/1672","targetHints":{"allow":["GET"]}}],"collection":[{"href":"https:\/\/www.mcallenflatware.com\/de\/wp-json\/wp\/v2\/product"}],"about":[{"href":"https:\/\/www.mcallenflatware.com\/de\/wp-json\/wp\/v2\/types\/product"}],"wp:featuredmedia":[{"embeddable":true,"href":"https:\/\/www.mcallenflatware.com\/de\/wp-json\/wp\/v2\/media\/1673"}],"wp:attachment":[{"href":"https:\/\/www.mcallenflatware.com\/de\/wp-json\/wp\/v2\/media?parent=1672"}],"wp:term":[{"taxonomy":"product_brand","embeddable":true,"href":"https:\/\/www.mcallenflatware.com\/de\/wp-json\/wp\/v2\/product_brand?post=1672"},{"taxonomy":"product_cat","embeddable":true,"href":"https:\/\/www.mcallenflatware.com\/de\/wp-json\/wp\/v2\/product_cat?post=1672"},{"taxonomy":"product_tag","embeddable":true,"href":"https:\/\/www.mcallenflatware.com\/de\/wp-json\/wp\/v2\/product_tag?post=1672"}],"curies":[{"name":"wp","href":"https:\/\/api.w.org\/{rel}","templated":true}]}}