{"id":1674,"date":"2025-03-12T11:42:56","date_gmt":"2025-03-12T11:42:56","guid":{"rendered":"https:\/\/www.mcallenflatware.com\/?post_type=product&#038;p=1674"},"modified":"2025-03-12T11:44:49","modified_gmt":"2025-03-12T11:44:49","slug":"wholesale-feather-spoon","status":"publish","type":"product","link":"https:\/\/www.mcallenflatware.com\/de\/product\/wholesale-feather-spoon\/","title":{"rendered":"Gro\u00dfhandel Feder L\u00f6ffel, Edelstahl L\u00f6ffel Bulk"},"content":{"rendered":"<div class=\"wp-block-columns is-layout-flex wp-container-core-columns-is-layout-9d6595d7 wp-block-columns-is-layout-flex\">\n<div class=\"wp-block-column is-layout-flow wp-block-column-is-layout-flow\">\n<h2 class=\"wp-block-heading\">Federl\u00f6ffel Merkmale:<\/h2>\n\n\n\n<p><strong>Einzigartiges Design: <\/strong>Das Design des Federl\u00f6ffelgriffs verleiht dem L\u00f6ffel eine k\u00fcnstlerische Sch\u00f6nheit und unterstreicht den Stil des Essens.<\/p>\n\n\n\n<p><strong>Hochwertige Materialien: <\/strong>Aus hochwertigem Edelstahl gefertigt, ist der L\u00f6ffel langlebig und leicht zu reinigen und bleibt lange Zeit gl\u00e4nzend und neu.<\/p>\n\n\n\n<p><strong>Leichtes Gef\u00fchl:<\/strong> Das Design des federf\u00f6rmigen L\u00f6ffelstiels ist nicht nur sch\u00f6n, sondern auch leicht und angenehm zu halten.<\/p>\n\n\n\n<p><strong>Breite Anwendbarkeit: <\/strong>Die mitgelieferten L\u00f6ffel und Gabeln im gleichen Design eignen sich f\u00fcr den Alltag in der Familie, im Restaurant, auf Partys und bei anderen Gelegenheiten und bringen Spa\u00df beim Essen.<\/p>\n\n\n\n<p><strong>Verschiedene Farboptionen: <\/strong>Wir bieten klassisches Gold und Silber, elegantes Ros\u00e9gold, modernes Schwarz und galvanisierte Regenbogenfarben an, weitere individuelle Farben k\u00f6nnen gerne angepasst werden.<\/p>\n<\/div>\n\n\n\n<div class=\"wp-block-column is-layout-flow wp-block-column-is-layout-flow\"><div class=\"wp-block-image\">\n<figure class=\"aligncenter size-full\"><img decoding=\"async\" width=\"1000\" height=\"1000\" src=\"https:\/\/www.mcallenflatware.com\/wp-content\/uploads\/2025\/02\/wholesale-Feather-spoon.webp\" alt=\"Gro\u00dfhandel Federl\u00f6ffel\" class=\"wp-image-1675\" style=\"object-fit:cover\" srcset=\"https:\/\/www.mcallenflatware.com\/wp-content\/uploads\/2025\/02\/wholesale-Feather-spoon.webp 1000w, https:\/\/www.mcallenflatware.com\/wp-content\/uploads\/2025\/02\/wholesale-Feather-spoon-150x150.webp 150w, https:\/\/www.mcallenflatware.com\/wp-content\/uploads\/2025\/02\/wholesale-Feather-spoon-768x768.webp 768w, https:\/\/www.mcallenflatware.com\/wp-content\/uploads\/2025\/02\/wholesale-Feather-spoon-12x12.webp 12w, https:\/\/www.mcallenflatware.com\/wp-content\/uploads\/2025\/02\/wholesale-Feather-spoon-600x600.webp 600w, https:\/\/www.mcallenflatware.com\/wp-content\/uploads\/2025\/02\/wholesale-Feather-spoon-300x300.webp 300w, https:\/\/www.mcallenflatware.com\/wp-content\/uploads\/2025\/02\/wholesale-Feather-spoon-100x100.webp 100w\" sizes=\"(max-width: 1000px) 100vw, 1000px\" \/><\/figure>\n<\/div><\/div>\n<\/div>\n\n\n\n<div class=\"wp-block-columns is-layout-flex wp-container-core-columns-is-layout-9d6595d7 wp-block-columns-is-layout-flex\">\n<div class=\"wp-block-column is-layout-flow wp-block-column-is-layout-flow\"><\/div>\n\n\n\n<div class=\"wp-block-column is-layout-flow wp-block-column-is-layout-flow\"><\/div>\n<\/div>","protected":false},"excerpt":{"rendered":"<p>Willkommen im Gro\u00dfhandel Federl\u00f6ffel, bieten eine Vielzahl von Farboptionen, elegant und interessant kann f\u00fcr Eis, Desserts, Fr\u00fcchte, etc. verwendet werden. Unterst\u00fctzung der Anpassung und Mengenrabatte! Willkommen zu erkundigen f\u00fcr kostenlose Proben!<\/p>\n<h2>Eigenschaften des Federl\u00f6ffels<\/h2>\n<p><strong>Markenname:<\/strong> Mcallen<br \/><strong>Material:<\/strong> Rostfreier Stahl<br \/><strong>Farbe:<\/strong> Gold, Silber, Schwarz, Rose Gold, Regenbogenfarbe<br \/><strong>Entwurf:<\/strong> Form der Feder<br \/><strong>Vorlaufzeit f\u00fcr Muster:<\/strong> Innerhalb von 3 Tagen<br \/><strong>OEM\/ODM:<\/strong> Verf\u00fcgbar<\/p>\n<h2>Individueller Federl\u00f6ffel:<\/h2>\n<p><strong>Rostfreier Stahl:<\/strong> Rostfreier Stahl 18\/10, 304, 316, 410, 430, 420<br \/><strong>Logo:<\/strong> Lasergravur, Siebdruck, UV-Druck, Thermotransferdruck, Pr\u00e4gung, usw.<br \/><strong>Verpacken:<\/strong> 4\/8\/12\/16\/20\/24\/45\/48\/72pcs set<br \/><strong>Oberfl\u00e4chenausf\u00fchrungen:<\/strong> Hochglanzpoliert, mattiert, wasserpoliert, Titanbeschichtung<br \/><strong>Verpackung:<\/strong> Bulk, Opp Tasche, Farbe Box, Geschenk-Box, ma\u00dfgeschneiderte<\/p>","protected":false},"featured_media":1675,"template":"","meta":[],"product_brand":[],"product_cat":[23,38],"product_tag":[],"class_list":{"0":"post-1674","1":"product","2":"type-product","3":"status-publish","4":"has-post-thumbnail","6":"product_cat-wholesale-flatware","7":"product_cat-stainless-steel-spoons-wholesale","9":"first","10":"instock","11":"shipping-taxable","12":"product-type-simple"},"_links":{"self":[{"href":"https:\/\/www.mcallenflatware.com\/de\/wp-json\/wp\/v2\/product\/1674","targetHints":{"allow":["GET"]}}],"collection":[{"href":"https:\/\/www.mcallenflatware.com\/de\/wp-json\/wp\/v2\/product"}],"about":[{"href":"https:\/\/www.mcallenflatware.com\/de\/wp-json\/wp\/v2\/types\/product"}],"wp:featuredmedia":[{"embeddable":true,"href":"https:\/\/www.mcallenflatware.com\/de\/wp-json\/wp\/v2\/media\/1675"}],"wp:attachment":[{"href":"https:\/\/www.mcallenflatware.com\/de\/wp-json\/wp\/v2\/media?parent=1674"}],"wp:term":[{"taxonomy":"product_brand","embeddable":true,"href":"https:\/\/www.mcallenflatware.com\/de\/wp-json\/wp\/v2\/product_brand?post=1674"},{"taxonomy":"product_cat","embeddable":true,"href":"https:\/\/www.mcallenflatware.com\/de\/wp-json\/wp\/v2\/product_cat?post=1674"},{"taxonomy":"product_tag","embeddable":true,"href":"https:\/\/www.mcallenflatware.com\/de\/wp-json\/wp\/v2\/product_tag?post=1674"}],"curies":[{"name":"wp","href":"https:\/\/api.w.org\/{rel}","templated":true}]}}