{"id":1678,"date":"2025-03-12T11:19:24","date_gmt":"2025-03-12T11:19:24","guid":{"rendered":"https:\/\/www.mcallenflatware.com\/?post_type=product&#038;p=1678"},"modified":"2025-03-12T11:20:08","modified_gmt":"2025-03-12T11:20:08","slug":"wholesale-coffee-stirring-spoon","status":"publish","type":"product","link":"https:\/\/www.mcallenflatware.com\/de\/product\/wholesale-coffee-stirring-spoon\/","title":{"rendered":"Gro\u00dfhandel Kaffee R\u00fchren L\u00f6ffel Edelstahl, Planet Obst Gabel Custom"},"content":{"rendered":"<div class=\"wp-block-columns is-layout-flex wp-container-core-columns-is-layout-9d6595d7 wp-block-columns-is-layout-flex\">\n<div class=\"wp-block-column is-layout-flow wp-block-column-is-layout-flow\">\n<h2 class=\"wp-block-heading\">Kaffee-R\u00fchrl\u00f6ffel Eigenschaften:<\/h2>\n\n\n\n<p><strong>Planet Stick L\u00f6ffelstiel Design: <\/strong>kreativen Planeten Form Griff, eine Vielzahl von Farbe Texturen, bequemen Griff, interessant und attraktiv.<\/p>\n\n\n\n<p><strong>Leichte Form: <\/strong>Abgerundete Kanten, moderate L\u00e4nge, speziell f\u00fcr das Umr\u00fchren von Kaffee entwickelt, leichtes Umr\u00fchren.<\/p>\n\n\n\n<p><strong>Funktional und praktisch:<\/strong> mit runder L\u00f6ffel- und Gabelvariante, kann f\u00fcr Kaffee, Tee und andere Getr\u00e4nke oder Obstdesserts verwendet werden.<\/p>\n\n\n\n<p><strong>Ausgezeichnetes Material: <\/strong>Edelstahl in Lebensmittelqualit\u00e4t, langlebig, leicht zu reinigen, sicher und hygienisch.<\/p>\n<\/div>\n\n\n\n<div class=\"wp-block-column is-layout-flow wp-block-column-is-layout-flow\">\n<figure class=\"wp-block-image size-full is-resized\"><img decoding=\"async\" width=\"800\" height=\"800\" src=\"https:\/\/www.mcallenflatware.com\/wp-content\/uploads\/2025\/02\/wholesale-coffee-stirring-spoon-8.webp\" alt=\"Gro\u00dfhandel Kaffee R\u00fchrl\u00f6ffel\" class=\"wp-image-1682\" style=\"width:341px;height:auto\" srcset=\"https:\/\/www.mcallenflatware.com\/wp-content\/uploads\/2025\/02\/wholesale-coffee-stirring-spoon-8.webp 800w, https:\/\/www.mcallenflatware.com\/wp-content\/uploads\/2025\/02\/wholesale-coffee-stirring-spoon-8-150x150.webp 150w, https:\/\/www.mcallenflatware.com\/wp-content\/uploads\/2025\/02\/wholesale-coffee-stirring-spoon-8-768x768.webp 768w, https:\/\/www.mcallenflatware.com\/wp-content\/uploads\/2025\/02\/wholesale-coffee-stirring-spoon-8-12x12.webp 12w, https:\/\/www.mcallenflatware.com\/wp-content\/uploads\/2025\/02\/wholesale-coffee-stirring-spoon-8-600x600.webp 600w, https:\/\/www.mcallenflatware.com\/wp-content\/uploads\/2025\/02\/wholesale-coffee-stirring-spoon-8-300x300.webp 300w, https:\/\/www.mcallenflatware.com\/wp-content\/uploads\/2025\/02\/wholesale-coffee-stirring-spoon-8-100x100.webp 100w\" sizes=\"(max-width: 800px) 100vw, 800px\" \/><\/figure>\n<\/div>\n<\/div>\n\n\n\n<div class=\"wp-block-columns is-layout-flex wp-container-core-columns-is-layout-9d6595d7 wp-block-columns-is-layout-flex\">\n<div class=\"wp-block-column is-layout-flow wp-block-column-is-layout-flow\"><\/div>\n\n\n\n<div class=\"wp-block-column is-layout-flow wp-block-column-is-layout-flow\"><\/div>\n<\/div>","protected":false},"excerpt":{"rendered":"<p>Willkommen im Gro\u00dfhandel Kaffeer\u00fchrl\u00f6ffel und Fruchtgabel, Planetengriff Design, stilvoll und attraktiv, aus hochwertigem Edelstahl 304, perfekt f\u00fcr Caf\u00e9s und Restaurants. Wir bieten ma\u00dfgeschneiderte Dienstleistungen und globalen Versand zu wettbewerbsf\u00e4higen Preisen. Kontaktieren Sie uns jetzt f\u00fcr eine kostenlose Probe!<\/p>\n<h2>Eigenschaften des Kaffeer\u00fchrl\u00f6ffels<\/h2>\n<p><strong>Markenname:<\/strong> Mcallen<br \/><strong>Material:<\/strong> Rostfreier Stahl<br \/><strong>Farbe:<\/strong> Multicolor<br \/><strong>Entwurf:<\/strong> Planetenstab-Design<br \/><strong>Vorlaufzeit f\u00fcr Muster:<\/strong> Innerhalb von 3 Tagen<br \/><strong>OEM\/ODM:<\/strong> Verf\u00fcgbar<\/p>\n<h2>Individueller R\u00fchrl\u00f6ffel f\u00fcr Kaffee:<\/h2>\n<p><strong>Rostfreier Stahl:<\/strong> Rostfreier Stahl 18\/10, 304, 316, 410, 430, 420<br \/><strong>Logo:<\/strong> Lasergravur, Siebdruck, UV-Druck, Thermotransferdruck, Pr\u00e4gung, usw.<br \/><strong>Verpacken:<\/strong> 4\/8\/12\/16\/20\/24\/45\/48\/72pcs set<br \/><strong>Oberfl\u00e4chenausf\u00fchrungen:<\/strong> Hochglanzpoliert, mattiert, wasserpoliert, Titanbeschichtung<br \/><strong>Verpackung:<\/strong> Bulk, Opp Tasche, Farbe Box, Geschenk-Box, ma\u00dfgeschneiderte<\/p>","protected":false},"featured_media":1685,"template":"","meta":[],"product_brand":[],"product_cat":[23,38],"product_tag":[],"class_list":{"0":"post-1678","1":"product","2":"type-product","3":"status-publish","4":"has-post-thumbnail","6":"product_cat-wholesale-flatware","7":"product_cat-stainless-steel-spoons-wholesale","9":"first","10":"instock","11":"shipping-taxable","12":"product-type-simple"},"_links":{"self":[{"href":"https:\/\/www.mcallenflatware.com\/de\/wp-json\/wp\/v2\/product\/1678","targetHints":{"allow":["GET"]}}],"collection":[{"href":"https:\/\/www.mcallenflatware.com\/de\/wp-json\/wp\/v2\/product"}],"about":[{"href":"https:\/\/www.mcallenflatware.com\/de\/wp-json\/wp\/v2\/types\/product"}],"wp:featuredmedia":[{"embeddable":true,"href":"https:\/\/www.mcallenflatware.com\/de\/wp-json\/wp\/v2\/media\/1685"}],"wp:attachment":[{"href":"https:\/\/www.mcallenflatware.com\/de\/wp-json\/wp\/v2\/media?parent=1678"}],"wp:term":[{"taxonomy":"product_brand","embeddable":true,"href":"https:\/\/www.mcallenflatware.com\/de\/wp-json\/wp\/v2\/product_brand?post=1678"},{"taxonomy":"product_cat","embeddable":true,"href":"https:\/\/www.mcallenflatware.com\/de\/wp-json\/wp\/v2\/product_cat?post=1678"},{"taxonomy":"product_tag","embeddable":true,"href":"https:\/\/www.mcallenflatware.com\/de\/wp-json\/wp\/v2\/product_tag?post=1678"}],"curies":[{"name":"wp","href":"https:\/\/api.w.org\/{rel}","templated":true}]}}