{"id":1757,"date":"2025-03-14T06:50:33","date_gmt":"2025-03-14T06:50:33","guid":{"rendered":"https:\/\/www.mcallenflatware.com\/?post_type=product&#038;p=1757"},"modified":"2025-03-15T02:43:45","modified_gmt":"2025-03-15T02:43:45","slug":"wholesale-childrens-cutlery","status":"publish","type":"product","link":"https:\/\/www.mcallenflatware.com\/de\/product\/wholesale-childrens-cutlery\/","title":{"rendered":"Gro\u00dfhandel Kinderbesteck, tragbare Besteck mit Silikongriff Bulk"},"content":{"rendered":"<h2 class=\"wp-block-heading\">Kinderbesteck Merkmale:<\/h2>\n\n\n\n<div class=\"wp-block-columns is-layout-flex wp-container-core-columns-is-layout-9d6595d7 wp-block-columns-is-layout-flex\">\n<div class=\"wp-block-column is-layout-flow wp-block-column-is-layout-flow\" style=\"flex-basis:66.66%\">\n<p><strong>Sicheres Material:<\/strong> Hergestellt aus 304 Edelstahl, ist es verschlei\u00dffest und kann f\u00fcr eine lange Zeit verwendet werden. Der Griff ist aus lebensmittelechtem Silikon hergestellt, das sicher und ungiftig ist.<\/p>\n\n\n\n<p><strong>Ergonomisches Design: <\/strong>Gr\u00f6\u00dfe und Form sind speziell f\u00fcr Kinder konzipiert, und der rutschfeste Gummigriff ist f\u00fcr Kinder leicht zu greifen und hilft dem Baby, besser zu kontrollieren.<\/p>\n\n\n\n<p><strong>Runde Kante:<\/strong> Der runde Rand ist poliert, um Kratzer am Baby zu vermeiden.<\/p>\n\n\n\n<p><strong>Nettes Aussehen: <\/strong>Es sind verschiedene Farben erh\u00e4ltlich (leuchtendes Orange, Gr\u00fcn, Rosa usw.), um das Interesse am Essen zu steigern.<\/p>\n\n\n\n<p><strong>Leicht zu reinigen: <\/strong>Der gl\u00e4nzende Edelstahlteil ist glatt und fleckenunempfindlich und kann in der Sp\u00fclmaschine gereinigt werden.<\/p>\n\n\n\n<p><strong>Mit tragbarer PVC-Box: <\/strong>Das Kinderbesteck mit einer transparenten PVC-Box und einer Messer-Gabel-L\u00f6ffel-Kombination, geeignet f\u00fcr Outdoor-Camping.<\/p>\n<\/div>\n\n\n\n<div class=\"wp-block-column is-layout-flow wp-block-column-is-layout-flow\" style=\"flex-basis:33.33%\">\n<figure class=\"wp-block-image size-full\"><img decoding=\"async\" src=\"https:\/\/www.mcallenflatware.com\/wp-content\/uploads\/2025\/03\/wholesale-childrens-cutlery-3.webp\" alt=\"Gro\u00dfhandel f\u00fcr Kinderbesteck\" class=\"wp-image-1780\"\/><\/figure>\n<\/div>\n<\/div>","protected":false},"excerpt":{"rendered":"<p>Das Gro\u00dfhandels-Kinderbesteck ist aus lebensmittelechtem Material und einem weichen Silikongriff gefertigt. Mit runden Kanten und bunten Optionen zieht es die Aufmerksamkeit des Babys auf sich und steigert das Interesse am Essen. Es ist das meistverkaufte Kindergeschirr. Bitte kontaktieren Sie uns f\u00fcr Gro\u00dfbestellungen.<\/p>\n<h2>Attribute von Kinderbesteck<\/h2>\n<p><strong>Markenname:<\/strong> Mcallen<br \/><strong>Material:<\/strong> Rostfreier Stahl<br \/><strong>Farbe: <\/strong> Orange, Gr\u00fcn, Rosa<br \/><strong>Polieren:<\/strong> Hochglanzpoliert<br \/><strong>Gestaltung<\/strong><strong>:<\/strong> mit Silikongriff<br \/><strong>Vorlaufzeit f\u00fcr Muster:<\/strong> Innerhalb von 3 Tagen<br \/><strong>OEM\/ODM:<\/strong> Verf\u00fcgbar<\/p>\n<h2>Individuelles Kinderbesteck:<\/h2>\n<p><strong>Rostfreier Stahl:<\/strong> Rostfreier Stahl 18\/10, 304, 316, 410, 430, 420<br \/><strong>Logo:<\/strong> Lasergravur, Siebdruck, UV-Druck, Thermotransferdruck, Pr\u00e4gung, etc.<br \/><strong>Verpacken:<\/strong> 4\/8\/12\/16\/20\/24\/45\/48\/72pcs set<br \/><strong>Oberfl\u00e4chenausf\u00fchrungen:<\/strong> Hochglanzpoliert, mattiert, wasserpoliert, Titanbeschichtung<br \/><strong>Verpackung:<\/strong> Bulk, Opp Tasche, Farbe Box, Geschenk-Box, ma\u00dfgeschneiderte<\/p>","protected":false},"featured_media":1788,"template":"","meta":[],"product_brand":[],"product_cat":[28,23],"product_tag":[],"class_list":{"0":"post-1757","1":"product","2":"type-product","3":"status-publish","4":"has-post-thumbnail","6":"product_cat-childrens-cutlery-set-wholesale","7":"product_cat-wholesale-flatware","9":"first","10":"instock","11":"shipping-taxable","12":"product-type-simple"},"_links":{"self":[{"href":"https:\/\/www.mcallenflatware.com\/de\/wp-json\/wp\/v2\/product\/1757","targetHints":{"allow":["GET"]}}],"collection":[{"href":"https:\/\/www.mcallenflatware.com\/de\/wp-json\/wp\/v2\/product"}],"about":[{"href":"https:\/\/www.mcallenflatware.com\/de\/wp-json\/wp\/v2\/types\/product"}],"wp:featuredmedia":[{"embeddable":true,"href":"https:\/\/www.mcallenflatware.com\/de\/wp-json\/wp\/v2\/media\/1788"}],"wp:attachment":[{"href":"https:\/\/www.mcallenflatware.com\/de\/wp-json\/wp\/v2\/media?parent=1757"}],"wp:term":[{"taxonomy":"product_brand","embeddable":true,"href":"https:\/\/www.mcallenflatware.com\/de\/wp-json\/wp\/v2\/product_brand?post=1757"},{"taxonomy":"product_cat","embeddable":true,"href":"https:\/\/www.mcallenflatware.com\/de\/wp-json\/wp\/v2\/product_cat?post=1757"},{"taxonomy":"product_tag","embeddable":true,"href":"https:\/\/www.mcallenflatware.com\/de\/wp-json\/wp\/v2\/product_tag?post=1757"}],"curies":[{"name":"wp","href":"https:\/\/api.w.org\/{rel}","templated":true}]}}