{"id":1763,"date":"2025-03-14T08:29:35","date_gmt":"2025-03-14T08:29:35","guid":{"rendered":"https:\/\/www.mcallenflatware.com\/?post_type=product&#038;p=1763"},"modified":"2025-03-14T12:06:12","modified_gmt":"2025-03-14T12:06:12","slug":"wholesale-kids-cutlery-2","status":"publish","type":"product","link":"https:\/\/www.mcallenflatware.com\/de\/product\/wholesale-kids-cutlery-2\/","title":{"rendered":"Gro\u00dfhandel Kinder Besteck mit Silikongriff, Messer Gabeln L\u00f6ffel Bulk"},"content":{"rendered":"<h2 class=\"wp-block-heading\">Kinder-Besteck Merkmale:<\/h2>\n\n\n\n<div class=\"wp-block-columns is-layout-flex wp-container-core-columns-is-layout-9d6595d7 wp-block-columns-is-layout-flex\">\n<div class=\"wp-block-column is-layout-flow wp-block-column-is-layout-flow\" style=\"flex-basis:66.66%\">\n<p><strong>Hochwertiger rostfreier Stahl<\/strong>: Hergestellt aus lebensmittelechtem Edelstahl 316, wird oft in hochwertigen K\u00fcchenger\u00e4ten verwendet, sicher und gesund f\u00fcr Kinder.<\/p>\n\n\n\n<p><strong>Griff aus Silikon<\/strong>: Der Griff ist aus weichem, lebensmittelechtem Silikon gefertigt, bequem, rutschfest und einfach zu halten, leicht und einfach zu bedienen.<\/p>\n\n\n\n<p><strong>Abgerundete Kanten<\/strong>: Die Kanten des Kinderbestecks sind glatt und abgerundet, um Kratzer an den empfindlichen M\u00fcndern und H\u00e4nden der Kinder zu vermeiden.<\/p>\n\n\n\n<p><strong>Leicht zu reinigen:<\/strong> Kind ist resistent gegen hohe Temperaturen und Korrosion, kann direkt in die Sp\u00fclmaschine gestellt werden. Der Silikongriff ist nicht leicht, Bakterien zu z\u00fcchten.<\/p>\n\n\n\n<p><strong>Satte Farben:<\/strong> Der Silikongriff bietet eine Vielzahl von hellen Farben zur Anpassung, unterst\u00fctzt verschiedene Farben, um die verschiedenen Bed\u00fcrfnisse zu erf\u00fcllen.<\/p>\n\n\n\n<p><strong>Tragbar und praktisch:<\/strong> Das Gewicht eines einzelnen Besteckteils betr\u00e4gt \u226450 g, was dem Belastungsbereich von Kinderhandgelenken entspricht. Das Kinderbesteck ist klein und tragbar.<\/p>\n<\/div>\n\n\n\n<div class=\"wp-block-column is-layout-flow wp-block-column-is-layout-flow\" style=\"flex-basis:33.33%\"><div class=\"wp-block-image\">\n<figure class=\"aligncenter size-full\"><img decoding=\"async\" width=\"1200\" height=\"1657\" src=\"https:\/\/www.mcallenflatware.com\/wp-content\/uploads\/2025\/03\/wholesale-kids-cutlery-316-stainless-steel.webp\" alt=\"Kinderbesteck\" class=\"wp-image-1766\" style=\"object-fit:cover\" srcset=\"https:\/\/www.mcallenflatware.com\/wp-content\/uploads\/2025\/03\/wholesale-kids-cutlery-316-stainless-steel.webp 1200w, https:\/\/www.mcallenflatware.com\/wp-content\/uploads\/2025\/03\/wholesale-kids-cutlery-316-stainless-steel-768x1060.webp 768w, https:\/\/www.mcallenflatware.com\/wp-content\/uploads\/2025\/03\/wholesale-kids-cutlery-316-stainless-steel-9x12.webp 9w, https:\/\/www.mcallenflatware.com\/wp-content\/uploads\/2025\/03\/wholesale-kids-cutlery-316-stainless-steel-600x829.webp 600w\" sizes=\"(max-width: 1200px) 100vw, 1200px\" \/><\/figure>\n<\/div><\/div>\n<\/div>","protected":false},"excerpt":{"rendered":"<p>Willkommen bei anpassen und Gro\u00dfhandel Kinderbesteck, der Silikongriff ist sicher und weich f\u00fcr Kinder zu verwenden, mit niedlichen Farben und einem praktischen Design. Es ist eine ideale Wahl f\u00fcr die Kinderbesteck Markt! Fabrikpreis, Unterst\u00fctzung Amazon Verk\u00e4ufe, willkommen, uns f\u00fcr freie Anfrage zu kontaktieren!<\/p>\n<h2>Attribute von Kinderbesteck<\/h2>\n<p><strong>Markenname:<\/strong> Mcallen<br \/><strong>Material:<\/strong> Rostfreier Stahl<br \/><strong>Farbe: <\/strong> Orange, Gr\u00fcn<br \/><strong>Polieren:<\/strong> Hochglanzpoliert<br \/><strong>Gestaltung<\/strong><strong>:<\/strong> mit Silikongriff<br \/><strong>Vorlaufzeit f\u00fcr Muster:<\/strong> Innerhalb von 3 Tagen<br \/><strong>OEM\/ODM:<\/strong> Verf\u00fcgbar<\/p>\n<h2>Individuelles Kinderbesteck:<\/h2>\n<p><strong>Rostfreier Stahl:<\/strong> Rostfreier Stahl 18\/10, 304, 316, 410, 430, 420<br \/><strong>Logo:<\/strong> Lasergravur, Siebdruck, UV-Druck, Thermotransferdruck, Pr\u00e4gung, etc.<br \/><strong>Verpacken:<\/strong> 4\/8\/12\/16\/20\/24\/45\/48\/72pcs set<br \/><strong>Oberfl\u00e4chenausf\u00fchrungen:<\/strong> Hochglanzpoliert, mattiert, wasserpoliert, Titanbeschichtung<br \/><strong>Verpackung:<\/strong> Bulk, Opp Tasche, Farbe Box, Geschenk-Box, ma\u00dfgeschneiderte<\/p>","protected":false},"featured_media":1765,"template":"","meta":[],"product_brand":[],"product_cat":[23,28],"product_tag":[],"class_list":{"0":"post-1763","1":"product","2":"type-product","3":"status-publish","4":"has-post-thumbnail","6":"product_cat-wholesale-flatware","7":"product_cat-childrens-cutlery-set-wholesale","9":"first","10":"instock","11":"shipping-taxable","12":"product-type-simple"},"_links":{"self":[{"href":"https:\/\/www.mcallenflatware.com\/de\/wp-json\/wp\/v2\/product\/1763","targetHints":{"allow":["GET"]}}],"collection":[{"href":"https:\/\/www.mcallenflatware.com\/de\/wp-json\/wp\/v2\/product"}],"about":[{"href":"https:\/\/www.mcallenflatware.com\/de\/wp-json\/wp\/v2\/types\/product"}],"wp:featuredmedia":[{"embeddable":true,"href":"https:\/\/www.mcallenflatware.com\/de\/wp-json\/wp\/v2\/media\/1765"}],"wp:attachment":[{"href":"https:\/\/www.mcallenflatware.com\/de\/wp-json\/wp\/v2\/media?parent=1763"}],"wp:term":[{"taxonomy":"product_brand","embeddable":true,"href":"https:\/\/www.mcallenflatware.com\/de\/wp-json\/wp\/v2\/product_brand?post=1763"},{"taxonomy":"product_cat","embeddable":true,"href":"https:\/\/www.mcallenflatware.com\/de\/wp-json\/wp\/v2\/product_cat?post=1763"},{"taxonomy":"product_tag","embeddable":true,"href":"https:\/\/www.mcallenflatware.com\/de\/wp-json\/wp\/v2\/product_tag?post=1763"}],"curies":[{"name":"wp","href":"https:\/\/api.w.org\/{rel}","templated":true}]}}