{"id":1768,"date":"2025-09-24T10:26:25","date_gmt":"2025-09-24T10:26:25","guid":{"rendered":"https:\/\/www.mcallenflatware.com\/?post_type=product&#038;p=1768"},"modified":"2025-09-24T10:39:33","modified_gmt":"2025-09-24T10:39:33","slug":"wholesale-hammered-flatware","status":"publish","type":"product","link":"https:\/\/www.mcallenflatware.com\/de\/product\/wholesale-hammered-flatware\/","title":{"rendered":"Gro\u00dfhandel geh\u00e4mmert Besteck, Gold Silber Besteck Set Bulk"},"content":{"rendered":"<div class=\"wp-block-columns is-layout-flex wp-container-core-columns-is-layout-9d6595d7 wp-block-columns-is-layout-flex\">\n<div class=\"wp-block-column is-layout-flow wp-block-column-is-layout-flow\">\n<h2 class=\"wp-block-heading\">Geh\u00e4mmertes Besteck Merkmale:<\/h2>\n\n\n\n<p><strong>Hochwertiger rostfreier Stahl<\/strong>: Hergestellt aus lebensmittelechtem Edelstahl 304\/316, sicher und ungiftig, rostfrei und korrosionsbest\u00e4ndig, verdicktes Design, robust und langlebig.<\/p>\n\n\n\n<p><strong>Hammermusterentwurf<\/strong>: Das einzigartige Hammermuster-Design kombiniert moderne und Retro-Stilen, um die Textur und das Gef\u00fchl zu verbessern, ist stilvoll und sch\u00f6n, und erh\u00f6ht die Qualit\u00e4t und visuellen Genuss des Esstischs.<\/p>\n\n\n\n<p><strong>Anti-Rutsch-Design<\/strong>: Die Oberfl\u00e4che mit dem Hammermuster ist griffiger, rutsch- und sturzsicherer und l\u00e4sst sich bequemer bedienen.<\/p>\n\n\n\n<p><strong>Ergonomische Gestaltung<\/strong>: Geringes Gewicht, ergonomisches Design, glatte Kanten ohne Kratzer, angenehm zu halten.<\/p>\n\n\n\n<p><strong>Mehrere Farboptionen<\/strong>: Es gibt eine Vielzahl von Farben wie Gold und Silber zur Auswahl, und eine pers\u00f6nliche Farbanpassung wird unterst\u00fctzt.<\/p>\n<\/div>\n\n\n\n<div class=\"wp-block-column is-layout-flow wp-block-column-is-layout-flow\"><div class=\"wp-block-image\">\n<figure class=\"aligncenter size-full\"><img decoding=\"async\" width=\"800\" height=\"800\" src=\"https:\/\/www.mcallenflatware.com\/wp-content\/uploads\/2025\/03\/wholesale-hammered-flatware-3.webp\" alt=\"Gro\u00dfhandel f\u00fcr geh\u00e4mmerte Bestecke 3\" class=\"wp-image-1772\" style=\"object-fit:cover\" srcset=\"https:\/\/www.mcallenflatware.com\/wp-content\/uploads\/2025\/03\/wholesale-hammered-flatware-3.webp 800w, https:\/\/www.mcallenflatware.com\/wp-content\/uploads\/2025\/03\/wholesale-hammered-flatware-3-150x150.webp 150w, https:\/\/www.mcallenflatware.com\/wp-content\/uploads\/2025\/03\/wholesale-hammered-flatware-3-768x768.webp 768w, https:\/\/www.mcallenflatware.com\/wp-content\/uploads\/2025\/03\/wholesale-hammered-flatware-3-12x12.webp 12w, https:\/\/www.mcallenflatware.com\/wp-content\/uploads\/2025\/03\/wholesale-hammered-flatware-3-600x600.webp 600w, https:\/\/www.mcallenflatware.com\/wp-content\/uploads\/2025\/03\/wholesale-hammered-flatware-3-300x300.webp 300w, https:\/\/www.mcallenflatware.com\/wp-content\/uploads\/2025\/03\/wholesale-hammered-flatware-3-100x100.webp 100w\" sizes=\"(max-width: 800px) 100vw, 800px\" \/><\/figure>\n<\/div><\/div>\n<\/div>\n\n\n\n<div class=\"wp-block-columns is-layout-flex wp-container-core-columns-is-layout-9d6595d7 wp-block-columns-is-layout-flex\">\n<div class=\"wp-block-column is-layout-flow wp-block-column-is-layout-flow\"><\/div>\n\n\n\n<div class=\"wp-block-column is-layout-flow wp-block-column-is-layout-flow\"><\/div>\n<\/div>","protected":false},"excerpt":{"rendered":"<p>Unsere Gro\u00dfhandel geh\u00e4mmert Besteck ist aus hochwertigem Edelstahl gefertigt, und das einzigartige Design verbessert die visuelle Attraktivit\u00e4t und Benutzererfahrung. Hochwertige Fertigung, Bulk Customization Rabatte! Willkommen bei uns f\u00fcr die beste L\u00f6sung zu kontaktieren!<\/p>\n<h2>Geh\u00e4mmerte Bestecke Attribute<\/h2>\n<p><strong>Markenname:<\/strong> Mcallen<br \/><strong>Material:<\/strong> Rostfreier Stahl<br \/><strong>Farbe:<\/strong> Gold, Silber<br \/><strong>Entwurf:<\/strong> Geh\u00e4mmertes Design<br \/><strong>Vorlaufzeit f\u00fcr Muster:<\/strong> Innerhalb von 3 Tagen<br \/><strong>OEM\/ODM:<\/strong> Verf\u00fcgbar<\/p>\n<h2>Individuell geh\u00e4mmertes Besteck:<\/h2>\n<p><strong>Rostfreier Stahl:<\/strong> Rostfreier Stahl 18\/10, 304, 316, 410, 430, 420<br \/><strong>Logo:<\/strong> Lasergravur, Siebdruck, UV-Druck, Thermotransferdruck, Pr\u00e4gung, etc.<br \/><strong>Verpacken:<\/strong> 4\/8\/12\/16\/20\/24\/45\/48\/72pcs set<br \/><strong>Oberfl\u00e4chenausf\u00fchrungen:<\/strong> Hochglanzpoliert, mattiert, wasserpoliert, Titanbeschichtung<br \/><strong>Verpackung:<\/strong> Bulk, Opp Tasche, Farbe Box, Geschenk-Box, ma\u00dfgeschneiderte<\/p>","protected":false},"featured_media":1770,"template":"","meta":[],"product_brand":[],"product_cat":[23,29],"product_tag":[],"class_list":{"0":"post-1768","1":"product","2":"type-product","3":"status-publish","4":"has-post-thumbnail","6":"product_cat-wholesale-flatware","7":"product_cat-bulk-flatware","9":"first","10":"instock","11":"shipping-taxable","12":"product-type-simple"},"_links":{"self":[{"href":"https:\/\/www.mcallenflatware.com\/de\/wp-json\/wp\/v2\/product\/1768","targetHints":{"allow":["GET"]}}],"collection":[{"href":"https:\/\/www.mcallenflatware.com\/de\/wp-json\/wp\/v2\/product"}],"about":[{"href":"https:\/\/www.mcallenflatware.com\/de\/wp-json\/wp\/v2\/types\/product"}],"wp:featuredmedia":[{"embeddable":true,"href":"https:\/\/www.mcallenflatware.com\/de\/wp-json\/wp\/v2\/media\/1770"}],"wp:attachment":[{"href":"https:\/\/www.mcallenflatware.com\/de\/wp-json\/wp\/v2\/media?parent=1768"}],"wp:term":[{"taxonomy":"product_brand","embeddable":true,"href":"https:\/\/www.mcallenflatware.com\/de\/wp-json\/wp\/v2\/product_brand?post=1768"},{"taxonomy":"product_cat","embeddable":true,"href":"https:\/\/www.mcallenflatware.com\/de\/wp-json\/wp\/v2\/product_cat?post=1768"},{"taxonomy":"product_tag","embeddable":true,"href":"https:\/\/www.mcallenflatware.com\/de\/wp-json\/wp\/v2\/product_tag?post=1768"}],"curies":[{"name":"wp","href":"https:\/\/api.w.org\/{rel}","templated":true}]}}