{"id":1804,"date":"2025-03-20T02:27:31","date_gmt":"2025-03-20T02:27:31","guid":{"rendered":"https:\/\/www.mcallenflatware.com\/?post_type=product&#038;p=1804"},"modified":"2025-03-26T08:19:32","modified_gmt":"2025-03-26T08:19:32","slug":"wholesale-unusual-flatware-sets","status":"publish","type":"product","link":"https:\/\/www.mcallenflatware.com\/de\/product\/wholesale-unusual-flatware-sets\/","title":{"rendered":"Gro\u00dfhandel Ungew\u00f6hnliche Besteck-Sets, mythische Poseidon Besteck Bulk"},"content":{"rendered":"<div class=\"wp-block-columns is-layout-flex wp-container-core-columns-is-layout-9d6595d7 wp-block-columns-is-layout-flex\">\n<div class=\"wp-block-column is-layout-flow wp-block-column-is-layout-flow\">\n<h2 class=\"wp-block-heading\">Ungew\u00f6hnliche Bestecks\u00e4tze Merkmale:<\/h2>\n\n\n\n<p><strong>Einzigartiges Design: <\/strong>mit Elementen wie dem Dreizack des Poseidon, der Macht und maritime Eleganz zeigt, einzigartig und attraktiv<\/p>\n\n\n\n<p><strong>Hochwertiges Material: <\/strong>lebensmittelechter Edelstahl, korrosionsbest\u00e4ndig, leicht zu reinigen und lang anhaltender Glanz.<\/p>\n\n\n\n<p><strong>Ergonomischer Griff:<\/strong> bietet einen komfortablen Griff und eine reibungslose Nutzung.<\/p>\n\n\n\n<p><strong>Galvanisierungsverfahren:<\/strong> mit dem Galvanisierungsverfahren, eine Vielzahl von Farboptionen, nat\u00fcrlichen tiefen Glanz, nicht leicht zu verblassen.<\/p>\n\n\n\n<p><strong>Szenen\u00fcbergreifende Anpassung: <\/strong>Bankette, Haus, Geschenke k\u00f6nnen alle kontrolliert werden und zeigen Geschmack.<\/p>\n\n\n\n<p>W<strong>L\u00f6chriger Anpassungsservice: <\/strong>Unterst\u00fctzung von LOGO und anderen Anpassungen an die Bed\u00fcrfnisse der Marke.<\/p>\n<\/div>\n\n\n\n<div class=\"wp-block-column is-layout-flow wp-block-column-is-layout-flow\"><div class=\"wp-block-image\">\n<figure class=\"aligncenter size-full\"><img decoding=\"async\" width=\"800\" height=\"800\" src=\"https:\/\/www.mcallenflatware.com\/wp-content\/uploads\/2025\/03\/Wholesale-Unusual-Flatware-Sets-4.webp\" alt=\"Gro\u00dfhandel Ungew\u00f6hnliche Bestecks\u00e4tze (4)\" class=\"wp-image-1809\" style=\"aspect-ratio:1;object-fit:cover\" srcset=\"https:\/\/www.mcallenflatware.com\/wp-content\/uploads\/2025\/03\/Wholesale-Unusual-Flatware-Sets-4.webp 800w, https:\/\/www.mcallenflatware.com\/wp-content\/uploads\/2025\/03\/Wholesale-Unusual-Flatware-Sets-4-150x150.webp 150w, https:\/\/www.mcallenflatware.com\/wp-content\/uploads\/2025\/03\/Wholesale-Unusual-Flatware-Sets-4-768x768.webp 768w, https:\/\/www.mcallenflatware.com\/wp-content\/uploads\/2025\/03\/Wholesale-Unusual-Flatware-Sets-4-12x12.webp 12w, https:\/\/www.mcallenflatware.com\/wp-content\/uploads\/2025\/03\/Wholesale-Unusual-Flatware-Sets-4-600x600.webp 600w, https:\/\/www.mcallenflatware.com\/wp-content\/uploads\/2025\/03\/Wholesale-Unusual-Flatware-Sets-4-300x300.webp 300w, https:\/\/www.mcallenflatware.com\/wp-content\/uploads\/2025\/03\/Wholesale-Unusual-Flatware-Sets-4-100x100.webp 100w\" sizes=\"(max-width: 800px) 100vw, 800px\" \/><\/figure>\n<\/div><\/div>\n<\/div>\n\n\n\n<div class=\"wp-block-columns is-layout-flex wp-container-core-columns-is-layout-9d6595d7 wp-block-columns-is-layout-flex\">\n<div class=\"wp-block-column is-layout-flow wp-block-column-is-layout-flow\"><div class=\"wp-block-image\">\n<figure class=\"aligncenter size-full\"><img decoding=\"async\" width=\"800\" height=\"800\" src=\"https:\/\/www.mcallenflatware.com\/wp-content\/uploads\/2025\/03\/Wholesale-Unusual-Flatware-Sets-5.webp\" alt=\"Gro\u00dfhandel Ungew\u00f6hnliche Bestecks\u00e4tze (5)\" class=\"wp-image-1810\" style=\"aspect-ratio:1;object-fit:cover\" srcset=\"https:\/\/www.mcallenflatware.com\/wp-content\/uploads\/2025\/03\/Wholesale-Unusual-Flatware-Sets-5.webp 800w, https:\/\/www.mcallenflatware.com\/wp-content\/uploads\/2025\/03\/Wholesale-Unusual-Flatware-Sets-5-150x150.webp 150w, https:\/\/www.mcallenflatware.com\/wp-content\/uploads\/2025\/03\/Wholesale-Unusual-Flatware-Sets-5-768x768.webp 768w, https:\/\/www.mcallenflatware.com\/wp-content\/uploads\/2025\/03\/Wholesale-Unusual-Flatware-Sets-5-12x12.webp 12w, https:\/\/www.mcallenflatware.com\/wp-content\/uploads\/2025\/03\/Wholesale-Unusual-Flatware-Sets-5-600x600.webp 600w, https:\/\/www.mcallenflatware.com\/wp-content\/uploads\/2025\/03\/Wholesale-Unusual-Flatware-Sets-5-300x300.webp 300w, https:\/\/www.mcallenflatware.com\/wp-content\/uploads\/2025\/03\/Wholesale-Unusual-Flatware-Sets-5-100x100.webp 100w\" sizes=\"(max-width: 800px) 100vw, 800px\" \/><\/figure>\n<\/div><\/div>\n\n\n\n<div class=\"wp-block-column is-layout-flow wp-block-column-is-layout-flow\"><div class=\"wp-block-image\">\n<figure class=\"aligncenter size-full\"><img decoding=\"async\" width=\"800\" height=\"800\" src=\"https:\/\/www.mcallenflatware.com\/wp-content\/uploads\/2025\/03\/Wholesale-Unusual-Flatware-Sets.webp\" alt=\"Gro\u00dfhandel Ungew\u00f6hnliche Besteck-Sets\" class=\"wp-image-1805\" style=\"aspect-ratio:1;object-fit:cover\" srcset=\"https:\/\/www.mcallenflatware.com\/wp-content\/uploads\/2025\/03\/Wholesale-Unusual-Flatware-Sets.webp 800w, https:\/\/www.mcallenflatware.com\/wp-content\/uploads\/2025\/03\/Wholesale-Unusual-Flatware-Sets-150x150.webp 150w, https:\/\/www.mcallenflatware.com\/wp-content\/uploads\/2025\/03\/Wholesale-Unusual-Flatware-Sets-768x768.webp 768w, https:\/\/www.mcallenflatware.com\/wp-content\/uploads\/2025\/03\/Wholesale-Unusual-Flatware-Sets-12x12.webp 12w, https:\/\/www.mcallenflatware.com\/wp-content\/uploads\/2025\/03\/Wholesale-Unusual-Flatware-Sets-600x600.webp 600w, https:\/\/www.mcallenflatware.com\/wp-content\/uploads\/2025\/03\/Wholesale-Unusual-Flatware-Sets-300x300.webp 300w, https:\/\/www.mcallenflatware.com\/wp-content\/uploads\/2025\/03\/Wholesale-Unusual-Flatware-Sets-100x100.webp 100w\" sizes=\"(max-width: 800px) 100vw, 800px\" \/><\/figure>\n<\/div><\/div>\n\n\n\n<div class=\"wp-block-column is-layout-flow wp-block-column-is-layout-flow\">\n<figure class=\"wp-block-image size-full\"><img decoding=\"async\" width=\"790\" height=\"920\" src=\"https:\/\/www.mcallenflatware.com\/wp-content\/uploads\/2025\/03\/Wholesale-Unusual-Flatware-Sets-3.webp\" alt=\"Gro\u00dfhandel Ungew\u00f6hnliche Besteck-Sets, mythische Poseidon Besteck Bulk\" class=\"wp-image-1808\" style=\"aspect-ratio:1;object-fit:cover\" srcset=\"https:\/\/www.mcallenflatware.com\/wp-content\/uploads\/2025\/03\/Wholesale-Unusual-Flatware-Sets-3.webp 790w, https:\/\/www.mcallenflatware.com\/wp-content\/uploads\/2025\/03\/Wholesale-Unusual-Flatware-Sets-3-768x894.webp 768w, https:\/\/www.mcallenflatware.com\/wp-content\/uploads\/2025\/03\/Wholesale-Unusual-Flatware-Sets-3-10x12.webp 10w, https:\/\/www.mcallenflatware.com\/wp-content\/uploads\/2025\/03\/Wholesale-Unusual-Flatware-Sets-3-600x699.webp 600w\" sizes=\"(max-width: 790px) 100vw, 790px\" \/><\/figure>\n<\/div>\n<\/div>","protected":false},"excerpt":{"rendered":"<p>Gro\u00dfhandel ungew\u00f6hnliche Besteck-Sets, aus hochwertigem Edelstahl, mit Poseidon Element Design und Galvanotechnik, ideal f\u00fcr einzigartige Restaurants oder Geschenke. Unterst\u00fctzung Gro\u00dfhandel und Anpassung, willkommen, uns f\u00fcr Proben zu kontaktieren.<\/p>\n<h2 id=\"block-792b966c-c506-49fa-b3c8-9881ee38a4f5\" class=\"block-editor-rich-text__editable block-editor-block-list__block wp-block is-selected wp-block-heading rich-text\" role=\"document\" contenteditable=\"true\" aria-multiline=\"true\" aria-label=\"Block: \u00dcberschrift\" data-block=\"792b966c-c506-49fa-b3c8-9881ee38a4f5\" data-type=\"core\/heading\" data-title=\"Heading\" data-wp-block-attribute-key=\"content\">Ungew\u00f6hnliche Bestecks\u00e4tze Attribute<\/h2>\n<p><strong>Markenname:<\/strong> Mcallen<br \/><strong>Material:<\/strong> Rostfreier Stahl<br \/><strong>Farbe:<\/strong>\u00a0 Silber, Glod, Schwarz, Rose Glod<br \/><strong>Entwurf: <\/strong>Der Dreizack des Poseidon\u00a0<br \/><strong>Vorlaufzeit f\u00fcr Muster:<\/strong> Innerhalb von 3 Tagen<br \/><strong>OEM\/ODM:<\/strong> Verf\u00fcgbar<\/p>\n<h2>Ungew\u00f6hnliche Bestecks\u00e4tze:<\/h2>\n<p><strong>Rostfreier Stahl:<\/strong> Rostfreier Stahl 18\/10, 304, 316, 410, 430, 420<br \/><strong>Logo:<\/strong> Lasergravur, Siebdruck\/UV-\/W\u00e4rmetransferdruck, Pr\u00e4gung, usw.<br \/><strong>Verpacken:<\/strong> 4\/8\/12\/16\/20\/24\/45\/48\/72pcs set<br \/><strong>Oberfl\u00e4chenausf\u00fchrungen:<\/strong> Hochglanzpoliert, mattiert, wasserpoliert, Titanbeschichtung<br \/><strong>Verpackung:<\/strong> Bulk, Opp Tasche, Farbe Box, Geschenk-Box, ma\u00dfgeschneiderte<\/p>","protected":false},"featured_media":1809,"template":"","meta":[],"product_brand":[],"product_cat":[23,29],"product_tag":[],"class_list":{"0":"post-1804","1":"product","2":"type-product","3":"status-publish","4":"has-post-thumbnail","6":"product_cat-wholesale-flatware","7":"product_cat-bulk-flatware","9":"first","10":"instock","11":"shipping-taxable","12":"product-type-simple"},"_links":{"self":[{"href":"https:\/\/www.mcallenflatware.com\/de\/wp-json\/wp\/v2\/product\/1804","targetHints":{"allow":["GET"]}}],"collection":[{"href":"https:\/\/www.mcallenflatware.com\/de\/wp-json\/wp\/v2\/product"}],"about":[{"href":"https:\/\/www.mcallenflatware.com\/de\/wp-json\/wp\/v2\/types\/product"}],"wp:featuredmedia":[{"embeddable":true,"href":"https:\/\/www.mcallenflatware.com\/de\/wp-json\/wp\/v2\/media\/1809"}],"wp:attachment":[{"href":"https:\/\/www.mcallenflatware.com\/de\/wp-json\/wp\/v2\/media?parent=1804"}],"wp:term":[{"taxonomy":"product_brand","embeddable":true,"href":"https:\/\/www.mcallenflatware.com\/de\/wp-json\/wp\/v2\/product_brand?post=1804"},{"taxonomy":"product_cat","embeddable":true,"href":"https:\/\/www.mcallenflatware.com\/de\/wp-json\/wp\/v2\/product_cat?post=1804"},{"taxonomy":"product_tag","embeddable":true,"href":"https:\/\/www.mcallenflatware.com\/de\/wp-json\/wp\/v2\/product_tag?post=1804"}],"curies":[{"name":"wp","href":"https:\/\/api.w.org\/{rel}","templated":true}]}}