{"id":1829,"date":"2025-03-26T08:24:09","date_gmt":"2025-03-26T08:24:09","guid":{"rendered":"https:\/\/www.mcallenflatware.com\/?post_type=product&#038;p=1829"},"modified":"2025-04-10T11:21:27","modified_gmt":"2025-04-10T11:21:27","slug":"bulk-flatware-for-wedding","status":"publish","type":"product","link":"https:\/\/www.mcallenflatware.com\/de\/product\/bulk-flatware-for-wedding\/","title":{"rendered":"Bulk Besteck f\u00fcr Hochzeit, Gold Silber Besteck Sets Custom"},"content":{"rendered":"<div class=\"wp-block-columns is-layout-flex wp-container-core-columns-is-layout-9d6595d7 wp-block-columns-is-layout-flex\">\n<div class=\"wp-block-column is-layout-flow wp-block-column-is-layout-flow\">\n<h2 class=\"wp-block-heading\">Eigenschaften von Besteck f\u00fcr die Hochzeit:<\/h2>\n\n\n\n<p><strong>Material: rostfreier Stahl: <\/strong>Hergestellt aus hochwertigem Edelstahl, sicher und ungiftig, langfristige Nutzung wie neu.<\/p>\n\n\n\n<p><strong>Exquisites Polieren:<\/strong> Jedes Besteckteil ist fein poliert, hat eine glatte Oberfl\u00e4che und scharfe Kanten, die das Schneiden zum Erlebnis machen.<\/p>\n\n\n\n<p><strong>Minimalistisches, modernes Design: <\/strong>Schlanke und sch\u00f6ne Linien, helles minimalistisches Design, sanftes Gef\u00fchl, das dem gedeckten Tisch Eleganz und Modernit\u00e4t verleiht, geeignet f\u00fcr Hochzeiten, Restaurants, etc.<\/p>\n\n\n\n<p><strong>Ergonomischer Griff:<\/strong> Das Design des Griffs entspricht den Grunds\u00e4tzen der Ergonomie, liegt bequem in der Hand und ist einfach zu bedienen.<\/p>\n\n\n\n<p><strong>Vielf\u00e4ltige Anpassungsdienste: <\/strong>Wir unterst\u00fctzen OEM- und ODM-Dienstleistungen und k\u00f6nnen je nach Kundenwunsch spezielle Designs, Gravuren, Markenlogos usw. entwerfen.<\/p>\n<\/div>\n\n\n\n<div class=\"wp-block-column is-layout-flow wp-block-column-is-layout-flow\"><div class=\"wp-block-image\">\n<figure class=\"aligncenter size-full\"><img decoding=\"async\" width=\"1200\" height=\"1200\" src=\"https:\/\/www.mcallenflatware.com\/wp-content\/uploads\/2025\/03\/bulk-flatware-for-wedding\uff0c-rostfreier-Stahl-Silber-Besteckgarnituren-individuell-1.webp\" alt=\"Bulk Besteck f\u00fcr Hochzeit, Edelstahl Silber Besteck-Sets benutzerdefinierte (1)\" class=\"wp-image-1835\" style=\"object-fit:cover\" srcset=\"\" sizes=\"(max-width: 1200px) 100vw, 1200px\" data-srcset=\"\" \/><\/figure>\n<\/div><\/div>\n<\/div>\n\n\n\n<div class=\"wp-block-columns is-layout-flex wp-container-core-columns-is-layout-9d6595d7 wp-block-columns-is-layout-flex\">\n<div class=\"wp-block-column is-layout-flow wp-block-column-is-layout-flow\">\n<figure class=\"wp-block-image size-full\"><img decoding=\"async\" width=\"800\" height=\"800\" src=\"https:\/\/www.mcallenflatware.com\/wp-content\/uploads\/2025\/04\/bulk-flatware-for-wedding\uff0c-stainless-steel-silver-cutlery-sets-custom-7.webp\" alt=\"Bulk-Besteck f\u00fcr Hochzeit, Edelstahl Silber Besteck-Sets benutzerdefinierte (7)\" class=\"wp-image-1947\" srcset=\"https:\/\/www.mcallenflatware.com\/wp-content\/uploads\/2025\/04\/bulk-flatware-for-wedding\uff0c-stainless-steel-silver-cutlery-sets-custom-7.webp 800w, https:\/\/www.mcallenflatware.com\/wp-content\/uploads\/2025\/04\/bulk-flatware-for-wedding\uff0c-stainless-steel-silver-cutlery-sets-custom-7-150x150.webp 150w, https:\/\/www.mcallenflatware.com\/wp-content\/uploads\/2025\/04\/bulk-flatware-for-wedding\uff0c-stainless-steel-silver-cutlery-sets-custom-7-768x768.webp 768w, https:\/\/www.mcallenflatware.com\/wp-content\/uploads\/2025\/04\/bulk-flatware-for-wedding\uff0c-stainless-steel-silver-cutlery-sets-custom-7-12x12.webp 12w, https:\/\/www.mcallenflatware.com\/wp-content\/uploads\/2025\/04\/bulk-flatware-for-wedding\uff0c-stainless-steel-silver-cutlery-sets-custom-7-600x600.webp 600w, https:\/\/www.mcallenflatware.com\/wp-content\/uploads\/2025\/04\/bulk-flatware-for-wedding\uff0c-stainless-steel-silver-cutlery-sets-custom-7-300x300.webp 300w, https:\/\/www.mcallenflatware.com\/wp-content\/uploads\/2025\/04\/bulk-flatware-for-wedding\uff0c-stainless-steel-silver-cutlery-sets-custom-7-100x100.webp 100w\" sizes=\"(max-width: 800px) 100vw, 800px\" \/><\/figure>\n<\/div>\n\n\n\n<div class=\"wp-block-column is-layout-flow wp-block-column-is-layout-flow\">\n<figure class=\"wp-block-image size-full\"><img decoding=\"async\" width=\"800\" height=\"800\" src=\"https:\/\/www.mcallenflatware.com\/wp-content\/uploads\/2025\/04\/bulk-flatware-for-wedding\uff0c-stainless-steel-silver-cutlery-sets-custom-5.webp\" alt=\"Bulk-Besteck f\u00fcr Hochzeit, Edelstahl Silber Besteck-Sets benutzerdefinierte (5)\" class=\"wp-image-1946\" srcset=\"https:\/\/www.mcallenflatware.com\/wp-content\/uploads\/2025\/04\/bulk-flatware-for-wedding\uff0c-stainless-steel-silver-cutlery-sets-custom-5.webp 800w, https:\/\/www.mcallenflatware.com\/wp-content\/uploads\/2025\/04\/bulk-flatware-for-wedding\uff0c-stainless-steel-silver-cutlery-sets-custom-5-150x150.webp 150w, https:\/\/www.mcallenflatware.com\/wp-content\/uploads\/2025\/04\/bulk-flatware-for-wedding\uff0c-stainless-steel-silver-cutlery-sets-custom-5-768x768.webp 768w, https:\/\/www.mcallenflatware.com\/wp-content\/uploads\/2025\/04\/bulk-flatware-for-wedding\uff0c-stainless-steel-silver-cutlery-sets-custom-5-12x12.webp 12w, https:\/\/www.mcallenflatware.com\/wp-content\/uploads\/2025\/04\/bulk-flatware-for-wedding\uff0c-stainless-steel-silver-cutlery-sets-custom-5-600x600.webp 600w, https:\/\/www.mcallenflatware.com\/wp-content\/uploads\/2025\/04\/bulk-flatware-for-wedding\uff0c-stainless-steel-silver-cutlery-sets-custom-5-300x300.webp 300w, https:\/\/www.mcallenflatware.com\/wp-content\/uploads\/2025\/04\/bulk-flatware-for-wedding\uff0c-stainless-steel-silver-cutlery-sets-custom-5-100x100.webp 100w\" sizes=\"(max-width: 800px) 100vw, 800px\" \/><\/figure>\n<\/div>\n\n\n\n<div class=\"wp-block-column is-layout-flow wp-block-column-is-layout-flow\">\n<figure class=\"wp-block-image size-full\"><img decoding=\"async\" width=\"800\" height=\"800\" src=\"https:\/\/www.mcallenflatware.com\/wp-content\/uploads\/2025\/04\/bulk-flatware-for-wedding\uff0c-stainless-steel-silver-cutlery-sets-custom-6.webp\" alt=\"Bulk-Besteck f\u00fcr Hochzeit, Edelstahl Silber Besteck-Sets benutzerdefinierte (6)\" class=\"wp-image-1941\" srcset=\"https:\/\/www.mcallenflatware.com\/wp-content\/uploads\/2025\/04\/bulk-flatware-for-wedding\uff0c-stainless-steel-silver-cutlery-sets-custom-6.webp 800w, https:\/\/www.mcallenflatware.com\/wp-content\/uploads\/2025\/04\/bulk-flatware-for-wedding\uff0c-stainless-steel-silver-cutlery-sets-custom-6-150x150.webp 150w, https:\/\/www.mcallenflatware.com\/wp-content\/uploads\/2025\/04\/bulk-flatware-for-wedding\uff0c-stainless-steel-silver-cutlery-sets-custom-6-768x768.webp 768w, https:\/\/www.mcallenflatware.com\/wp-content\/uploads\/2025\/04\/bulk-flatware-for-wedding\uff0c-stainless-steel-silver-cutlery-sets-custom-6-12x12.webp 12w, https:\/\/www.mcallenflatware.com\/wp-content\/uploads\/2025\/04\/bulk-flatware-for-wedding\uff0c-stainless-steel-silver-cutlery-sets-custom-6-600x600.webp 600w, https:\/\/www.mcallenflatware.com\/wp-content\/uploads\/2025\/04\/bulk-flatware-for-wedding\uff0c-stainless-steel-silver-cutlery-sets-custom-6-300x300.webp 300w, https:\/\/www.mcallenflatware.com\/wp-content\/uploads\/2025\/04\/bulk-flatware-for-wedding\uff0c-stainless-steel-silver-cutlery-sets-custom-6-100x100.webp 100w\" sizes=\"(max-width: 800px) 100vw, 800px\" \/><\/figure>\n<\/div>\n<\/div>","protected":false},"excerpt":{"rendered":"<p>Gro\u00dfes Besteck f\u00fcr Hochzeiten, hergestellt aus hochwertigem Edelstahl, mit glatter und heller Oberfl\u00e4che und modernem, minimalistischem Design. Es ist geeignet f\u00fcr Hochzeiten, t\u00e4gliches Essen, Hotel-Restaurants und jede Gelegenheit. Wir unterst\u00fctzen Besteck-Set benutzerdefinierte und stabile &amp; Bulk-Versorgung, kontaktieren Sie uns bitte f\u00fcr ein Angebot!<\/p>\n<h2 id=\"block-792b966c-c506-49fa-b3c8-9881ee38a4f5\" class=\"block-editor-rich-text__editable block-editor-block-list__block wp-block is-selected wp-block-heading rich-text\" role=\"document\" contenteditable=\"true\" aria-multiline=\"true\" aria-label=\"Block: \u00dcberschrift\" data-block=\"792b966c-c506-49fa-b3c8-9881ee38a4f5\" data-type=\"core\/heading\" data-title=\"Heading\" data-wp-block-attribute-key=\"content\">Attribute von Besteck f\u00fcr die Hochzeit:<\/h2>\n<p><strong>Markenname:<\/strong> Mcallen<br \/><strong>Material:<\/strong> Rostfreier Stahl<br \/><strong>Farbe:<\/strong>\u00a0 Silber, Gold<br \/><strong>Entwurf:<\/strong> Hochglanzpoliert<br \/><strong>Vorlaufzeit f\u00fcr Muster:<\/strong> Innerhalb von 3 Tagen<br \/><strong>OEM\/ODM:<\/strong> Verf\u00fcgbar<\/p>\n<h2>Benutzerdefinierte Edelstahl-Besteck-Sets:<\/h2>\n<p><strong>Rostfreier Stahl:<\/strong> Rostfreier Stahl 18\/10, 304, 316, 410, 430, 420<br \/><strong>Logo:<\/strong> Lasergravur, Siebdruck\/UV\/W\u00e4rmetransferdruck, Pr\u00e4gung usw.<br \/><strong>Verpacken:<\/strong> 4\/8\/12\/16\/20\/24\/45\/48\/72pcs set<br \/><strong>Oberfl\u00e4chenausf\u00fchrungen:<\/strong> Hochglanzpoliert, mattiert, wasserpoliert, Titanbeschichtung<br \/><strong>Verpackung:<\/strong> Bulk, OPP-Beutel, Farbkarton, Geschenkkarton, kundenspezifisch<\/p>","protected":false},"featured_media":1835,"template":"","meta":[],"product_brand":[],"product_cat":[23,29],"product_tag":[],"class_list":{"0":"post-1829","1":"product","2":"type-product","3":"status-publish","4":"has-post-thumbnail","6":"product_cat-wholesale-flatware","7":"product_cat-bulk-flatware","9":"first","10":"instock","11":"shipping-taxable","12":"product-type-simple"},"_links":{"self":[{"href":"https:\/\/www.mcallenflatware.com\/de\/wp-json\/wp\/v2\/product\/1829","targetHints":{"allow":["GET"]}}],"collection":[{"href":"https:\/\/www.mcallenflatware.com\/de\/wp-json\/wp\/v2\/product"}],"about":[{"href":"https:\/\/www.mcallenflatware.com\/de\/wp-json\/wp\/v2\/types\/product"}],"wp:featuredmedia":[{"embeddable":true,"href":"https:\/\/www.mcallenflatware.com\/de\/wp-json\/wp\/v2\/media\/1835"}],"wp:attachment":[{"href":"https:\/\/www.mcallenflatware.com\/de\/wp-json\/wp\/v2\/media?parent=1829"}],"wp:term":[{"taxonomy":"product_brand","embeddable":true,"href":"https:\/\/www.mcallenflatware.com\/de\/wp-json\/wp\/v2\/product_brand?post=1829"},{"taxonomy":"product_cat","embeddable":true,"href":"https:\/\/www.mcallenflatware.com\/de\/wp-json\/wp\/v2\/product_cat?post=1829"},{"taxonomy":"product_tag","embeddable":true,"href":"https:\/\/www.mcallenflatware.com\/de\/wp-json\/wp\/v2\/product_tag?post=1829"}],"curies":[{"name":"wp","href":"https:\/\/api.w.org\/{rel}","templated":true}]}}