{"id":1852,"date":"2025-03-27T02:28:56","date_gmt":"2025-03-27T02:28:56","guid":{"rendered":"https:\/\/www.mcallenflatware.com\/?post_type=product&#038;p=1852"},"modified":"2025-04-10T10:41:11","modified_gmt":"2025-04-10T10:41:11","slug":"wholesale-stainless-cutlery-set","status":"publish","type":"product","link":"https:\/\/www.mcallenflatware.com\/de\/product\/wholesale-stainless-cutlery-set\/","title":{"rendered":"Gro\u00dfhandel Edelstahl-Besteck-Set, moderne geh\u00e4mmert Besteck in Bulk"},"content":{"rendered":"<div class=\"wp-block-columns is-layout-flex wp-container-core-columns-is-layout-9d6595d7 wp-block-columns-is-layout-flex\">\n<div class=\"wp-block-column is-layout-flow wp-block-column-is-layout-flow\">\n<h2 class=\"wp-block-heading\">Edelstahl-Besteck-Set Merkmale:<\/h2>\n\n\n\n<p><strong>Einzigartiges Fischschuppen-Design: <\/strong>Der Griff hat ein exquisites Fischschuppendesign, das das Besteck aus rostfreiem Stahl noch einzigartiger, attraktiver und angenehmer in der Hand macht und das Esserlebnis noch angenehmer macht.<\/p>\n\n\n\n<p><strong>Werkstoff Edelstahl 3041: <\/strong>W\u00e4hlen Sie hochwertigen Edelstahl mit ausgezeichneter Haltbarkeit, um eine langfristige Nutzung zu gew\u00e4hrleisten.<\/p>\n\n\n\n<p><strong>Bieten Sie eine Vielzahl von Farboptionen an: <\/strong>elegantes Ros\u00e9gold, klassisches Silber, modernes Schwarz und personalisierte Regenbogenfarben usw., Unterst\u00fctzung der Farbanpassung<\/p>\n\n\n\n<p><strong>Polierte, gl\u00e4nzende Oberfl\u00e4che:<\/strong> Das Besteckset aus Edelstahl hat eine glatte Oberfl\u00e4che, ist sch\u00f6n und leicht zu reinigen und kann in der Sp\u00fclmaschine gewaschen werden.<\/p>\n\n\n\n<p><strong>Breite Anwendbarkeit: <\/strong>Gro\u00dfhandelsgeschirr mit demselben Design, geeignet f\u00fcr verschiedene Orte wie Hotels, Restaurants, Caf\u00e9s usw., besonders geeignet f\u00fcr den Gro\u00dfeinkaufsbedarf in der Gastronomie.<\/p>\n\n\n\n<p><strong><span style=\"box-sizing: border-box; margin: 0px; padding: 0px;\">Kundenspezifisch<\/span> Dienstleistung<\/strong>: Wir bieten eine Vielzahl von Stilen und kundenspezifischen Dienstleistungen an und f\u00fchren personalisierte Anpassungen wie Gravuren und Verpackungen entsprechend den Bed\u00fcrfnissen der Gro\u00dfh\u00e4ndler durch.<\/p>\n<\/div>\n\n\n\n<div class=\"wp-block-column is-layout-flow wp-block-column-is-layout-flow\"><div class=\"wp-block-image\">\n<figure class=\"aligncenter size-full\"><img decoding=\"async\" width=\"800\" height=\"800\" src=\"https:\/\/www.mcallenflatware.com\/wp-content\/uploads\/2025\/03\/bulk-flatware-for-wedding\uff0c-stainless-steel-silver-cutlery-sets-custom-5.webp\" alt=\"Bulk-Besteck f\u00fcr Hochzeit, Edelstahl Silber Besteck-Sets benutzerdefinierte (5)\" class=\"wp-image-1839\" style=\"object-fit:cover\" srcset=\"https:\/\/www.mcallenflatware.com\/wp-content\/uploads\/2025\/03\/bulk-flatware-for-wedding\uff0c-stainless-steel-silver-cutlery-sets-custom-5.webp 800w, https:\/\/www.mcallenflatware.com\/wp-content\/uploads\/2025\/03\/bulk-flatware-for-wedding\uff0c-stainless-steel-silver-cutlery-sets-custom-5-150x150.webp 150w, https:\/\/www.mcallenflatware.com\/wp-content\/uploads\/2025\/03\/bulk-flatware-for-wedding\uff0c-stainless-steel-silver-cutlery-sets-custom-5-768x768.webp 768w, https:\/\/www.mcallenflatware.com\/wp-content\/uploads\/2025\/03\/bulk-flatware-for-wedding\uff0c-stainless-steel-silver-cutlery-sets-custom-5-12x12.webp 12w, https:\/\/www.mcallenflatware.com\/wp-content\/uploads\/2025\/03\/bulk-flatware-for-wedding\uff0c-stainless-steel-silver-cutlery-sets-custom-5-600x600.webp 600w, https:\/\/www.mcallenflatware.com\/wp-content\/uploads\/2025\/03\/bulk-flatware-for-wedding\uff0c-stainless-steel-silver-cutlery-sets-custom-5-300x300.webp 300w, https:\/\/www.mcallenflatware.com\/wp-content\/uploads\/2025\/03\/bulk-flatware-for-wedding\uff0c-stainless-steel-silver-cutlery-sets-custom-5-100x100.webp 100w\" sizes=\"(max-width: 800px) 100vw, 800px\" \/><\/figure>\n<\/div><\/div>\n<\/div>\n\n\n\n<div class=\"wp-block-columns is-layout-flex wp-container-core-columns-is-layout-9d6595d7 wp-block-columns-is-layout-flex\">\n<div class=\"wp-block-column is-layout-flow wp-block-column-is-layout-flow\">\n<figure class=\"wp-block-image size-full\"><img decoding=\"async\" width=\"1600\" height=\"1600\" src=\"https:\/\/www.mcallenflatware.com\/wp-content\/uploads\/2025\/04\/Wholesale-Stainless-Cutlery-Set-Modern-Dinnerware-Sets-in-Bulk-3.webp\" alt=\"Gro\u00dfhandel Edelstahl-Besteck Set Modernes Geschirr Sets in Bulk (3)\" class=\"wp-image-1952\" srcset=\"https:\/\/www.mcallenflatware.com\/wp-content\/uploads\/2025\/04\/Wholesale-Stainless-Cutlery-Set-Modern-Dinnerware-Sets-in-Bulk-3.webp 1600w, https:\/\/www.mcallenflatware.com\/wp-content\/uploads\/2025\/04\/Wholesale-Stainless-Cutlery-Set-Modern-Dinnerware-Sets-in-Bulk-3-150x150.webp 150w, https:\/\/www.mcallenflatware.com\/wp-content\/uploads\/2025\/04\/Wholesale-Stainless-Cutlery-Set-Modern-Dinnerware-Sets-in-Bulk-3-768x768.webp 768w, https:\/\/www.mcallenflatware.com\/wp-content\/uploads\/2025\/04\/Wholesale-Stainless-Cutlery-Set-Modern-Dinnerware-Sets-in-Bulk-3-12x12.webp 12w, https:\/\/www.mcallenflatware.com\/wp-content\/uploads\/2025\/04\/Wholesale-Stainless-Cutlery-Set-Modern-Dinnerware-Sets-in-Bulk-3-1200x1200.webp 1200w, https:\/\/www.mcallenflatware.com\/wp-content\/uploads\/2025\/04\/Wholesale-Stainless-Cutlery-Set-Modern-Dinnerware-Sets-in-Bulk-3-600x600.webp 600w, https:\/\/www.mcallenflatware.com\/wp-content\/uploads\/2025\/04\/Wholesale-Stainless-Cutlery-Set-Modern-Dinnerware-Sets-in-Bulk-3-300x300.webp 300w, https:\/\/www.mcallenflatware.com\/wp-content\/uploads\/2025\/04\/Wholesale-Stainless-Cutlery-Set-Modern-Dinnerware-Sets-in-Bulk-3-100x100.webp 100w\" sizes=\"(max-width: 1600px) 100vw, 1600px\" \/><\/figure>\n<\/div>\n\n\n\n<div class=\"wp-block-column is-layout-flow wp-block-column-is-layout-flow\">\n<figure class=\"wp-block-image size-full\"><img decoding=\"async\" width=\"1600\" height=\"1600\" src=\"https:\/\/www.mcallenflatware.com\/wp-content\/uploads\/2025\/04\/Wholesale-Stainless-Cutlery-Set-Modern-Dinnerware-Sets-in-Bulk-2.webp\" alt=\"Gro\u00dfhandel Edelstahl Besteck Set Modernes Essgeschirr Sets in Bulk (2)\" class=\"wp-image-1951\" srcset=\"https:\/\/www.mcallenflatware.com\/wp-content\/uploads\/2025\/04\/Wholesale-Stainless-Cutlery-Set-Modern-Dinnerware-Sets-in-Bulk-2.webp 1600w, https:\/\/www.mcallenflatware.com\/wp-content\/uploads\/2025\/04\/Wholesale-Stainless-Cutlery-Set-Modern-Dinnerware-Sets-in-Bulk-2-150x150.webp 150w, https:\/\/www.mcallenflatware.com\/wp-content\/uploads\/2025\/04\/Wholesale-Stainless-Cutlery-Set-Modern-Dinnerware-Sets-in-Bulk-2-768x768.webp 768w, https:\/\/www.mcallenflatware.com\/wp-content\/uploads\/2025\/04\/Wholesale-Stainless-Cutlery-Set-Modern-Dinnerware-Sets-in-Bulk-2-12x12.webp 12w, https:\/\/www.mcallenflatware.com\/wp-content\/uploads\/2025\/04\/Wholesale-Stainless-Cutlery-Set-Modern-Dinnerware-Sets-in-Bulk-2-1200x1200.webp 1200w, https:\/\/www.mcallenflatware.com\/wp-content\/uploads\/2025\/04\/Wholesale-Stainless-Cutlery-Set-Modern-Dinnerware-Sets-in-Bulk-2-600x600.webp 600w, https:\/\/www.mcallenflatware.com\/wp-content\/uploads\/2025\/04\/Wholesale-Stainless-Cutlery-Set-Modern-Dinnerware-Sets-in-Bulk-2-300x300.webp 300w, https:\/\/www.mcallenflatware.com\/wp-content\/uploads\/2025\/04\/Wholesale-Stainless-Cutlery-Set-Modern-Dinnerware-Sets-in-Bulk-2-100x100.webp 100w\" sizes=\"(max-width: 1600px) 100vw, 1600px\" \/><\/figure>\n<\/div>\n<\/div>","protected":false},"excerpt":{"rendered":"<p>Willkommen im Gro\u00dfhandel Edelstahl-Besteck-Set, das Fischschuppen-Muster-Design ist sch\u00f6n und praktisch, passt zu verschiedenen Essensszenen .Support Anpassung und Mengenrabatte! Kontaktieren Sie uns, um ein Angebot zu erhalten!<\/p>\n<h2>Edelstahl-Besteck-Set Attribute<\/h2>\n<p><strong>Markenname:<\/strong> Mcallen<br \/><strong>Material:<\/strong> Rostfreier Stahl<br \/><strong>Farbe:<\/strong> Gold, Silber, Schwarz, Rose Gold, Regenbogenfarbe<br \/><strong>Entwurf:<\/strong> Fischschuppen-Muster Design<br \/><strong>Vorlaufzeit f\u00fcr Muster:<\/strong> Innerhalb von 3 Tagen<br \/><strong>OEM\/ODM:<\/strong> Verf\u00fcgbar<\/p>\n<h2>Individuelles Edelstahl-Besteck-Set:<\/h2>\n<p><strong>Rostfreier Stahl:<\/strong> Rostfreier Stahl 18\/10, 304, 316, 410, 430, 420<br \/><strong>Logo:<\/strong> Lasergravur, Siebdruck, UV-Druck, Thermotransferdruck, Pr\u00e4gung, usw.<br \/><strong>Verpacken:<\/strong> 4\/8\/12\/16\/20\/24\/45\/48\/72pcs set<br \/><strong>Oberfl\u00e4chenausf\u00fchrungen:<\/strong> Hochglanzpoliert, mattiert, wasserpoliert, Titanbeschichtung<br \/><strong>Verpackung:<\/strong> Bulk, Opp Tasche, Farbe Box, Geschenk-Box, ma\u00dfgeschneiderte<\/p>","protected":false},"featured_media":1955,"template":"","meta":[],"product_brand":[],"product_cat":[23,29],"product_tag":[],"class_list":{"0":"post-1852","1":"product","2":"type-product","3":"status-publish","4":"has-post-thumbnail","6":"product_cat-wholesale-flatware","7":"product_cat-bulk-flatware","9":"first","10":"instock","11":"shipping-taxable","12":"product-type-simple"},"_links":{"self":[{"href":"https:\/\/www.mcallenflatware.com\/de\/wp-json\/wp\/v2\/product\/1852","targetHints":{"allow":["GET"]}}],"collection":[{"href":"https:\/\/www.mcallenflatware.com\/de\/wp-json\/wp\/v2\/product"}],"about":[{"href":"https:\/\/www.mcallenflatware.com\/de\/wp-json\/wp\/v2\/types\/product"}],"wp:featuredmedia":[{"embeddable":true,"href":"https:\/\/www.mcallenflatware.com\/de\/wp-json\/wp\/v2\/media\/1955"}],"wp:attachment":[{"href":"https:\/\/www.mcallenflatware.com\/de\/wp-json\/wp\/v2\/media?parent=1852"}],"wp:term":[{"taxonomy":"product_brand","embeddable":true,"href":"https:\/\/www.mcallenflatware.com\/de\/wp-json\/wp\/v2\/product_brand?post=1852"},{"taxonomy":"product_cat","embeddable":true,"href":"https:\/\/www.mcallenflatware.com\/de\/wp-json\/wp\/v2\/product_cat?post=1852"},{"taxonomy":"product_tag","embeddable":true,"href":"https:\/\/www.mcallenflatware.com\/de\/wp-json\/wp\/v2\/product_tag?post=1852"}],"curies":[{"name":"wp","href":"https:\/\/api.w.org\/{rel}","templated":true}]}}