{"id":1853,"date":"2025-03-27T02:56:13","date_gmt":"2025-03-27T02:56:13","guid":{"rendered":"https:\/\/www.mcallenflatware.com\/?post_type=product&#038;p=1853"},"modified":"2025-04-19T10:55:16","modified_gmt":"2025-04-19T10:55:16","slug":"custom-gold-cutlery-set","status":"publish","type":"product","link":"https:\/\/www.mcallenflatware.com\/de\/product\/custom-gold-cutlery-set\/","title":{"rendered":"Benutzerdefinierte Goldbestecksatz, einzigartige Besteck Gro\u00dfhandel"},"content":{"rendered":"<div class=\"wp-block-columns is-layout-flex wp-container-core-columns-is-layout-9d6595d7 wp-block-columns-is-layout-flex\">\n<div class=\"wp-block-column is-vertically-aligned-center is-layout-flow wp-block-column-is-layout-flow\">\n<h2 class=\"wp-block-heading\">Gold-Besteck-Set Merkmale:<\/h2>\n\n\n\n<p><strong>Einzigartiges Design des Weizen\u00e4hrengriffs: <\/strong>Der Griff ist in Form von Weizen\u00e4hren geschnitzt, mit klassischen Goldt\u00f6nen, nat\u00fcrlich und elegant, geeignet f\u00fcr gehobene Essanl\u00e4sse.<\/p>\n\n\n\n<p><strong>Hochwertiger rostfreier Stahl: <\/strong>Aus langlebigem und oxidationsbest\u00e4ndigem Edelstahl, rostet nicht und verf\u00e4rbt sich nicht, f\u00fcr den t\u00e4glichen Gebrauch geeignet und leicht zu reinigen.<\/p>\n\n\n\n<p>M<strong>spiegelpolierte Oberfl\u00e4che: <\/strong>Die Oberfl\u00e4che ist poliert, die Oberfl\u00e4che ist gl\u00e4nzend und glatt, und die Textur des Bestecksets ist verbessert.<\/p>\n\n\n\n<p><strong>Ma\u00dfgeschneiderter Service:<\/strong> Wir bieten kundenspezifische Dienstleistungen an und k\u00f6nnen die Farbe, Gr\u00f6\u00dfe, Verpackung und andere Details des Bestecksets anpassen.<\/p>\n<\/div>\n\n\n\n<div class=\"wp-block-column is-layout-flow wp-block-column-is-layout-flow\">\n<figure class=\"wp-block-image size-full\"><img decoding=\"async\" width=\"750\" height=\"750\" src=\"https:\/\/www.mcallenflatware.com\/wp-content\/uploads\/2025\/03\/Custom-Gold-Cutlery-Set-Unique-Flatware-Wholesale-1.webp\" alt=\"Individuelles Goldbesteck-Set, einzigartiges Besteck im Gro\u00dfhandel (1)\" class=\"wp-image-1830\" style=\"object-fit:cover\" srcset=\"https:\/\/www.mcallenflatware.com\/wp-content\/uploads\/2025\/03\/Custom-Gold-Cutlery-Set-Unique-Flatware-Wholesale-1.webp 750w, https:\/\/www.mcallenflatware.com\/wp-content\/uploads\/2025\/03\/Custom-Gold-Cutlery-Set-Unique-Flatware-Wholesale-1-150x150.webp 150w, https:\/\/www.mcallenflatware.com\/wp-content\/uploads\/2025\/03\/Custom-Gold-Cutlery-Set-Unique-Flatware-Wholesale-1-12x12.webp 12w, https:\/\/www.mcallenflatware.com\/wp-content\/uploads\/2025\/03\/Custom-Gold-Cutlery-Set-Unique-Flatware-Wholesale-1-600x600.webp 600w, https:\/\/www.mcallenflatware.com\/wp-content\/uploads\/2025\/03\/Custom-Gold-Cutlery-Set-Unique-Flatware-Wholesale-1-300x300.webp 300w, https:\/\/www.mcallenflatware.com\/wp-content\/uploads\/2025\/03\/Custom-Gold-Cutlery-Set-Unique-Flatware-Wholesale-1-100x100.webp 100w\" sizes=\"(max-width: 750px) 100vw, 750px\" \/><\/figure>\n<\/div>\n<\/div>","protected":false},"excerpt":{"rendered":"<p>Willkommen im Gro\u00dfhandel und passen Sie die Gold-Besteck-Set mit einzigartigen Weizen Ohr Muster Griffe, Lebensmittelqualit\u00e4t Edelstahl, glatt und gl\u00e4nzend, geeignet f\u00fcr High-End-Catering-Pl\u00e4tze. Wir bieten ma\u00dfgeschneiderte Dienstleistungen wie Farbe, Gr\u00f6\u00dfe und Verpackung. Willkommen zu erkundigen und fordern Sie kostenlose Proben!<\/p>\n<h2 id=\"block-792b966c-c506-49fa-b3c8-9881ee38a4f5\" class=\"block-editor-rich-text__editable block-editor-block-list__block wp-block is-selected wp-block-heading rich-text\" role=\"document\" contenteditable=\"true\" aria-multiline=\"true\" aria-label=\"Block: \u00dcberschrift\" data-block=\"792b966c-c506-49fa-b3c8-9881ee38a4f5\" data-type=\"core\/heading\" data-title=\"Heading\" data-wp-block-attribute-key=\"content\">Gold-Besteck-Set Attribute<\/h2>\n<p><strong>Markenname:<\/strong> Mcallen<br \/><strong>Material:<\/strong> Rostfreier Stahl<br \/><strong>Farbe:<\/strong>\u00a0 Gold<br \/><strong>Entwurf:<\/strong> Goldener Weizengriff<br \/><strong>Vorlaufzeit f\u00fcr Muster:<\/strong> Innerhalb von 3 Tagen<br \/><strong>OEM\/ODM:<\/strong> Verf\u00fcgbar<\/p>\n<h2>Individuelles Gold-Besteck-Set:<\/h2>\n<p><strong>Rostfreier Stahl:<\/strong> Rostfreier Stahl 18\/10, 304, 316, 410, 430, 420<br \/><strong>Logo:<\/strong> Lasergravur, Siebdruck\/UV\/W\u00e4rmetransferdruck, Pr\u00e4gung usw.<br \/><strong>Verpacken:<\/strong> 4\/8\/12\/16\/20\/24\/45\/48\/72pcs set<br \/><strong>Oberfl\u00e4chenausf\u00fchrungen:<\/strong> Hochglanzpoliert, mattiert, wasserpoliert, Titanbeschichtung<br \/><strong>Verpackung:<\/strong> Bulk, Opp Tasche, Farbe Box, Geschenk-Box, ma\u00dfgeschneiderte<\/p>","protected":false},"featured_media":1830,"template":"","meta":[],"product_brand":[],"product_cat":[23,29],"product_tag":[],"class_list":{"0":"post-1853","1":"product","2":"type-product","3":"status-publish","4":"has-post-thumbnail","6":"product_cat-wholesale-flatware","7":"product_cat-bulk-flatware","9":"first","10":"instock","11":"shipping-taxable","12":"product-type-simple"},"_links":{"self":[{"href":"https:\/\/www.mcallenflatware.com\/de\/wp-json\/wp\/v2\/product\/1853","targetHints":{"allow":["GET"]}}],"collection":[{"href":"https:\/\/www.mcallenflatware.com\/de\/wp-json\/wp\/v2\/product"}],"about":[{"href":"https:\/\/www.mcallenflatware.com\/de\/wp-json\/wp\/v2\/types\/product"}],"wp:featuredmedia":[{"embeddable":true,"href":"https:\/\/www.mcallenflatware.com\/de\/wp-json\/wp\/v2\/media\/1830"}],"wp:attachment":[{"href":"https:\/\/www.mcallenflatware.com\/de\/wp-json\/wp\/v2\/media?parent=1853"}],"wp:term":[{"taxonomy":"product_brand","embeddable":true,"href":"https:\/\/www.mcallenflatware.com\/de\/wp-json\/wp\/v2\/product_brand?post=1853"},{"taxonomy":"product_cat","embeddable":true,"href":"https:\/\/www.mcallenflatware.com\/de\/wp-json\/wp\/v2\/product_cat?post=1853"},{"taxonomy":"product_tag","embeddable":true,"href":"https:\/\/www.mcallenflatware.com\/de\/wp-json\/wp\/v2\/product_tag?post=1853"}],"curies":[{"name":"wp","href":"https:\/\/api.w.org\/{rel}","templated":true}]}}