{"id":1855,"date":"2025-03-27T07:21:02","date_gmt":"2025-03-27T07:21:02","guid":{"rendered":"https:\/\/www.mcallenflatware.com\/?post_type=product&#038;p=1855"},"modified":"2025-04-21T02:18:49","modified_gmt":"2025-04-21T02:18:49","slug":"wholesale-high-end-flatware","status":"publish","type":"product","link":"https:\/\/www.mcallenflatware.com\/de\/product\/wholesale-high-end-flatware\/","title":{"rendered":"Gro\u00dfhandel High-End-Besteck, Schwarz-Gold-Silber-Besteck-Set Bulk"},"content":{"rendered":"<div class=\"wp-block-columns is-layout-flex wp-container-core-columns-is-layout-9d6595d7 wp-block-columns-is-layout-flex\">\n<div class=\"wp-block-column is-vertically-aligned-center is-layout-flow wp-block-column-is-layout-flow\">\n<h2 class=\"wp-block-heading\">High-End-Besteck Merkmale:<\/h2>\n\n\n\n<p><strong>Hochwertiger rostfreier Stahl: <\/strong>Hergestellt aus lebensmittelechtem Edelstahl 304, sicher und ungiftig, verdicktes Design, langfristige Nutzung wie neu.<\/p>\n\n\n\n<p><strong>Doppelseitiges Schlangenschuppen-Design: <\/strong>Der Griff hat ein einzigartiges doppelseitiges Schlangenschuppen-Design, das einen feinen Sinn f\u00fcr Kunst zeigt und den Griff verbessert.<\/p>\n\n\n\n<p><strong>Mehrere Farben verf\u00fcgbar: <\/strong>Wir bieten eine Vielzahl einzigartiger Oberfl\u00e4chenfarben an, z. B. Schwarz, Ros\u00e9gold, Silber, Regenbogenfarben usw.<\/p>\n\n\n\n<p><strong>Mehrere S\u00e4tze von Kombinationen:<\/strong> Messer, Gabel, L\u00f6ffel, Suppenl\u00f6ffel, Servierl\u00f6ffel usw. im gleichen Design, geeignet f\u00fcr verschiedene Catering-Bed\u00fcrfnisse<\/p>\n\n\n\n<p><strong>Anpassungsdienst<\/strong>: Unterst\u00fctzung der Kundenanpassung, wie z.B. Markenlogo oder spezielles Muster und Verpackungsdesign, usw., was das Markenimage und die Einzigartigkeit des Bestecks weiter verbessern kann.<\/p>\n<\/div>\n\n\n\n<div class=\"wp-block-column is-layout-flow wp-block-column-is-layout-flow\"><div class=\"wp-block-image\">\n<figure class=\"aligncenter size-full\"><img decoding=\"async\" width=\"800\" height=\"800\" src=\"https:\/\/www.mcallenflatware.com\/wp-content\/uploads\/2025\/03\/Wholesale-High-end-Flatware-Black-Gold-Silver-Cutlery-Set-Bulk-1.webp\" alt=\"Gro\u00dfhandel High-End-Besteck, Schwarz-Gold-Silber-Besteck-Set Bulk (1)\" class=\"wp-image-1856\" style=\"object-fit:cover\" srcset=\"https:\/\/www.mcallenflatware.com\/wp-content\/uploads\/2025\/03\/Wholesale-High-end-Flatware-Black-Gold-Silver-Cutlery-Set-Bulk-1.webp 800w, https:\/\/www.mcallenflatware.com\/wp-content\/uploads\/2025\/03\/Wholesale-High-end-Flatware-Black-Gold-Silver-Cutlery-Set-Bulk-1-150x150.webp 150w, https:\/\/www.mcallenflatware.com\/wp-content\/uploads\/2025\/03\/Wholesale-High-end-Flatware-Black-Gold-Silver-Cutlery-Set-Bulk-1-768x768.webp 768w, https:\/\/www.mcallenflatware.com\/wp-content\/uploads\/2025\/03\/Wholesale-High-end-Flatware-Black-Gold-Silver-Cutlery-Set-Bulk-1-12x12.webp 12w, https:\/\/www.mcallenflatware.com\/wp-content\/uploads\/2025\/03\/Wholesale-High-end-Flatware-Black-Gold-Silver-Cutlery-Set-Bulk-1-600x600.webp 600w, https:\/\/www.mcallenflatware.com\/wp-content\/uploads\/2025\/03\/Wholesale-High-end-Flatware-Black-Gold-Silver-Cutlery-Set-Bulk-1-300x300.webp 300w, https:\/\/www.mcallenflatware.com\/wp-content\/uploads\/2025\/03\/Wholesale-High-end-Flatware-Black-Gold-Silver-Cutlery-Set-Bulk-1-100x100.webp 100w\" sizes=\"(max-width: 800px) 100vw, 800px\" \/><\/figure>\n<\/div><\/div>\n<\/div>","protected":false},"excerpt":{"rendered":"<p>Unser Gro\u00dfhandel High-End-Besteck ist aus hochwertigem Edelstahl gefertigt, und die Griffe haben doppelseitige Schlange Skala Design zur Verbesserung der visuellen Attraktivit\u00e4t. Bulk Gro\u00dfhandel, E-Commerce-Logistik-Service. Willkommen bei uns f\u00fcr ein Angebot zu kontaktieren!<\/p>\n<h2>High-End-Besteck Attribute<\/h2>\n<p><strong>Markenname:<\/strong> Mcallen<br \/><strong>Material:<\/strong> Rostfreier Stahl<br \/><strong>Farbe:<\/strong> Schwarz, Gold, Silber, Regenbogen<br \/><strong>Entwurf:\u00a0 <\/strong> Schlangenschuppen-Griffdesign\u00a0<br \/><strong>Vorlaufzeit f\u00fcr Muster:<\/strong> Innerhalb von 3 Tagen<br \/><strong>OEM\/ODM:<\/strong> Verf\u00fcgbar<\/p>\n<h2>Individuelles High-End-Besteck:<\/h2>\n<p><strong>Rostfreier Stahl:<\/strong> Rostfreier Stahl 18\/10, 304, 316, 410, 430, 420<br \/><strong>Logo:<\/strong> Lasergravur, Siebdruck, UV-Druck, Thermotransferdruck, Pr\u00e4gung, etc.<br \/><strong>Verpacken:<\/strong> 4\/8\/12\/16\/20\/24\/45\/48\/72pcs set<br \/><strong>Oberfl\u00e4chenausf\u00fchrungen:<\/strong> Hochglanzpoliert, mattiert, wasserpoliert, Titanbeschichtung<br \/><strong>Verpackung:<\/strong> Bulk, OPP-Beutel, Farbkarton, Geschenkkarton, kundenspezifisch<\/p>","protected":false},"featured_media":2035,"template":"","meta":[],"product_brand":[],"product_cat":[23,29],"product_tag":[],"class_list":{"0":"post-1855","1":"product","2":"type-product","3":"status-publish","4":"has-post-thumbnail","6":"product_cat-wholesale-flatware","7":"product_cat-bulk-flatware","9":"first","10":"instock","11":"shipping-taxable","12":"product-type-simple"},"_links":{"self":[{"href":"https:\/\/www.mcallenflatware.com\/de\/wp-json\/wp\/v2\/product\/1855","targetHints":{"allow":["GET"]}}],"collection":[{"href":"https:\/\/www.mcallenflatware.com\/de\/wp-json\/wp\/v2\/product"}],"about":[{"href":"https:\/\/www.mcallenflatware.com\/de\/wp-json\/wp\/v2\/types\/product"}],"wp:featuredmedia":[{"embeddable":true,"href":"https:\/\/www.mcallenflatware.com\/de\/wp-json\/wp\/v2\/media\/2035"}],"wp:attachment":[{"href":"https:\/\/www.mcallenflatware.com\/de\/wp-json\/wp\/v2\/media?parent=1855"}],"wp:term":[{"taxonomy":"product_brand","embeddable":true,"href":"https:\/\/www.mcallenflatware.com\/de\/wp-json\/wp\/v2\/product_brand?post=1855"},{"taxonomy":"product_cat","embeddable":true,"href":"https:\/\/www.mcallenflatware.com\/de\/wp-json\/wp\/v2\/product_cat?post=1855"},{"taxonomy":"product_tag","embeddable":true,"href":"https:\/\/www.mcallenflatware.com\/de\/wp-json\/wp\/v2\/product_tag?post=1855"}],"curies":[{"name":"wp","href":"https:\/\/api.w.org\/{rel}","templated":true}]}}