{"id":1863,"date":"2025-09-24T10:27:25","date_gmt":"2025-09-24T10:27:25","guid":{"rendered":"https:\/\/www.mcallenflatware.com\/?post_type=product&#038;p=1863"},"modified":"2025-09-24T10:39:24","modified_gmt":"2025-09-24T10:39:24","slug":"wholesale-flatware-for-restaurants","status":"publish","type":"product","link":"https:\/\/www.mcallenflatware.com\/de\/product\/wholesale-flatware-for-restaurants\/","title":{"rendered":"Gro\u00dfhandel Besteck f\u00fcr Restaurants, Edelstahl-Besteck-Set in Bulk"},"content":{"rendered":"<div class=\"wp-block-columns is-layout-flex wp-container-core-columns-is-layout-9d6595d7 wp-block-columns-is-layout-flex\">\n<div class=\"wp-block-column is-layout-flow wp-block-column-is-layout-flow\">\n<h2 class=\"wp-block-heading\">Merkmale von Besteck f\u00fcr Restaurants:<\/h2>\n\n\n\n<p><strong>Hochwertiges Material aus rostfreiem Stahl: <\/strong>Das aus hochwertigem Edelstahl 304 oder 316 gefertigte Geschirr ist langlebig und verschlei\u00dffest und eignet sich f\u00fcr eine Vielzahl von Speiseumgebungen.<\/p>\n\n\n\n<p><strong>Minimalistisches, modernes Design: <\/strong>Minimalistische schlanke Linien und quadratische Griff-Design, glatte Kanten, moderne Eleganz, weit verbreitet in einer Vielzahl von Stil und Thema Catering-Locations verwendet<\/p>\n\n\n\n<p><strong>Reichhaltige Besteckkombination: <\/strong>Enth\u00e4lt das gleiche Design von Messer, Gabel, L\u00f6ffel, Buttermesser, Dessertl\u00f6ffel und -gabel, etc.<\/p>\n\n\n\n<p><strong>Gro\u00dfe Auswahl an Farboptionen:<\/strong> Einschlie\u00dflich klassischem Gold, Silber, Ros\u00e9gold, Schwarz und anderen kundenspezifischen Farben, um den Markenstil verschiedener Restaurants zu erf\u00fcllen.<\/p>\n\n\n\n<p><strong>Leicht zu reinigen und zu pflegen<\/strong>: Durch die hochgl\u00e4nzende Oberfl\u00e4chenbehandlung ist das Geschirr schmutzabweisend und sehr leicht zu reinigen. Geeignet f\u00fcr gewerbliche Bereiche mit h\u00e4ufiger Reinigung.<\/p>\n\n\n\n<p><strong>Anpassbare Optionen: <\/strong>Gro\u00dfbestellungen sind m\u00f6glich, und wir unterst\u00fctzen Optionen f\u00fcr die Markenanpassung.<\/p>\n<\/div>\n\n\n\n<div class=\"wp-block-column is-layout-flow wp-block-column-is-layout-flow\"><div class=\"wp-block-image\">\n<figure class=\"aligncenter size-full\"><img decoding=\"async\" width=\"800\" height=\"800\" src=\"https:\/\/www.mcallenflatware.com\/wp-content\/uploads\/2025\/03\/Wholesale-Flatware-for-Restaurants-Stainless-Steel-Cutlery-Set-In-Bulk-4.webp\" alt=\"Gro\u00dfhandel Besteck f\u00fcr Restaurants, Edelstahl-Besteck-Set in Bulk 4\" class=\"wp-image-1867\" style=\"object-fit:cover\" srcset=\"https:\/\/www.mcallenflatware.com\/wp-content\/uploads\/2025\/03\/Wholesale-Flatware-for-Restaurants-Stainless-Steel-Cutlery-Set-In-Bulk-4.webp 800w, https:\/\/www.mcallenflatware.com\/wp-content\/uploads\/2025\/03\/Wholesale-Flatware-for-Restaurants-Stainless-Steel-Cutlery-Set-In-Bulk-4-150x150.webp 150w, https:\/\/www.mcallenflatware.com\/wp-content\/uploads\/2025\/03\/Wholesale-Flatware-for-Restaurants-Stainless-Steel-Cutlery-Set-In-Bulk-4-768x768.webp 768w, https:\/\/www.mcallenflatware.com\/wp-content\/uploads\/2025\/03\/Wholesale-Flatware-for-Restaurants-Stainless-Steel-Cutlery-Set-In-Bulk-4-12x12.webp 12w, https:\/\/www.mcallenflatware.com\/wp-content\/uploads\/2025\/03\/Wholesale-Flatware-for-Restaurants-Stainless-Steel-Cutlery-Set-In-Bulk-4-600x600.webp 600w, https:\/\/www.mcallenflatware.com\/wp-content\/uploads\/2025\/03\/Wholesale-Flatware-for-Restaurants-Stainless-Steel-Cutlery-Set-In-Bulk-4-300x300.webp 300w, https:\/\/www.mcallenflatware.com\/wp-content\/uploads\/2025\/03\/Wholesale-Flatware-for-Restaurants-Stainless-Steel-Cutlery-Set-In-Bulk-4-100x100.webp 100w\" sizes=\"(max-width: 800px) 100vw, 800px\" \/><\/figure>\n<\/div><\/div>\n<\/div>","protected":false},"excerpt":{"rendered":"<p>Willkommen im Gro\u00dfhandel Besteck f\u00fcr Restaurants mit mehreren Farboptionen, hochwertigem Edelstahl, langlebig und modern, ideal f\u00fcr Restaurants und Catering-Service. Fabrik direktes Angebot, beste Rabatte f\u00fcr kundenspezifische Gro\u00dfauftr\u00e4ge, schnelle Lieferung. Willkommen zu erkundigen jetzt!<\/p>\n<h2 id=\"block-792b966c-c506-49fa-b3c8-9881ee38a4f5\" class=\"block-editor-rich-text__editable block-editor-block-list__block wp-block is-selected wp-block-heading rich-text\" role=\"document\" aria-label=\"Block: \u00dcberschrift\" data-block=\"792b966c-c506-49fa-b3c8-9881ee38a4f5\" data-type=\"core\/heading\" data-title=\"Heading\" data-wp-block-attribute-key=\"content\">Attribute von Besteck f\u00fcr Restaurants<\/h2>\n<p><strong>Markenname:<\/strong> Mcallen<br \/><strong>Material:<\/strong> Rostfreier Stahl<br \/><strong>Farbe:<\/strong>\u00a0 Silber, Gold, Schwarz, Rose Gold, Regenbogen.<br \/><strong>Entwurf: <\/strong>Moderner Vierkantgriff<br \/><strong>Vorlaufzeit f\u00fcr Muster:<\/strong> Innerhalb von 3 Tagen<br \/><strong>OEM\/ODM:<\/strong> Verf\u00fcgbar<\/p>\n<h2>Besteck f\u00fcr Restaurants Custom:<\/h2>\n<p><strong>Rostfreier Stahl:<\/strong> Rostfreier Stahl 18\/10, 304, 316, 410, 430, 420<br \/><strong>Logo:<\/strong> Lasergravur, Siebdruck\/UV\/Hitzetransferdruck, Pr\u00e4gung usw.<br \/><strong>Verpacken:<\/strong> 4\/8\/12\/16\/20\/24\/45\/48\/72pcs set<br \/><strong>Oberfl\u00e4chenausf\u00fchrungen:<\/strong> Hochglanzpoliert, mattiert, wasserpoliert, Titanbeschichtung<br \/><strong>Verpackung:<\/strong> Bulk, OPP-Beutel, Farbkarton, Geschenkkarton, kundenspezifisch<\/p>","protected":false},"featured_media":1865,"template":"","meta":[],"product_brand":[],"product_cat":[23,29],"product_tag":[],"class_list":{"0":"post-1863","1":"product","2":"type-product","3":"status-publish","4":"has-post-thumbnail","6":"product_cat-wholesale-flatware","7":"product_cat-bulk-flatware","9":"first","10":"instock","11":"shipping-taxable","12":"product-type-simple"},"_links":{"self":[{"href":"https:\/\/www.mcallenflatware.com\/de\/wp-json\/wp\/v2\/product\/1863","targetHints":{"allow":["GET"]}}],"collection":[{"href":"https:\/\/www.mcallenflatware.com\/de\/wp-json\/wp\/v2\/product"}],"about":[{"href":"https:\/\/www.mcallenflatware.com\/de\/wp-json\/wp\/v2\/types\/product"}],"wp:featuredmedia":[{"embeddable":true,"href":"https:\/\/www.mcallenflatware.com\/de\/wp-json\/wp\/v2\/media\/1865"}],"wp:attachment":[{"href":"https:\/\/www.mcallenflatware.com\/de\/wp-json\/wp\/v2\/media?parent=1863"}],"wp:term":[{"taxonomy":"product_brand","embeddable":true,"href":"https:\/\/www.mcallenflatware.com\/de\/wp-json\/wp\/v2\/product_brand?post=1863"},{"taxonomy":"product_cat","embeddable":true,"href":"https:\/\/www.mcallenflatware.com\/de\/wp-json\/wp\/v2\/product_cat?post=1863"},{"taxonomy":"product_tag","embeddable":true,"href":"https:\/\/www.mcallenflatware.com\/de\/wp-json\/wp\/v2\/product_tag?post=1863"}],"curies":[{"name":"wp","href":"https:\/\/api.w.org\/{rel}","templated":true}]}}