{"id":1874,"date":"2025-04-19T11:47:33","date_gmt":"2025-04-19T11:47:33","guid":{"rendered":"https:\/\/www.mcallenflatware.com\/?post_type=product&#038;p=1874"},"modified":"2025-04-19T11:47:35","modified_gmt":"2025-04-19T11:47:35","slug":"bulk-stainless-steel-flatware","status":"publish","type":"product","link":"https:\/\/www.mcallenflatware.com\/de\/product\/bulk-stainless-steel-flatware\/","title":{"rendered":"Bulk Edelstahl-Besteck, Silber-Gold-Besteck-Set Gro\u00dfhandel"},"content":{"rendered":"<div class=\"wp-block-columns is-layout-flex wp-container-core-columns-is-layout-9d6595d7 wp-block-columns-is-layout-flex\">\n<div class=\"wp-block-column is-layout-flow wp-block-column-is-layout-flow\">\n<h2 class=\"wp-block-heading\">Besteck aus Edelstahl Merkmale:<\/h2>\n\n\n\n<p><strong>Hochwertiges Material aus rostfreiem Stahl: <\/strong>Aus lebensmittelechtem Edelstahl 304 oder 420 hergestellt, ist es nicht leicht zu verformen, sicher und langlebig.<\/p>\n\n\n\n<p><strong>Poliertes Spiegelverfahren: <\/strong>Durch die exquisite Poliertechnologie ist die Oberfl\u00e4che des Geschirrs gl\u00e4nzend und glatt, das Aussehen ist luxuri\u00f6s und die Textur des Bestecks wird verbessert<\/p>\n\n\n\n<p><strong>Verschmelzung von moderner und k\u00f6niglicher \u00c4sthetik:<\/strong> Die einzigartige Schnitzerei des Griffs macht das Produkt einzigartig und modern, retro, geeignet f\u00fcr eine Vielzahl von Restaurantstilen<\/p>\n\n\n\n<p><strong>Bequemer Griff:<\/strong> Einteiliges, stromlinienf\u00f6rmiges, ergonomisches Design, komfortabler Griff, ideal f\u00fcr Hochzeiten, Hotels, Restaurants und den Hausgebrauch.<\/p>\n\n\n\n<p><strong>Leicht zu reinigen und zu pflegen<\/strong>: Durch die hochgl\u00e4nzende Oberfl\u00e4chenbehandlung ist das Geschirr schmutzabweisend und sehr leicht zu reinigen. Geeignet f\u00fcr gewerbliche Bereiche mit h\u00e4ufiger Reinigung.<\/p>\n\n\n\n<p><strong>Anpassbare Optionen: <\/strong>Gro\u00dfbestellungen sind m\u00f6glich, und wir unterst\u00fctzen Optionen f\u00fcr die Markenanpassung.<\/p>\n<\/div>\n\n\n\n<div class=\"wp-block-column is-layout-flow wp-block-column-is-layout-flow\">\n<figure class=\"wp-block-image size-full\"><img decoding=\"async\" width=\"790\" height=\"790\" src=\"https:\/\/www.mcallenflatware.com\/wp-content\/uploads\/2025\/04\/wholesale-gold-flatware-sets-for-restaurant-7-edited.webp\" alt=\"gro\u00dfhandel-gold-flachgeschirr-sets-f\u00fcr-restaurant-7\" class=\"wp-image-2019\" style=\"object-fit:cover\" srcset=\"https:\/\/www.mcallenflatware.com\/wp-content\/uploads\/2025\/04\/wholesale-gold-flatware-sets-for-restaurant-7-edited.webp 790w, https:\/\/www.mcallenflatware.com\/wp-content\/uploads\/2025\/04\/wholesale-gold-flatware-sets-for-restaurant-7-edited-150x150.webp 150w, https:\/\/www.mcallenflatware.com\/wp-content\/uploads\/2025\/04\/wholesale-gold-flatware-sets-for-restaurant-7-edited-768x768.webp 768w, https:\/\/www.mcallenflatware.com\/wp-content\/uploads\/2025\/04\/wholesale-gold-flatware-sets-for-restaurant-7-edited-12x12.webp 12w, https:\/\/www.mcallenflatware.com\/wp-content\/uploads\/2025\/04\/wholesale-gold-flatware-sets-for-restaurant-7-edited-600x600.webp 600w, https:\/\/www.mcallenflatware.com\/wp-content\/uploads\/2025\/04\/wholesale-gold-flatware-sets-for-restaurant-7-edited-300x300.webp 300w, https:\/\/www.mcallenflatware.com\/wp-content\/uploads\/2025\/04\/wholesale-gold-flatware-sets-for-restaurant-7-edited-100x100.webp 100w\" sizes=\"(max-width: 790px) 100vw, 790px\" \/><\/figure>\n<\/div>\n<\/div>","protected":false},"excerpt":{"rendered":"<p>Edelstahl-Besteck in loser Sch\u00fcttung, modernes k\u00f6nigliches Design, geeignet f\u00fcr jedes Restaurant. Customizable Logo, Farbe und Verpackung. Mcallen Fabrik stabile Versorgung, die Gro\u00dfhandelspreis f\u00fcr H\u00e4ndler, Gro\u00dfh\u00e4ndler, etc. Willkommen zu erkundigen!<\/p>\n<h2 id=\"block-792b966c-c506-49fa-b3c8-9881ee38a4f5\" class=\"block-editor-rich-text__editable block-editor-block-list__block wp-block is-selected wp-block-heading rich-text\" role=\"document\" aria-label=\"Block: \u00dcberschrift\" data-block=\"792b966c-c506-49fa-b3c8-9881ee38a4f5\" data-type=\"core\/heading\" data-title=\"Heading\" data-wp-block-attribute-key=\"content\">Edelstahl-Besteck Attribute:<\/h2>\n<p><strong>Markenname:<\/strong> Mcallen<br \/><strong>Material:<\/strong> Rostfreier Stahl<br \/><strong>Farbe:<\/strong>\u00a0 Silber, Gold<br \/><strong>Entwurf:<\/strong>Modern und k\u00f6niglich im Griff<br \/><strong>Vorlaufzeit f\u00fcr Muster:<\/strong> Innerhalb von 3 Tagen<br \/><strong>OEM\/ODM:<\/strong> Verf\u00fcgbar<\/p>\n<h2>Individuelles Besteck aus Edelstahl:<\/h2>\n<p><strong>Rostfreier Stahl:<\/strong> Rostfreier Stahl 18\/10, 304, 316, 410, 430, 420<br \/><strong>Logo:<\/strong> Lasergravur, Siebdruck\/UV\/Hitzetransferdruck, Pr\u00e4gung usw.<br \/><strong>Verpacken:<\/strong> 4\/8\/12\/16\/20\/24\/45\/48\/72pcs set<br \/><strong>Oberfl\u00e4chenausf\u00fchrungen:<\/strong> Hochglanzpoliert, mattiert, wasserpoliert, Titanbeschichtung<br \/><strong>Verpackung:<\/strong> Bulk, OPP-Beutel, Farbkarton, Geschenkkarton, kundenspezifisch<\/p>","protected":false},"featured_media":2020,"template":"","meta":[],"product_brand":[],"product_cat":[23,29],"product_tag":[],"class_list":{"0":"post-1874","1":"product","2":"type-product","3":"status-publish","4":"has-post-thumbnail","6":"product_cat-wholesale-flatware","7":"product_cat-bulk-flatware","9":"first","10":"instock","11":"shipping-taxable","12":"product-type-simple"},"_links":{"self":[{"href":"https:\/\/www.mcallenflatware.com\/de\/wp-json\/wp\/v2\/product\/1874","targetHints":{"allow":["GET"]}}],"collection":[{"href":"https:\/\/www.mcallenflatware.com\/de\/wp-json\/wp\/v2\/product"}],"about":[{"href":"https:\/\/www.mcallenflatware.com\/de\/wp-json\/wp\/v2\/types\/product"}],"wp:featuredmedia":[{"embeddable":true,"href":"https:\/\/www.mcallenflatware.com\/de\/wp-json\/wp\/v2\/media\/2020"}],"wp:attachment":[{"href":"https:\/\/www.mcallenflatware.com\/de\/wp-json\/wp\/v2\/media?parent=1874"}],"wp:term":[{"taxonomy":"product_brand","embeddable":true,"href":"https:\/\/www.mcallenflatware.com\/de\/wp-json\/wp\/v2\/product_brand?post=1874"},{"taxonomy":"product_cat","embeddable":true,"href":"https:\/\/www.mcallenflatware.com\/de\/wp-json\/wp\/v2\/product_cat?post=1874"},{"taxonomy":"product_tag","embeddable":true,"href":"https:\/\/www.mcallenflatware.com\/de\/wp-json\/wp\/v2\/product_tag?post=1874"}],"curies":[{"name":"wp","href":"https:\/\/api.w.org\/{rel}","templated":true}]}}