{"id":1882,"date":"2025-04-24T16:24:57","date_gmt":"2025-04-24T16:24:57","guid":{"rendered":"https:\/\/www.mcallenflatware.com\/?post_type=product&#038;p=1882"},"modified":"2025-04-24T16:24:58","modified_gmt":"2025-04-24T16:24:58","slug":"wholesale-18-10-cutlery-set","status":"publish","type":"product","link":"https:\/\/www.mcallenflatware.com\/de\/product\/wholesale-18-10-cutlery-set\/","title":{"rendered":"Gro\u00dfhandel 18\/10 Besteck Set Edelstahl, geh\u00e4mmert Silberwaren Set f\u00fcr Restaurant"},"content":{"rendered":"<div class=\"wp-block-columns is-layout-flex wp-container-core-columns-is-layout-9d6595d7 wp-block-columns-is-layout-flex\">\n<div class=\"wp-block-column is-layout-flow wp-block-column-is-layout-flow\">\n<h2 class=\"wp-block-heading\">18\/10 Besteckset Merkmale:<\/h2>\n\n\n\n<p><strong>Elegantes Vintage-Design<\/strong>: Das Tafelsilber hat eine geh\u00e4mmerte Oberfl\u00e4che und Griffe im Barockstil, die jedem Essplatz einen Hauch von antiker Eleganz und Raffinesse verleihen.<\/p>\n\n\n\n<p><strong>Geeignet f\u00fcr eine Vielzahl von Anl\u00e4ssen:<\/strong> Egal, ob es sich um ein gehobenes Bankett, eine Hochzeitsfeier, eine Mottoparty oder ein luxuri\u00f6ses Geschenk handelt, dieses Geschirr kann es problemlos bew\u00e4ltigen und einen einzigartigen Stil zeigen.<\/p>\n\n\n\n<p><strong>Hochwertige Materialien<\/strong>l: Dieses geh\u00e4mmerte Besteck aus hochwertigem 18\/10-Edelstahl garantiert Langlebigkeit, Sicherheit und ein luxuri\u00f6ses Aussehen, das sich sowohl f\u00fcr den t\u00e4glichen Gebrauch als auch f\u00fcr besondere Anl\u00e4sse eignet.<\/p>\n\n\n\n<p><strong>Handwerkliche Pr\u00e4zision<\/strong>: Jedes St\u00fcck ist sorgf\u00e4ltig mit einer polierten Oberfl\u00e4che f\u00fcr einfache Reinigung und lang anhaltenden Glanz gefertigt und garantiert Funktionalit\u00e4t und Stil.<\/p>\n\n\n\n<p><strong>Anpassbare Optionen: <\/strong>Gro\u00dfbestellungen sind m\u00f6glich, und wir unterst\u00fctzen Optionen f\u00fcr die Markenanpassung.<\/p>\n<\/div>\n\n\n\n<div class=\"wp-block-column is-layout-flow wp-block-column-is-layout-flow\"><div class=\"wp-block-image\">\n<figure class=\"aligncenter size-full\"><img decoding=\"async\" width=\"1400\" height=\"1322\" src=\"https:\/\/www.mcallenflatware.com\/wp-content\/uploads\/2025\/04\/bespoken-hammered-silverware-set-for-wedding-3.webp\" alt=\"besprochenes-geh\u00e4mmertes-Silbergeschirr-Set-f\u00fcr-Hochzeit-3\" class=\"wp-image-1885\" style=\"object-fit:cover\" srcset=\"https:\/\/www.mcallenflatware.com\/wp-content\/uploads\/2025\/04\/bespoken-hammered-silverware-set-for-wedding-3.webp 1400w, https:\/\/www.mcallenflatware.com\/wp-content\/uploads\/2025\/04\/bespoken-hammered-silverware-set-for-wedding-3-768x725.webp 768w, https:\/\/www.mcallenflatware.com\/wp-content\/uploads\/2025\/04\/bespoken-hammered-silverware-set-for-wedding-3-13x12.webp 13w, https:\/\/www.mcallenflatware.com\/wp-content\/uploads\/2025\/04\/bespoken-hammered-silverware-set-for-wedding-3-1200x1133.webp 1200w, https:\/\/www.mcallenflatware.com\/wp-content\/uploads\/2025\/04\/bespoken-hammered-silverware-set-for-wedding-3-600x567.webp 600w\" sizes=\"(max-width: 1400px) 100vw, 1400px\" \/><\/figure>\n<\/div><\/div>\n<\/div>","protected":false},"excerpt":{"rendered":"<p>Gro\u00dfhandel 18\/10 Besteck-Set mit einzigartigen geh\u00e4mmerten Griff, luxuri\u00f6s und dekorativ, geeignet f\u00fcr High-End-Hochzeiten, Restaurants, Geschenke, etc. Wir bieten Gro\u00dfhandel benutzerdefinierte Dienstleistungen zu helfen, Amazon E-Commerce-Kunden schnell erstellen Markenprodukte. Willkommen zu erkundigen jetzt!<\/p>\n<h2 id=\"block-792b966c-c506-49fa-b3c8-9881ee38a4f5\" class=\"block-editor-rich-text__editable block-editor-block-list__block wp-block is-selected wp-block-heading rich-text\" role=\"document\" aria-label=\"Block: \u00dcberschrift\" data-block=\"792b966c-c506-49fa-b3c8-9881ee38a4f5\" data-type=\"core\/heading\" data-title=\"Heading\" data-wp-block-attribute-key=\"content\">18\/10 Bestecksatz Eigenschaften:<\/h2>\n<p><strong>Markenname:<\/strong> Mcallen<br \/><strong>Material:<\/strong> Rostfreier Stahl<br \/><strong>Farbe:<\/strong>\u00a0 Silber, Gold<br \/><strong>Entwurf: <\/strong>mit geh\u00e4mmertem Griff<br \/><strong>Vorlaufzeit f\u00fcr Muster:<\/strong> Innerhalb von 3 Tagen<br \/><strong>OEM\/ODM:<\/strong> Verf\u00fcgbar<\/p>\n<h2>Individuelles 18\/10-Besteck-Set:<\/h2>\n<p><strong>Rostfreier Stahl:<\/strong> Rostfreier Stahl 18\/10, 304, 316, 410, 430, 420<br \/><strong>Logo:<\/strong> Lasergravur, Siebdruck\/UV\/Hitzetransferdruck, Pr\u00e4gung usw.<br \/><strong>Verpacken:<\/strong> 4\/8\/12\/16\/20\/24\/45\/48\/72pcs set<br \/><strong>Oberfl\u00e4chenausf\u00fchrungen:<\/strong> Hochglanzpoliert, mattiert, wasserpoliert, Titanbeschichtung<br \/><strong>Verpackung:<\/strong> Bulk, OPP-Beutel, Farbkarton, Geschenkkarton, kundenspezifisch<\/p>","protected":false},"featured_media":1883,"template":"","meta":[],"product_brand":[],"product_cat":[23,29],"product_tag":[],"class_list":{"0":"post-1882","1":"product","2":"type-product","3":"status-publish","4":"has-post-thumbnail","6":"product_cat-wholesale-flatware","7":"product_cat-bulk-flatware","9":"first","10":"instock","11":"shipping-taxable","12":"product-type-simple"},"_links":{"self":[{"href":"https:\/\/www.mcallenflatware.com\/de\/wp-json\/wp\/v2\/product\/1882","targetHints":{"allow":["GET"]}}],"collection":[{"href":"https:\/\/www.mcallenflatware.com\/de\/wp-json\/wp\/v2\/product"}],"about":[{"href":"https:\/\/www.mcallenflatware.com\/de\/wp-json\/wp\/v2\/types\/product"}],"wp:featuredmedia":[{"embeddable":true,"href":"https:\/\/www.mcallenflatware.com\/de\/wp-json\/wp\/v2\/media\/1883"}],"wp:attachment":[{"href":"https:\/\/www.mcallenflatware.com\/de\/wp-json\/wp\/v2\/media?parent=1882"}],"wp:term":[{"taxonomy":"product_brand","embeddable":true,"href":"https:\/\/www.mcallenflatware.com\/de\/wp-json\/wp\/v2\/product_brand?post=1882"},{"taxonomy":"product_cat","embeddable":true,"href":"https:\/\/www.mcallenflatware.com\/de\/wp-json\/wp\/v2\/product_cat?post=1882"},{"taxonomy":"product_tag","embeddable":true,"href":"https:\/\/www.mcallenflatware.com\/de\/wp-json\/wp\/v2\/product_tag?post=1882"}],"curies":[{"name":"wp","href":"https:\/\/api.w.org\/{rel}","templated":true}]}}