{"id":1904,"date":"2025-04-06T03:25:58","date_gmt":"2025-04-06T03:25:58","guid":{"rendered":"https:\/\/www.mcallenflatware.com\/?post_type=product&#038;p=1904"},"modified":"2025-04-24T16:04:24","modified_gmt":"2025-04-24T16:04:24","slug":"bulk-cheese-knife-set","status":"publish","type":"product","link":"https:\/\/www.mcallenflatware.com\/de\/product\/bulk-cheese-knife-set\/","title":{"rendered":"Bulk Best Cheese Knife Set mit Bambusgriff Edelstahl Messer Gro\u00dfhandel"},"content":{"rendered":"<div class=\"wp-block-columns is-layout-flex wp-container-core-columns-is-layout-9d6595d7 wp-block-columns-is-layout-flex\">\n<div class=\"wp-block-column is-layout-flow wp-block-column-is-layout-flow\">\n<h2 class=\"wp-block-heading\">K\u00e4semesserset Merkmale:<\/h2>\n\n\n\n<p><strong>Umweltfreundlicher Griff aus Bambus:<\/strong> Der Griff besteht aus nat\u00fcrlichem Bambus und hat ein nat\u00fcrliches und einzigartiges Aussehen, das den Gedanken des Umweltschutzes widerspiegelt.<\/p>\n\n\n\n<p><strong>Hochwertiger rostfreier Stahl: <\/strong>Die Klinge ist aus lebensmittelechtem, rostfreiem Stahl gefertigt, der langlebig und f\u00fcr den langfristigen Gebrauch geeignet ist.<\/p>\n\n\n\n<p><strong>Polierverfahren:<\/strong> Jedes Messer und jede Gabel ist poliert, glatt und gratfrei, was einen sicheren Gebrauch und ein hochwertiges Schneideerlebnis gew\u00e4hrleistet.<\/p>\n\n\n\n<p><strong>F\u00fcnfteilige Funktionskombination<\/strong>: Das Set umfasst einen Hobel, ein Sp\u00e4nemesser, einen Spatel, eine Gabel und ein Lochmesser, die den verschiedenen Anforderungen an die Verarbeitung von Weich- und Hartk\u00e4se gerecht werden, flexibel und praktisch sind.<\/p>\n\n\n\n<p><strong>Multiszenen-Anwendung<\/strong>: Dieses Messer- und Gabelset ist sowohl f\u00fcr K\u00e4se als auch f\u00fcr verschiedene weiche Zutaten wie Butter, Schokolade, N\u00fcsse usw. geeignet. <\/p>\n\n\n\n<p><strong>Tragbares Design<\/strong>: Jedes Werkzeug ist so konzipiert, dass es leicht und handlich ist und sich f\u00fcr den t\u00e4glichen Gebrauch und das Mitnehmen auf Reisen eignet.<\/p>\n<\/div>\n\n\n\n<div class=\"wp-block-column is-layout-flow wp-block-column-is-layout-flow\">\n<figure class=\"wp-block-image size-full\"><img decoding=\"async\" width=\"800\" height=\"800\" src=\"https:\/\/www.mcallenflatware.com\/wp-content\/uploads\/2025\/04\/Custom-Cheese-Knives-with-Natural-Bamboo-Handle-Stainless-Steel-Cutlery-Set-Wholesale-4.webp\" alt=\"Benutzerdefinierte K\u00e4semesser mit nat\u00fcrlichen Bambusgriff Edelstahl-Besteck-Set Gro\u00dfhandel (4)\" class=\"wp-image-1913\" srcset=\"https:\/\/www.mcallenflatware.com\/wp-content\/uploads\/2025\/04\/Custom-Cheese-Knives-with-Natural-Bamboo-Handle-Stainless-Steel-Cutlery-Set-Wholesale-4.webp 800w, https:\/\/www.mcallenflatware.com\/wp-content\/uploads\/2025\/04\/Custom-Cheese-Knives-with-Natural-Bamboo-Handle-Stainless-Steel-Cutlery-Set-Wholesale-4-150x150.webp 150w, https:\/\/www.mcallenflatware.com\/wp-content\/uploads\/2025\/04\/Custom-Cheese-Knives-with-Natural-Bamboo-Handle-Stainless-Steel-Cutlery-Set-Wholesale-4-768x768.webp 768w, https:\/\/www.mcallenflatware.com\/wp-content\/uploads\/2025\/04\/Custom-Cheese-Knives-with-Natural-Bamboo-Handle-Stainless-Steel-Cutlery-Set-Wholesale-4-12x12.webp 12w, https:\/\/www.mcallenflatware.com\/wp-content\/uploads\/2025\/04\/Custom-Cheese-Knives-with-Natural-Bamboo-Handle-Stainless-Steel-Cutlery-Set-Wholesale-4-600x600.webp 600w, https:\/\/www.mcallenflatware.com\/wp-content\/uploads\/2025\/04\/Custom-Cheese-Knives-with-Natural-Bamboo-Handle-Stainless-Steel-Cutlery-Set-Wholesale-4-300x300.webp 300w, https:\/\/www.mcallenflatware.com\/wp-content\/uploads\/2025\/04\/Custom-Cheese-Knives-with-Natural-Bamboo-Handle-Stainless-Steel-Cutlery-Set-Wholesale-4-100x100.webp 100w\" sizes=\"(max-width: 800px) 100vw, 800px\" \/><\/figure>\n<\/div>\n<\/div>","protected":false},"excerpt":{"rendered":"<p>Bulk Gro\u00dfhandel K\u00e4semesser-Set mit Bambusgriff, Edelstahl und Bambus Materialkombination, langlebig und sch\u00f6n. Umweltfreundliche Multi-Messer-Kombination, geeignet f\u00fcr Haus, Restaurant und Hotel verwenden. Fabrik direkt, bieten ma\u00dfgeschneiderte Dienstleistungen, unterst\u00fctzen Amazon Sales. Willkommen bei uns f\u00fcr Anfragen zu kontaktieren!<\/p>\n<h2>K\u00e4semesser-Set Attribute:<\/h2>\n<p><strong>Markenname:<\/strong> Mcallen<br \/><strong>Material:<\/strong> Bambus, Edelstahl<br \/><strong>Farbe:<\/strong> Silber<br \/><strong>Polieren:<\/strong> Hochglanzpoliert<br \/><strong>Vorlaufzeit f\u00fcr Muster:<\/strong> Innerhalb von 3 Tagen<br \/><strong>OEM\/ODM:<\/strong> Verf\u00fcgbar<\/p>\n<h2>Individuelles K\u00e4semesserset:<\/h2>\n<p><strong>Rostfreier Stahl:<\/strong> Rostfreier Stahl 18\/10, 304, 316, 410, 430, 420<br \/><strong>Logo:<\/strong> Lasergravur, Siebdruck, UV-Druck, Thermotransferdruck, Pr\u00e4gung, etc.<br \/><strong>Oberfl\u00e4chenausf\u00fchrungen:<\/strong> Hochglanzpoliert, matt.<br \/><strong>Verpackung:<\/strong> Bulk, OPP-Beutel, Farbkarton, Geschenkkarton, kundenspezifisch<\/p>","protected":false},"featured_media":1914,"template":"","meta":[],"product_brand":[],"product_cat":[24,31],"product_tag":[],"class_list":{"0":"post-1904","1":"product","2":"type-product","3":"status-publish","4":"has-post-thumbnail","6":"product_cat-wholesale-kitchen-utensils","7":"product_cat-wholesale-serving-utensils","9":"first","10":"instock","11":"shipping-taxable","12":"product-type-simple"},"_links":{"self":[{"href":"https:\/\/www.mcallenflatware.com\/de\/wp-json\/wp\/v2\/product\/1904","targetHints":{"allow":["GET"]}}],"collection":[{"href":"https:\/\/www.mcallenflatware.com\/de\/wp-json\/wp\/v2\/product"}],"about":[{"href":"https:\/\/www.mcallenflatware.com\/de\/wp-json\/wp\/v2\/types\/product"}],"wp:featuredmedia":[{"embeddable":true,"href":"https:\/\/www.mcallenflatware.com\/de\/wp-json\/wp\/v2\/media\/1914"}],"wp:attachment":[{"href":"https:\/\/www.mcallenflatware.com\/de\/wp-json\/wp\/v2\/media?parent=1904"}],"wp:term":[{"taxonomy":"product_brand","embeddable":true,"href":"https:\/\/www.mcallenflatware.com\/de\/wp-json\/wp\/v2\/product_brand?post=1904"},{"taxonomy":"product_cat","embeddable":true,"href":"https:\/\/www.mcallenflatware.com\/de\/wp-json\/wp\/v2\/product_cat?post=1904"},{"taxonomy":"product_tag","embeddable":true,"href":"https:\/\/www.mcallenflatware.com\/de\/wp-json\/wp\/v2\/product_tag?post=1904"}],"curies":[{"name":"wp","href":"https:\/\/api.w.org\/{rel}","templated":true}]}}