{"id":1973,"date":"2025-04-19T10:30:14","date_gmt":"2025-04-19T10:30:14","guid":{"rendered":"https:\/\/www.mcallenflatware.com\/?post_type=product&#038;p=1973"},"modified":"2025-04-19T10:36:49","modified_gmt":"2025-04-19T10:36:49","slug":"wholesale-ice-cream-spoons","status":"publish","type":"product","link":"https:\/\/www.mcallenflatware.com\/de\/product\/wholesale-ice-cream-spoons\/","title":{"rendered":"Gro\u00dfhandel Eisl\u00f6ffel, Dessertgabel Edelstahl Bulk"},"content":{"rendered":"<div class=\"wp-block-columns is-layout-flex wp-container-core-columns-is-layout-9d6595d7 wp-block-columns-is-layout-flex\">\n<div class=\"wp-block-column is-layout-flow wp-block-column-is-layout-flow\">\n<h2 class=\"wp-block-heading\">Speiseeisl\u00f6ffel Merkmale:<\/h2>\n\n\n\n<p><strong>Brillantes Design mit geh\u00e4mmerten Griffen:<\/strong> Der Griff des Kaffeel\u00f6ffels ist geh\u00e4mmert und gl\u00e4nzt mit Silber, genau wie die leuchtenden Sterne, was sehr luxuri\u00f6s und schillernd ist.<\/p>\n\n\n\n<p><strong>Hochwertiges Material: <\/strong>Aus langlebigem Edelstahl gefertigt, ist er sicher und ungiftig, temperatur- und verschlei\u00dfbest\u00e4ndig und sp\u00fclmaschinenfest.<\/p>\n\n\n\n<p><strong>Polierverfahren f\u00fcr die Oberfl\u00e4che:<\/strong> Der Kaffeel\u00f6ffel ist hochglanzpoliert, die Oberfl\u00e4che ist poliert, dauerhaft und gl\u00e4nzend, leicht zu reinigen und hat sowohl praktischen als auch modischen Sinn.<\/p>\n\n\n\n<p><strong>Multifunktional einsetzbar: <\/strong>Aufgrund seines einzigartigen Aussehens kann er nicht nur zum t\u00e4glichen Sch\u00f6pfen von Lebensmitteln verwendet werden, sondern auch zum Servieren von Speisen, z. B. in Caf\u00e9s, um die Atmosph\u00e4re beim Essen zu verbessern.<\/p>\n\n\n\n<p><strong>Massenanpassung:<\/strong> Bieten Sie eine breite Palette von Anpassungsm\u00f6glichkeiten und Gro\u00dfhandelspreisen, um eine einzigartige und attraktive Besteckserie f\u00fcr den Gro\u00dfhandel zu schaffen.<\/p>\n<\/div>\n\n\n\n<div class=\"wp-block-column is-layout-flow wp-block-column-is-layout-flow\"><div class=\"wp-block-image\">\n<figure class=\"aligncenter size-full\"><img decoding=\"async\" width=\"800\" height=\"800\" src=\"https:\/\/www.mcallenflatware.com\/wp-content\/uploads\/2025\/04\/Hammered-Wholesale-Japanese-Stainless-Steel-Dessert-Spoon-Set-1.webp\" alt=\"Hammered-Gro\u00dfhandel-Japanisch-Edelstahl-Dessertl\u00f6ffel-Set-1\" class=\"wp-image-1974\" style=\"object-fit:cover\" srcset=\"https:\/\/www.mcallenflatware.com\/wp-content\/uploads\/2025\/04\/Hammered-Wholesale-Japanese-Stainless-Steel-Dessert-Spoon-Set-1.webp 800w, https:\/\/www.mcallenflatware.com\/wp-content\/uploads\/2025\/04\/Hammered-Wholesale-Japanese-Stainless-Steel-Dessert-Spoon-Set-1-150x150.webp 150w, https:\/\/www.mcallenflatware.com\/wp-content\/uploads\/2025\/04\/Hammered-Wholesale-Japanese-Stainless-Steel-Dessert-Spoon-Set-1-768x768.webp 768w, https:\/\/www.mcallenflatware.com\/wp-content\/uploads\/2025\/04\/Hammered-Wholesale-Japanese-Stainless-Steel-Dessert-Spoon-Set-1-12x12.webp 12w, https:\/\/www.mcallenflatware.com\/wp-content\/uploads\/2025\/04\/Hammered-Wholesale-Japanese-Stainless-Steel-Dessert-Spoon-Set-1-600x600.webp 600w, https:\/\/www.mcallenflatware.com\/wp-content\/uploads\/2025\/04\/Hammered-Wholesale-Japanese-Stainless-Steel-Dessert-Spoon-Set-1-300x300.webp 300w, https:\/\/www.mcallenflatware.com\/wp-content\/uploads\/2025\/04\/Hammered-Wholesale-Japanese-Stainless-Steel-Dessert-Spoon-Set-1-100x100.webp 100w\" sizes=\"(max-width: 800px) 100vw, 800px\" \/><\/figure>\n<\/div><\/div>\n<\/div>\n\n\n\n<div class=\"wp-block-columns is-layout-flex wp-container-core-columns-is-layout-9d6595d7 wp-block-columns-is-layout-flex\">\n<div class=\"wp-block-column is-layout-flow wp-block-column-is-layout-flow\">\n<figure class=\"wp-block-image size-full\"><img decoding=\"async\" width=\"800\" height=\"800\" src=\"https:\/\/www.mcallenflatware.com\/wp-content\/uploads\/2025\/04\/Hammered-Wholesale-Japanese-Stainless-Steel-Dessert-Spoon-Set-5.webp\" alt=\"Hammered-Gro\u00dfhandel-Japanisch-Edelstahl-Dessertl\u00f6ffel-Set-5\" class=\"wp-image-1978\" srcset=\"https:\/\/www.mcallenflatware.com\/wp-content\/uploads\/2025\/04\/Hammered-Wholesale-Japanese-Stainless-Steel-Dessert-Spoon-Set-5.webp 800w, https:\/\/www.mcallenflatware.com\/wp-content\/uploads\/2025\/04\/Hammered-Wholesale-Japanese-Stainless-Steel-Dessert-Spoon-Set-5-150x150.webp 150w, https:\/\/www.mcallenflatware.com\/wp-content\/uploads\/2025\/04\/Hammered-Wholesale-Japanese-Stainless-Steel-Dessert-Spoon-Set-5-768x768.webp 768w, https:\/\/www.mcallenflatware.com\/wp-content\/uploads\/2025\/04\/Hammered-Wholesale-Japanese-Stainless-Steel-Dessert-Spoon-Set-5-12x12.webp 12w, https:\/\/www.mcallenflatware.com\/wp-content\/uploads\/2025\/04\/Hammered-Wholesale-Japanese-Stainless-Steel-Dessert-Spoon-Set-5-600x600.webp 600w, https:\/\/www.mcallenflatware.com\/wp-content\/uploads\/2025\/04\/Hammered-Wholesale-Japanese-Stainless-Steel-Dessert-Spoon-Set-5-300x300.webp 300w, https:\/\/www.mcallenflatware.com\/wp-content\/uploads\/2025\/04\/Hammered-Wholesale-Japanese-Stainless-Steel-Dessert-Spoon-Set-5-100x100.webp 100w\" sizes=\"(max-width: 800px) 100vw, 800px\" \/><\/figure>\n<\/div>\n\n\n\n<div class=\"wp-block-column is-layout-flow wp-block-column-is-layout-flow\">\n<figure class=\"wp-block-image size-full\"><img decoding=\"async\" width=\"800\" height=\"800\" src=\"https:\/\/www.mcallenflatware.com\/wp-content\/uploads\/2025\/04\/Hammered-Wholesale-Japanese-Stainless-Steel-Dessert-Spoon-Set-2.webp\" alt=\"Gro\u00dfhandel Eisl\u00f6ffel Dessertgabel Edelstahl Bulk\" class=\"wp-image-1975\" style=\"aspect-ratio:1;object-fit:cover\" srcset=\"https:\/\/www.mcallenflatware.com\/wp-content\/uploads\/2025\/04\/Hammered-Wholesale-Japanese-Stainless-Steel-Dessert-Spoon-Set-2.webp 800w, https:\/\/www.mcallenflatware.com\/wp-content\/uploads\/2025\/04\/Hammered-Wholesale-Japanese-Stainless-Steel-Dessert-Spoon-Set-2-150x150.webp 150w, https:\/\/www.mcallenflatware.com\/wp-content\/uploads\/2025\/04\/Hammered-Wholesale-Japanese-Stainless-Steel-Dessert-Spoon-Set-2-768x768.webp 768w, https:\/\/www.mcallenflatware.com\/wp-content\/uploads\/2025\/04\/Hammered-Wholesale-Japanese-Stainless-Steel-Dessert-Spoon-Set-2-12x12.webp 12w, https:\/\/www.mcallenflatware.com\/wp-content\/uploads\/2025\/04\/Hammered-Wholesale-Japanese-Stainless-Steel-Dessert-Spoon-Set-2-600x600.webp 600w, https:\/\/www.mcallenflatware.com\/wp-content\/uploads\/2025\/04\/Hammered-Wholesale-Japanese-Stainless-Steel-Dessert-Spoon-Set-2-300x300.webp 300w, https:\/\/www.mcallenflatware.com\/wp-content\/uploads\/2025\/04\/Hammered-Wholesale-Japanese-Stainless-Steel-Dessert-Spoon-Set-2-100x100.webp 100w\" sizes=\"(max-width: 800px) 100vw, 800px\" \/><\/figure>\n<\/div>\n\n\n\n<div class=\"wp-block-column is-layout-flow wp-block-column-is-layout-flow\">\n<figure class=\"wp-block-image size-full\"><img decoding=\"async\" width=\"763\" height=\"1017\" src=\"https:\/\/www.mcallenflatware.com\/wp-content\/uploads\/2025\/04\/Hammered-Wholesale-Japanese-Stainless-Steel-Dessert-Spoon-Set-8-edited.webp\" alt=\"Gro\u00dfhandel Eisl\u00f6ffel Dessertgabel Edelstahl Bulk\" class=\"wp-image-1983\" style=\"aspect-ratio:1;object-fit:cover\" srcset=\"https:\/\/www.mcallenflatware.com\/wp-content\/uploads\/2025\/04\/Hammered-Wholesale-Japanese-Stainless-Steel-Dessert-Spoon-Set-8-edited.webp 763w, https:\/\/www.mcallenflatware.com\/wp-content\/uploads\/2025\/04\/Hammered-Wholesale-Japanese-Stainless-Steel-Dessert-Spoon-Set-8-edited-9x12.webp 9w, https:\/\/www.mcallenflatware.com\/wp-content\/uploads\/2025\/04\/Hammered-Wholesale-Japanese-Stainless-Steel-Dessert-Spoon-Set-8-edited-600x800.webp 600w\" sizes=\"(max-width: 763px) 100vw, 763px\" \/><\/figure>\n<\/div>\n<\/div>","protected":false},"excerpt":{"rendered":"<p>Willkommen in Gro\u00dfhandel Eisl\u00f6ffel und Dessertgabeln anpassen, der Griff Hammer Carving-Design gl\u00e4nzt wie ein Diamant, luxuri\u00f6s und modisch, geeignet f\u00fcr Dessert, Eis, Obst, etc. Fabrikpreis, Unterst\u00fctzung OEM und ODM, willkommen f\u00fcr kostenlose Proben zu erkundigen!<\/p>\n<h2>Eisl\u00f6ffel Attribute:<\/h2>\n<p><strong>Markenname:<\/strong> Mcallen<br \/><strong>Material:<\/strong> Rostfreier Stahl<br \/><strong>Farbe: <\/strong>Silber,Glod<br \/><strong>Entwurf:<\/strong> Geh\u00e4mmerter Griff<br \/><strong>Vorlaufzeit f\u00fcr Muster:<\/strong> Innerhalb von 3 Tagen<br \/><strong>OEM\/ODM:<\/strong> Verf\u00fcgbar<\/p>\n<h2>Individuelle Eisl\u00f6ffel:<\/h2>\n<p><strong>Rostfreier Stahl:<\/strong> Rostfreier Stahl 18\/10, 304, 316, 410, 430, 420<br \/><strong>Logo:<\/strong> Lasergravur, Siebdruck, UV-Druck, Thermotransferdruck, Pr\u00e4gung, usw.<br \/><strong>Oberfl\u00e4chenausf\u00fchrungen:<\/strong> Hochglanzpoliert, mattiert, wasserpoliert, Titanbeschichtung<br \/><strong>Verpackung:<\/strong> Bulk, Opp Tasche, Farbe Box, Geschenk-Box, ma\u00dfgeschneiderte<\/p>","protected":false},"featured_media":1976,"template":"","meta":[],"product_brand":[],"product_cat":[23,38],"product_tag":[],"class_list":{"0":"post-1973","1":"product","2":"type-product","3":"status-publish","4":"has-post-thumbnail","6":"product_cat-wholesale-flatware","7":"product_cat-stainless-steel-spoons-wholesale","9":"first","10":"instock","11":"shipping-taxable","12":"product-type-simple"},"_links":{"self":[{"href":"https:\/\/www.mcallenflatware.com\/de\/wp-json\/wp\/v2\/product\/1973","targetHints":{"allow":["GET"]}}],"collection":[{"href":"https:\/\/www.mcallenflatware.com\/de\/wp-json\/wp\/v2\/product"}],"about":[{"href":"https:\/\/www.mcallenflatware.com\/de\/wp-json\/wp\/v2\/types\/product"}],"wp:featuredmedia":[{"embeddable":true,"href":"https:\/\/www.mcallenflatware.com\/de\/wp-json\/wp\/v2\/media\/1976"}],"wp:attachment":[{"href":"https:\/\/www.mcallenflatware.com\/de\/wp-json\/wp\/v2\/media?parent=1973"}],"wp:term":[{"taxonomy":"product_brand","embeddable":true,"href":"https:\/\/www.mcallenflatware.com\/de\/wp-json\/wp\/v2\/product_brand?post=1973"},{"taxonomy":"product_cat","embeddable":true,"href":"https:\/\/www.mcallenflatware.com\/de\/wp-json\/wp\/v2\/product_cat?post=1973"},{"taxonomy":"product_tag","embeddable":true,"href":"https:\/\/www.mcallenflatware.com\/de\/wp-json\/wp\/v2\/product_tag?post=1973"}],"curies":[{"name":"wp","href":"https:\/\/api.w.org\/{rel}","templated":true}]}}