{"id":1985,"date":"2025-04-19T10:11:54","date_gmt":"2025-04-19T10:11:54","guid":{"rendered":"https:\/\/www.mcallenflatware.com\/?post_type=product&#038;p=1985"},"modified":"2025-04-19T10:11:55","modified_gmt":"2025-04-19T10:11:55","slug":"wholesale-luxury-cutlery-set","status":"publish","type":"product","link":"https:\/\/www.mcallenflatware.com\/de\/product\/wholesale-luxury-cutlery-set\/","title":{"rendered":"Gro\u00dfhandel Luxus Besteck Set, Edelstahl Besteck Custom"},"content":{"rendered":"<div class=\"wp-block-columns is-layout-flex wp-container-core-columns-is-layout-9d6595d7 wp-block-columns-is-layout-flex\">\n<div class=\"wp-block-column is-layout-flow wp-block-column-is-layout-flow\">\n<div class=\"wp-block-columns is-layout-flex wp-container-core-columns-is-layout-9d6595d7 wp-block-columns-is-layout-flex\">\n<div class=\"wp-block-column is-layout-flow wp-block-column-is-layout-flow\">\n<h2 class=\"wp-block-heading\">Luxus-Besteck-Set Merkmale:<\/h2>\n\n\n\n<p><strong>Luxuri\u00f6ses Gravur-Design: <\/strong>Der Griff ist mit einer luxuri\u00f6sen Gravur versehen, die mit Gold umrandet und mit Mustern verziert ist, wodurch das Besteckset noch luxuri\u00f6ser und hochwertiger wirkt.<\/p>\n\n\n\n<p><strong>Lebensmittelgeeignetes Material aus rostfreiem Stahl: <\/strong>Er ist aus Edelstahl 304 gefertigt, hat eine hervorragende Korrosions- und Oxidationsbest\u00e4ndigkeit und entspricht den internationalen Sicherheitsstandards f\u00fcr die Gastronomie.<\/p>\n\n\n\n<p><strong>Hochglanzpolieren:<\/strong> Die gesamte Oberfl\u00e4che ist hochglanzpoliert, die gl\u00e4nzende Oberfl\u00e4che ist glatt und verleiht ihr eine hochwertige visuelle Struktur.<\/p>\n\n\n\n<p><strong>Klassische Gold- und Silberoptionen: <\/strong>Mit luxuri\u00f6sen Gold- und modernen Silber-Optionen, ist es f\u00fcr verschiedene Stil-Thema Catering-Anl\u00e4sse geeignet.<\/p>\n\n\n\n<p><strong>Kundenspezifische OEM- und ODM-Dienstleistungen: <\/strong>Wir unterst\u00fctzen kundenspezifische LOGO (Lasergravur, Pr\u00e4gung usw.), bieten farbige Schachteln, Kraftpapier, OPP-Taschen und andere Verpackungsl\u00f6sungen, um den Anforderungen der Markenwerbung, des Verschenkens oder des Exports gerecht zu werden.<\/p>\n\n\n\n<p><strong>Gro\u00dfhandel direkte Lieferung, stabile Lieferzeit: <\/strong>Mit seiner eigenen Fabrik unterst\u00fctzt das Unternehmen Gro\u00dfbestellungen, einen stabilen Lieferzyklus und wettbewerbsf\u00e4hige Preise und eignet sich f\u00fcr eine langfristige Zusammenarbeit mit Marken, Vertriebsunternehmen und Gro\u00dfh\u00e4ndlern.<\/p>\n<\/div>\n\n\n\n<div class=\"wp-block-column is-layout-flow wp-block-column-is-layout-flow\">\n<figure class=\"wp-block-image size-full\"><img decoding=\"async\" width=\"1200\" height=\"1362\" src=\"https:\/\/www.mcallenflatware.com\/wp-content\/uploads\/2025\/04\/Wholasale-Luxury-Stainless-Steel-Gold-Silverware-Bulk-1.webp\" alt=\"Wholasale-Luxus-Edelstahl-Gold-Silbergeschirr-Gro\u00dfpackung-1\" class=\"wp-image-1986\" srcset=\"https:\/\/www.mcallenflatware.com\/wp-content\/uploads\/2025\/04\/Wholasale-Luxury-Stainless-Steel-Gold-Silverware-Bulk-1.webp 1200w, https:\/\/www.mcallenflatware.com\/wp-content\/uploads\/2025\/04\/Wholasale-Luxury-Stainless-Steel-Gold-Silverware-Bulk-1-768x872.webp 768w, https:\/\/www.mcallenflatware.com\/wp-content\/uploads\/2025\/04\/Wholasale-Luxury-Stainless-Steel-Gold-Silverware-Bulk-1-11x12.webp 11w, https:\/\/www.mcallenflatware.com\/wp-content\/uploads\/2025\/04\/Wholasale-Luxury-Stainless-Steel-Gold-Silverware-Bulk-1-600x681.webp 600w\" sizes=\"(max-width: 1200px) 100vw, 1200px\" \/><\/figure>\n<\/div>\n<\/div>\n\n\n\n<div class=\"wp-block-columns is-layout-flex wp-container-core-columns-is-layout-9d6595d7 wp-block-columns-is-layout-flex\">\n<div class=\"wp-block-column is-layout-flow wp-block-column-is-layout-flow\">\n<figure class=\"wp-block-image size-full\"><img decoding=\"async\" width=\"1200\" height=\"1136\" src=\"https:\/\/www.mcallenflatware.com\/wp-content\/uploads\/2025\/04\/Wholasale-Luxury-Stainless-Steel-Gold-Silverware-Bulk-9.webp\" alt=\"Wholasale-Luxus-Edelstahl-Gold-Silbergeschirr-Bulk-9\" class=\"wp-image-1993\" style=\"aspect-ratio:1;object-fit:cover\" srcset=\"https:\/\/www.mcallenflatware.com\/wp-content\/uploads\/2025\/04\/Wholasale-Luxury-Stainless-Steel-Gold-Silverware-Bulk-9.webp 1200w, https:\/\/www.mcallenflatware.com\/wp-content\/uploads\/2025\/04\/Wholasale-Luxury-Stainless-Steel-Gold-Silverware-Bulk-9-768x727.webp 768w, https:\/\/www.mcallenflatware.com\/wp-content\/uploads\/2025\/04\/Wholasale-Luxury-Stainless-Steel-Gold-Silverware-Bulk-9-13x12.webp 13w, https:\/\/www.mcallenflatware.com\/wp-content\/uploads\/2025\/04\/Wholasale-Luxury-Stainless-Steel-Gold-Silverware-Bulk-9-600x568.webp 600w\" sizes=\"(max-width: 1200px) 100vw, 1200px\" \/><\/figure>\n<\/div>\n\n\n\n<div class=\"wp-block-column is-layout-flow wp-block-column-is-layout-flow\">\n<figure class=\"wp-block-image size-full\"><img decoding=\"async\" width=\"1200\" height=\"1200\" src=\"https:\/\/www.mcallenflatware.com\/wp-content\/uploads\/2025\/04\/Wholasale-Luxury-Stainless-Steel-Gold-Silverware-Bulk-2.webp\" alt=\"Wholasale-Luxus-Edelstahl-Gold-Silbergeschirr-Gro\u00dfpackung-2\" class=\"wp-image-1987\" srcset=\"https:\/\/www.mcallenflatware.com\/wp-content\/uploads\/2025\/04\/Wholasale-Luxury-Stainless-Steel-Gold-Silverware-Bulk-2.webp 1200w, https:\/\/www.mcallenflatware.com\/wp-content\/uploads\/2025\/04\/Wholasale-Luxury-Stainless-Steel-Gold-Silverware-Bulk-2-150x150.webp 150w, https:\/\/www.mcallenflatware.com\/wp-content\/uploads\/2025\/04\/Wholasale-Luxury-Stainless-Steel-Gold-Silverware-Bulk-2-768x768.webp 768w, https:\/\/www.mcallenflatware.com\/wp-content\/uploads\/2025\/04\/Wholasale-Luxury-Stainless-Steel-Gold-Silverware-Bulk-2-12x12.webp 12w, https:\/\/www.mcallenflatware.com\/wp-content\/uploads\/2025\/04\/Wholasale-Luxury-Stainless-Steel-Gold-Silverware-Bulk-2-600x600.webp 600w, https:\/\/www.mcallenflatware.com\/wp-content\/uploads\/2025\/04\/Wholasale-Luxury-Stainless-Steel-Gold-Silverware-Bulk-2-300x300.webp 300w, https:\/\/www.mcallenflatware.com\/wp-content\/uploads\/2025\/04\/Wholasale-Luxury-Stainless-Steel-Gold-Silverware-Bulk-2-100x100.webp 100w\" sizes=\"(max-width: 1200px) 100vw, 1200px\" \/><\/figure>\n<\/div>\n\n\n\n<div class=\"wp-block-column is-layout-flow wp-block-column-is-layout-flow\">\n<figure class=\"wp-block-image size-full\"><img decoding=\"async\" width=\"1200\" height=\"1152\" src=\"https:\/\/www.mcallenflatware.com\/wp-content\/uploads\/2025\/04\/Wholasale-Luxury-Stainless-Steel-Gold-Silverware-Bulk-5.webp\" alt=\"Wholasale-Luxus-Edelstahl-Gold-Silberwaren-Bulk-5\" class=\"wp-image-1990\" style=\"aspect-ratio:1;object-fit:cover\" srcset=\"https:\/\/www.mcallenflatware.com\/wp-content\/uploads\/2025\/04\/Wholasale-Luxury-Stainless-Steel-Gold-Silverware-Bulk-5.webp 1200w, https:\/\/www.mcallenflatware.com\/wp-content\/uploads\/2025\/04\/Wholasale-Luxury-Stainless-Steel-Gold-Silverware-Bulk-5-768x737.webp 768w, https:\/\/www.mcallenflatware.com\/wp-content\/uploads\/2025\/04\/Wholasale-Luxury-Stainless-Steel-Gold-Silverware-Bulk-5-13x12.webp 13w, https:\/\/www.mcallenflatware.com\/wp-content\/uploads\/2025\/04\/Wholasale-Luxury-Stainless-Steel-Gold-Silverware-Bulk-5-600x576.webp 600w\" sizes=\"(max-width: 1200px) 100vw, 1200px\" \/><\/figure>\n<\/div>\n<\/div>\n<\/div>\n<\/div>","protected":false},"excerpt":{"rendered":"<p>Willkommen im Gro\u00dfhandel und anpassen Luxus-Besteck-Sets, Griff einzigartige Linie Design, Gold und Silber Optionen, geeignet f\u00fcr Restaurants, Hotels, Heimgebrauch, etc. Unterst\u00fctzen Sie kundenspezifische LOGO und Verpackung, um die Markenpersonalisierung zu verbessern. Fabrik Direktvertrieb, globale Versorgung, willkommen, uns f\u00fcr ein Angebot zu kontaktieren.<\/p>\n<h2 id=\"block-792b966c-c506-49fa-b3c8-9881ee38a4f5\" class=\"block-editor-rich-text__editable block-editor-block-list__block wp-block is-selected wp-block-heading rich-text\" role=\"document\" aria-label=\"Block: \u00dcberschrift\" data-block=\"792b966c-c506-49fa-b3c8-9881ee38a4f5\" data-type=\"core\/heading\" data-title=\"Heading\" data-wp-block-attribute-key=\"content\">Luxus-Besteck-Set Attribute :<\/h2>\n<p><strong>Markenname:<\/strong> Mcallen<br \/><strong>Material:<\/strong> Rostfreier Stahl<br \/><strong>Farbe:<\/strong>\u00a0 Silber, Gold<br \/><strong>Vorlaufzeit f\u00fcr Muster:<\/strong> Innerhalb von 3 Tagen<br \/><strong>OEM\/ODM:<\/strong> Verf\u00fcgbar<\/p>\n<h2>Kundenspezifisches Luxus-Besteck-Set:<\/h2>\n<p><strong>Rostfreier Stahl:<\/strong> Rostfreier Stahl 18\/10, 304, 316, 410, 430, 420<br \/><strong>Logo:<\/strong> Lasergravur, Siebdruck\/UV\/Hitzetransferdruck, Pr\u00e4gung usw.<br \/><strong>Verpacken:<\/strong> 4\/8\/12\/16\/20\/24\/45\/48\/72pcs set<br \/><strong>Oberfl\u00e4chenausf\u00fchrungen:<\/strong> Hochglanzpoliert, mattiert, wasserpoliert, Titanbeschichtung<br \/><strong>Verpackung:<\/strong> Bulk, OPP-Beutel, Farbkarton, Geschenkkarton, kundenspezifisch<\/p>","protected":false},"featured_media":1987,"template":"","meta":[],"product_brand":[],"product_cat":[23,29],"product_tag":[],"class_list":{"0":"post-1985","1":"product","2":"type-product","3":"status-publish","4":"has-post-thumbnail","6":"product_cat-wholesale-flatware","7":"product_cat-bulk-flatware","9":"first","10":"instock","11":"shipping-taxable","12":"product-type-simple"},"_links":{"self":[{"href":"https:\/\/www.mcallenflatware.com\/de\/wp-json\/wp\/v2\/product\/1985","targetHints":{"allow":["GET"]}}],"collection":[{"href":"https:\/\/www.mcallenflatware.com\/de\/wp-json\/wp\/v2\/product"}],"about":[{"href":"https:\/\/www.mcallenflatware.com\/de\/wp-json\/wp\/v2\/types\/product"}],"wp:featuredmedia":[{"embeddable":true,"href":"https:\/\/www.mcallenflatware.com\/de\/wp-json\/wp\/v2\/media\/1987"}],"wp:attachment":[{"href":"https:\/\/www.mcallenflatware.com\/de\/wp-json\/wp\/v2\/media?parent=1985"}],"wp:term":[{"taxonomy":"product_brand","embeddable":true,"href":"https:\/\/www.mcallenflatware.com\/de\/wp-json\/wp\/v2\/product_brand?post=1985"},{"taxonomy":"product_cat","embeddable":true,"href":"https:\/\/www.mcallenflatware.com\/de\/wp-json\/wp\/v2\/product_cat?post=1985"},{"taxonomy":"product_tag","embeddable":true,"href":"https:\/\/www.mcallenflatware.com\/de\/wp-json\/wp\/v2\/product_tag?post=1985"}],"curies":[{"name":"wp","href":"https:\/\/api.w.org\/{rel}","templated":true}]}}