{"id":2118,"date":"2025-06-03T06:15:20","date_gmt":"2025-06-03T06:15:20","guid":{"rendered":"https:\/\/www.mcallenflatware.com\/?post_type=product&#038;p=2118"},"modified":"2025-11-24T04:08:29","modified_gmt":"2025-11-24T04:08:29","slug":"wholesale-measuring-spoons","status":"publish","type":"product","link":"https:\/\/www.mcallenflatware.com\/de\/product\/wholesale-measuring-spoons\/","title":{"rendered":"Gro\u00dfhandel Messl\u00f6ffel 304 Edelstahl Gold Silber 6 Gr\u00f6\u00dfe Custom"},"content":{"rendered":"<h2 class=\"wp-block-heading\">Messl\u00f6ffel Merkmale:<\/h2>\n\n\n\n<div class=\"wp-block-columns is-layout-flex wp-container-core-columns-is-layout-9d6595d7 wp-block-columns-is-layout-flex\">\n<div class=\"wp-block-column is-layout-flow wp-block-column-is-layout-flow\" style=\"flex-basis:66.66%\">\n<p><strong>Hochwertiges Material aus rostfreiem Stahl<\/strong>l: Hergestellt aus lebensmittelechtem Edelstahl, ist es sicher, korrosionsbest\u00e4ndig und nicht leicht zu rosten, geeignet f\u00fcr den langfristigen Einsatz.<\/p>\n\n\n\n<p><strong>Dickes Griffdesign<\/strong>n: Der Griff ist verdickt, f\u00fchlt sich stabil an, verhindert das Verbiegen und Verformen und verbessert die Haltbarkeit und Professionalit\u00e4t.<\/p>\n\n\n\n<p><strong>Polieren von Spiegeln<\/strong>: Die Oberfl\u00e4che ist glatt und gl\u00e4nzend, sehr strukturiert, leicht zu reinigen und hinterl\u00e4sst keine R\u00fcckst\u00e4nde und Ger\u00fcche.<\/p>\n\n\n\n<p><strong>Sechs pr\u00e4zise Spezifikationen<\/strong>: Enth\u00e4lt 6 gebr\u00e4uchliche Angaben (z.B. 1 EL bis 2 EL), die den Bedarf an pr\u00e4zisen W\u00fcrz-, Back- oder Kaffeemessungen erf\u00fcllen.<\/p>\n\n\n\n<p><strong>Einteiliges Formgebungsverfahren<\/strong>: Keine Schwei\u00dffugen, robust und langlebig, verdeckt keinen Schmutz und erf\u00fcllt hohe Hygienestandards.<\/p>\n\n\n\n<p><strong>Verschachtelte Lagerung<\/strong>: Er ist stapelbar, platzsparend und eignet sich f\u00fcr Gro\u00dfk\u00fcchen, Haushaltsk\u00fcchen und den Vertrieb und Gro\u00dfhandel.<\/p>\n\n\n\n<p><strong>Anwendbar auf mehrere Szenarien<\/strong>: Geeignet f\u00fcr Caf\u00e9s, B\u00e4ckereien und Gro\u00dfk\u00fcchen usw., unterst\u00fctzt Massenanpassung und OEM\/ODM-Dienstleistungen.<\/p>\n<\/div>\n\n\n\n<div class=\"wp-block-column is-layout-flow wp-block-column-is-layout-flow\" style=\"flex-basis:33.33%\">\n<figure class=\"wp-block-image size-full\"><img decoding=\"async\" width=\"800\" height=\"800\" src=\"https:\/\/www.mcallenflatware.com\/wp-content\/uploads\/2025\/06\/Wholesale-Measuring-Spoons-304-Stainless-Steel-Glod-Sliver-6-Size-Custom-5.webp\" alt=\"Gro\u00dfhandel Messl\u00f6ffel 304 Edelstahl Glod Sliver 6 Gr\u00f6\u00dfe Custom (5)\" class=\"wp-image-2123\" srcset=\"https:\/\/www.mcallenflatware.com\/wp-content\/uploads\/2025\/06\/Wholesale-Measuring-Spoons-304-Stainless-Steel-Glod-Sliver-6-Size-Custom-5.webp 800w, https:\/\/www.mcallenflatware.com\/wp-content\/uploads\/2025\/06\/Wholesale-Measuring-Spoons-304-Stainless-Steel-Glod-Sliver-6-Size-Custom-5-150x150.webp 150w, https:\/\/www.mcallenflatware.com\/wp-content\/uploads\/2025\/06\/Wholesale-Measuring-Spoons-304-Stainless-Steel-Glod-Sliver-6-Size-Custom-5-768x768.webp 768w, https:\/\/www.mcallenflatware.com\/wp-content\/uploads\/2025\/06\/Wholesale-Measuring-Spoons-304-Stainless-Steel-Glod-Sliver-6-Size-Custom-5-12x12.webp 12w, https:\/\/www.mcallenflatware.com\/wp-content\/uploads\/2025\/06\/Wholesale-Measuring-Spoons-304-Stainless-Steel-Glod-Sliver-6-Size-Custom-5-600x600.webp 600w, https:\/\/www.mcallenflatware.com\/wp-content\/uploads\/2025\/06\/Wholesale-Measuring-Spoons-304-Stainless-Steel-Glod-Sliver-6-Size-Custom-5-300x300.webp 300w, https:\/\/www.mcallenflatware.com\/wp-content\/uploads\/2025\/06\/Wholesale-Measuring-Spoons-304-Stainless-Steel-Glod-Sliver-6-Size-Custom-5-100x100.webp 100w\" sizes=\"(max-width: 800px) 100vw, 800px\" \/><\/figure>\n<\/div>\n<\/div>","protected":false},"excerpt":{"rendered":"<p>Gro\u00dfhandel Messl\u00f6ffel Set, aus lebensmittelechtem Edelstahl, hochglanzpoliert, sechs gemeinsame Spezifikationen, geeignet f\u00fcr K\u00fcche, Kaffee, Backen, etc. Bieten Sie den besten Rabatt f\u00fcr Gro\u00dfauftr\u00e4ge. Willkommen zu erkundigen!<\/p>\n<h2>Messl\u00f6ffel Attribute<\/h2>\n<p><strong>Markenname:<\/strong> Mcallen<br \/><strong>Material:<\/strong> Rostfreier Stahl<br \/><strong>Farbe:<\/strong> Gold, Silber, oder kundenspezifisch<br \/><strong>Polieren:<\/strong> Hochglanzpoliert<br \/><strong>Vorlaufzeit f\u00fcr Muster:<\/strong> Innerhalb von 3 Tagen<br \/><strong>OEM\/ODM:<\/strong> Verf\u00fcgbar<\/p>\n<h2>Individuelle Messl\u00f6ffel:<\/h2>\n<p><strong>Rostfreier Stahl:<\/strong> Rostfreier Stahl 18\/10, 304, 316, 410, 430, 420<br \/><strong>Logo:<\/strong> Lasergravur, Siebdruck, UV-Druck, Thermotransferdruck, Pr\u00e4gung, etc.<br \/><strong>Oberfl\u00e4chenausf\u00fchrungen:<\/strong> Hochglanzpoliert, matt.<br \/><strong>Verpackung:<\/strong> Bulk, Opp Tasche, Farbe Box, Geschenk-Box, ma\u00dfgeschneiderte<\/p>","protected":false},"featured_media":2119,"template":"","meta":[],"product_brand":[],"product_cat":[24,32],"product_tag":[],"class_list":{"0":"post-2118","1":"product","2":"type-product","3":"status-publish","4":"has-post-thumbnail","6":"product_cat-wholesale-kitchen-utensils","7":"product_cat-custom-baking-tools-utensils","9":"first","10":"instock","11":"shipping-taxable","12":"product-type-simple"},"_links":{"self":[{"href":"https:\/\/www.mcallenflatware.com\/de\/wp-json\/wp\/v2\/product\/2118","targetHints":{"allow":["GET"]}}],"collection":[{"href":"https:\/\/www.mcallenflatware.com\/de\/wp-json\/wp\/v2\/product"}],"about":[{"href":"https:\/\/www.mcallenflatware.com\/de\/wp-json\/wp\/v2\/types\/product"}],"wp:featuredmedia":[{"embeddable":true,"href":"https:\/\/www.mcallenflatware.com\/de\/wp-json\/wp\/v2\/media\/2119"}],"wp:attachment":[{"href":"https:\/\/www.mcallenflatware.com\/de\/wp-json\/wp\/v2\/media?parent=2118"}],"wp:term":[{"taxonomy":"product_brand","embeddable":true,"href":"https:\/\/www.mcallenflatware.com\/de\/wp-json\/wp\/v2\/product_brand?post=2118"},{"taxonomy":"product_cat","embeddable":true,"href":"https:\/\/www.mcallenflatware.com\/de\/wp-json\/wp\/v2\/product_cat?post=2118"},{"taxonomy":"product_tag","embeddable":true,"href":"https:\/\/www.mcallenflatware.com\/de\/wp-json\/wp\/v2\/product_tag?post=2118"}],"curies":[{"name":"wp","href":"https:\/\/api.w.org\/{rel}","templated":true}]}}