{"id":2124,"date":"2025-06-03T06:40:18","date_gmt":"2025-06-03T06:40:18","guid":{"rendered":"https:\/\/www.mcallenflatware.com\/?post_type=product&#038;p=2124"},"modified":"2025-06-21T01:48:34","modified_gmt":"2025-06-21T01:48:34","slug":"custom-measuring-spoons","status":"publish","type":"product","link":"https:\/\/www.mcallenflatware.com\/de\/product\/custom-measuring-spoons\/","title":{"rendered":"Benutzerdefinierte Messl\u00f6ffel Quadrat Edelstahl Hochglanz poliert in Bulk"},"content":{"rendered":"<h2 class=\"wp-block-heading\">Quadratischer Messl\u00f6ffel Merkmale:<\/h2>\n\n\n\n<div class=\"wp-block-columns is-layout-flex wp-container-core-columns-is-layout-9d6595d7 wp-block-columns-is-layout-flex\">\n<div class=\"wp-block-column is-layout-flow wp-block-column-is-layout-flow\" style=\"flex-basis:66.66%\">\n<p><strong>Hochwertiges Material<\/strong>: Hergestellt aus lebensmittelechtem Edelstahl, ist es korrosionsbest\u00e4ndig, rostfrei, langlebig, sicher und geruchsneutral, geeignet f\u00fcr alle Arten von K\u00fcche Szenen.<\/p>\n\n\n\n<p><strong>Quadratischer L\u00f6ffelkopf<\/strong>Einzigartige Form, einfache Entnahme der Zutaten aus der Gew\u00fcrzflasche, platzsparend, einfaches Abschaben von pulverf\u00f6rmigen Zutaten.<\/p>\n\n\n\n<p><strong>Polieren von Spiegeln<\/strong>Die hochgl\u00e4nzende Textur, die leicht und ohne R\u00fcckst\u00e4nde zu reinigen ist, unterstreicht den optischen Gesamteindruck der K\u00fcche.<\/p>\n\n\n\n<p><strong>Dicker, einteilig geformter Griff<\/strong>Solides Gef\u00fchl, ergonomisch, nicht leicht zu verbiegen oder zu verformen und arbeitssparender in der Anwendung.<\/p>\n\n\n\n<p><strong>Multi-Spezifikations-Set-Kombination:<\/strong> konventionelle Kapazit\u00e4t wie 1 Essl\u00f6ffel (15 ml), 1 Teel\u00f6ffel (5 ml), 1\/2 Teel\u00f6ffel (2,5 ml) usw., genaue Messung, um verschiedene Messanforderungen zu erf\u00fcllen.<\/p>\n\n\n\n<p><strong>Laser-Skala<\/strong>: Jeder Messl\u00f6ffel ist mit einer klaren Laserskala versehen, die das Fassungsverm\u00f6gen in Milliliter\/ml und Teel\u00f6ffel\/tsp in zwei Einheiten angibt und auch nach langem Gebrauch noch klar und deutlich lesbar ist.<\/p>\n\n\n\n<p><strong>Eine Vielzahl<\/strong><em><strong>t<\/strong><\/em><strong>y von Farben sind verf\u00fcgbar<\/strong>Gold, Schwarz, Ros\u00e9gold, Silber und andere Galvanisierungsfarben, um verschiedenen Markenstilen gerecht zu werden.<\/p>\n<\/div>\n\n\n\n<div class=\"wp-block-column is-layout-flow wp-block-column-is-layout-flow\" style=\"flex-basis:33.33%\">\n<figure class=\"wp-block-image size-full\"><img decoding=\"async\" width=\"800\" height=\"800\" src=\"https:\/\/www.mcallenflatware.com\/wp-content\/uploads\/2025\/06\/Custom-Measuring-Spoons-Square-Stainless-Steel-Mirror-Polish-in-Bulk-4.webp\" alt=\"Benutzerdefinierte Messl\u00f6ffel Quadrat Edelstahl Hochglanz poliert in Bulk (4)\" class=\"wp-image-2128\" srcset=\"https:\/\/www.mcallenflatware.com\/wp-content\/uploads\/2025\/06\/Custom-Measuring-Spoons-Square-Stainless-Steel-Mirror-Polish-in-Bulk-4.webp 800w, https:\/\/www.mcallenflatware.com\/wp-content\/uploads\/2025\/06\/Custom-Measuring-Spoons-Square-Stainless-Steel-Mirror-Polish-in-Bulk-4-150x150.webp 150w, https:\/\/www.mcallenflatware.com\/wp-content\/uploads\/2025\/06\/Custom-Measuring-Spoons-Square-Stainless-Steel-Mirror-Polish-in-Bulk-4-768x768.webp 768w, https:\/\/www.mcallenflatware.com\/wp-content\/uploads\/2025\/06\/Custom-Measuring-Spoons-Square-Stainless-Steel-Mirror-Polish-in-Bulk-4-12x12.webp 12w, https:\/\/www.mcallenflatware.com\/wp-content\/uploads\/2025\/06\/Custom-Measuring-Spoons-Square-Stainless-Steel-Mirror-Polish-in-Bulk-4-600x600.webp 600w, https:\/\/www.mcallenflatware.com\/wp-content\/uploads\/2025\/06\/Custom-Measuring-Spoons-Square-Stainless-Steel-Mirror-Polish-in-Bulk-4-300x300.webp 300w, https:\/\/www.mcallenflatware.com\/wp-content\/uploads\/2025\/06\/Custom-Measuring-Spoons-Square-Stainless-Steel-Mirror-Polish-in-Bulk-4-100x100.webp 100w\" sizes=\"(max-width: 800px) 100vw, 800px\" \/><\/figure>\n<\/div>\n<\/div>","protected":false},"excerpt":{"rendered":"<p>Benutzerdefinierte Messl\u00f6ffel, quadratische L\u00f6ffelkopfdesigns, mehrere Spezifikationen und Farben sind verf\u00fcgbar, weit verbreitet beim Backen, W\u00fcrzen, Kaffee und anderen pr\u00e4zisen Messanforderungen. Fabrik direkt liefern, willkommen, um kostenlose Angebote zu erhalten.<\/p>\n<h2>Quadratischer Messl\u00f6ffel Attribute:<\/h2>\n<p><strong>Markenname:<\/strong> Mcallen<br \/><strong>Material:<\/strong> Rostfreier Stahl<br \/><strong>Farbe:<\/strong> Silber, Gold, Schwarz, Rose Gold, etc.<br \/><strong>Polieren:<\/strong> Hochglanzpoliert<br \/><strong>Gr\u00f6\u00dfe:<\/strong> 0.63ML, 1.25ML, 2.5ml, 3.75ml, 5ml,15ml<br \/><strong>Vorlaufzeit f\u00fcr Muster:<\/strong> Innerhalb von 3 Tagen<br \/><strong>OEM\/ODM:<\/strong> Verf\u00fcgbar<\/p>\n<h2>Individueller quadratischer Messl\u00f6ffel:<\/h2>\n<p><strong>Rostfreier Stahl:<\/strong> Rostfreier Stahl 18\/10, 304, 316, 410, 430, 420<br \/><strong>Logo:<\/strong> Lasergravur, Siebdruck, UV-Druck, Thermotransferdruck, Pr\u00e4gung, etc.<br \/><strong>Farbe:<\/strong> Gold, Silber, oder individuell<br \/><strong>Verpackung:<\/strong> Bulk, OPP-Beutel, Farbkarton, Geschenkkarton, kundenspezifisch<\/p>","protected":false},"featured_media":2126,"template":"","meta":[],"product_brand":[],"product_cat":[24,32],"product_tag":[],"class_list":{"0":"post-2124","1":"product","2":"type-product","3":"status-publish","4":"has-post-thumbnail","6":"product_cat-wholesale-kitchen-utensils","7":"product_cat-custom-baking-tools-utensils","9":"first","10":"instock","11":"shipping-taxable","12":"product-type-simple"},"_links":{"self":[{"href":"https:\/\/www.mcallenflatware.com\/de\/wp-json\/wp\/v2\/product\/2124","targetHints":{"allow":["GET"]}}],"collection":[{"href":"https:\/\/www.mcallenflatware.com\/de\/wp-json\/wp\/v2\/product"}],"about":[{"href":"https:\/\/www.mcallenflatware.com\/de\/wp-json\/wp\/v2\/types\/product"}],"wp:featuredmedia":[{"embeddable":true,"href":"https:\/\/www.mcallenflatware.com\/de\/wp-json\/wp\/v2\/media\/2126"}],"wp:attachment":[{"href":"https:\/\/www.mcallenflatware.com\/de\/wp-json\/wp\/v2\/media?parent=2124"}],"wp:term":[{"taxonomy":"product_brand","embeddable":true,"href":"https:\/\/www.mcallenflatware.com\/de\/wp-json\/wp\/v2\/product_brand?post=2124"},{"taxonomy":"product_cat","embeddable":true,"href":"https:\/\/www.mcallenflatware.com\/de\/wp-json\/wp\/v2\/product_cat?post=2124"},{"taxonomy":"product_tag","embeddable":true,"href":"https:\/\/www.mcallenflatware.com\/de\/wp-json\/wp\/v2\/product_tag?post=2124"}],"curies":[{"name":"wp","href":"https:\/\/api.w.org\/{rel}","templated":true}]}}