{"id":2142,"date":"2025-06-10T06:26:20","date_gmt":"2025-06-10T06:26:20","guid":{"rendered":"https:\/\/www.mcallenflatware.com\/?post_type=product&#038;p=2142"},"modified":"2025-06-21T01:54:50","modified_gmt":"2025-06-21T01:54:50","slug":"wholesale-childrens-flatware","status":"publish","type":"product","link":"https:\/\/www.mcallenflatware.com\/de\/product\/wholesale-childrens-flatware\/","title":{"rendered":"Gro\u00dfhandel Kinderbesteck mit Silikongriff und Box in Bulk"},"content":{"rendered":"<h2 class=\"wp-block-heading\">Kinderbesteck Merkmale:<\/h2>\n\n\n\n<div class=\"wp-block-columns is-layout-flex wp-container-core-columns-is-layout-9d6595d7 wp-block-columns-is-layout-flex\">\n<div class=\"wp-block-column is-layout-flow wp-block-column-is-layout-flow\" style=\"flex-basis:66.66%\">\n<p><strong>Hochwertiger Edelstahl 316<\/strong><br>Es ist aus lebensmittelechtem 316er Edelstahl gefertigt, der korrosionsbest\u00e4ndiger und sicherer f\u00fcr den langfristigen Gebrauch ist. Es ist speziell f\u00fcr Kindergeschirr konzipiert.<\/p>\n\n\n\n<p><strong>Weicher, rutschfester Silikongriff<\/strong><br>Der Griff ist mit weichem Silikon ummantelt, das rutschfest und nicht verbr\u00fchend ist. Er passt zu den kleinen H\u00e4nden des Babys und ist leichter zu greifen, was dem Baby hilft, die F\u00e4higkeit zum selbstst\u00e4ndigen Essen zu entwickeln.<\/p>\n\n\n\n<p><strong>Das Design mit abgerundeten Ecken ist sicherer<\/strong><br>Alle Kanten sind poliert und abgerundet, ohne scharfe Ecken, um zu verhindern, dass sich das Baby beim Essen den Mund oder das Zahnfleisch aufkratzt.<\/p>\n\n\n\n<p><strong>Ein niedliches, farblich passendes Design lockt Babys an<\/strong><br>Leuchtende Farben und Formen im Cartoon-Stil wecken das Interesse des Babys am Essen und machen das Essen interessanter.<\/p>\n\n\n\n<p><strong>Leicht zu reinigen und sp\u00fclmaschinengeeignet<\/strong><br>Die Oberfl\u00e4che aus rostfreiem Stahl ist glatt und rostet nicht. Der Silikongriff ist hitzebest\u00e4ndig und leicht zu reinigen. Er kann direkt in der Sp\u00fclmaschine gereinigt werden, was Sorgen und M\u00fche spart.<\/p>\n\n\n\n<p><strong>Unterst\u00fctzung von kundenspezifischen OEM\/ODM-Dienstleistungen<\/strong><br>LOGO, Farbe, Muster und Verpackung k\u00f6nnen je nach Kundenwunsch angepasst werden und eignen sich f\u00fcr viele Arten von Kunden, wie z. B. Marken f\u00fcr Mutter und Kind, E-Commerce-Plattformen, Supermarktkan\u00e4le usw.<\/p>\n<\/div>\n\n\n\n<div class=\"wp-block-column is-layout-flow wp-block-column-is-layout-flow\" style=\"flex-basis:33.33%\">\n<figure class=\"wp-block-image size-full\"><img decoding=\"async\" width=\"700\" height=\"700\" src=\"https:\/\/www.mcallenflatware.com\/wp-content\/uploads\/2025\/06\/Wholesale-Childrens-Cutlery-Gift-Set-Stainless-Steel-with-Silicone-Handle-3.webp\" alt=\"Gro\u00dfhandel Kinderbesteck Geschenk Set Edelstahl mit Silikongriff (3)\" class=\"wp-image-2145\" srcset=\"https:\/\/www.mcallenflatware.com\/wp-content\/uploads\/2025\/06\/Wholesale-Childrens-Cutlery-Gift-Set-Stainless-Steel-with-Silicone-Handle-3.webp 700w, https:\/\/www.mcallenflatware.com\/wp-content\/uploads\/2025\/06\/Wholesale-Childrens-Cutlery-Gift-Set-Stainless-Steel-with-Silicone-Handle-3-150x150.webp 150w, https:\/\/www.mcallenflatware.com\/wp-content\/uploads\/2025\/06\/Wholesale-Childrens-Cutlery-Gift-Set-Stainless-Steel-with-Silicone-Handle-3-12x12.webp 12w, https:\/\/www.mcallenflatware.com\/wp-content\/uploads\/2025\/06\/Wholesale-Childrens-Cutlery-Gift-Set-Stainless-Steel-with-Silicone-Handle-3-600x600.webp 600w, https:\/\/www.mcallenflatware.com\/wp-content\/uploads\/2025\/06\/Wholesale-Childrens-Cutlery-Gift-Set-Stainless-Steel-with-Silicone-Handle-3-300x300.webp 300w, https:\/\/www.mcallenflatware.com\/wp-content\/uploads\/2025\/06\/Wholesale-Childrens-Cutlery-Gift-Set-Stainless-Steel-with-Silicone-Handle-3-100x100.webp 100w\" sizes=\"(max-width: 700px) 100vw, 700px\" \/><\/figure>\n<\/div>\n<\/div>","protected":false},"excerpt":{"rendered":"<p>Willkommen im Gro\u00dfhandel Kinderbesteck, mit lebensmittelechtem 316 Edelstahl und Silikongriffe, sicher und langlebig. Mit reichen Farben, ist es ein Hot-Selling-Produkt in der Kinder-Besteck Markt. Fabrik Direktvertrieb, zuverl\u00e4ssige Qualit\u00e4t, Gro\u00dfhandelspreis, Unterst\u00fctzung der Anpassung, kontaktieren Sie uns f\u00fcr Anfragen\uff01<\/p>\n<h2>Kinderbesteck Attribute<\/h2>\n<p><strong>Markenname:<\/strong> Mcallen<br \/><strong>Material:<\/strong> Rostfreier Stahl<br \/><strong>Farbe:<\/strong> Gr\u00fcn, Orange, Bunte Griffe<br \/><strong>Polieren:<\/strong> Hochglanzpoliert<br \/><strong>Entwurf:<\/strong> Niedlicher Bauklotz-Griff<br \/><strong>Vorlaufzeit f\u00fcr Muster:<\/strong> Innerhalb von 3 Tagen<br \/><strong>OEM\/ODM:<\/strong> Verf\u00fcgbar<\/p>\n<h2>Individuelles Kinderbesteck:<\/h2>\n<p><strong>Rostfreier Stahl:<\/strong> Rostfreier Stahl 18\/10, 304, 316, 410, 430, 420<br \/><strong>Logo:<\/strong> Lasergravur, Siebdruck, UV-Druck, Thermotransferdruck, Pr\u00e4gung, etc.<br \/><strong>Verpacken:<\/strong> 4\/8\/12\/16\/20\/24\/45\/48\/72pcs set<br \/><strong>Oberfl\u00e4chenausf\u00fchrungen:<\/strong> Hochglanzpoliert, mattiert, wasserpoliert, Titanbeschichtung<br \/><strong>Verpackung:<\/strong> Bulk, Opp Tasche, Farbe Box, Geschenk-Box, ma\u00dfgeschneiderte<\/p>","protected":false},"featured_media":2143,"template":"","meta":[],"product_brand":[],"product_cat":[23,28],"product_tag":[],"class_list":{"0":"post-2142","1":"product","2":"type-product","3":"status-publish","4":"has-post-thumbnail","6":"product_cat-wholesale-flatware","7":"product_cat-childrens-cutlery-set-wholesale","9":"first","10":"instock","11":"shipping-taxable","12":"product-type-simple"},"_links":{"self":[{"href":"https:\/\/www.mcallenflatware.com\/de\/wp-json\/wp\/v2\/product\/2142","targetHints":{"allow":["GET"]}}],"collection":[{"href":"https:\/\/www.mcallenflatware.com\/de\/wp-json\/wp\/v2\/product"}],"about":[{"href":"https:\/\/www.mcallenflatware.com\/de\/wp-json\/wp\/v2\/types\/product"}],"wp:featuredmedia":[{"embeddable":true,"href":"https:\/\/www.mcallenflatware.com\/de\/wp-json\/wp\/v2\/media\/2143"}],"wp:attachment":[{"href":"https:\/\/www.mcallenflatware.com\/de\/wp-json\/wp\/v2\/media?parent=2142"}],"wp:term":[{"taxonomy":"product_brand","embeddable":true,"href":"https:\/\/www.mcallenflatware.com\/de\/wp-json\/wp\/v2\/product_brand?post=2142"},{"taxonomy":"product_cat","embeddable":true,"href":"https:\/\/www.mcallenflatware.com\/de\/wp-json\/wp\/v2\/product_cat?post=2142"},{"taxonomy":"product_tag","embeddable":true,"href":"https:\/\/www.mcallenflatware.com\/de\/wp-json\/wp\/v2\/product_tag?post=2142"}],"curies":[{"name":"wp","href":"https:\/\/api.w.org\/{rel}","templated":true}]}}