{"id":2154,"date":"2025-06-16T06:27:27","date_gmt":"2025-06-16T06:27:27","guid":{"rendered":"https:\/\/www.mcallenflatware.com\/?post_type=product&#038;p=2154"},"modified":"2025-11-24T04:12:40","modified_gmt":"2025-11-24T04:12:40","slug":"wholesale-kids-cutlery-set","status":"publish","type":"product","link":"https:\/\/www.mcallenflatware.com\/de\/product\/wholesale-kids-cutlery-set\/","title":{"rendered":"Gro\u00dfhandel Kinder Besteck Set Edelstahl, Kinderbesteck mit Silikongriff Custom"},"content":{"rendered":"<h2 class=\"wp-block-heading\">Kinder-Besteck-Set Merkmale:<\/h2>\n\n\n\n<div class=\"wp-block-columns is-layout-flex wp-container-core-columns-is-layout-9d6595d7 wp-block-columns-is-layout-flex\">\n<div class=\"wp-block-column is-layout-flow wp-block-column-is-layout-flow\" style=\"flex-basis:66.66%\">\n<p><strong>Lebensmittelgeeignetes Material aus rostfreiem Stahl<\/strong>: Hochwertiger Edelstahl 304, nicht leicht zu rosten, s\u00e4urebest\u00e4ndig, geeignet f\u00fcr den t\u00e4glichen Gebrauch von S\u00e4uglingen und Kindern, die Gesundheit und den Frieden des Geistes zu gew\u00e4hrleisten.<\/p>\n\n\n\n<p><strong>Verdickter, rutschfester Silikongriff<\/strong>Ergonomisches Design, der Griff ist weich und dick, passt sich den Kinderh\u00e4nden an, ist rutschfest und schuppt nicht, hilft den Babys beim selbstst\u00e4ndigen Essen und verbessert den Komfort.<\/p>\n\n\n\n<p><strong>Abgerundete Kanten<\/strong>: Die Kanten von Messern, Gabeln und L\u00f6ffeln sind abgerundet, ohne Grate oder Kratzer. Das macht sie sicherer im Gebrauch und verhindert, dass sich Babys den Mund oder das Zahnfleisch aufkratzen.<\/p>\n\n\n\n<p><strong>Sanfte und auff\u00e4llige Farben: <\/strong>eine Vielzahl von sanften Farbkombinationen, wie Olivgr\u00fcn und warmes Orange, haben eine<strong> <\/strong>eine starke visuelle Affinit\u00e4t, ziehen die Aufmerksamkeit des Babys leichter auf sich und verbessern das Esserlebnis.<\/p>\n\n\n\n<p><strong>Umweltfreundliche tragbare Kunststoffbox<\/strong>: Jedes Kinderbesteck ist mit einer Aufbewahrungsbox aus lebensmittelechtem PP-Kunststoff ausgestattet, die f\u00fcr Reisen und Kinderg\u00e4rten geeignet, sauber und hygienisch ist.<\/p>\n\n\n\n<p><strong>Unterst\u00fctzung der Anpassung<\/strong>: Wir bieten OEM\/ODM-Dienstleistungen an und passen Farben, Muster, LOGO und Geschenkverpackungen nach Kundenwunsch an usw., geeignet f\u00fcr Mutter- und Kindmarken, E-Commerce-Plattformen, Geschenkkunden und andere Kan\u00e4le.<\/p>\n<\/div>\n\n\n\n<div class=\"wp-block-column is-layout-flow wp-block-column-is-layout-flow\" style=\"flex-basis:33.33%\"><div class=\"wp-block-image\">\n<figure class=\"aligncenter size-full\"><img decoding=\"async\" width=\"800\" height=\"800\" src=\"https:\/\/www.mcallenflatware.com\/wp-content\/uploads\/2025\/06\/Wholesale-Kids-Cutlery-Set-Stainless-Steel-3.webp\" alt=\"Gro\u00dfhandel Kinder Besteck Set Edelstahl (3)\" class=\"wp-image-2155\" style=\"object-fit:cover\" srcset=\"https:\/\/www.mcallenflatware.com\/wp-content\/uploads\/2025\/06\/Wholesale-Kids-Cutlery-Set-Stainless-Steel-3.webp 800w, https:\/\/www.mcallenflatware.com\/wp-content\/uploads\/2025\/06\/Wholesale-Kids-Cutlery-Set-Stainless-Steel-3-150x150.webp 150w, https:\/\/www.mcallenflatware.com\/wp-content\/uploads\/2025\/06\/Wholesale-Kids-Cutlery-Set-Stainless-Steel-3-768x768.webp 768w, https:\/\/www.mcallenflatware.com\/wp-content\/uploads\/2025\/06\/Wholesale-Kids-Cutlery-Set-Stainless-Steel-3-12x12.webp 12w, https:\/\/www.mcallenflatware.com\/wp-content\/uploads\/2025\/06\/Wholesale-Kids-Cutlery-Set-Stainless-Steel-3-600x600.webp 600w, https:\/\/www.mcallenflatware.com\/wp-content\/uploads\/2025\/06\/Wholesale-Kids-Cutlery-Set-Stainless-Steel-3-300x300.webp 300w, https:\/\/www.mcallenflatware.com\/wp-content\/uploads\/2025\/06\/Wholesale-Kids-Cutlery-Set-Stainless-Steel-3-100x100.webp 100w\" sizes=\"(max-width: 800px) 100vw, 800px\" \/><\/figure>\n<\/div><\/div>\n<\/div>","protected":false},"excerpt":{"rendered":"<p>Der Gro\u00dfhandel Kinder Besteck Set, 304 Edelstahl mit weichen Silikongriffen, sichere abgerundete Kanten und tragbare Design, ist eine ideale Wahl f\u00fcr die Kinderbesteck Markt. Unterst\u00fctzt die Anpassung, willkommene Anfragen!<\/p>\n<h2>Kinder-Besteck-Set Attribute<\/h2>\n<p><strong>Markenname:<\/strong> Mcallen<br \/><strong>Material:<\/strong> Rostfreier Stahl<br \/><strong>Farbe: <\/strong> Orange, Gr\u00fcn, Cremefarbe<br \/><strong>Polieren:<\/strong> Hochglanzpoliert<br \/><strong>Gestaltung<\/strong><strong>:<\/strong> mit Silikongriff<br \/><strong>Vorlaufzeit f\u00fcr Muster:<\/strong> Innerhalb von 3 Tagen<br \/><strong>OEM\/ODM:<\/strong> Verf\u00fcgbar<\/p>\n<h2>Individuelles Kinderbesteck:<\/h2>\n<p><strong>Rostfreier Stahl:<\/strong> Rostfreier Stahl 18\/10, 304, 316, 410, 430, 420<br \/><strong>Logo:<\/strong> Lasergravur, Siebdruck, UV-Druck, Thermotransferdruck, Pr\u00e4gung, etc.<br \/><strong>Verpacken:<\/strong> 4\/8\/12\/16\/20\/24\/45\/48\/72pcs set<br \/><strong>Oberfl\u00e4chenausf\u00fchrungen:<\/strong> Hochglanzpoliert, mattiert, wasserpoliert, Titanbeschichtung<br \/><strong>Verpackung:<\/strong> Bulk, OPP-Beutel, Farbkarton, Geschenkkarton, kundenspezifisch<\/p>","protected":false},"featured_media":2161,"template":"","meta":[],"product_brand":[],"product_cat":[23,28],"product_tag":[],"class_list":{"0":"post-2154","1":"product","2":"type-product","3":"status-publish","4":"has-post-thumbnail","6":"product_cat-wholesale-flatware","7":"product_cat-childrens-cutlery-set-wholesale","9":"first","10":"instock","11":"shipping-taxable","12":"product-type-simple"},"_links":{"self":[{"href":"https:\/\/www.mcallenflatware.com\/de\/wp-json\/wp\/v2\/product\/2154","targetHints":{"allow":["GET"]}}],"collection":[{"href":"https:\/\/www.mcallenflatware.com\/de\/wp-json\/wp\/v2\/product"}],"about":[{"href":"https:\/\/www.mcallenflatware.com\/de\/wp-json\/wp\/v2\/types\/product"}],"wp:featuredmedia":[{"embeddable":true,"href":"https:\/\/www.mcallenflatware.com\/de\/wp-json\/wp\/v2\/media\/2161"}],"wp:attachment":[{"href":"https:\/\/www.mcallenflatware.com\/de\/wp-json\/wp\/v2\/media?parent=2154"}],"wp:term":[{"taxonomy":"product_brand","embeddable":true,"href":"https:\/\/www.mcallenflatware.com\/de\/wp-json\/wp\/v2\/product_brand?post=2154"},{"taxonomy":"product_cat","embeddable":true,"href":"https:\/\/www.mcallenflatware.com\/de\/wp-json\/wp\/v2\/product_cat?post=2154"},{"taxonomy":"product_tag","embeddable":true,"href":"https:\/\/www.mcallenflatware.com\/de\/wp-json\/wp\/v2\/product_tag?post=2154"}],"curies":[{"name":"wp","href":"https:\/\/api.w.org\/{rel}","templated":true}]}}