{"id":2426,"date":"2025-10-24T03:48:19","date_gmt":"2025-10-24T03:48:19","guid":{"rendered":"https:\/\/www.mcallenflatware.com\/?post_type=product&#038;p=2426"},"modified":"2025-10-24T03:48:21","modified_gmt":"2025-10-24T03:48:21","slug":"bulk-measuring-spoons","status":"publish","type":"product","link":"https:\/\/www.mcallenflatware.com\/de\/product\/bulk-measuring-spoons\/","title":{"rendered":"Bulk Messl\u00f6ffel 20ml, benutzerdefinierte bunte Edelstahl L\u00f6ffel Set"},"content":{"rendered":"<div class=\"wp-block-columns is-layout-flex wp-container-core-columns-is-layout-9d6595d7 wp-block-columns-is-layout-flex\">\n<div class=\"wp-block-column is-layout-flow wp-block-column-is-layout-flow\">\n<h2 class=\"wp-block-heading\">Messl\u00f6ffel Merkmale:<\/h2>\n\n\n\n<p><strong>Sichere Materialien in Lebensmittelqualit\u00e4t:<\/strong> Aus hochwertigem Edelstahl 304 gefertigt, ist es langlebig, korrosionsbest\u00e4ndig und rostfrei und erf\u00fcllt die Sicherheitsnormen f\u00fcr den Kontakt mit Lebensmitteln f\u00fcr einen sicheren Gebrauch.<\/p>\n\n\n\n<p><strong>Verschiedene Farboptionen: <\/strong>Silber, Braun, Lila, Blau, Gelb, Gr\u00fcn usw. stehen zur Verf\u00fcgung, um den traditionellen Stil aufzubrechen, ihn lebendiger und interessanter zu machen und die Attraktivit\u00e4t des Produkts zu erh\u00f6hen.<\/p>\n\n\n\n<p><strong>Pr\u00e4zise 20ml Kapazit\u00e4t: <\/strong>Pr\u00e4zises Fassungsverm\u00f6gen von 20 ml mit minimalem Messfehler, ideal zum Backen, Kochen und f\u00fcr Laborarbeiten.<\/p>\n\n\n\n<p><strong>Abgerundeter L\u00f6ffel Design: <\/strong>Die glatte, abgerundete Form des L\u00f6ffels erleichtert das Sch\u00f6pfen von pulverf\u00f6rmigen Zutaten (z. B. Mehl und Zucker) oder klebrigen Zutaten (z. B. Honig und So\u00dfen) und vereinfacht gleichzeitig das Ausgie\u00dfen und Reinigen.<\/p>\n\n\n\n<p><strong>Leicht zu reinigen: <\/strong>Das einteilige Gussverfahren (fein polierte Oberfl\u00e4che) sorgt f\u00fcr eine glatte, fleckenunempfindliche Oberfl\u00e4che. Es kann direkt oder in der Sp\u00fclmaschine gewaschen werden und ist somit lange haltbar.<\/p>\n\n\n\n<p><strong>Lieferung in gro\u00dfen Mengen und flexible Anpassung: <\/strong>Als professioneller Hersteller unterst\u00fctzen wir den Kauf gro\u00dfer Mengen und bieten \u00e4u\u00dferst wettbewerbsf\u00e4hige Preise. Au\u00dferdem bieten wir OEM\/ODM-Anpassungsdienste (z. B. Logodruck) an, um Ihre unterschiedlichen Gesch\u00e4ftsanforderungen zu erf\u00fcllen.<\/p>\n<\/div>\n\n\n\n<div class=\"wp-block-column is-layout-flow wp-block-column-is-layout-flow\">\n<figure class=\"wp-block-image size-full\"><img decoding=\"async\" width=\"1000\" height=\"1000\" src=\"https:\/\/www.mcallenflatware.com\/wp-content\/uploads\/2025\/09\/Custom-Measuring-Spoons-4.webp\" alt=\"Bulk Custom Messl\u00f6ffel\" class=\"wp-image-2431\" srcset=\"https:\/\/www.mcallenflatware.com\/wp-content\/uploads\/2025\/09\/Custom-Measuring-Spoons-4.webp 1000w, https:\/\/www.mcallenflatware.com\/wp-content\/uploads\/2025\/09\/Custom-Measuring-Spoons-4-150x150.webp 150w, https:\/\/www.mcallenflatware.com\/wp-content\/uploads\/2025\/09\/Custom-Measuring-Spoons-4-768x768.webp 768w, https:\/\/www.mcallenflatware.com\/wp-content\/uploads\/2025\/09\/Custom-Measuring-Spoons-4-12x12.webp 12w, https:\/\/www.mcallenflatware.com\/wp-content\/uploads\/2025\/09\/Custom-Measuring-Spoons-4-600x600.webp 600w, https:\/\/www.mcallenflatware.com\/wp-content\/uploads\/2025\/09\/Custom-Measuring-Spoons-4-300x300.webp 300w, https:\/\/www.mcallenflatware.com\/wp-content\/uploads\/2025\/09\/Custom-Measuring-Spoons-4-100x100.webp 100w\" sizes=\"(max-width: 1000px) 100vw, 1000px\" \/><\/figure>\n<\/div>\n<\/div>","protected":false},"excerpt":{"rendered":"<p id=\"tw-target-text\" class=\"tw-data-text tw-text-large tw-ta\" dir=\"ltr\" role=\"text\" data-placeholder=\"\u7ffb\u8bd1\" data-ved=\"2ahUKEwiyhqC54PWPAxUs1jQHHZXjJswQ3ewLegQIFBAW\" aria-label=\"Dieser 20-ml-Messl\u00f6ffel aus rostfreiem Stahl ist eines unserer Starprodukte f\u00fcr alle, die Pr\u00e4zision und Komfort sch\u00e4tzen. Er ist aus hochwertigem, lebensmittelechtem 304er Edelstahl gefertigt und somit langlebig, sicher und hygienisch. Sein pr\u00e4zises Fassungsverm\u00f6gen von 20 ml und sein einzigartiges, abgerundetes Design erm\u00f6glichen es Ihnen, Backzutaten abzumessen, Getr\u00e4nke zuzubereiten und andere pr\u00e4zise Messungen mit Leichtigkeit vorzunehmen, ohne etwas zu versch\u00fctten. Wir bieten Rabatte f\u00fcr Gro\u00dfeink\u00e4ufe und unterst\u00fctzen flexible Anpassungen.\">Die in verschiedenen Farben erh\u00e4ltlichen Messl\u00f6ffel sind aus poliertem Edelstahl gefertigt und haben eine glatte, leicht zu reinigende Oberfl\u00e4che. Dieses attraktive Messl\u00f6ffelset eignet sich perfekt zum Backen, Kochen, f\u00fcr die Lebensmittelzubereitung und vieles mehr. Direkt ab Werk bieten wir Ihnen Anpassungsm\u00f6glichkeiten zu Gro\u00dfhandelspreisen. Jetzt anfragen!<\/p>\n<p><strong>Markenname:<\/strong> Mcallen<br \/><strong>Material:<\/strong> Rostfreier Stahl<br \/><strong>Farbe:<\/strong> Silber, Braun, Lila, Blau, Gelb, Gr\u00fcn, usw.<br \/><strong>Gr\u00f6\u00dfe:<\/strong> 20ML<br \/><strong>Vorlaufzeit f\u00fcr Muster:<\/strong> Innerhalb von 3 Tagen<br \/><strong>OEM\/ODM:<\/strong> Verf\u00fcgbar<\/p>\n<h2>Individueller Messl\u00f6ffel:<\/h2>\n<p><strong>Rostfreier Stahl:<\/strong> Rostfreier Stahl 18\/10, 304, 316, 410, 430, 420<br \/><strong>Logo:<\/strong> Lasergravur, Siebdruck, UV-Druck, Thermotransferdruck, Pr\u00e4gung, etc.<br \/><strong>Farbe:<\/strong> Gold, Silber, oder individuell<br \/><strong>Verpackung:<\/strong> Bulk, OPP-Beutel, Farbkarton, Geschenkkarton, kundenspezifisch<\/p>","protected":false},"featured_media":2427,"template":"","meta":[],"product_brand":[],"product_cat":[24,32],"product_tag":[],"class_list":{"0":"post-2426","1":"product","2":"type-product","3":"status-publish","4":"has-post-thumbnail","6":"product_cat-wholesale-kitchen-utensils","7":"product_cat-custom-baking-tools-utensils","9":"first","10":"instock","11":"shipping-taxable","12":"product-type-simple"},"_links":{"self":[{"href":"https:\/\/www.mcallenflatware.com\/de\/wp-json\/wp\/v2\/product\/2426","targetHints":{"allow":["GET"]}}],"collection":[{"href":"https:\/\/www.mcallenflatware.com\/de\/wp-json\/wp\/v2\/product"}],"about":[{"href":"https:\/\/www.mcallenflatware.com\/de\/wp-json\/wp\/v2\/types\/product"}],"wp:featuredmedia":[{"embeddable":true,"href":"https:\/\/www.mcallenflatware.com\/de\/wp-json\/wp\/v2\/media\/2427"}],"wp:attachment":[{"href":"https:\/\/www.mcallenflatware.com\/de\/wp-json\/wp\/v2\/media?parent=2426"}],"wp:term":[{"taxonomy":"product_brand","embeddable":true,"href":"https:\/\/www.mcallenflatware.com\/de\/wp-json\/wp\/v2\/product_brand?post=2426"},{"taxonomy":"product_cat","embeddable":true,"href":"https:\/\/www.mcallenflatware.com\/de\/wp-json\/wp\/v2\/product_cat?post=2426"},{"taxonomy":"product_tag","embeddable":true,"href":"https:\/\/www.mcallenflatware.com\/de\/wp-json\/wp\/v2\/product_tag?post=2426"}],"curies":[{"name":"wp","href":"https:\/\/api.w.org\/{rel}","templated":true}]}}