{"id":2451,"date":"2025-10-24T04:05:30","date_gmt":"2025-10-24T04:05:30","guid":{"rendered":"https:\/\/www.mcallenflatware.com\/?post_type=product&#038;p=2451"},"modified":"2025-10-24T04:06:49","modified_gmt":"2025-10-24T04:06:49","slug":"measuring-spoons-bulk","status":"publish","type":"product","link":"https:\/\/www.mcallenflatware.com\/de\/product\/measuring-spoons-bulk\/","title":{"rendered":"Messl\u00f6ffel mit rundem Griff, Messl\u00f6ffel-Set aus Edelstahl Custom"},"content":{"rendered":"<div class=\"wp-block-columns is-layout-flex wp-container-core-columns-is-layout-9d6595d7 wp-block-columns-is-layout-flex\">\n<div class=\"wp-block-column is-layout-flow wp-block-column-is-layout-flow\">\n<h2 class=\"wp-block-heading\">Messl\u00f6ffel mit rundem Griff Merkmale:<\/h2>\n\n\n\n<p><strong>Edelstahl 304 in Lebensmittelqualit\u00e4t:<\/strong> Aus hochwertigem Edelstahl 304 (Edelstahl 18\/8) gefertigt, ist es langlebig, rostfrei und korrosionsbest\u00e4ndig und entspricht den Normen f\u00fcr Lebensmittelsicherheit. Er ist geruchsneutral und l\u00e4sst sich leicht reinigen und desinfizieren.<\/p>\n\n\n\n<p><strong>Runder Handgriff:<\/strong> Der elegante und praktische runde Griff bietet einen bequemen und sicheren Halt und erleichtert die Handhabung.<\/p>\n\n\n\n<p><strong>Kreisf\u00f6rmiges Verbinden: <\/strong>Das einzigartige kreisf\u00f6rmige Design erm\u00f6glicht es, Messl\u00f6ffel einfach aneinanderzureihen, zu stapeln oder ordentlich aufzubewahren. Das spart Platz und sorgt f\u00fcr Ordnung in der K\u00fcche oder auf der Arbeitsplatte.<\/p>\n\n\n\n<p><strong>Pr\u00e4zise Messskala: <\/strong>Die Waage verf\u00fcgt \u00fcber g\u00e4ngige Gr\u00f6\u00dfen und ist leicht ablesbar, so dass pr\u00e4zise Messungen beim Backen, Kochen und Zubereiten von Mahlzeiten gew\u00e4hrleistet sind.<\/p>\n\n\n\n<p><strong>Bulk Gro\u00dfhandel Vorteil:<\/strong> Wir bieten die M\u00f6glichkeit des Gro\u00dfeinkaufs, um den Bed\u00fcrfnissen von Restaurants, B\u00e4ckereien, Caf\u00e9s, Geschenkanfertigungen und H\u00e4ndlern gerecht zu werden und bieten Kosteneffizienz und eine stabile Versorgung.<\/p>\n\n\n\n<figure class=\"wp-block-image size-full\"><img decoding=\"async\" width=\"1500\" height=\"1500\" src=\"https:\/\/www.mcallenflatware.com\/wp-content\/uploads\/2025\/10\/Wholesale-Round-handle-Measuring-Spoon-5.webp\" alt=\"Gro\u00dfhandel Runde Griff Messl\u00f6ffel\" class=\"wp-image-2456\" srcset=\"https:\/\/www.mcallenflatware.com\/wp-content\/uploads\/2025\/10\/Wholesale-Round-handle-Measuring-Spoon-5.webp 1500w, https:\/\/www.mcallenflatware.com\/wp-content\/uploads\/2025\/10\/Wholesale-Round-handle-Measuring-Spoon-5-150x150.webp 150w, https:\/\/www.mcallenflatware.com\/wp-content\/uploads\/2025\/10\/Wholesale-Round-handle-Measuring-Spoon-5-768x768.webp 768w, https:\/\/www.mcallenflatware.com\/wp-content\/uploads\/2025\/10\/Wholesale-Round-handle-Measuring-Spoon-5-12x12.webp 12w, https:\/\/www.mcallenflatware.com\/wp-content\/uploads\/2025\/10\/Wholesale-Round-handle-Measuring-Spoon-5-1200x1200.webp 1200w, https:\/\/www.mcallenflatware.com\/wp-content\/uploads\/2025\/10\/Wholesale-Round-handle-Measuring-Spoon-5-600x600.webp 600w, https:\/\/www.mcallenflatware.com\/wp-content\/uploads\/2025\/10\/Wholesale-Round-handle-Measuring-Spoon-5-300x300.webp 300w, https:\/\/www.mcallenflatware.com\/wp-content\/uploads\/2025\/10\/Wholesale-Round-handle-Measuring-Spoon-5-100x100.webp 100w\" sizes=\"(max-width: 1500px) 100vw, 1500px\" \/><\/figure>\n<\/div>\n\n\n\n<div class=\"wp-block-column is-layout-flow wp-block-column-is-layout-flow\">\n<figure class=\"wp-block-image size-full\"><img decoding=\"async\" width=\"750\" height=\"1360\" src=\"https:\/\/www.mcallenflatware.com\/wp-content\/uploads\/2025\/10\/Wholesale-Round-handle-Measuring-Spoon-15.webp\" alt=\"\" class=\"wp-image-2466\" srcset=\"https:\/\/www.mcallenflatware.com\/wp-content\/uploads\/2025\/10\/Wholesale-Round-handle-Measuring-Spoon-15.webp 750w, https:\/\/www.mcallenflatware.com\/wp-content\/uploads\/2025\/10\/Wholesale-Round-handle-Measuring-Spoon-15-7x12.webp 7w, https:\/\/www.mcallenflatware.com\/wp-content\/uploads\/2025\/10\/Wholesale-Round-handle-Measuring-Spoon-15-600x1088.webp 600w\" sizes=\"(max-width: 750px) 100vw, 750px\" \/><\/figure>\n<\/div>\n<\/div>","protected":false},"excerpt":{"rendered":"<p class=\"tw-data-text tw-text-large tw-ta\" dir=\"ltr\" role=\"text\" data-placeholder=\"\u7ffb\u8bd1\" data-ved=\"2ahUKEwiyhqC54PWPAxUs1jQHHZXjJswQ3ewLegQIFBAW\" aria-label=\"Dieser 20-ml-Messl\u00f6ffel aus rostfreiem Stahl ist eines unserer Starprodukte f\u00fcr alle, die Pr\u00e4zision und Komfort sch\u00e4tzen. Er ist aus hochwertigem, lebensmittelechtem 304er Edelstahl gefertigt und somit langlebig, sicher und hygienisch. Sein pr\u00e4zises Fassungsverm\u00f6gen von 20 ml und sein einzigartiges, abgerundetes Design erm\u00f6glichen es Ihnen, Backzutaten abzumessen, Getr\u00e4nke zuzubereiten und andere pr\u00e4zise Messungen mit Leichtigkeit vorzunehmen, ohne etwas zu versch\u00fctten. Wir bieten Rabatte f\u00fcr Gro\u00dfeink\u00e4ufe und unterst\u00fctzen flexible Anpassungen.\">Individuelle Messl\u00f6ffel in gro\u00dfen Mengen. Hergestellt aus lebensmittelechtem Edelstahl, mit rundem Griff und pr\u00e4zisen Graduierungen in verschiedenen Gr\u00f6\u00dfen, perfekt zum Backen und Kochen. Wir bieten eine Gro\u00dfhandelsauswahl zu wettbewerbsf\u00e4higen Preisen. Fragen Sie jetzt an!<\/p>\n<p><strong>Markenname:<\/strong> Mcallen<br \/><strong>Material:<\/strong> Rostfreier Stahl<br \/><strong>Farbe:<\/strong> Silber, Gold, Schwarz, Rose Gold, etc.<br \/><strong>Gr\u00f6\u00dfe:<\/strong> 5ML,10ML,15ML,20ML,25ML,30ML<br \/><strong>Vorlaufzeit f\u00fcr Muster:<\/strong> Innerhalb von 3 Tagen<br \/><strong>OEM\/ODM:<\/strong> Verf\u00fcgbar<\/p>\n<h2>Individuelle Messl\u00f6ffel:<\/h2>\n<p><strong>Rostfreier Stahl:<\/strong> Rostfreier Stahl 18\/10, 304, 316, 410, 430, 420<br \/><strong>Logo:<\/strong> Lasergravur, Siebdruck, UV-Druck, Thermotransferdruck, Pr\u00e4gung, etc.<br \/><strong>Farbe:<\/strong> Gold, Silber, oder individuell<br \/><strong>Verpackung:<\/strong> Bulk, OPP-Beutel, Farbkarton, Geschenkkarton, kundenspezifisch<\/p>","protected":false},"featured_media":2460,"template":"","meta":[],"product_brand":[],"product_cat":[24,32],"product_tag":[],"class_list":{"0":"post-2451","1":"product","2":"type-product","3":"status-publish","4":"has-post-thumbnail","6":"product_cat-wholesale-kitchen-utensils","7":"product_cat-custom-baking-tools-utensils","9":"first","10":"instock","11":"shipping-taxable","12":"product-type-simple"},"_links":{"self":[{"href":"https:\/\/www.mcallenflatware.com\/de\/wp-json\/wp\/v2\/product\/2451","targetHints":{"allow":["GET"]}}],"collection":[{"href":"https:\/\/www.mcallenflatware.com\/de\/wp-json\/wp\/v2\/product"}],"about":[{"href":"https:\/\/www.mcallenflatware.com\/de\/wp-json\/wp\/v2\/types\/product"}],"wp:featuredmedia":[{"embeddable":true,"href":"https:\/\/www.mcallenflatware.com\/de\/wp-json\/wp\/v2\/media\/2460"}],"wp:attachment":[{"href":"https:\/\/www.mcallenflatware.com\/de\/wp-json\/wp\/v2\/media?parent=2451"}],"wp:term":[{"taxonomy":"product_brand","embeddable":true,"href":"https:\/\/www.mcallenflatware.com\/de\/wp-json\/wp\/v2\/product_brand?post=2451"},{"taxonomy":"product_cat","embeddable":true,"href":"https:\/\/www.mcallenflatware.com\/de\/wp-json\/wp\/v2\/product_cat?post=2451"},{"taxonomy":"product_tag","embeddable":true,"href":"https:\/\/www.mcallenflatware.com\/de\/wp-json\/wp\/v2\/product_tag?post=2451"}],"curies":[{"name":"wp","href":"https:\/\/api.w.org\/{rel}","templated":true}]}}