{"id":2842,"date":"2026-02-05T02:04:40","date_gmt":"2026-02-05T02:04:40","guid":{"rendered":"https:\/\/www.mcallenflatware.com\/?post_type=product&#038;p=2842"},"modified":"2026-02-05T03:05:55","modified_gmt":"2026-02-05T03:05:55","slug":"custom-hammered-flatware","status":"publish","type":"product","link":"https:\/\/www.mcallenflatware.com\/de\/product\/custom-hammered-flatware\/","title":{"rendered":"Benutzerdefinierte geh\u00e4mmert Besteck, Morror Polieren Edelstahl-Besteck-Set Lieferant"},"content":{"rendered":"<div class=\"wp-block-columns is-layout-flex wp-container-core-columns-is-layout-9d6595d7 wp-block-columns-is-layout-flex\">\n<div class=\"wp-block-column is-layout-flow wp-block-column-is-layout-flow\">\n<h2 class=\"wp-block-heading\">Geh\u00e4mmertes Besteck Merkmale:<\/h2>\n\n\n\n<p><strong>Ergonomischer, geh\u00e4mmerter Handgriff:<\/strong> Die strukturierte, geh\u00e4mmerte Oberfl\u00e4che bietet einen rutschfesten, bequemen Griff, w\u00e4hrend die glatte, reflektierende Politur jedem gedeckten Tisch einen Hauch von modernem Luxus verleiht.<\/p>\n\n\n\n<p><strong>Lebensmittelsichere Materie<\/strong>l: Hergestellt aus lebensmittelechtem, korrosionsbest\u00e4ndigem und BPA-freiem Edelstahl, der eine sichere und langlebige Verwendung im gewerblichen und privaten Bereich gew\u00e4hrleistet.<\/p>\n\n\n\n<p><strong>Einteilig geschmiedete Konstruktion:<\/strong> Das nahtlose, verdickte Design verhindert versteckte Schmutzfallen und erm\u00f6glicht eine m\u00fchelose Reinigung, w\u00e4hrend es sich auch bei t\u00e4glicher starker Beanspruchung nicht verbiegt oder bricht.<\/p>\n\n\n\n<p><strong>Professionelles Messer mit Wellenschliff<\/strong>: Die scharfe, gro\u00dfzahnige Klinge schneidet problemlos durch Steaks und z\u00e4hes Fleisch und verbessert so das Esserlebnis f\u00fcr Ihre Kunden.<\/p>\n\n\n\n<p><strong>Hochglanzpolierte Oberfl\u00e4che<\/strong>: Die hochgl\u00e4nzende, fingerabdruckresistente Oberfl\u00e4che bleibt \u00fcber Jahre hinweg gl\u00e4nzend und sorgt f\u00fcr ein erstklassiges Aussehen, das die G\u00e4ste beeindruckt.<\/p>\n\n\n\n<p><strong>Flexibles MOQ:<\/strong> Unterst\u00fctzung von Kleinserienversuchen und Gro\u00dfbestellungen zur Anpassung an Ihren Bestandsplan.<\/p>\n<\/div>\n\n\n\n<div class=\"wp-block-column is-layout-flow wp-block-column-is-layout-flow\"><div class=\"wp-block-image\">\n<figure class=\"aligncenter size-full\"><img decoding=\"async\" width=\"800\" height=\"800\" src=\"https:\/\/www.mcallenflatware.com\/wp-content\/uploads\/2026\/02\/custom-hammered-flatware-stainless-steel-cutlery-set-2.webp\" alt=\"Besteck aus rostfreiem Stahl, geh\u00e4mmert (2)\" class=\"wp-image-2844\" style=\"object-fit:cover\" srcset=\"https:\/\/www.mcallenflatware.com\/wp-content\/uploads\/2026\/02\/custom-hammered-flatware-stainless-steel-cutlery-set-2.webp 800w, https:\/\/www.mcallenflatware.com\/wp-content\/uploads\/2026\/02\/custom-hammered-flatware-stainless-steel-cutlery-set-2-150x150.webp 150w, https:\/\/www.mcallenflatware.com\/wp-content\/uploads\/2026\/02\/custom-hammered-flatware-stainless-steel-cutlery-set-2-768x768.webp 768w, https:\/\/www.mcallenflatware.com\/wp-content\/uploads\/2026\/02\/custom-hammered-flatware-stainless-steel-cutlery-set-2-12x12.webp 12w, https:\/\/www.mcallenflatware.com\/wp-content\/uploads\/2026\/02\/custom-hammered-flatware-stainless-steel-cutlery-set-2-600x600.webp 600w, https:\/\/www.mcallenflatware.com\/wp-content\/uploads\/2026\/02\/custom-hammered-flatware-stainless-steel-cutlery-set-2-300x300.webp 300w, https:\/\/www.mcallenflatware.com\/wp-content\/uploads\/2026\/02\/custom-hammered-flatware-stainless-steel-cutlery-set-2-100x100.webp 100w\" sizes=\"(max-width: 800px) 100vw, 800px\" \/><\/figure>\n<\/div><\/div>\n<\/div>\n\n\n\n<div class=\"wp-block-columns is-layout-flex wp-container-core-columns-is-layout-9d6595d7 wp-block-columns-is-layout-flex\">\n<div class=\"wp-block-column is-layout-flow wp-block-column-is-layout-flow\"><\/div>\n\n\n\n<div class=\"wp-block-column is-layout-flow wp-block-column-is-layout-flow\"><\/div>\n<\/div>","protected":false},"excerpt":{"rendered":"<p>Unser individuelles, geh\u00e4mmertes Besteckset aus lebensmittelechtem Edelstahl verf\u00fcgt \u00fcber ein einzigartiges, geh\u00e4mmertes Griffdesign f\u00fcr hervorragenden Halt und zeitlosen Stil. Perfekt f\u00fcr Restaurants, Hotels, Hochzeiten oder Geschenksets mit Markenzeichen. Wir bieten eine vollst\u00e4ndige Anpassung an Ihre Markenidentit\u00e4t. Kontaktieren Sie uns, um weitere Produkte zu erhalten!<\/p>\n<h2>Geh\u00e4mmerte Bestecke Attribute<\/h2>\n<p><strong>Markenname:<\/strong> Mcallen<br \/><strong>Material:<\/strong> Rostfreier Stahl<br \/><strong>Farbe:<\/strong> Gold, Silber<br \/><strong>Entwurf:<\/strong> Geh\u00e4mmertes Design<br \/><strong>Vorlaufzeit f\u00fcr Muster:<\/strong> Innerhalb von 3 Tagen<br \/><strong>OEM\/ODM:<\/strong> Verf\u00fcgbar<\/p>\n<h2>Individuell geh\u00e4mmertes Besteck:<\/h2>\n<p><strong>Rostfreier Stahl:<\/strong> Rostfreier Stahl 18\/10, 304, 316, 410, 430, 420<br \/><strong>Logo:<\/strong> Lasergravur, Siebdruck, UV-Druck, Thermotransferdruck, Pr\u00e4gung, etc.<br \/><strong>Verpacken:<\/strong> 4\/8\/12\/16\/20\/24\/45\/48\/72pcs set<br \/><strong>Oberfl\u00e4chenausf\u00fchrungen:<\/strong> Hochglanzpoliert, mattiert, wasserpoliert, Titanbeschichtung<br \/><strong>Verpackung:<\/strong> Bulk, Opp Tasche, Farbe Box, Geschenk-Box, ma\u00dfgeschneiderte<\/p>","protected":false},"featured_media":2846,"template":"","meta":[],"product_brand":[],"product_cat":[23,29],"product_tag":[],"class_list":{"0":"post-2842","1":"product","2":"type-product","3":"status-publish","4":"has-post-thumbnail","6":"product_cat-wholesale-flatware","7":"product_cat-bulk-flatware","9":"first","10":"instock","11":"shipping-taxable","12":"product-type-simple"},"_links":{"self":[{"href":"https:\/\/www.mcallenflatware.com\/de\/wp-json\/wp\/v2\/product\/2842","targetHints":{"allow":["GET"]}}],"collection":[{"href":"https:\/\/www.mcallenflatware.com\/de\/wp-json\/wp\/v2\/product"}],"about":[{"href":"https:\/\/www.mcallenflatware.com\/de\/wp-json\/wp\/v2\/types\/product"}],"wp:featuredmedia":[{"embeddable":true,"href":"https:\/\/www.mcallenflatware.com\/de\/wp-json\/wp\/v2\/media\/2846"}],"wp:attachment":[{"href":"https:\/\/www.mcallenflatware.com\/de\/wp-json\/wp\/v2\/media?parent=2842"}],"wp:term":[{"taxonomy":"product_brand","embeddable":true,"href":"https:\/\/www.mcallenflatware.com\/de\/wp-json\/wp\/v2\/product_brand?post=2842"},{"taxonomy":"product_cat","embeddable":true,"href":"https:\/\/www.mcallenflatware.com\/de\/wp-json\/wp\/v2\/product_cat?post=2842"},{"taxonomy":"product_tag","embeddable":true,"href":"https:\/\/www.mcallenflatware.com\/de\/wp-json\/wp\/v2\/product_tag?post=2842"}],"curies":[{"name":"wp","href":"https:\/\/api.w.org\/{rel}","templated":true}]}}