{"id":2883,"date":"2026-02-26T09:38:26","date_gmt":"2026-02-26T09:38:26","guid":{"rendered":"https:\/\/www.mcallenflatware.com\/?post_type=product&#038;p=2883"},"modified":"2026-02-26T10:10:26","modified_gmt":"2026-02-26T10:10:26","slug":"wholesale-hammered-stainless-flatware","status":"publish","type":"product","link":"https:\/\/www.mcallenflatware.com\/de\/product\/wholesale-hammered-stainless-flatware\/","title":{"rendered":"Gro\u00dfhandel geh\u00e4mmert Edelstahl-Besteck, moderne Besteck-Set 4-teilig Lieferant"},"content":{"rendered":"<div class=\"wp-block-columns is-layout-flex wp-container-core-columns-is-layout-9d6595d7 wp-block-columns-is-layout-flex\">\n<div class=\"wp-block-column is-layout-flow wp-block-column-is-layout-flow\">\n<h2 class=\"wp-block-heading\">Geh\u00e4mmertes Edelstahl-Besteck Merkmale:<\/h2>\n\n\n\n<p><strong>Handwerklich geh\u00e4mmertes Kunsthandwerk:<\/strong> Die einzigartige, unregelm\u00e4\u00dfig geh\u00e4mmerte Textur des Griffs verleiht ihm einen Hauch von industrieller Eleganz und verhindert ein Abrutschen w\u00e4hrend des Gebrauchs.<\/p>\n\n\n\n<p><strong>Lebensmittelgeeigneter rostfreier Stahl:<\/strong> Die Verwendung von Edelstahl 18\/10 ist rostfrei, korrosionsbest\u00e4ndig und langlebig - weitaus besser als herk\u00f6mmliches 18\/0-Besteck.<\/p>\n\n\n\n<p><strong>Hohe Belastbarkeit und ausgeglichenes Gewicht:<\/strong> Pr\u00e4zisionsgefertigt f\u00fcr perfektes Gleichgewicht, um ein Kippen der Teller zu vermeiden.<\/p>\n\n\n\n<p><strong>Hochglanzpolitur: <\/strong>Ultragl\u00e4nzende, kratzfeste Hochglanzoberfl\u00e4che; scharfes Steakmesser mit Wellenschliff schneidet m\u00fchelos durch Fleisch, ohne es zu zerrei\u00dfen.<\/p>\n\n\n\n<p><strong>Sp\u00fclmaschinenfest<\/strong>: Beh\u00e4lt seinen Glanz und seine Textur auch nach Hunderten von W\u00e4schen bei - kein Waschen von Hand erforderlich.<\/p>\n\n\n\n<p><strong>Anpassung an vielseitige Anl\u00e4sse<\/strong>: Klassisches 4-teiliges Set, das sich nahtlos von zwanglosen Familienessen bis hin zu formellen Anl\u00e4ssen, Hochzeiten und Catering-Services eignet.<\/p>\n<\/div>\n\n\n\n<div class=\"wp-block-column is-layout-flow wp-block-column-is-layout-flow\"><div class=\"wp-block-image\">\n<figure class=\"aligncenter size-full\"><img decoding=\"async\" width=\"800\" height=\"800\" src=\"https:\/\/www.mcallenflatware.com\/wp-content\/uploads\/2026\/02\/wholesale-hammered-stainless-flatware-2.webp\" alt=\"Gro\u00dfhandel geh\u00e4mmert Edelstahl Besteck (2)\" class=\"wp-image-2885\" style=\"object-fit:cover\" srcset=\"https:\/\/www.mcallenflatware.com\/wp-content\/uploads\/2026\/02\/wholesale-hammered-stainless-flatware-2.webp 800w, https:\/\/www.mcallenflatware.com\/wp-content\/uploads\/2026\/02\/wholesale-hammered-stainless-flatware-2-150x150.webp 150w, https:\/\/www.mcallenflatware.com\/wp-content\/uploads\/2026\/02\/wholesale-hammered-stainless-flatware-2-768x768.webp 768w, https:\/\/www.mcallenflatware.com\/wp-content\/uploads\/2026\/02\/wholesale-hammered-stainless-flatware-2-12x12.webp 12w, https:\/\/www.mcallenflatware.com\/wp-content\/uploads\/2026\/02\/wholesale-hammered-stainless-flatware-2-600x600.webp 600w, https:\/\/www.mcallenflatware.com\/wp-content\/uploads\/2026\/02\/wholesale-hammered-stainless-flatware-2-300x300.webp 300w, https:\/\/www.mcallenflatware.com\/wp-content\/uploads\/2026\/02\/wholesale-hammered-stainless-flatware-2-100x100.webp 100w\" sizes=\"(max-width: 800px) 100vw, 800px\" \/><\/figure>\n<\/div><\/div>\n<\/div>","protected":false},"excerpt":{"rendered":"<p>Erh\u00f6hen Sie Ihren Tisch mit unserem geh\u00e4mmerten Edelstahl-Bestecksatz. Strukturierte Griffe, Spiegel-Finish, scharfe Steakmesser, sp\u00fclmaschinenfest, ergonomisch, 4-teiliges Design, perfekt f\u00fcr den t\u00e4glichen Gebrauch oder kommerzielle Restaurants. Mcallen Fabrik-direkte Versorgung. Kontaktieren Sie uns f\u00fcr Gro\u00dfhandel und benutzerdefinierte Zitate.<\/p>\n<h2 id=\"block-792b966c-c506-49fa-b3c8-9881ee38a4f5\" class=\"block-editor-rich-text__editable block-editor-block-list__block wp-block is-selected wp-block-heading rich-text\" role=\"document\" aria-label=\"Block: \u00dcberschrift\" data-block=\"792b966c-c506-49fa-b3c8-9881ee38a4f5\" data-type=\"core\/heading\" data-title=\"Heading\" data-wp-block-attribute-key=\"content\">Geh\u00e4mmertes Edelstahl-Besteck Attribute:<\/h2>\n<p><strong>Markenname:<\/strong> Mcallen<br \/><strong>Material:<\/strong> Rostfreier Stahl<br \/><strong>Farbe:<\/strong>\u00a0 Silber, Gold, Schwarz, Rose Gold, Regenbogen.<br \/><strong>Entwurf: <\/strong>Moderner Vierkantgriff<br \/><strong>Vorlaufzeit f\u00fcr Muster:<\/strong> Innerhalb von 3 Tagen<br \/><strong>OEM\/ODM:<\/strong> Verf\u00fcgbar<\/p>\n<h2>Besteck f\u00fcr Restaurants Custom:<\/h2>\n<p><strong>Rostfreier Stahl:<\/strong> Rostfreier Stahl 18\/10, 304, 316, 410, 430, 420<br \/><strong>Logo:<\/strong> Lasergravur, Siebdruck\/UV\/Hitzetransferdruck, Pr\u00e4gung usw.<br \/><strong>Verpacken:<\/strong> 4\/8\/12\/16\/20\/24\/45\/48\/72pcs set<br \/><strong>Oberfl\u00e4chenausf\u00fchrungen:<\/strong> Hochglanzpoliert, mattiert, wasserpoliert, Titanbeschichtung<br \/><strong>Verpackung:<\/strong> Bulk, OPP-Beutel, Farbkarton, Geschenkkarton, kundenspezifisch<\/p>","protected":false},"featured_media":2891,"template":"","meta":[],"product_brand":[],"product_cat":[23,29],"product_tag":[],"class_list":{"0":"post-2883","1":"product","2":"type-product","3":"status-publish","4":"has-post-thumbnail","6":"product_cat-wholesale-flatware","7":"product_cat-bulk-flatware","9":"first","10":"instock","11":"shipping-taxable","12":"product-type-simple"},"_links":{"self":[{"href":"https:\/\/www.mcallenflatware.com\/de\/wp-json\/wp\/v2\/product\/2883","targetHints":{"allow":["GET"]}}],"collection":[{"href":"https:\/\/www.mcallenflatware.com\/de\/wp-json\/wp\/v2\/product"}],"about":[{"href":"https:\/\/www.mcallenflatware.com\/de\/wp-json\/wp\/v2\/types\/product"}],"wp:featuredmedia":[{"embeddable":true,"href":"https:\/\/www.mcallenflatware.com\/de\/wp-json\/wp\/v2\/media\/2891"}],"wp:attachment":[{"href":"https:\/\/www.mcallenflatware.com\/de\/wp-json\/wp\/v2\/media?parent=2883"}],"wp:term":[{"taxonomy":"product_brand","embeddable":true,"href":"https:\/\/www.mcallenflatware.com\/de\/wp-json\/wp\/v2\/product_brand?post=2883"},{"taxonomy":"product_cat","embeddable":true,"href":"https:\/\/www.mcallenflatware.com\/de\/wp-json\/wp\/v2\/product_cat?post=2883"},{"taxonomy":"product_tag","embeddable":true,"href":"https:\/\/www.mcallenflatware.com\/de\/wp-json\/wp\/v2\/product_tag?post=2883"}],"curies":[{"name":"wp","href":"https:\/\/api.w.org\/{rel}","templated":true}]}}