{"id":2893,"date":"2026-03-04T07:07:09","date_gmt":"2026-03-04T07:07:09","guid":{"rendered":"https:\/\/www.mcallenflatware.com\/?post_type=product&#038;p=2893"},"modified":"2026-03-04T07:20:00","modified_gmt":"2026-03-04T07:20:00","slug":"wholesale-modern-cutlery-set","status":"publish","type":"product","link":"https:\/\/www.mcallenflatware.com\/de\/product\/wholesale-modern-cutlery-set\/","title":{"rendered":"Gro\u00dfhandel Modernes Besteck Set, quadratischer Griff Besteck Silber Spiegel Polnisch Custom"},"content":{"rendered":"<div class=\"wp-block-columns is-layout-flex wp-container-core-columns-is-layout-9d6595d7 wp-block-columns-is-layout-flex\">\n<div class=\"wp-block-column is-layout-flow wp-block-column-is-layout-flow\">\n<h2 class=\"wp-block-heading\"> Modernes Besteckset Merkmale:<\/h2>\n\n\n\n<p><strong>Modernes quadratisches Griffdesign: <\/strong>Ein einzigartiger geometrischer, quadratischer Griff bietet ein stilvolles, modernes Aussehen und einen bequemen Griff, perfekt f\u00fcr moderne Tische.<\/p>\n\n\n\n<p><strong>Hochglanzpolierte Oberfl\u00e4che:<\/strong> Die exquisite, spiegelpolierte Oberfl\u00e4che bietet ein glattes, gl\u00e4nzendes Aussehen, das jedes Esserlebnis aufwertet und leicht zu reinigen ist.<\/p>\n\n\n\n<p><strong>Hochwertiges und langlebiges Material<\/strong>: Hergestellt aus lebensmittelechtem Edelstahl, rostfrei, robust und langlebig f\u00fcr den t\u00e4glichen Gebrauch, Hotels, Restaurants und Catering.<\/p>\n\n\n\n<p><strong>Gro\u00dfhandel &amp; anpassbar:<\/strong> Wir unterst\u00fctzen Gro\u00dfbestellungen und akzeptieren kundenspezifische Logos, Farben und Verpackungen, um Ihren Gesch\u00e4fts- und Markenanforderungen gerecht zu werden.<\/p>\n\n\n\n<p><strong>Modernes Allzweck-Besteck-Set:<\/strong> Ein komplettes, funktionelles Besteckset, ideal f\u00fcr zu Hause, Hochzeiten, Bankette und kommerzielle Catering-Anl\u00e4sse.<\/p>\n<\/div>\n\n\n\n<div class=\"wp-block-column is-layout-flow wp-block-column-is-layout-flow\"><div class=\"wp-block-image\">\n<figure class=\"aligncenter size-full\"><img decoding=\"async\" width=\"800\" height=\"800\" src=\"https:\/\/www.mcallenflatware.com\/wp-content\/uploads\/2026\/03\/Wholesale-Modern-Cutlery-Set\uff0cModern-Square-Handle-Flatware-Mirror-Polish-Custom-2.webp\" alt=\"Gro\u00dfhandel Modernes Besteck Set, moderne quadratische Griff Besteck Spiegel polnisch Custom (2)\" class=\"wp-image-2895\" style=\"object-fit:cover\" srcset=\"https:\/\/www.mcallenflatware.com\/wp-content\/uploads\/2026\/03\/Wholesale-Modern-Cutlery-Set\uff0cModern-Square-Handle-Flatware-Mirror-Polish-Custom-2.webp 800w, https:\/\/www.mcallenflatware.com\/wp-content\/uploads\/2026\/03\/Wholesale-Modern-Cutlery-Set\uff0cModern-Square-Handle-Flatware-Mirror-Polish-Custom-2-150x150.webp 150w, https:\/\/www.mcallenflatware.com\/wp-content\/uploads\/2026\/03\/Wholesale-Modern-Cutlery-Set\uff0cModern-Square-Handle-Flatware-Mirror-Polish-Custom-2-768x768.webp 768w, https:\/\/www.mcallenflatware.com\/wp-content\/uploads\/2026\/03\/Wholesale-Modern-Cutlery-Set\uff0cModern-Square-Handle-Flatware-Mirror-Polish-Custom-2-12x12.webp 12w, https:\/\/www.mcallenflatware.com\/wp-content\/uploads\/2026\/03\/Wholesale-Modern-Cutlery-Set\uff0cModern-Square-Handle-Flatware-Mirror-Polish-Custom-2-600x600.webp 600w, https:\/\/www.mcallenflatware.com\/wp-content\/uploads\/2026\/03\/Wholesale-Modern-Cutlery-Set\uff0cModern-Square-Handle-Flatware-Mirror-Polish-Custom-2-300x300.webp 300w, https:\/\/www.mcallenflatware.com\/wp-content\/uploads\/2026\/03\/Wholesale-Modern-Cutlery-Set\uff0cModern-Square-Handle-Flatware-Mirror-Polish-Custom-2-100x100.webp 100w\" sizes=\"(max-width: 800px) 100vw, 800px\" \/><\/figure>\n<\/div><\/div>\n<\/div>","protected":false},"excerpt":{"rendered":"<div>Das moderne Gro\u00dfhandelsbesteck mit quadratischen Griffen verf\u00fcgt \u00fcber eine hochwertige Hochglanzpolitur und ist aus lebensmittelechtem Edelstahl gefertigt. Es eignet sich ideal zur Aufwertung von Tischen in Hotels, bei Banketten und in der t\u00e4glichen K\u00fcche. Wir unterst\u00fctzen Gro\u00dfhandelsgro\u00dfbestellungen und vollst\u00e4ndig anpassbare Optionen, einschlie\u00dflich Logos, Farben und Verpackungen. Erkundigen Sie sich jetzt!<\/div>\n<h2 id=\"block-792b966c-c506-49fa-b3c8-9881ee38a4f5\" class=\"block-editor-rich-text__editable block-editor-block-list__block wp-block is-selected wp-block-heading rich-text\" role=\"document\" aria-label=\"Block: \u00dcberschrift\" data-block=\"792b966c-c506-49fa-b3c8-9881ee38a4f5\" data-type=\"core\/heading\" data-title=\"Heading\" data-wp-block-attribute-key=\"content\">\u00a0Modernes Besteck-Set Attribute:<\/h2>\n<p><strong>Markenname:<\/strong> Mcallen<br \/><strong>Material:<\/strong> Rostfreier Stahl<br \/><strong>Farbe:<\/strong>\u00a0 Silber, Gold, Schwarz, Rose Gold, Regenbogen.<br \/><strong>Entwurf: <\/strong>Moderner Vierkantgriff<br \/><strong>Vorlaufzeit f\u00fcr Muster:<\/strong> Innerhalb von 3 Tagen<br \/><strong>OEM\/ODM:<\/strong> Verf\u00fcgbar<\/p>\n<h2>Besteck f\u00fcr Restaurants Custom:<\/h2>\n<p><strong>Rostfreier Stahl:<\/strong> Rostfreier Stahl 18\/10, 304, 316, 410, 430, 420<br \/><strong>Logo:<\/strong> Lasergravur, Siebdruck\/UV\/Hitzetransferdruck, Pr\u00e4gung usw.<br \/><strong>Verpacken:<\/strong> 4\/8\/12\/16\/20\/24\/45\/48\/72pcs set<br \/><strong>Oberfl\u00e4chenausf\u00fchrungen:<\/strong> Hochglanzpoliert, mattiert, wasserpoliert, Titanbeschichtung<br \/><strong>Verpackung:<\/strong> Bulk, OPP-Beutel, Farbkarton, Geschenkkarton, kundenspezifisch<\/p>","protected":false},"featured_media":2896,"template":"","meta":[],"product_brand":[],"product_cat":[23,29],"product_tag":[],"class_list":{"0":"post-2893","1":"product","2":"type-product","3":"status-publish","4":"has-post-thumbnail","6":"product_cat-wholesale-flatware","7":"product_cat-bulk-flatware","9":"first","10":"instock","11":"shipping-taxable","12":"product-type-simple"},"_links":{"self":[{"href":"https:\/\/www.mcallenflatware.com\/de\/wp-json\/wp\/v2\/product\/2893","targetHints":{"allow":["GET"]}}],"collection":[{"href":"https:\/\/www.mcallenflatware.com\/de\/wp-json\/wp\/v2\/product"}],"about":[{"href":"https:\/\/www.mcallenflatware.com\/de\/wp-json\/wp\/v2\/types\/product"}],"wp:featuredmedia":[{"embeddable":true,"href":"https:\/\/www.mcallenflatware.com\/de\/wp-json\/wp\/v2\/media\/2896"}],"wp:attachment":[{"href":"https:\/\/www.mcallenflatware.com\/de\/wp-json\/wp\/v2\/media?parent=2893"}],"wp:term":[{"taxonomy":"product_brand","embeddable":true,"href":"https:\/\/www.mcallenflatware.com\/de\/wp-json\/wp\/v2\/product_brand?post=2893"},{"taxonomy":"product_cat","embeddable":true,"href":"https:\/\/www.mcallenflatware.com\/de\/wp-json\/wp\/v2\/product_cat?post=2893"},{"taxonomy":"product_tag","embeddable":true,"href":"https:\/\/www.mcallenflatware.com\/de\/wp-json\/wp\/v2\/product_tag?post=2893"}],"curies":[{"name":"wp","href":"https:\/\/api.w.org\/{rel}","templated":true}]}}