{"id":2906,"date":"2026-03-04T08:30:25","date_gmt":"2026-03-04T08:30:25","guid":{"rendered":"https:\/\/www.mcallenflatware.com\/?post_type=product&#038;p=2906"},"modified":"2026-03-04T08:52:33","modified_gmt":"2026-03-04T08:52:33","slug":"wholesale-modernist-flatware","status":"publish","type":"product","link":"https:\/\/www.mcallenflatware.com\/de\/product\/wholesale-modernist-flatware\/","title":{"rendered":"Gro\u00dfhandel Modernist Besteck, geometrische quadratischen Griff Silberwaren Stainless Custom"},"content":{"rendered":"<div class=\"wp-block-columns is-layout-flex wp-container-core-columns-is-layout-9d6595d7 wp-block-columns-is-layout-flex\">\n<div class=\"wp-block-column is-layout-flow wp-block-column-is-layout-flow\">\n<h2 class=\"wp-block-heading\">Modernist Besteck Merkmale:<\/h2>\n\n\n\n<p><strong>Moderner geometrischer Vierkant-Griff<\/strong>: Einzigartiger quadratischer Griff mit klaren geometrischen Linien f\u00fcr eine moderne Tischgestaltung.<\/p>\n\n\n\n<p><strong>Premium-Edelstahl in Lebensmittelqualit\u00e4t<\/strong>: Sicher, rostfrei und langlebig f\u00fcr den langfristigen t\u00e4glichen Gebrauch.<\/p>\n\n\n\n<p><strong>Hochglanzpoliert &amp; komfortabler Griff<\/strong>: Glatte, polierte Oberfl\u00e4che mit ergonomischem Design f\u00fcr komfortable Handhabung.<\/p>\n\n\n\n<p><strong>Sp\u00fclmaschinenfest &amp; strapazierf\u00e4hig<\/strong>: Leicht zu reinigen und f\u00fcr den h\u00e4ufigen gewerblichen Einsatz ausgelegt.<\/p>\n\n\n\n<p><strong>Vielseitig f\u00fcr verschiedene Szenarien<\/strong>: Perfekt f\u00fcr Hotels, Restaurants, Hochzeiten, Caterings und f\u00fcr die K\u00fcche zu Hause.<\/p>\n\n\n\n<p><strong>5-tlg. Edelstahl-Besteck-Set<\/strong>: Vollst\u00e4ndige Konfiguration, einheitlicher Stil, langlebig und pflegeleicht, Verbesserung des Essenserlebnisses, geeignet f\u00fcr Gro\u00dfeinkauf und Anpassungsbedarf von Hotels und Catering-Szenarien.<\/p>\n<\/div>\n\n\n\n<div class=\"wp-block-column is-layout-flow wp-block-column-is-layout-flow\"><div class=\"wp-block-image\">\n<figure class=\"aligncenter size-full\"><img decoding=\"async\" width=\"1600\" height=\"1600\" src=\"https:\/\/www.mcallenflatware.com\/wp-content\/uploads\/2026\/03\/wholesale-modernist-flatware-geometric-square-handle-silverware-2.webp\" alt=\"Gro\u00dfhandel modernistischen Besteck geometrischen Quadrat Griff Silberwaren (2)\" class=\"wp-image-2912\" style=\"object-fit:cover\" srcset=\"https:\/\/www.mcallenflatware.com\/wp-content\/uploads\/2026\/03\/wholesale-modernist-flatware-geometric-square-handle-silverware-2.webp 1600w, https:\/\/www.mcallenflatware.com\/wp-content\/uploads\/2026\/03\/wholesale-modernist-flatware-geometric-square-handle-silverware-2-150x150.webp 150w, https:\/\/www.mcallenflatware.com\/wp-content\/uploads\/2026\/03\/wholesale-modernist-flatware-geometric-square-handle-silverware-2-768x768.webp 768w, https:\/\/www.mcallenflatware.com\/wp-content\/uploads\/2026\/03\/wholesale-modernist-flatware-geometric-square-handle-silverware-2-12x12.webp 12w, https:\/\/www.mcallenflatware.com\/wp-content\/uploads\/2026\/03\/wholesale-modernist-flatware-geometric-square-handle-silverware-2-1200x1200.webp 1200w, https:\/\/www.mcallenflatware.com\/wp-content\/uploads\/2026\/03\/wholesale-modernist-flatware-geometric-square-handle-silverware-2-600x600.webp 600w, https:\/\/www.mcallenflatware.com\/wp-content\/uploads\/2026\/03\/wholesale-modernist-flatware-geometric-square-handle-silverware-2-300x300.webp 300w, https:\/\/www.mcallenflatware.com\/wp-content\/uploads\/2026\/03\/wholesale-modernist-flatware-geometric-square-handle-silverware-2-100x100.webp 100w\" sizes=\"(max-width: 1600px) 100vw, 1600px\" \/><\/figure>\n<\/div><\/div>\n<\/div>\n\n\n\n<div class=\"wp-block-columns is-layout-flex wp-container-core-columns-is-layout-9d6595d7 wp-block-columns-is-layout-flex\">\n<div class=\"wp-block-column is-layout-flow wp-block-column-is-layout-flow\"><\/div>\n\n\n\n<div class=\"wp-block-column is-layout-flow wp-block-column-is-layout-flow\"><\/div>\n<\/div>","protected":false},"excerpt":{"rendered":"<p>Gro\u00dfhandel modernistischen Besteck Funktion modernen geometrischen quadratischen Griff-Design mit klaren Linien, eine hochglanzpolierte Oberfl\u00e4che, ergonomischen Griff und eine praktische 5-teilige Set f\u00fcr kommerzielle K\u00fcche Szenen. Mcallen Fabrik direkt liefern. Kontaktieren Sie uns f\u00fcr Gro\u00dfhandel &amp; kundenspezifische L\u00f6sungen.<\/p>\n<h2>Modernist Besteck Attribute<\/h2>\n<p><strong>Markenname:<\/strong> Mcallen<br \/><strong>Material:<\/strong> Rostfreier Stahl<br \/><strong>Farbe:<\/strong> Gold, Silber<br \/><strong>Entwurf:<\/strong> Geh\u00e4mmertes Design<br \/><strong>Vorlaufzeit f\u00fcr Muster:<\/strong> Innerhalb von 3 Tagen<br \/><strong>OEM\/ODM:<\/strong> Verf\u00fcgbar<\/p>\n<h2>Individuell geh\u00e4mmertes Besteck:<\/h2>\n<p><strong>Rostfreier Stahl:<\/strong> Rostfreier Stahl 18\/10, 304, 316, 410, 430, 420<br \/><strong>Logo:<\/strong> Lasergravur, Siebdruck, UV-Druck, Thermotransferdruck, Pr\u00e4gung, etc.<br \/><strong>Verpacken:<\/strong> 4\/8\/12\/16\/20\/24\/45\/48\/72pcs set<br \/><strong>Oberfl\u00e4chenausf\u00fchrungen:<\/strong> Hochglanzpoliert, mattiert, wasserpoliert, Titanbeschichtung<br \/><strong>Verpackung:<\/strong> Bulk, Opp Tasche, Farbe Box, Geschenk-Box, ma\u00dfgeschneiderte<\/p>","protected":false},"featured_media":2915,"template":"","meta":[],"product_brand":[],"product_cat":[23,29],"product_tag":[],"class_list":{"0":"post-2906","1":"product","2":"type-product","3":"status-publish","4":"has-post-thumbnail","6":"product_cat-wholesale-flatware","7":"product_cat-bulk-flatware","9":"first","10":"instock","11":"shipping-taxable","12":"product-type-simple"},"_links":{"self":[{"href":"https:\/\/www.mcallenflatware.com\/de\/wp-json\/wp\/v2\/product\/2906","targetHints":{"allow":["GET"]}}],"collection":[{"href":"https:\/\/www.mcallenflatware.com\/de\/wp-json\/wp\/v2\/product"}],"about":[{"href":"https:\/\/www.mcallenflatware.com\/de\/wp-json\/wp\/v2\/types\/product"}],"wp:featuredmedia":[{"embeddable":true,"href":"https:\/\/www.mcallenflatware.com\/de\/wp-json\/wp\/v2\/media\/2915"}],"wp:attachment":[{"href":"https:\/\/www.mcallenflatware.com\/de\/wp-json\/wp\/v2\/media?parent=2906"}],"wp:term":[{"taxonomy":"product_brand","embeddable":true,"href":"https:\/\/www.mcallenflatware.com\/de\/wp-json\/wp\/v2\/product_brand?post=2906"},{"taxonomy":"product_cat","embeddable":true,"href":"https:\/\/www.mcallenflatware.com\/de\/wp-json\/wp\/v2\/product_cat?post=2906"},{"taxonomy":"product_tag","embeddable":true,"href":"https:\/\/www.mcallenflatware.com\/de\/wp-json\/wp\/v2\/product_tag?post=2906"}],"curies":[{"name":"wp","href":"https:\/\/api.w.org\/{rel}","templated":true}]}}