{"id":2944,"date":"2026-03-16T07:29:22","date_gmt":"2026-03-16T07:29:22","guid":{"rendered":"https:\/\/www.mcallenflatware.com\/?post_type=product&#038;p=2944"},"modified":"2026-03-16T08:18:53","modified_gmt":"2026-03-16T08:18:53","slug":"modern-flatware-set-wholesale","status":"publish","type":"product","link":"https:\/\/www.mcallenflatware.com\/de\/product\/modern-flatware-set-wholesale\/","title":{"rendered":"Modernes Besteck Set Gro\u00dfhandel mit Sleek Handle Spiegel poliert f\u00fcr Restaurant"},"content":{"rendered":"<div class=\"wp-block-columns is-layout-flex wp-container-core-columns-is-layout-9d6595d7 wp-block-columns-is-layout-flex\">\n<div class=\"wp-block-column is-layout-flow wp-block-column-is-layout-flow\">\n<h2 class=\"wp-block-heading\">Modernes Besteckset Merkmale:<\/h2>\n\n\n\n<p><strong>Schlankes Teardrop-Griff-Design:<\/strong> Moderne, minimalistische Stromlinienform, elegant und vielseitig f\u00fcr Restaurants, Hotels und Veranstaltungen.<\/p>\n\n\n\n<p><strong>Einteiliges Umformhandwerk:<\/strong> Nahtlos, haltbar und bruchfest, f\u00fcr eine lange kommerzielle Nutzung.<\/p>\n\n\n\n<p><strong>Ergonomischer Komfort-Griff:<\/strong> Gut ausbalancierter Griff f\u00fcr stabilen Halt, bequem f\u00fcr den t\u00e4glichen und langj\u00e4hrigen Gebrauch.<\/p>\n\n\n\n<p><strong>Lebensmittelgeeigneter Edelstahl &amp; Hochglanzpolieren<\/strong>: Rostfrei, gl\u00e4nzende Oberfl\u00e4che, leicht zu reinigen und sp\u00fclmaschinenfest.<\/p>\n\n\n\n<p><strong>Anpassungsdienste:<\/strong> Mcallen unterst\u00fctzt OEM\/ODM-Anpassungen, einschlie\u00dflich Logogravur, Griffstruktur, Gr\u00f6\u00dfe und Dicke, Oberfl\u00e4chenbehandlung und exklusives Verpackungsdesign, damit Sie Produkte entwickeln k\u00f6nnen, die den Marktanforderungen entsprechen.<\/p>\n<\/div>\n\n\n\n<div class=\"wp-block-column is-layout-flow wp-block-column-is-layout-flow\"><div class=\"wp-block-image\">\n<figure class=\"aligncenter size-full\"><img decoding=\"async\" width=\"800\" height=\"800\" src=\"https:\/\/www.mcallenflatware.com\/wp-content\/uploads\/2026\/03\/modern-flatware-set-wholesale-high-quality-cutlery-set-custom.webp\" alt=\"moderne Bestecksatz Gro\u00dfhandel hochwertige Bestecksatz benutzerdefinierte\" class=\"wp-image-2947\" style=\"object-fit:cover\" srcset=\"https:\/\/www.mcallenflatware.com\/wp-content\/uploads\/2026\/03\/modern-flatware-set-wholesale-high-quality-cutlery-set-custom.webp 800w, https:\/\/www.mcallenflatware.com\/wp-content\/uploads\/2026\/03\/modern-flatware-set-wholesale-high-quality-cutlery-set-custom-150x150.webp 150w, https:\/\/www.mcallenflatware.com\/wp-content\/uploads\/2026\/03\/modern-flatware-set-wholesale-high-quality-cutlery-set-custom-768x768.webp 768w, https:\/\/www.mcallenflatware.com\/wp-content\/uploads\/2026\/03\/modern-flatware-set-wholesale-high-quality-cutlery-set-custom-12x12.webp 12w, https:\/\/www.mcallenflatware.com\/wp-content\/uploads\/2026\/03\/modern-flatware-set-wholesale-high-quality-cutlery-set-custom-600x600.webp 600w, https:\/\/www.mcallenflatware.com\/wp-content\/uploads\/2026\/03\/modern-flatware-set-wholesale-high-quality-cutlery-set-custom-300x300.webp 300w, https:\/\/www.mcallenflatware.com\/wp-content\/uploads\/2026\/03\/modern-flatware-set-wholesale-high-quality-cutlery-set-custom-100x100.webp 100w\" sizes=\"(max-width: 800px) 100vw, 800px\" \/><\/figure>\n<\/div><\/div>\n<\/div>\n\n\n\n<div class=\"wp-block-columns is-layout-flex wp-container-core-columns-is-layout-9d6595d7 wp-block-columns-is-layout-flex\">\n<div class=\"wp-block-column is-layout-flow wp-block-column-is-layout-flow\"><\/div>\n\n\n\n<div class=\"wp-block-column is-layout-flow wp-block-column-is-layout-flow\"><\/div>\n<\/div>","protected":false},"excerpt":{"rendered":"<p>Mcallen modernen Bestecksatz Gro\u00dfhandel verf\u00fcgt \u00fcber einen schlanken Griff und nahtlose einteilige Konstruktion, Spiegelpolieren. Perfekt f\u00fcr Restaurants, Hotels und Bankette. Kundenspezifische OEM\/ODM-Optionen sind verf\u00fcgbar. Kontaktieren Sie uns f\u00fcr Gro\u00dfhandelspreise und Produktdetails.<\/p>\n<h2>Modernes Besteckset Attribute<\/h2>\n<p><strong>Markenname:<\/strong> Mcallen<br \/><strong>Material:<\/strong> Rostfreier Stahl<br \/><strong>Farbe:<\/strong> Gold, Silber<br \/><strong>Entwurf:<\/strong> Geh\u00e4mmertes Design<br \/><strong>Vorlaufzeit f\u00fcr Muster:<\/strong> Innerhalb von 3 Tagen<br \/><strong>OEM\/ODM:<\/strong> Verf\u00fcgbar<\/p>\n<h2>Individuell geh\u00e4mmertes Besteck:<\/h2>\n<p><strong>Rostfreier Stahl:<\/strong> Rostfreier Stahl 18\/10, 304, 316, 410, 430, 420<br \/><strong>Logo:<\/strong> Lasergravur, Siebdruck, UV-Druck, Thermotransferdruck, Pr\u00e4gung, etc.<br \/><strong>Verpacken:<\/strong> 4\/8\/12\/16\/20\/24\/45\/48\/72pcs set<br \/><strong>Oberfl\u00e4chenausf\u00fchrungen:<\/strong> Hochglanzpoliert, mattiert, wasserpoliert, Titanbeschichtung<br \/><strong>Verpackung:<\/strong> Bulk, Opp Tasche, Farbe Box, Geschenk-Box, ma\u00dfgeschneiderte<\/p>","protected":false},"featured_media":2951,"template":"","meta":[],"product_brand":[],"product_cat":[23,29],"product_tag":[],"class_list":{"0":"post-2944","1":"product","2":"type-product","3":"status-publish","4":"has-post-thumbnail","6":"product_cat-wholesale-flatware","7":"product_cat-bulk-flatware","9":"first","10":"instock","11":"shipping-taxable","12":"product-type-simple"},"_links":{"self":[{"href":"https:\/\/www.mcallenflatware.com\/de\/wp-json\/wp\/v2\/product\/2944","targetHints":{"allow":["GET"]}}],"collection":[{"href":"https:\/\/www.mcallenflatware.com\/de\/wp-json\/wp\/v2\/product"}],"about":[{"href":"https:\/\/www.mcallenflatware.com\/de\/wp-json\/wp\/v2\/types\/product"}],"wp:featuredmedia":[{"embeddable":true,"href":"https:\/\/www.mcallenflatware.com\/de\/wp-json\/wp\/v2\/media\/2951"}],"wp:attachment":[{"href":"https:\/\/www.mcallenflatware.com\/de\/wp-json\/wp\/v2\/media?parent=2944"}],"wp:term":[{"taxonomy":"product_brand","embeddable":true,"href":"https:\/\/www.mcallenflatware.com\/de\/wp-json\/wp\/v2\/product_brand?post=2944"},{"taxonomy":"product_cat","embeddable":true,"href":"https:\/\/www.mcallenflatware.com\/de\/wp-json\/wp\/v2\/product_cat?post=2944"},{"taxonomy":"product_tag","embeddable":true,"href":"https:\/\/www.mcallenflatware.com\/de\/wp-json\/wp\/v2\/product_tag?post=2944"}],"curies":[{"name":"wp","href":"https:\/\/api.w.org\/{rel}","templated":true}]}}